{"id":2688,"date":"2025-05-28T15:05:56","date_gmt":"2025-05-28T15:05:56","guid":{"rendered":"https:\/\/www.santai-ceramics.com\/?post_type=product&#038;p=2688"},"modified":"2025-06-12T08:56:27","modified_gmt":"2025-06-12T08:56:27","slug":"modern-minimalist-ceramic-vases-wholesale","status":"publish","type":"product","link":"https:\/\/www.santai-ceramics.com\/es\/product\/modern-minimalist-ceramic-vases-wholesale\/","title":{"rendered":"Jarrones de cer\u00e1mica minimalistas al por mayor para la decoraci\u00f3n del hogar"},"content":{"rendered":"<h3 class=\"wp-block-heading\">Caracter\u00edsticas de los jarrones de cer\u00e1mica minimalistas<\/h3>\n\n\n\n<ul class=\"wp-block-list\">\n<li><strong>Dise\u00f1o sencillo: <\/strong>L\u00edneas suaves y forma sencilla, adecuada para la decoraci\u00f3n de hogares modernos.<\/li>\n\n\n\n<li><strong>Varios tama\u00f1os:<\/strong> Hay disponibles diferentes alturas, adecuadas para colocaci\u00f3n individual o exposici\u00f3n combinada.<\/li>\n\n\n\n<li><strong>Cer\u00e1mica de alta calidad: <\/strong>Superficie suave y delicada, c\u00f3moda al tacto.<\/li>\n\n\n\n<li><strong>Color vers\u00e1til: <\/strong>tono verde real es elegante y atmosf\u00e9rica, adecuado para una variedad de estilos de hogar.<\/li>\n<\/ul>\n\n\n\n<h3 class=\"wp-block-heading\">Servicio de floreros de cer\u00e1mica personalizados<\/h3>\n\n\n\n<p>Ofrecemos servicios OEM y ODM para nuestros productos.<br>Entrega r\u00e1pida de muestras.<br>Ofrecemos una gran variedad de formas, colores, impresi\u00f3n personalizada, embalaje y otros servicios a medida para satisfacer sus necesidades espec\u00edficas.<br><a href=\"https:\/\/www.santai-ceramics.com\/es\/custom\/\" data-type=\"page\" data-id=\"13\" target=\"_blank\" rel=\"noreferrer noopener\"><strong><b>M\u00e1s informaci\u00f3n<\/b> detalle de jarr\u00f3n de cer\u00e1mica.<\/strong><\/a><\/p>\n\n\n\n<div class=\"wp-block-columns is-layout-flex wp-container-core-columns-is-layout-9d6595d7 wp-block-columns-is-layout-flex\">\n<div class=\"wp-block-column is-layout-flow wp-block-column-is-layout-flow\">\n<figure class=\"wp-block-image size-full\"><img decoding=\"async\" width=\"2268\" height=\"1890\" src=\"https:\/\/www.santai-ceramics.com\/wp-content\/uploads\/2025\/05\/Wholesale-Modern-Minimalist-Ceramic-Vases-4.webp\" alt=\"Mayorista Jarrones de cer\u00e1mica minimalistas modernos (4)\" class=\"wp-image-2708\" srcset=\"https:\/\/www.santai-ceramics.com\/wp-content\/uploads\/2025\/05\/Wholesale-Modern-Minimalist-Ceramic-Vases-4.webp 2268w, https:\/\/www.santai-ceramics.com\/wp-content\/uploads\/2025\/05\/Wholesale-Modern-Minimalist-Ceramic-Vases-4-300x250.webp 300w, https:\/\/www.santai-ceramics.com\/wp-content\/uploads\/2025\/05\/Wholesale-Modern-Minimalist-Ceramic-Vases-4-768x640.webp 768w, https:\/\/www.santai-ceramics.com\/wp-content\/uploads\/2025\/05\/Wholesale-Modern-Minimalist-Ceramic-Vases-4-14x12.webp 14w, https:\/\/www.santai-ceramics.com\/wp-content\/uploads\/2025\/05\/Wholesale-Modern-Minimalist-Ceramic-Vases-4-1200x1000.webp 1200w, https:\/\/www.santai-ceramics.com\/wp-content\/uploads\/2025\/05\/Wholesale-Modern-Minimalist-Ceramic-Vases-4-600x500.webp 600w\" sizes=\"(max-width: 2268px) 100vw, 2268px\" \/><\/figure>\n<\/div>\n\n\n\n<div class=\"wp-block-column is-layout-flow wp-block-column-is-layout-flow\">\n<figure class=\"wp-block-image size-full\"><img decoding=\"async\" width=\"1743\" height=\"1743\" src=\"https:\/\/www.santai-ceramics.com\/wp-content\/uploads\/2025\/05\/Wholesale-Modern-Minimalist-Ceramic-Vases-5.webp\" alt=\"Mayorista Jarrones de cer\u00e1mica minimalistas modernos (5)\" class=\"wp-image-2709\" srcset=\"https:\/\/www.santai-ceramics.com\/wp-content\/uploads\/2025\/05\/Wholesale-Modern-Minimalist-Ceramic-Vases-5.webp 1743w, https:\/\/www.santai-ceramics.com\/wp-content\/uploads\/2025\/05\/Wholesale-Modern-Minimalist-Ceramic-Vases-5-300x300.webp 300w, https:\/\/www.santai-ceramics.com\/wp-content\/uploads\/2025\/05\/Wholesale-Modern-Minimalist-Ceramic-Vases-5-150x150.webp 150w, https:\/\/www.santai-ceramics.com\/wp-content\/uploads\/2025\/05\/Wholesale-Modern-Minimalist-Ceramic-Vases-5-768x768.webp 768w, https:\/\/www.santai-ceramics.com\/wp-content\/uploads\/2025\/05\/Wholesale-Modern-Minimalist-Ceramic-Vases-5-12x12.webp 12w, https:\/\/www.santai-ceramics.com\/wp-content\/uploads\/2025\/05\/Wholesale-Modern-Minimalist-Ceramic-Vases-5-1200x1200.webp 1200w, https:\/\/www.santai-ceramics.com\/wp-content\/uploads\/2025\/05\/Wholesale-Modern-Minimalist-Ceramic-Vases-5-600x600.webp 600w, https:\/\/www.santai-ceramics.com\/wp-content\/uploads\/2025\/05\/Wholesale-Modern-Minimalist-Ceramic-Vases-5-100x100.webp 100w\" sizes=\"(max-width: 1743px) 100vw, 1743px\" \/><\/figure>\n<\/div>\n<\/div>\n\n\n\n<div class=\"wp-block-columns is-layout-flex wp-container-core-columns-is-layout-9d6595d7 wp-block-columns-is-layout-flex\">\n<div class=\"wp-block-column is-layout-flow wp-block-column-is-layout-flow\"><\/div>\n\n\n\n<div class=\"wp-block-column is-layout-flow wp-block-column-is-layout-flow\"><\/div>\n<\/div>","protected":false},"excerpt":{"rendered":"<p data-pm-slice=\"0 0 []\">Los jarrones de cer\u00e1mica minimalistas al por mayor, de l\u00edneas limpias y elegante verde real, complementan cualquier estilo de interior. Pueden utilizarse para exponer flores frescas o secas o como adornos para realzar el estilo de los espacios de vida modernos. Se aceptan compras al por mayor.<\/p>\n<h2>Especificaciones de los jarrones de cer\u00e1mica minimalistas<\/h2>\n<table width=\"855\">\n<tbody>\n<tr>\n<td width=\"285\">N\u00famero de modelo<\/td>\n<td width=\"285\">A35770-LE35-A01<\/td>\n<td width=\"285\">A35770-LE35-A02<\/td>\n<\/tr>\n<tr>\n<td>Nombre del producto<\/td>\n<td>Jarr\u00f3n de cer\u00e1mica<\/td>\n<td>Jarr\u00f3n de cer\u00e1mica<\/td>\n<\/tr>\n<tr>\n<td>Color<\/td>\n<td>Verde real<\/td>\n<td>Verde real<\/td>\n<\/tr>\n<tr>\n<td>Material<\/td>\n<td>Cer\u00e1mica\u00a0<\/td>\n<td>Cer\u00e1mica\u00a0<\/td>\n<\/tr>\n<tr>\n<td>Escenarios de uso<\/td>\n<td>decoraci\u00f3n del hogar<\/td>\n<td>decoraci\u00f3n del hogar<\/td>\n<\/tr>\n<tr>\n<td>Dimensiones<\/td>\n<td>P:18X23,5cm<\/td>\n<td>D:15X20cm<\/td>\n<\/tr>\n<tr>\n<td>Peso<\/td>\n<td>1,5 kg\/unidad<\/td>\n<td>1 kg\/unidad<\/td>\n<\/tr>\n<\/tbody>\n<\/table>","protected":false},"featured_media":2705,"comment_status":"closed","ping_status":"closed","template":"","meta":{"_acf_changed":false},"product_brand":[],"product_cat":[18,42,23,22],"product_tag":[],"class_list":{"0":"post-2688","1":"product","2":"type-product","3":"status-publish","4":"has-post-thumbnail","6":"product_cat-home-decor","7":"product_cat-wholesale-ceramic-plant-pots","8":"product_cat-ceramic-pots-planters","9":"product_cat-vase","11":"first","12":"instock","13":"shipping-taxable","14":"product-type-simple"},"acf":[],"_links":{"self":[{"href":"https:\/\/www.santai-ceramics.com\/es\/wp-json\/wp\/v2\/product\/2688","targetHints":{"allow":["GET"]}}],"collection":[{"href":"https:\/\/www.santai-ceramics.com\/es\/wp-json\/wp\/v2\/product"}],"about":[{"href":"https:\/\/www.santai-ceramics.com\/es\/wp-json\/wp\/v2\/types\/product"}],"replies":[{"embeddable":true,"href":"https:\/\/www.santai-ceramics.com\/es\/wp-json\/wp\/v2\/comments?post=2688"}],"wp:featuredmedia":[{"embeddable":true,"href":"https:\/\/www.santai-ceramics.com\/es\/wp-json\/wp\/v2\/media\/2705"}],"wp:attachment":[{"href":"https:\/\/www.santai-ceramics.com\/es\/wp-json\/wp\/v2\/media?parent=2688"}],"wp:term":[{"taxonomy":"product_brand","embeddable":true,"href":"https:\/\/www.santai-ceramics.com\/es\/wp-json\/wp\/v2\/product_brand?post=2688"},{"taxonomy":"product_cat","embeddable":true,"href":"https:\/\/www.santai-ceramics.com\/es\/wp-json\/wp\/v2\/product_cat?post=2688"},{"taxonomy":"product_tag","embeddable":true,"href":"https:\/\/www.santai-ceramics.com\/es\/wp-json\/wp\/v2\/product_tag?post=2688"}],"curies":[{"name":"wp","href":"https:\/\/api.w.org\/{rel}","templated":true}]}}