{"id":2689,"date":"2025-05-28T10:33:17","date_gmt":"2025-05-28T10:33:17","guid":{"rendered":"https:\/\/www.santai-ceramics.com\/?post_type=product&#038;p=2689"},"modified":"2025-06-07T16:03:14","modified_gmt":"2025-06-07T16:03:14","slug":"modern-textured-bowl-ceramic-plant-pots-wholesale","status":"publish","type":"product","link":"https:\/\/www.santai-ceramics.com\/es\/product\/modern-textured-bowl-ceramic-plant-pots-wholesale\/","title":{"rendered":"Macetas de cer\u00e1mica con textura moderna al por mayor: Verde oscuro, Tama\u00f1o mediano"},"content":{"rendered":"<h3 class=\"wp-block-heading\">Caracter\u00edsticas de las macetas de cer\u00e1mica<\/h3>\n\n\n\n<ul class=\"wp-block-list\">\n<li>Forma de cuenco a rayas, sencilla y elegante<\/li>\n\n\n\n<li>Nuestras macetas de cer\u00e1mica al por mayor est\u00e1n disponibles en dos tama\u00f1os compactos (19\u00d716 cm \/ 15,5\u00d712,5 cm), adecuados para colocar sobre la mesa o en el alf\u00e9izar de la ventana.<\/li>\n\n\n\n<li>Adecuado para plantar suculentas, plantas verdes, peque\u00f1as plantas en macetas, etc.<\/li>\n\n\n\n<li>Superficie lisa, f\u00e1cil de limpiar y mantener<\/li>\n\n\n\n<li>La maceta de cer\u00e1mica tiene un suave esmalte verde oscuro, que hace que la decoraci\u00f3n del hogar sea m\u00e1s elegante y chic.<\/li>\n<\/ul>\n\n\n\n<h3 class=\"wp-block-heading\">Maceta de cer\u00e1mica personalizadaServicio<\/h3>\n\n\n\n<p>Ofrecemos servicios OEM y ODM para nuestros productos.<br>Entrega r\u00e1pida de muestras.<br>Ofrecemos una gran variedad de formas, colores, impresi\u00f3n personalizada, embalaje y otros servicios a medida para satisfacer sus necesidades espec\u00edficas.<br><a href=\"https:\/\/www.santai-ceramics.com\/es\/custom\/\" data-type=\"page\" data-id=\"13\" target=\"_blank\" rel=\"noreferrer noopener\"><strong><b>M\u00e1s informaci\u00f3n<\/b> detalle de macetas de cer\u00e1mica.<\/strong><\/a><\/p>\n\n\n\n<div class=\"wp-block-columns is-layout-flex wp-container-core-columns-is-layout-9d6595d7 wp-block-columns-is-layout-flex\">\n<div class=\"wp-block-column is-layout-flow wp-block-column-is-layout-flow\">\n<figure class=\"wp-block-image size-full\"><img decoding=\"async\" width=\"1692\" height=\"1692\" src=\"https:\/\/www.santai-ceramics.com\/wp-content\/uploads\/2025\/05\/Wholesale-bowl-shaped-ceramic-plant-pots-4.webp\" alt=\"Venta al por mayor macetas de cer\u00e1mica en forma de cuenco (4)\" class=\"wp-image-2702\" srcset=\"https:\/\/www.santai-ceramics.com\/wp-content\/uploads\/2025\/05\/Wholesale-bowl-shaped-ceramic-plant-pots-4.webp 1692w, https:\/\/www.santai-ceramics.com\/wp-content\/uploads\/2025\/05\/Wholesale-bowl-shaped-ceramic-plant-pots-4-300x300.webp 300w, https:\/\/www.santai-ceramics.com\/wp-content\/uploads\/2025\/05\/Wholesale-bowl-shaped-ceramic-plant-pots-4-150x150.webp 150w, https:\/\/www.santai-ceramics.com\/wp-content\/uploads\/2025\/05\/Wholesale-bowl-shaped-ceramic-plant-pots-4-768x768.webp 768w, https:\/\/www.santai-ceramics.com\/wp-content\/uploads\/2025\/05\/Wholesale-bowl-shaped-ceramic-plant-pots-4-12x12.webp 12w, https:\/\/www.santai-ceramics.com\/wp-content\/uploads\/2025\/05\/Wholesale-bowl-shaped-ceramic-plant-pots-4-1200x1200.webp 1200w, https:\/\/www.santai-ceramics.com\/wp-content\/uploads\/2025\/05\/Wholesale-bowl-shaped-ceramic-plant-pots-4-600x600.webp 600w, https:\/\/www.santai-ceramics.com\/wp-content\/uploads\/2025\/05\/Wholesale-bowl-shaped-ceramic-plant-pots-4-100x100.webp 100w\" sizes=\"(max-width: 1692px) 100vw, 1692px\" \/><\/figure>\n<\/div>\n\n\n\n<div class=\"wp-block-column is-layout-flow wp-block-column-is-layout-flow\">\n<figure class=\"wp-block-image size-full\"><img decoding=\"async\" width=\"2551\" height=\"2126\" src=\"https:\/\/www.santai-ceramics.com\/wp-content\/uploads\/2025\/05\/Wholesale-bowl-shaped-ceramic-plant-pots-5.webp\" alt=\"Venta al por mayor macetas de cer\u00e1mica en forma de cuenco (5)\" class=\"wp-image-2703\" srcset=\"https:\/\/www.santai-ceramics.com\/wp-content\/uploads\/2025\/05\/Wholesale-bowl-shaped-ceramic-plant-pots-5.webp 2551w, https:\/\/www.santai-ceramics.com\/wp-content\/uploads\/2025\/05\/Wholesale-bowl-shaped-ceramic-plant-pots-5-300x250.webp 300w, https:\/\/www.santai-ceramics.com\/wp-content\/uploads\/2025\/05\/Wholesale-bowl-shaped-ceramic-plant-pots-5-768x640.webp 768w, https:\/\/www.santai-ceramics.com\/wp-content\/uploads\/2025\/05\/Wholesale-bowl-shaped-ceramic-plant-pots-5-14x12.webp 14w, https:\/\/www.santai-ceramics.com\/wp-content\/uploads\/2025\/05\/Wholesale-bowl-shaped-ceramic-plant-pots-5-1200x1000.webp 1200w, https:\/\/www.santai-ceramics.com\/wp-content\/uploads\/2025\/05\/Wholesale-bowl-shaped-ceramic-plant-pots-5-600x500.webp 600w\" sizes=\"(max-width: 2551px) 100vw, 2551px\" \/><\/figure>\n<\/div>\n<\/div>","protected":false},"excerpt":{"rendered":"<p data-pm-slice=\"0 0 []\">Venta al por mayor de macetas de cer\u00e1mica esmaltada en verde oscuro, en forma de cuenco con rayas verticales tridimensionales y una ranura circular en la base, que presentan un aspecto sencillo y moderno. Adecuado para colocar en la esquina verde de la sala de estar, o como un adorno para el mostrador de la barra de un caf\u00e9.<\/p>\n<h2>Especificaciones de las macetas de cer\u00e1mica<\/h2>\n<table width=\"855\">\n<tbody>\n<tr>\n<td width=\"285\">N\u00famero de modelo<\/td>\n<td width=\"285\">A35553-LE35-A01<\/td>\n<td width=\"285\">A35553-LE35-A02<\/td>\n<\/tr>\n<tr>\n<td>Nombre del producto<\/td>\n<td>Maceta de cer\u00e1mica<\/td>\n<td>Maceta de cer\u00e1mica<\/td>\n<\/tr>\n<tr>\n<td>Color<\/td>\n<td>Verde real<\/td>\n<td>Verde real<\/td>\n<\/tr>\n<tr>\n<td>Material<\/td>\n<td>Cer\u00e1mica\u00a0<\/td>\n<td>Cer\u00e1mica\u00a0<\/td>\n<\/tr>\n<tr>\n<td>Escenarios de uso<\/td>\n<td>decoraci\u00f3n del hogar<\/td>\n<td>decoraci\u00f3n del hogar<\/td>\n<\/tr>\n<tr>\n<td>Dimensiones<\/td>\n<td>P:19X16cm<\/td>\n<td>P:15,5X12,5cm<\/td>\n<\/tr>\n<tr>\n<td>Peso<\/td>\n<td>1,1 kg\/unidad<\/td>\n<td>0,6 kg\/unidad<\/td>\n<\/tr>\n<\/tbody>\n<\/table>","protected":false},"featured_media":2699,"comment_status":"closed","ping_status":"closed","template":"","meta":{"_acf_changed":false},"product_brand":[],"product_cat":[18,42,23],"product_tag":[],"class_list":{"0":"post-2689","1":"product","2":"type-product","3":"status-publish","4":"has-post-thumbnail","6":"product_cat-home-decor","7":"product_cat-wholesale-ceramic-plant-pots","8":"product_cat-ceramic-pots-planters","10":"first","11":"instock","12":"shipping-taxable","13":"product-type-simple"},"acf":[],"_links":{"self":[{"href":"https:\/\/www.santai-ceramics.com\/es\/wp-json\/wp\/v2\/product\/2689","targetHints":{"allow":["GET"]}}],"collection":[{"href":"https:\/\/www.santai-ceramics.com\/es\/wp-json\/wp\/v2\/product"}],"about":[{"href":"https:\/\/www.santai-ceramics.com\/es\/wp-json\/wp\/v2\/types\/product"}],"replies":[{"embeddable":true,"href":"https:\/\/www.santai-ceramics.com\/es\/wp-json\/wp\/v2\/comments?post=2689"}],"wp:featuredmedia":[{"embeddable":true,"href":"https:\/\/www.santai-ceramics.com\/es\/wp-json\/wp\/v2\/media\/2699"}],"wp:attachment":[{"href":"https:\/\/www.santai-ceramics.com\/es\/wp-json\/wp\/v2\/media?parent=2689"}],"wp:term":[{"taxonomy":"product_brand","embeddable":true,"href":"https:\/\/www.santai-ceramics.com\/es\/wp-json\/wp\/v2\/product_brand?post=2689"},{"taxonomy":"product_cat","embeddable":true,"href":"https:\/\/www.santai-ceramics.com\/es\/wp-json\/wp\/v2\/product_cat?post=2689"},{"taxonomy":"product_tag","embeddable":true,"href":"https:\/\/www.santai-ceramics.com\/es\/wp-json\/wp\/v2\/product_tag?post=2689"}],"curies":[{"name":"wp","href":"https:\/\/api.w.org\/{rel}","templated":true}]}}