{"id":2690,"date":"2025-05-29T07:44:48","date_gmt":"2025-05-29T07:44:48","guid":{"rendered":"https:\/\/www.santai-ceramics.com\/?post_type=product&#038;p=2690"},"modified":"2025-06-12T08:55:45","modified_gmt":"2025-06-12T08:55:45","slug":"wholesale-natural-green-flower-vase","status":"publish","type":"product","link":"https:\/\/www.santai-ceramics.com\/es\/product\/wholesale-natural-green-flower-vase\/","title":{"rendered":"Mayorista Florero Verde Natural, Esmalte en forma de red, Jardinera de dise\u00f1o recto"},"content":{"rendered":"<h3 class=\"wp-block-heading\">Caracter\u00edsticas de los floreros verdes naturales<\/h3>\n\n\n\n<ul class=\"wp-block-list\">\n<li><strong>Dise\u00f1o tridimensional en forma de diamante: <\/strong>El cuerpo del jarr\u00f3n est\u00e1 recubierto de un dibujo de rombos con formas c\u00f3ncavas y convexas, que realza el tacto y el nivel visual, y tiene sabores tanto modernos como retro.<\/li>\n\n\n\n<li><strong>Estilo natural: <\/strong>La combinaci\u00f3n general de colores es discreta y armoniosa, adecuada para crear un embellecimiento del espacio sencillo, de estilo n\u00f3rdico o japon\u00e9s.<\/li>\n\n\n\n<li><strong>Cuerpo de botella de boca ancha: <\/strong>La boca de la botella es ancha, lo que resulta pr\u00e1ctico para introducir libremente una gran variedad de flores<\/li>\n<\/ul>\n\n\n\n<h3 class=\"wp-block-heading\">Servicio de floreros personalizados<\/h3>\n\n\n\n<p>Ofrecemos servicios OEM y ODM para nuestros productos.<br>Entrega r\u00e1pida de muestras.<br>Ofrecemos una gran variedad de formas, colores, impresi\u00f3n personalizada, embalaje y otros servicios a medida para satisfacer sus necesidades espec\u00edficas.<br><a href=\"https:\/\/www.santai-ceramics.com\/es\/custom\/\" data-type=\"page\" data-id=\"13\" target=\"_blank\" rel=\"noreferrer noopener\"><strong><b>M\u00e1s informaci\u00f3n<\/b> detalle de jarr\u00f3n de flores.<\/strong><\/a><\/p>\n\n\n\n<div class=\"wp-block-columns is-layout-flex wp-container-core-columns-is-layout-9d6595d7 wp-block-columns-is-layout-flex\">\n<div class=\"wp-block-column is-layout-flow wp-block-column-is-layout-flow\">\n<figure class=\"wp-block-image size-full\"><img decoding=\"async\" width=\"1984\" height=\"1654\" src=\"https:\/\/www.santai-ceramics.com\/wp-content\/uploads\/2025\/05\/Wholesale-Natural-Green-Flower-Vase-4-1.webp\" alt=\"Mayorista Florero Verde Natural (4)\" class=\"wp-image-2770\" srcset=\"https:\/\/www.santai-ceramics.com\/wp-content\/uploads\/2025\/05\/Wholesale-Natural-Green-Flower-Vase-4-1.webp 1984w, https:\/\/www.santai-ceramics.com\/wp-content\/uploads\/2025\/05\/Wholesale-Natural-Green-Flower-Vase-4-1-300x250.webp 300w, https:\/\/www.santai-ceramics.com\/wp-content\/uploads\/2025\/05\/Wholesale-Natural-Green-Flower-Vase-4-1-768x640.webp 768w, https:\/\/www.santai-ceramics.com\/wp-content\/uploads\/2025\/05\/Wholesale-Natural-Green-Flower-Vase-4-1-14x12.webp 14w, https:\/\/www.santai-ceramics.com\/wp-content\/uploads\/2025\/05\/Wholesale-Natural-Green-Flower-Vase-4-1-1200x1000.webp 1200w, https:\/\/www.santai-ceramics.com\/wp-content\/uploads\/2025\/05\/Wholesale-Natural-Green-Flower-Vase-4-1-600x500.webp 600w\" sizes=\"(max-width: 1984px) 100vw, 1984px\" \/><\/figure>\n<\/div>\n\n\n\n<div class=\"wp-block-column is-layout-flow wp-block-column-is-layout-flow\">\n<figure class=\"wp-block-image size-full\"><img decoding=\"async\" width=\"2835\" height=\"2362\" src=\"https:\/\/www.santai-ceramics.com\/wp-content\/uploads\/2025\/05\/Wholesale-Natural-Green-Flower-Vase-5-1.webp\" alt=\"Mayorista Florero Verde Natural (5)\" class=\"wp-image-2771\" srcset=\"https:\/\/www.santai-ceramics.com\/wp-content\/uploads\/2025\/05\/Wholesale-Natural-Green-Flower-Vase-5-1.webp 2835w, https:\/\/www.santai-ceramics.com\/wp-content\/uploads\/2025\/05\/Wholesale-Natural-Green-Flower-Vase-5-1-300x250.webp 300w, https:\/\/www.santai-ceramics.com\/wp-content\/uploads\/2025\/05\/Wholesale-Natural-Green-Flower-Vase-5-1-768x640.webp 768w, https:\/\/www.santai-ceramics.com\/wp-content\/uploads\/2025\/05\/Wholesale-Natural-Green-Flower-Vase-5-1-14x12.webp 14w, https:\/\/www.santai-ceramics.com\/wp-content\/uploads\/2025\/05\/Wholesale-Natural-Green-Flower-Vase-5-1-1200x1000.webp 1200w, https:\/\/www.santai-ceramics.com\/wp-content\/uploads\/2025\/05\/Wholesale-Natural-Green-Flower-Vase-5-1-600x500.webp 600w\" sizes=\"(max-width: 2835px) 100vw, 2835px\" \/><\/figure>\n<\/div>\n<\/div>","protected":false},"excerpt":{"rendered":"<p data-pm-slice=\"0 0 []\">Los jarrones verdes naturales al por mayor, que combinan un aire moderno y vintage, son perfectos para interiores minimalistas de estilo n\u00f3rdico. El dise\u00f1o cil\u00edndrico alto permite la disposici\u00f3n flexible de una variedad de estilos florales. Disponemos de servicios de personalizaci\u00f3n OEM\/ODM y aceptamos pedidos al por mayor.<\/p>\n<h2>Especificaci\u00f3n de Florero verde natural<\/h2>\n<table width=\"855\">\n<tbody>\n<tr>\n<td width=\"285\">N\u00famero de modelo<\/td>\n<td width=\"285\">A37946-LE35-A01<\/td>\n<td width=\"285\">A37946-LE35-A02<\/td>\n<\/tr>\n<tr>\n<td>Nombre del producto<\/td>\n<td>Jarr\u00f3n de cer\u00e1mica<\/td>\n<td>Jarr\u00f3n de cer\u00e1mica<\/td>\n<\/tr>\n<tr>\n<td>Color<\/td>\n<td>Verde real<\/td>\n<td>Verde real<\/td>\n<\/tr>\n<tr>\n<td>Material<\/td>\n<td>Cer\u00e1mica\u00a0<\/td>\n<td>Cer\u00e1mica\u00a0<\/td>\n<\/tr>\n<tr>\n<td>Escenarios de uso<\/td>\n<td>decoraci\u00f3n del hogar<\/td>\n<td>decoraci\u00f3n del hogar<\/td>\n<\/tr>\n<tr>\n<td>Dimensiones<\/td>\n<td>D:20X20cm<\/td>\n<td>P:15X14cm<\/td>\n<\/tr>\n<tr>\n<td>Peso<\/td>\n<td>1,7 kg\/unidad<\/td>\n<td>0,8 kg\/unidad<\/td>\n<\/tr>\n<\/tbody>\n<\/table>","protected":false},"featured_media":2767,"comment_status":"closed","ping_status":"closed","template":"","meta":{"_acf_changed":false},"product_brand":[],"product_cat":[18,42,23,22],"product_tag":[],"class_list":{"0":"post-2690","1":"product","2":"type-product","3":"status-publish","4":"has-post-thumbnail","6":"product_cat-home-decor","7":"product_cat-wholesale-ceramic-plant-pots","8":"product_cat-ceramic-pots-planters","9":"product_cat-vase","11":"first","12":"instock","13":"shipping-taxable","14":"product-type-simple"},"acf":[],"_links":{"self":[{"href":"https:\/\/www.santai-ceramics.com\/es\/wp-json\/wp\/v2\/product\/2690","targetHints":{"allow":["GET"]}}],"collection":[{"href":"https:\/\/www.santai-ceramics.com\/es\/wp-json\/wp\/v2\/product"}],"about":[{"href":"https:\/\/www.santai-ceramics.com\/es\/wp-json\/wp\/v2\/types\/product"}],"replies":[{"embeddable":true,"href":"https:\/\/www.santai-ceramics.com\/es\/wp-json\/wp\/v2\/comments?post=2690"}],"wp:featuredmedia":[{"embeddable":true,"href":"https:\/\/www.santai-ceramics.com\/es\/wp-json\/wp\/v2\/media\/2767"}],"wp:attachment":[{"href":"https:\/\/www.santai-ceramics.com\/es\/wp-json\/wp\/v2\/media?parent=2690"}],"wp:term":[{"taxonomy":"product_brand","embeddable":true,"href":"https:\/\/www.santai-ceramics.com\/es\/wp-json\/wp\/v2\/product_brand?post=2690"},{"taxonomy":"product_cat","embeddable":true,"href":"https:\/\/www.santai-ceramics.com\/es\/wp-json\/wp\/v2\/product_cat?post=2690"},{"taxonomy":"product_tag","embeddable":true,"href":"https:\/\/www.santai-ceramics.com\/es\/wp-json\/wp\/v2\/product_tag?post=2690"}],"curies":[{"name":"wp","href":"https:\/\/api.w.org\/{rel}","templated":true}]}}