{"id":2692,"date":"2025-05-29T08:13:47","date_gmt":"2025-05-29T08:13:47","guid":{"rendered":"https:\/\/www.santai-ceramics.com\/?post_type=product&#038;p=2692"},"modified":"2025-05-29T08:14:37","modified_gmt":"2025-05-29T08:14:37","slug":"wholesale-double-handled-wide-mouth-ceramic-vase","status":"publish","type":"product","link":"https:\/\/www.santai-ceramics.com\/es\/product\/wholesale-double-handled-wide-mouth-ceramic-vase\/","title":{"rendered":"Mayorista Jarr\u00f3n de Cer\u00e1mica de Doble Asa y Boca Ancha para Decoraci\u00f3n del Hogar"},"content":{"rendered":"<h3 class=\"wp-block-heading\">Caracter\u00edsticas del jarr\u00f3n de doble asa<\/h3>\n\n\n\n<ul class=\"wp-block-list\">\n<li><strong>Royal Green Glaze: <\/strong>El jarr\u00f3n de flores verde natural tiene un color verde intenso y lustroso, que hace que el jarr\u00f3n sea m\u00e1s elegante.<\/li>\n\n\n\n<li><strong>Dise\u00f1o sim\u00e9trico del mango: <\/strong>Las suaves asas curvadas a ambos lados no s\u00f3lo realzan la belleza, sino que tambi\u00e9n facilitan el movimiento, combinando el sentido art\u00edstico con la practicidad.<\/li>\n\n\n\n<li><strong>Material cer\u00e1mico duradero: <\/strong>Cocci\u00f3n a alta temperatura, alta dureza, resistencia al desgaste, el uso a largo plazo no es f\u00e1cil agrietarse o desvanecerse.<\/li>\n<\/ul>\n\n\n\n<h3 class=\"wp-block-heading\">Servicio de floreros personalizados<\/h3>\n\n\n\n<p>Ofrecemos servicios OEM y ODM para nuestros productos.<br>Entrega r\u00e1pida de muestras.<br>Ofrecemos una gran variedad de formas, colores, impresi\u00f3n personalizada, embalaje y otros servicios a medida para satisfacer sus necesidades espec\u00edficas.<br><a href=\"https:\/\/www.santai-ceramics.com\/es\/custom\/\" data-type=\"page\" data-id=\"13\" target=\"_blank\" rel=\"noreferrer noopener\"><strong>M\u00e1s informaci\u00f3n sobre los detalles de los jarrones de cer\u00e1mica personalizados.<\/strong><\/a><\/p>\n\n\n\n<div class=\"wp-block-columns is-layout-flex wp-container-core-columns-is-layout-9d6595d7 wp-block-columns-is-layout-flex\">\n<div class=\"wp-block-column is-layout-flow wp-block-column-is-layout-flow\">\n<figure class=\"wp-block-image size-full\"><img decoding=\"async\" width=\"3118\" height=\"2598\" src=\"https:\/\/www.santai-ceramics.com\/wp-content\/uploads\/2025\/05\/Double-Handled-Width-Mouth-Ceramic-Vase-Series-1.webp\" alt=\"Florero de cer\u00e1mica de doble asa y boca ancha (1)\" class=\"wp-image-2779\" srcset=\"https:\/\/www.santai-ceramics.com\/wp-content\/uploads\/2025\/05\/Double-Handled-Width-Mouth-Ceramic-Vase-Series-1.webp 3118w, https:\/\/www.santai-ceramics.com\/wp-content\/uploads\/2025\/05\/Double-Handled-Width-Mouth-Ceramic-Vase-Series-1-300x250.webp 300w, https:\/\/www.santai-ceramics.com\/wp-content\/uploads\/2025\/05\/Double-Handled-Width-Mouth-Ceramic-Vase-Series-1-768x640.webp 768w, https:\/\/www.santai-ceramics.com\/wp-content\/uploads\/2025\/05\/Double-Handled-Width-Mouth-Ceramic-Vase-Series-1-14x12.webp 14w, https:\/\/www.santai-ceramics.com\/wp-content\/uploads\/2025\/05\/Double-Handled-Width-Mouth-Ceramic-Vase-Series-1-1200x1000.webp 1200w, https:\/\/www.santai-ceramics.com\/wp-content\/uploads\/2025\/05\/Double-Handled-Width-Mouth-Ceramic-Vase-Series-1-600x500.webp 600w\" sizes=\"(max-width: 3118px) 100vw, 3118px\" \/><\/figure>\n<\/div>\n\n\n\n<div class=\"wp-block-column is-layout-flow wp-block-column-is-layout-flow\">\n<figure class=\"wp-block-image size-full\"><img decoding=\"async\" width=\"2835\" height=\"2362\" src=\"https:\/\/www.santai-ceramics.com\/wp-content\/uploads\/2025\/05\/Double-Handled-Width-Mouth-Ceramic-Vase-Series-2.webp\" alt=\"Florero de Cer\u00e1mica de Doble Asa y Boca Ancha Serie (2)\" class=\"wp-image-2780\" srcset=\"https:\/\/www.santai-ceramics.com\/wp-content\/uploads\/2025\/05\/Double-Handled-Width-Mouth-Ceramic-Vase-Series-2.webp 2835w, https:\/\/www.santai-ceramics.com\/wp-content\/uploads\/2025\/05\/Double-Handled-Width-Mouth-Ceramic-Vase-Series-2-300x250.webp 300w, https:\/\/www.santai-ceramics.com\/wp-content\/uploads\/2025\/05\/Double-Handled-Width-Mouth-Ceramic-Vase-Series-2-768x640.webp 768w, https:\/\/www.santai-ceramics.com\/wp-content\/uploads\/2025\/05\/Double-Handled-Width-Mouth-Ceramic-Vase-Series-2-14x12.webp 14w, https:\/\/www.santai-ceramics.com\/wp-content\/uploads\/2025\/05\/Double-Handled-Width-Mouth-Ceramic-Vase-Series-2-1200x1000.webp 1200w, https:\/\/www.santai-ceramics.com\/wp-content\/uploads\/2025\/05\/Double-Handled-Width-Mouth-Ceramic-Vase-Series-2-600x500.webp 600w\" sizes=\"(max-width: 2835px) 100vw, 2835px\" \/><\/figure>\n<\/div>\n<\/div>","protected":false},"excerpt":{"rendered":"<p data-pm-slice=\"0 0 []\">Jarr\u00f3n de cer\u00e1mica al por mayor de doble asa y boca ancha, el dise\u00f1o de doble asa no s\u00f3lo realza el atractivo visual, sino que tambi\u00e9n facilita su transporte y colocaci\u00f3n. El dise\u00f1o de boca ancha puede acomodar un rico arreglo floral, y es ideal para flores frescas o secas. Esta serie es perfecta para la decoraci\u00f3n del hogar, el estilismo de eventos o la exposici\u00f3n en tiendas. Se aceptan compras al por mayor.<\/p>\n<h2>Especificaciones del jarr\u00f3n de cer\u00e1mica de doble asa\u00a0<\/h2>\n<table width=\"1140\">\n<tbody>\n<tr>\n<td width=\"285\">N\u00famero de modelo<\/td>\n<td width=\"285\">A37945-LE35-A01<\/td>\n<td width=\"285\">A37947-LE35-A01<\/td>\n<td width=\"285\">A37949-LE35-A01<\/td>\n<\/tr>\n<tr>\n<td>Nombre del producto<\/td>\n<td>Jarr\u00f3n de cer\u00e1mica<\/td>\n<td>Jarr\u00f3n de cer\u00e1mica<\/td>\n<td>Jarr\u00f3n de cer\u00e1mica<\/td>\n<\/tr>\n<tr>\n<td>Color<\/td>\n<td>Verde real<\/td>\n<td>Verde real<\/td>\n<td>Verde real<\/td>\n<\/tr>\n<tr>\n<td>Material<\/td>\n<td>Cer\u00e1mica\u00a0<\/td>\n<td>Cer\u00e1mica\u00a0<\/td>\n<td>Cer\u00e1mica\u00a0<\/td>\n<\/tr>\n<tr>\n<td>Escenarios de uso<\/td>\n<td>decoraci\u00f3n del hogar<\/td>\n<td>decoraci\u00f3n del hogar<\/td>\n<td>decoraci\u00f3n del hogar<\/td>\n<\/tr>\n<tr>\n<td>Dimensiones<\/td>\n<td>P:15X17,5cm<\/td>\n<td>P:17X23cm<\/td>\n<td>15X14X15,5cm<\/td>\n<\/tr>\n<tr>\n<td>Peso<\/td>\n<td>1 kg\/unidad<\/td>\n<td>1,5 kg\/unidad<\/td>\n<td>0,9 kg\/unidad<\/td>\n<\/tr>\n<\/tbody>\n<\/table>","protected":false},"featured_media":2773,"comment_status":"closed","ping_status":"closed","template":"","meta":{"_acf_changed":false},"product_brand":[],"product_cat":[18,22],"product_tag":[],"class_list":{"0":"post-2692","1":"product","2":"type-product","3":"status-publish","4":"has-post-thumbnail","6":"product_cat-home-decor","7":"product_cat-vase","9":"first","10":"instock","11":"shipping-taxable","12":"product-type-simple"},"acf":[],"_links":{"self":[{"href":"https:\/\/www.santai-ceramics.com\/es\/wp-json\/wp\/v2\/product\/2692","targetHints":{"allow":["GET"]}}],"collection":[{"href":"https:\/\/www.santai-ceramics.com\/es\/wp-json\/wp\/v2\/product"}],"about":[{"href":"https:\/\/www.santai-ceramics.com\/es\/wp-json\/wp\/v2\/types\/product"}],"replies":[{"embeddable":true,"href":"https:\/\/www.santai-ceramics.com\/es\/wp-json\/wp\/v2\/comments?post=2692"}],"wp:featuredmedia":[{"embeddable":true,"href":"https:\/\/www.santai-ceramics.com\/es\/wp-json\/wp\/v2\/media\/2773"}],"wp:attachment":[{"href":"https:\/\/www.santai-ceramics.com\/es\/wp-json\/wp\/v2\/media?parent=2692"}],"wp:term":[{"taxonomy":"product_brand","embeddable":true,"href":"https:\/\/www.santai-ceramics.com\/es\/wp-json\/wp\/v2\/product_brand?post=2692"},{"taxonomy":"product_cat","embeddable":true,"href":"https:\/\/www.santai-ceramics.com\/es\/wp-json\/wp\/v2\/product_cat?post=2692"},{"taxonomy":"product_tag","embeddable":true,"href":"https:\/\/www.santai-ceramics.com\/es\/wp-json\/wp\/v2\/product_tag?post=2692"}],"curies":[{"name":"wp","href":"https:\/\/api.w.org\/{rel}","templated":true}]}}