{"id":2693,"date":"2025-05-29T08:47:16","date_gmt":"2025-05-29T08:47:16","guid":{"rendered":"https:\/\/www.santai-ceramics.com\/?post_type=product&#038;p=2693"},"modified":"2025-06-10T01:53:25","modified_gmt":"2025-06-10T01:53:25","slug":"wholesale-pitcher-flower-vases","status":"publish","type":"product","link":"https:\/\/www.santai-ceramics.com\/es\/product\/wholesale-pitcher-flower-vases\/","title":{"rendered":"Mayorista Jarra Florero con Asa, Elegante Jarra de Cer\u00e1mica Decoraci\u00f3n de Muebles"},"content":{"rendered":"<h3 class=\"wp-block-heading\">Caracter\u00edsticas del jarr\u00f3n florero<\/h3>\n\n\n\n<ul class=\"wp-block-list\">\n<li>\u200b\u200b<strong>Forma \u00fanica de asa \u00fanica: <\/strong>El cuerpo redondeado de la botella se combina con un asa curvada de un solo lado, que es a la vez pr\u00e1ctica y art\u00edstica, y f\u00e1cil de transportar.<\/li>\n\n\n\n<li>\u200b\u200b<strong>Resalte la belleza del arte floral:<\/strong> El fondo verde oscuro puede resaltar perfectamente las flores y convertirse f\u00e1cilmente en el centro visual del espacio.<\/li>\n\n\n\n<li>\u200b\u200b<strong>Tama\u00f1o moderado: <\/strong>El jarr\u00f3n Pitcher Flower tiene una proporci\u00f3n armoniosa de altura y anchura, que permite acomodar ramas estiradas sin que resulten voluminosas.<\/li>\n<\/ul>\n\n\n\n<h3 class=\"wp-block-heading\">Servicio de floreros de cer\u00e1mica personalizados<\/h3>\n\n\n\n<p>Ofrecemos servicios OEM y ODM para nuestros productos.<br>Entrega r\u00e1pida de muestras.<br>Ofrecemos una gran variedad de formas, colores, impresi\u00f3n personalizada, embalaje y otros servicios a medida para satisfacer sus necesidades espec\u00edficas.<br><a href=\"https:\/\/www.santai-ceramics.com\/es\/custom\/\" data-type=\"page\" data-id=\"13\" target=\"_blank\" rel=\"noreferrer noopener\"><strong>M\u00e1s informaci\u00f3n sobre los detalles de los jarrones de cer\u00e1mica personalizados.<\/strong><\/a><\/p>\n\n\n\n<div class=\"wp-block-columns is-layout-flex wp-container-core-columns-is-layout-9d6595d7 wp-block-columns-is-layout-flex\">\n<div class=\"wp-block-column is-layout-flow wp-block-column-is-layout-flow\">\n<figure class=\"wp-block-image size-full\"><img decoding=\"async\" width=\"2835\" height=\"2362\" src=\"https:\/\/www.santai-ceramics.com\/wp-content\/uploads\/2025\/05\/pitcher-flower-vase-series-1.webp\" alt=\"jarr\u00f3n florero serie (1)\" class=\"wp-image-2784\" srcset=\"https:\/\/www.santai-ceramics.com\/wp-content\/uploads\/2025\/05\/pitcher-flower-vase-series-1.webp 2835w, https:\/\/www.santai-ceramics.com\/wp-content\/uploads\/2025\/05\/pitcher-flower-vase-series-1-300x250.webp 300w, https:\/\/www.santai-ceramics.com\/wp-content\/uploads\/2025\/05\/pitcher-flower-vase-series-1-768x640.webp 768w, https:\/\/www.santai-ceramics.com\/wp-content\/uploads\/2025\/05\/pitcher-flower-vase-series-1-14x12.webp 14w, https:\/\/www.santai-ceramics.com\/wp-content\/uploads\/2025\/05\/pitcher-flower-vase-series-1-1200x1000.webp 1200w, https:\/\/www.santai-ceramics.com\/wp-content\/uploads\/2025\/05\/pitcher-flower-vase-series-1-600x500.webp 600w\" sizes=\"(max-width: 2835px) 100vw, 2835px\" \/><\/figure>\n<\/div>\n\n\n\n<div class=\"wp-block-column is-layout-flow wp-block-column-is-layout-flow\">\n<figure class=\"wp-block-image size-full\"><img decoding=\"async\" width=\"1984\" height=\"1654\" src=\"https:\/\/www.santai-ceramics.com\/wp-content\/uploads\/2025\/05\/pitcher-flower-vase-series-2.webp\" alt=\"jarr\u00f3n florero serie (2)\" class=\"wp-image-2785\" srcset=\"https:\/\/www.santai-ceramics.com\/wp-content\/uploads\/2025\/05\/pitcher-flower-vase-series-2.webp 1984w, https:\/\/www.santai-ceramics.com\/wp-content\/uploads\/2025\/05\/pitcher-flower-vase-series-2-300x250.webp 300w, https:\/\/www.santai-ceramics.com\/wp-content\/uploads\/2025\/05\/pitcher-flower-vase-series-2-768x640.webp 768w, https:\/\/www.santai-ceramics.com\/wp-content\/uploads\/2025\/05\/pitcher-flower-vase-series-2-14x12.webp 14w, https:\/\/www.santai-ceramics.com\/wp-content\/uploads\/2025\/05\/pitcher-flower-vase-series-2-1200x1000.webp 1200w, https:\/\/www.santai-ceramics.com\/wp-content\/uploads\/2025\/05\/pitcher-flower-vase-series-2-600x500.webp 600w\" sizes=\"(max-width: 1984px) 100vw, 1984px\" \/><\/figure>\n<\/div>\n<\/div>","protected":false},"excerpt":{"rendered":"<p data-pm-slice=\"0 0 []\">Jarrones de flores al por mayor, estos elegantes jarrones de flores son a la vez pr\u00e1ctico y hermoso, con forma cl\u00e1sica, elegante pico y mango c\u00f3modo, esta serie tiene 2 tama\u00f1os para elegir. Bienvenido compradores B2B para comprar.<\/p>\n<h2>Especificaciones del jarr\u00f3n florero<\/h2>\n<table width=\"855\">\n<tbody>\n<tr>\n<td width=\"285\">N\u00famero de modelo<\/td>\n<td width=\"285\">A37948-LE35-A01<\/td>\n<td width=\"285\">A37948-LE35-A02<\/td>\n<\/tr>\n<tr>\n<td>Nombre del producto<\/td>\n<td>Jarr\u00f3n de cer\u00e1mica<\/td>\n<td>Jarr\u00f3n de cer\u00e1mica<\/td>\n<\/tr>\n<tr>\n<td>Color<\/td>\n<td>Verde real<\/td>\n<td>Verde real<\/td>\n<\/tr>\n<tr>\n<td>Material<\/td>\n<td>Cer\u00e1mica\u00a0<\/td>\n<td>Cer\u00e1mica\u00a0<\/td>\n<\/tr>\n<tr>\n<td>Escenarios de uso<\/td>\n<td>decoraci\u00f3n del hogar<\/td>\n<td>decoraci\u00f3n del hogar<\/td>\n<\/tr>\n<tr>\n<td>Dimensiones<\/td>\n<td>17X15.5X23cm<\/td>\n<td>13,5X13X19,5cm<\/td>\n<\/tr>\n<tr>\n<td>Peso<\/td>\n<td>1 kg\/unidad<\/td>\n<td>0,8 kg\/unidad<\/td>\n<\/tr>\n<\/tbody>\n<\/table>","protected":false},"featured_media":2786,"comment_status":"closed","ping_status":"closed","template":"","meta":{"_acf_changed":false},"product_brand":[],"product_cat":[18,44,22],"product_tag":[],"class_list":{"0":"post-2693","1":"product","2":"type-product","3":"status-publish","4":"has-post-thumbnail","6":"product_cat-home-decor","7":"product_cat-wholesale-ceramic-jugs","8":"product_cat-vase","10":"first","11":"instock","12":"shipping-taxable","13":"product-type-simple"},"acf":[],"_links":{"self":[{"href":"https:\/\/www.santai-ceramics.com\/es\/wp-json\/wp\/v2\/product\/2693","targetHints":{"allow":["GET"]}}],"collection":[{"href":"https:\/\/www.santai-ceramics.com\/es\/wp-json\/wp\/v2\/product"}],"about":[{"href":"https:\/\/www.santai-ceramics.com\/es\/wp-json\/wp\/v2\/types\/product"}],"replies":[{"embeddable":true,"href":"https:\/\/www.santai-ceramics.com\/es\/wp-json\/wp\/v2\/comments?post=2693"}],"wp:featuredmedia":[{"embeddable":true,"href":"https:\/\/www.santai-ceramics.com\/es\/wp-json\/wp\/v2\/media\/2786"}],"wp:attachment":[{"href":"https:\/\/www.santai-ceramics.com\/es\/wp-json\/wp\/v2\/media?parent=2693"}],"wp:term":[{"taxonomy":"product_brand","embeddable":true,"href":"https:\/\/www.santai-ceramics.com\/es\/wp-json\/wp\/v2\/product_brand?post=2693"},{"taxonomy":"product_cat","embeddable":true,"href":"https:\/\/www.santai-ceramics.com\/es\/wp-json\/wp\/v2\/product_cat?post=2693"},{"taxonomy":"product_tag","embeddable":true,"href":"https:\/\/www.santai-ceramics.com\/es\/wp-json\/wp\/v2\/product_tag?post=2693"}],"curies":[{"name":"wp","href":"https:\/\/api.w.org\/{rel}","templated":true}]}}