{"id":2694,"date":"2025-05-29T03:17:50","date_gmt":"2025-05-29T03:17:50","guid":{"rendered":"https:\/\/www.santai-ceramics.com\/?post_type=product&#038;p=2694"},"modified":"2025-06-10T01:05:34","modified_gmt":"2025-06-10T01:05:34","slug":"wholesale-dark-green-ceramic-jar","status":"publish","type":"product","link":"https:\/\/www.santai-ceramics.com\/es\/product\/wholesale-dark-green-ceramic-jar\/","title":{"rendered":"Mayorista Tarro de Cer\u00e1mica Verde Oscuro para Decoraci\u00f3n del Hogar, Venta Directa de F\u00e1brica"},"content":{"rendered":"<h3 class=\"wp-block-heading\">Caracter\u00edsticas del tarro de cer\u00e1mica verde oscuro<\/h3>\n\n\n\n<ul class=\"wp-block-list\">\n<li><strong>Usos vers\u00e1tiles: <\/strong> Perfecto para sujetar flores, decorar ramas o colocarlo solo como pieza decorativa.<\/li>\n\n\n\n<li><strong>Encanto artesanal:<\/strong> Las sutiles variaciones de esmalte y forma dan a cada pieza un toque artesanal \u00fanico.<\/li>\n\n\n\n<li><strong>Varios tama\u00f1os:<\/strong> Disponible en diferentes tama\u00f1os para un uso decorativo y funcional flexible.<\/li>\n<\/ul>\n\n\n\n<h3 class=\"wp-block-heading\">Servicio de tarros de cer\u00e1mica a medida<\/h3>\n\n\n\n<p>Ofrecemos servicios OEM y ODM para nuestros productos.<br>Entrega r\u00e1pida de muestras.<br>Ofrecemos una gran variedad de formas, colores, impresi\u00f3n personalizada, embalaje y otros servicios a medida para satisfacer sus necesidades espec\u00edficas.<br><a href=\"https:\/\/www.santai-ceramics.com\/es\/custom\/\" data-type=\"page\" data-id=\"13\" target=\"_blank\" rel=\"noreferrer noopener\"><strong><b>M\u00e1s informaci\u00f3n<\/b> detalle de cer\u00e1mica.<\/strong><\/a><\/p>\n\n\n\n<div class=\"wp-block-columns is-layout-flex wp-container-core-columns-is-layout-9d6595d7 wp-block-columns-is-layout-flex\">\n<div class=\"wp-block-column is-layout-flow wp-block-column-is-layout-flow\">\n<figure class=\"wp-block-image size-full\"><img decoding=\"async\" width=\"2835\" height=\"2362\" src=\"https:\/\/www.santai-ceramics.com\/wp-content\/uploads\/2025\/05\/Wholesale-Dark-Green-Ceramic-Jar-2.webp\" alt=\"Mayorista Tarro de Cer\u00e1mica Verde Oscuro (2)\" class=\"wp-image-2726\" srcset=\"https:\/\/www.santai-ceramics.com\/wp-content\/uploads\/2025\/05\/Wholesale-Dark-Green-Ceramic-Jar-2.webp 2835w, https:\/\/www.santai-ceramics.com\/wp-content\/uploads\/2025\/05\/Wholesale-Dark-Green-Ceramic-Jar-2-300x250.webp 300w, https:\/\/www.santai-ceramics.com\/wp-content\/uploads\/2025\/05\/Wholesale-Dark-Green-Ceramic-Jar-2-768x640.webp 768w, https:\/\/www.santai-ceramics.com\/wp-content\/uploads\/2025\/05\/Wholesale-Dark-Green-Ceramic-Jar-2-14x12.webp 14w, https:\/\/www.santai-ceramics.com\/wp-content\/uploads\/2025\/05\/Wholesale-Dark-Green-Ceramic-Jar-2-1200x1000.webp 1200w, https:\/\/www.santai-ceramics.com\/wp-content\/uploads\/2025\/05\/Wholesale-Dark-Green-Ceramic-Jar-2-600x500.webp 600w\" sizes=\"(max-width: 2835px) 100vw, 2835px\" \/><\/figure>\n<\/div>\n\n\n\n<div class=\"wp-block-column is-layout-flow wp-block-column-is-layout-flow\">\n<figure class=\"wp-block-image size-full\"><img decoding=\"async\" width=\"3118\" height=\"2598\" src=\"https:\/\/www.santai-ceramics.com\/wp-content\/uploads\/2025\/05\/Wholesale-Dark-Green-Ceramic-Jar-4.webp\" alt=\"Mayorista Tarro de Cer\u00e1mica Verde Oscuro (4)\" class=\"wp-image-2728\" srcset=\"https:\/\/www.santai-ceramics.com\/wp-content\/uploads\/2025\/05\/Wholesale-Dark-Green-Ceramic-Jar-4.webp 3118w, https:\/\/www.santai-ceramics.com\/wp-content\/uploads\/2025\/05\/Wholesale-Dark-Green-Ceramic-Jar-4-300x250.webp 300w, https:\/\/www.santai-ceramics.com\/wp-content\/uploads\/2025\/05\/Wholesale-Dark-Green-Ceramic-Jar-4-768x640.webp 768w, https:\/\/www.santai-ceramics.com\/wp-content\/uploads\/2025\/05\/Wholesale-Dark-Green-Ceramic-Jar-4-14x12.webp 14w, https:\/\/www.santai-ceramics.com\/wp-content\/uploads\/2025\/05\/Wholesale-Dark-Green-Ceramic-Jar-4-1200x1000.webp 1200w, https:\/\/www.santai-ceramics.com\/wp-content\/uploads\/2025\/05\/Wholesale-Dark-Green-Ceramic-Jar-4-600x500.webp 600w\" sizes=\"(max-width: 3118px) 100vw, 3118px\" \/><\/figure>\n<\/div>\n<\/div>\n\n\n\n<div class=\"wp-block-columns is-layout-flex wp-container-core-columns-is-layout-9d6595d7 wp-block-columns-is-layout-flex\">\n<div class=\"wp-block-column is-layout-flow wp-block-column-is-layout-flow\"><\/div>\n\n\n\n<div class=\"wp-block-column is-layout-flow wp-block-column-is-layout-flow\"><\/div>\n<\/div>","protected":false},"excerpt":{"rendered":"<p data-pm-slice=\"0 0 []\">Venta al por mayor Tarro de cer\u00e1mica verde oscuro, de la f\u00e1brica SANTAI, disfrutar de precios preferenciales de f\u00e1brica, esta serie es adecuada para la decoraci\u00f3n del hogar, exhibici\u00f3n de flores y embalaje de regalo y otras escenas. Una variedad de tama\u00f1os est\u00e1n disponibles, que se pueden colocar solos o en combinaci\u00f3n. Apoyo a la personalizaci\u00f3n OEM \/ ODM, recepci\u00f3n para entrarnos en contacto con.<\/p>\n<h2>Especificaciones del tarro de cer\u00e1mica verde oscuro<\/h2>\n<table width=\"1140\">\n<tbody>\n<tr>\n<td width=\"285\">N\u00famero de modelo<\/td>\n<td width=\"285\">A37045-LE35-A01<\/td>\n<td width=\"285\">A37045-LE35-A02<\/td>\n<td width=\"285\">A37045-LE35-A03<\/td>\n<\/tr>\n<tr>\n<td>Nombre del producto<\/td>\n<td>Tarro de cer\u00e1mica<\/td>\n<td>Tarro de cer\u00e1mica<\/td>\n<td>Tarro de cer\u00e1mica<\/td>\n<\/tr>\n<tr>\n<td>Color<\/td>\n<td>Verde real<\/td>\n<td>Verde real<\/td>\n<td>Verde real<\/td>\n<\/tr>\n<tr>\n<td>Material<\/td>\n<td>Cer\u00e1mica\u00a0<\/td>\n<td>Cer\u00e1mica\u00a0<\/td>\n<td>Cer\u00e1mica\u00a0<\/td>\n<\/tr>\n<tr>\n<td>Escenarios de uso<\/td>\n<td>decoraci\u00f3n del hogar<\/td>\n<td>decoraci\u00f3n del hogar<\/td>\n<td>decoraci\u00f3n del hogar<\/td>\n<\/tr>\n<tr>\n<td>Dimensiones<\/td>\n<td>P:23X21cm<\/td>\n<td>P:17.5X15.5cm<\/td>\n<td>P:12.5X11.5cm<\/td>\n<\/tr>\n<tr>\n<td>Peso<\/td>\n<td>1,7 kg\/unidad<\/td>\n<td>0,9 kg\/unidad<\/td>\n<td>0,5 kg\/unidad<\/td>\n<\/tr>\n<\/tbody>\n<\/table>","protected":false},"featured_media":2725,"comment_status":"closed","ping_status":"closed","template":"","meta":{"_acf_changed":false},"product_brand":[],"product_cat":[18,43,22],"product_tag":[],"class_list":{"0":"post-2694","1":"product","2":"type-product","3":"status-publish","4":"has-post-thumbnail","6":"product_cat-home-decor","7":"product_cat-wholesale-ceramic-jar","8":"product_cat-vase","10":"first","11":"instock","12":"shipping-taxable","13":"product-type-simple"},"acf":[],"_links":{"self":[{"href":"https:\/\/www.santai-ceramics.com\/es\/wp-json\/wp\/v2\/product\/2694","targetHints":{"allow":["GET"]}}],"collection":[{"href":"https:\/\/www.santai-ceramics.com\/es\/wp-json\/wp\/v2\/product"}],"about":[{"href":"https:\/\/www.santai-ceramics.com\/es\/wp-json\/wp\/v2\/types\/product"}],"replies":[{"embeddable":true,"href":"https:\/\/www.santai-ceramics.com\/es\/wp-json\/wp\/v2\/comments?post=2694"}],"wp:featuredmedia":[{"embeddable":true,"href":"https:\/\/www.santai-ceramics.com\/es\/wp-json\/wp\/v2\/media\/2725"}],"wp:attachment":[{"href":"https:\/\/www.santai-ceramics.com\/es\/wp-json\/wp\/v2\/media?parent=2694"}],"wp:term":[{"taxonomy":"product_brand","embeddable":true,"href":"https:\/\/www.santai-ceramics.com\/es\/wp-json\/wp\/v2\/product_brand?post=2694"},{"taxonomy":"product_cat","embeddable":true,"href":"https:\/\/www.santai-ceramics.com\/es\/wp-json\/wp\/v2\/product_cat?post=2694"},{"taxonomy":"product_tag","embeddable":true,"href":"https:\/\/www.santai-ceramics.com\/es\/wp-json\/wp\/v2\/product_tag?post=2694"}],"curies":[{"name":"wp","href":"https:\/\/api.w.org\/{rel}","templated":true}]}}