{"id":2860,"date":"2025-06-20T06:37:48","date_gmt":"2025-06-20T06:37:48","guid":{"rendered":"https:\/\/www.santai-ceramics.com\/?post_type=product&#038;p=2860"},"modified":"2025-06-20T06:37:50","modified_gmt":"2025-06-20T06:37:50","slug":"wholesale-geometric-ceramic-vase-set","status":"publish","type":"product","link":"https:\/\/www.santai-ceramics.com\/es\/product\/wholesale-geometric-ceramic-vase-set\/","title":{"rendered":"Mayorista Colecci\u00f3n de Jarrones de Cer\u00e1mica Geom\u00e9tricos para Interiores Contempor\u00e1neos"},"content":{"rendered":"<h3 class=\"wp-block-heading\">Caracter\u00edsticas de la colecci\u00f3n Geometric Ceramic Vase<\/h3>\n\n\n\n<ul class=\"wp-block-list\">\n<li><strong>L\u00edneas geom\u00e9tricas est\u00e9ticas: <\/strong>El cuerpo del jarr\u00f3n de cer\u00e1mica est\u00e1 decorado con l\u00edneas tostadas y motivos entretejidos, inspirados en texturas naturales, que muestran una tensi\u00f3n visual racional y c\u00e1lida.<\/li>\n\n\n\n<li><strong>Forma de proporci\u00f3n \u00e1urea: <\/strong>Este jarr\u00f3n de cer\u00e1mica adopta una combinaci\u00f3n estructural cient\u00edfica de cuello esbelto y vientre redondeado. Es adecuado para la exhibici\u00f3n sencilla de arte floral individual, y tambi\u00e9n puede soportar un ramo de flores, manteniendo la elegancia y el equilibrio de la forma general.<\/li>\n\n\n\n<li><strong>Elegante combinaci\u00f3n de colores: <\/strong>Este jarr\u00f3n de cer\u00e1mica adopta un esquema de color con el beige como base y l\u00edneas tostadas como decoraci\u00f3n. El tono de color es suave y moderno, y puede integrarse de forma natural en una variedad de estilos como el n\u00f3rdico, el japon\u00e9s, el wabi-sabi, el minimalismo moderno, etc.<\/li>\n\n\n\n<li><strong>Dise\u00f1o f\u00e1cil de limpiar: <\/strong>El esmalte mate es resistente a las huellas dactilares, no es f\u00e1cil que queden manchas de agua y polvo, y la textura granulada puede cubrir eficazmente las huellas del uso diario, por lo que es f\u00e1cil de limpiar y mantener.<\/li>\n\n\n\n<li><strong>Servicio de floreros al por mayor: <\/strong>SANTAI ofrece servicios profesionales de venta al por mayor de jarrones de cer\u00e1mica, que admiten la personalizaci\u00f3n de varios tama\u00f1os, colores y texturas de superficie para satisfacer diferentes necesidades de espacio y exposici\u00f3n, adecuados para marcas de hogar, estudios de arte floral y tiendas de muebles.<\/li>\n<\/ul>\n\n\n\n<h3 class=\"wp-block-heading\">Servicio de floreros de cer\u00e1mica personalizados<\/h3>\n\n\n\n<p>Ofrecemos servicios OEM y ODM para nuestros productos.<br>Entrega r\u00e1pida de muestras.<br>Ofrecemos una gran variedad de formas, colores, impresi\u00f3n personalizada, embalaje y otros servicios a medida para satisfacer sus necesidades espec\u00edficas.<br><a href=\"https:\/\/www.santai-ceramics.com\/es\/custom\/\" data-type=\"page\" data-id=\"13\" target=\"_blank\" rel=\"noreferrer noopener\"><strong><b>M\u00e1s informaci\u00f3n<\/b> detalles del jarr\u00f3n de cer\u00e1mica.<\/strong><\/a><\/p>\n\n\n\n<div class=\"wp-block-columns is-layout-flex wp-container-core-columns-is-layout-9d6595d7 wp-block-columns-is-layout-flex\">\n<div class=\"wp-block-column is-layout-flow wp-block-column-is-layout-flow\">\n<figure class=\"wp-block-image size-full\"><img decoding=\"async\" width=\"1800\" height=\"1800\" src=\"https:\/\/www.santai-ceramics.com\/wp-content\/uploads\/2025\/06\/wholesale-Geometric-ceramic-vases-3-1.webp\" alt=\"mayorista Jarrones geom\u00e9tricos de cer\u00e1mica (3)\" class=\"wp-image-2889\" srcset=\"https:\/\/www.santai-ceramics.com\/wp-content\/uploads\/2025\/06\/wholesale-Geometric-ceramic-vases-3-1.webp 1800w, https:\/\/www.santai-ceramics.com\/wp-content\/uploads\/2025\/06\/wholesale-Geometric-ceramic-vases-3-1-300x300.webp 300w, https:\/\/www.santai-ceramics.com\/wp-content\/uploads\/2025\/06\/wholesale-Geometric-ceramic-vases-3-1-150x150.webp 150w, https:\/\/www.santai-ceramics.com\/wp-content\/uploads\/2025\/06\/wholesale-Geometric-ceramic-vases-3-1-768x768.webp 768w, https:\/\/www.santai-ceramics.com\/wp-content\/uploads\/2025\/06\/wholesale-Geometric-ceramic-vases-3-1-12x12.webp 12w, https:\/\/www.santai-ceramics.com\/wp-content\/uploads\/2025\/06\/wholesale-Geometric-ceramic-vases-3-1-1200x1200.webp 1200w, https:\/\/www.santai-ceramics.com\/wp-content\/uploads\/2025\/06\/wholesale-Geometric-ceramic-vases-3-1-600x600.webp 600w, https:\/\/www.santai-ceramics.com\/wp-content\/uploads\/2025\/06\/wholesale-Geometric-ceramic-vases-3-1-100x100.webp 100w\" sizes=\"(max-width: 1800px) 100vw, 1800px\" \/><\/figure>\n<\/div>\n\n\n\n<div class=\"wp-block-column is-layout-flow wp-block-column-is-layout-flow\">\n<figure class=\"wp-block-image size-full\"><img decoding=\"async\" width=\"1800\" height=\"1800\" src=\"https:\/\/www.santai-ceramics.com\/wp-content\/uploads\/2025\/06\/wholesale-Geometric-ceramic-vases-4-1.webp\" alt=\"mayorista Jarrones de cer\u00e1mica geom\u00e9tricos (4)\" class=\"wp-image-2890\" srcset=\"https:\/\/www.santai-ceramics.com\/wp-content\/uploads\/2025\/06\/wholesale-Geometric-ceramic-vases-4-1.webp 1800w, https:\/\/www.santai-ceramics.com\/wp-content\/uploads\/2025\/06\/wholesale-Geometric-ceramic-vases-4-1-300x300.webp 300w, https:\/\/www.santai-ceramics.com\/wp-content\/uploads\/2025\/06\/wholesale-Geometric-ceramic-vases-4-1-150x150.webp 150w, https:\/\/www.santai-ceramics.com\/wp-content\/uploads\/2025\/06\/wholesale-Geometric-ceramic-vases-4-1-768x768.webp 768w, https:\/\/www.santai-ceramics.com\/wp-content\/uploads\/2025\/06\/wholesale-Geometric-ceramic-vases-4-1-12x12.webp 12w, https:\/\/www.santai-ceramics.com\/wp-content\/uploads\/2025\/06\/wholesale-Geometric-ceramic-vases-4-1-1200x1200.webp 1200w, https:\/\/www.santai-ceramics.com\/wp-content\/uploads\/2025\/06\/wholesale-Geometric-ceramic-vases-4-1-600x600.webp 600w, https:\/\/www.santai-ceramics.com\/wp-content\/uploads\/2025\/06\/wholesale-Geometric-ceramic-vases-4-1-100x100.webp 100w\" sizes=\"(max-width: 1800px) 100vw, 1800px\" \/><\/figure>\n<\/div>\n<\/div>\n\n\n\n<div class=\"wp-block-columns is-layout-flex wp-container-core-columns-is-layout-9d6595d7 wp-block-columns-is-layout-flex\">\n<div class=\"wp-block-column is-layout-flow wp-block-column-is-layout-flow\"><\/div>\n\n\n\n<div class=\"wp-block-column is-layout-flow wp-block-column-is-layout-flow\"><\/div>\n<\/div>","protected":false},"excerpt":{"rendered":"<p data-pm-slice=\"0 0 []\">Combinando a la perfecci\u00f3n el dise\u00f1o minimalista con una exquisita artesan\u00eda, esta colecci\u00f3n de jarrones de cer\u00e1mica es perfecta para quienes valoran las l\u00edneas limpias, los tonos tranquilos y el estilo atemporal, transformando los espacios cotidianos en entornos art\u00edsticos cuidadosamente dise\u00f1ados. P\u00f3ngase en contacto con fabricantes de jarrones de cer\u00e1mica SANTAI para obtener el mejor presupuesto.<\/p>\n<h2>Especificaciones del jarr\u00f3n de cer\u00e1mica geom\u00e9trico<\/h2>\n<table width=\"855\">\n<tbody>\n<tr>\n<td width=\"285\">N\u00famero de modelo<\/td>\n<td width=\"285\">A35533-LE16-A01<\/td>\n<td width=\"285\">A35533-LE16-A02<\/td>\n<\/tr>\n<tr>\n<td>Nombre del producto<\/td>\n<td>Jarr\u00f3n de cer\u00e1mica<\/td>\n<td>Jarr\u00f3n de cer\u00e1mica<\/td>\n<\/tr>\n<tr>\n<td>Color<\/td>\n<td>Caramelo<\/td>\n<td>Caramelo<\/td>\n<\/tr>\n<tr>\n<td>Material<\/td>\n<td>Cer\u00e1mica\u00a0<\/td>\n<td>Cer\u00e1mica\u00a0<\/td>\n<\/tr>\n<tr>\n<td>Escenarios de uso<\/td>\n<td>decoraci\u00f3n del hogar<\/td>\n<td>decoraci\u00f3n del hogar<\/td>\n<\/tr>\n<tr>\n<td>Dimensiones<\/td>\n<td>P:16,5X33cm<\/td>\n<td>P:14X28cm<\/td>\n<\/tr>\n<tr>\n<td>Peso<\/td>\n<td>1,7 kg\/unidad<\/td>\n<td>1 kg\/unidad<\/td>\n<\/tr>\n<\/tbody>\n<\/table>","protected":false},"featured_media":2887,"comment_status":"closed","ping_status":"closed","template":"","meta":{"_acf_changed":false},"product_brand":[],"product_cat":[18,22],"product_tag":[],"class_list":{"0":"post-2860","1":"product","2":"type-product","3":"status-publish","4":"has-post-thumbnail","6":"product_cat-home-decor","7":"product_cat-vase","9":"first","10":"instock","11":"shipping-taxable","12":"product-type-simple"},"acf":[],"_links":{"self":[{"href":"https:\/\/www.santai-ceramics.com\/es\/wp-json\/wp\/v2\/product\/2860","targetHints":{"allow":["GET"]}}],"collection":[{"href":"https:\/\/www.santai-ceramics.com\/es\/wp-json\/wp\/v2\/product"}],"about":[{"href":"https:\/\/www.santai-ceramics.com\/es\/wp-json\/wp\/v2\/types\/product"}],"replies":[{"embeddable":true,"href":"https:\/\/www.santai-ceramics.com\/es\/wp-json\/wp\/v2\/comments?post=2860"}],"wp:featuredmedia":[{"embeddable":true,"href":"https:\/\/www.santai-ceramics.com\/es\/wp-json\/wp\/v2\/media\/2887"}],"wp:attachment":[{"href":"https:\/\/www.santai-ceramics.com\/es\/wp-json\/wp\/v2\/media?parent=2860"}],"wp:term":[{"taxonomy":"product_brand","embeddable":true,"href":"https:\/\/www.santai-ceramics.com\/es\/wp-json\/wp\/v2\/product_brand?post=2860"},{"taxonomy":"product_cat","embeddable":true,"href":"https:\/\/www.santai-ceramics.com\/es\/wp-json\/wp\/v2\/product_cat?post=2860"},{"taxonomy":"product_tag","embeddable":true,"href":"https:\/\/www.santai-ceramics.com\/es\/wp-json\/wp\/v2\/product_tag?post=2860"}],"curies":[{"name":"wp","href":"https:\/\/api.w.org\/{rel}","templated":true}]}}