{"id":2863,"date":"2025-06-30T06:14:28","date_gmt":"2025-06-30T06:14:28","guid":{"rendered":"https:\/\/www.santai-ceramics.com\/?post_type=product&#038;p=2863"},"modified":"2025-06-30T06:14:29","modified_gmt":"2025-06-30T06:14:29","slug":"wholesale-warm-toned-flower-pots","status":"publish","type":"product","link":"https:\/\/www.santai-ceramics.com\/es\/product\/wholesale-warm-toned-flower-pots\/","title":{"rendered":"Mayorista Macetas de cer\u00e1mica geom\u00e9tricas para interiores modernos"},"content":{"rendered":"<h3 class=\"wp-block-heading\">Caracter\u00edsticas de las macetas de cer\u00e1mica geom\u00e9tricas<\/h3>\n\n\n\n<ul class=\"wp-block-list\">\n<li><strong>Est\u00e9tica unificada:<\/strong> El lenguaje tem\u00e1tico y el tono de color coherentes de toda la serie garantizan una coordinaci\u00f3n armoniosa, tanto si se utilizan solos como en conjunto.<\/li>\n\n\n\n<li><strong>Bonito dise\u00f1o:<\/strong> Las macetas tienen dibujos y colores \u00fanicos, tonos c\u00e1lidos, que pueden a\u00f1adir una atm\u00f3sfera art\u00edstica al entorno dom\u00e9stico.<\/li>\n\n\n\n<li><strong>Buen drenaje:<\/strong> Hecho de material cer\u00e1mico, tiene buena permeabilidad al aire, puede evitar la acumulaci\u00f3n de agua y contribuir al crecimiento sano de las plantas.<\/li>\n<\/ul>\n\n\n\n<h3 class=\"wp-block-heading\">Servicio de floreros de cer\u00e1mica personalizados<\/h3>\n\n\n\n<p>Ofrecemos servicios OEM y ODM para nuestros productos.<br>Entrega r\u00e1pida de muestras.<br>Ofrecemos una gran variedad de formas, colores, impresi\u00f3n personalizada, embalaje y otros servicios a medida para satisfacer sus necesidades espec\u00edficas.<br><a href=\"https:\/\/www.santai-ceramics.com\/es\/custom\/\" data-type=\"page\" data-id=\"13\" target=\"_blank\" rel=\"noreferrer noopener\"><strong><b>M\u00e1s informaci\u00f3n<\/b> detalles de jarrones de cer\u00e1mica.<\/strong><\/a><\/p>\n\n\n\n<div class=\"wp-block-columns is-layout-flex wp-container-core-columns-is-layout-9d6595d7 wp-block-columns-is-layout-flex\">\n<div class=\"wp-block-column is-layout-flow wp-block-column-is-layout-flow\">\n<figure class=\"wp-block-image size-full\"><img decoding=\"async\" width=\"1182\" height=\"1182\" src=\"https:\/\/www.santai-ceramics.com\/wp-content\/uploads\/2025\/06\/wholesale-geometric-ceramic-flower-pots-2.webp\" alt=\"venta al por mayor macetas geometricas de ceramica (2)\" class=\"wp-image-2950\" srcset=\"https:\/\/www.santai-ceramics.com\/wp-content\/uploads\/2025\/06\/wholesale-geometric-ceramic-flower-pots-2.webp 1182w, https:\/\/www.santai-ceramics.com\/wp-content\/uploads\/2025\/06\/wholesale-geometric-ceramic-flower-pots-2-300x300.webp 300w, https:\/\/www.santai-ceramics.com\/wp-content\/uploads\/2025\/06\/wholesale-geometric-ceramic-flower-pots-2-150x150.webp 150w, https:\/\/www.santai-ceramics.com\/wp-content\/uploads\/2025\/06\/wholesale-geometric-ceramic-flower-pots-2-768x768.webp 768w, https:\/\/www.santai-ceramics.com\/wp-content\/uploads\/2025\/06\/wholesale-geometric-ceramic-flower-pots-2-12x12.webp 12w, https:\/\/www.santai-ceramics.com\/wp-content\/uploads\/2025\/06\/wholesale-geometric-ceramic-flower-pots-2-600x600.webp 600w, https:\/\/www.santai-ceramics.com\/wp-content\/uploads\/2025\/06\/wholesale-geometric-ceramic-flower-pots-2-100x100.webp 100w\" sizes=\"(max-width: 1182px) 100vw, 1182px\" \/><\/figure>\n<\/div>\n\n\n\n<div class=\"wp-block-column is-layout-flow wp-block-column-is-layout-flow\">\n<figure class=\"wp-block-image size-full\"><img decoding=\"async\" width=\"2022\" height=\"2022\" src=\"https:\/\/www.santai-ceramics.com\/wp-content\/uploads\/2025\/06\/wholesale-geometric-ceramic-flower-pots-4.webp\" alt=\"venta al por mayor macetas geometricas de ceramica (4)\" class=\"wp-image-2952\" srcset=\"https:\/\/www.santai-ceramics.com\/wp-content\/uploads\/2025\/06\/wholesale-geometric-ceramic-flower-pots-4.webp 2022w, https:\/\/www.santai-ceramics.com\/wp-content\/uploads\/2025\/06\/wholesale-geometric-ceramic-flower-pots-4-300x300.webp 300w, https:\/\/www.santai-ceramics.com\/wp-content\/uploads\/2025\/06\/wholesale-geometric-ceramic-flower-pots-4-150x150.webp 150w, https:\/\/www.santai-ceramics.com\/wp-content\/uploads\/2025\/06\/wholesale-geometric-ceramic-flower-pots-4-768x768.webp 768w, https:\/\/www.santai-ceramics.com\/wp-content\/uploads\/2025\/06\/wholesale-geometric-ceramic-flower-pots-4-12x12.webp 12w, https:\/\/www.santai-ceramics.com\/wp-content\/uploads\/2025\/06\/wholesale-geometric-ceramic-flower-pots-4-1200x1200.webp 1200w, https:\/\/www.santai-ceramics.com\/wp-content\/uploads\/2025\/06\/wholesale-geometric-ceramic-flower-pots-4-600x600.webp 600w, https:\/\/www.santai-ceramics.com\/wp-content\/uploads\/2025\/06\/wholesale-geometric-ceramic-flower-pots-4-100x100.webp 100w\" sizes=\"(max-width: 2022px) 100vw, 2022px\" \/><\/figure>\n<\/div>\n<\/div>","protected":false},"excerpt":{"rendered":"<p data-pm-slice=\"0 0 []\">Ampl\u00ede su l\u00ednea de productos con nuestras macetas geom\u00e9tricas de cer\u00e1mica al por mayor. Cada maceta presenta un dise\u00f1o de c\u00edrculos y flechas grabado a mano, elegantemente envuelto alrededor de una suave base de color blanco roto. P\u00f3ngase en contacto con nosotros para solicitar un presupuesto.<\/p>\n<h2>Especificaciones de las macetas de cer\u00e1mica geom\u00e9tricas<\/h2>\n<table width=\"1140\">\n<tbody>\n<tr>\n<td width=\"285\">N\u00famero de modelo<\/td>\n<td width=\"285\">A37849-LE16-A01<\/td>\n<td width=\"285\">A37849-LE16-A02<\/td>\n<td width=\"285\">A37850-LE16-A01<\/td>\n<\/tr>\n<tr>\n<td>Nombre del producto<\/td>\n<td>Jarr\u00f3n de cer\u00e1mica<\/td>\n<td>Jarr\u00f3n de cer\u00e1mica<\/td>\n<td>Jarr\u00f3n de cer\u00e1mica<\/td>\n<\/tr>\n<tr>\n<td>Color<\/td>\n<td>Caramelo<\/td>\n<td>Caramelo<\/td>\n<td>Caramelo<\/td>\n<\/tr>\n<tr>\n<td>Material<\/td>\n<td>Cer\u00e1mica\u00a0<\/td>\n<td>Cer\u00e1mica\u00a0<\/td>\n<td>Cer\u00e1mica\u00a0<\/td>\n<\/tr>\n<tr>\n<td>Escenarios de uso<\/td>\n<td>decoraci\u00f3n del hogar<\/td>\n<td>decoraci\u00f3n del hogar<\/td>\n<td>decoraci\u00f3n del hogar<\/td>\n<\/tr>\n<tr>\n<td>Dimensiones<\/td>\n<td>P:20X14cm<\/td>\n<td>P:16,5X11,5cm<\/td>\n<td>15X15X27,5cm<\/td>\n<\/tr>\n<tr>\n<td>Peso<\/td>\n<td>1,3 kg\/unidad<\/td>\n<td>0,8 kg\/unidad<\/td>\n<td>1,2 kg\/unidad<\/td>\n<\/tr>\n<\/tbody>\n<\/table>","protected":false},"featured_media":2949,"comment_status":"closed","ping_status":"closed","template":"","meta":{"_acf_changed":false},"product_brand":[],"product_cat":[18,42,23],"product_tag":[],"class_list":{"0":"post-2863","1":"product","2":"type-product","3":"status-publish","4":"has-post-thumbnail","6":"product_cat-home-decor","7":"product_cat-wholesale-ceramic-plant-pots","8":"product_cat-ceramic-pots-planters","10":"first","11":"instock","12":"shipping-taxable","13":"product-type-simple"},"acf":[],"_links":{"self":[{"href":"https:\/\/www.santai-ceramics.com\/es\/wp-json\/wp\/v2\/product\/2863","targetHints":{"allow":["GET"]}}],"collection":[{"href":"https:\/\/www.santai-ceramics.com\/es\/wp-json\/wp\/v2\/product"}],"about":[{"href":"https:\/\/www.santai-ceramics.com\/es\/wp-json\/wp\/v2\/types\/product"}],"replies":[{"embeddable":true,"href":"https:\/\/www.santai-ceramics.com\/es\/wp-json\/wp\/v2\/comments?post=2863"}],"wp:featuredmedia":[{"embeddable":true,"href":"https:\/\/www.santai-ceramics.com\/es\/wp-json\/wp\/v2\/media\/2949"}],"wp:attachment":[{"href":"https:\/\/www.santai-ceramics.com\/es\/wp-json\/wp\/v2\/media?parent=2863"}],"wp:term":[{"taxonomy":"product_brand","embeddable":true,"href":"https:\/\/www.santai-ceramics.com\/es\/wp-json\/wp\/v2\/product_brand?post=2863"},{"taxonomy":"product_cat","embeddable":true,"href":"https:\/\/www.santai-ceramics.com\/es\/wp-json\/wp\/v2\/product_cat?post=2863"},{"taxonomy":"product_tag","embeddable":true,"href":"https:\/\/www.santai-ceramics.com\/es\/wp-json\/wp\/v2\/product_tag?post=2863"}],"curies":[{"name":"wp","href":"https:\/\/api.w.org\/{rel}","templated":true}]}}