{"id":2866,"date":"2025-06-30T04:00:13","date_gmt":"2025-06-30T04:00:13","guid":{"rendered":"https:\/\/www.santai-ceramics.com\/?post_type=product&#038;p=2866"},"modified":"2025-06-30T04:01:06","modified_gmt":"2025-06-30T04:01:06","slug":"wholesale-striped-ceramic-vases","status":"publish","type":"product","link":"https:\/\/www.santai-ceramics.com\/es\/product\/wholesale-striped-ceramic-vases\/","title":{"rendered":"Jarrones de cer\u00e1mica a rayas hechos a mano al por mayor, jarrones de cer\u00e1mica a granel para la venta"},"content":{"rendered":"<h3 class=\"wp-block-heading\">Caracter\u00edsticas de los jarrones de cer\u00e1mica a rayas<\/h3>\n\n\n\n<ul class=\"wp-block-list\">\n<li><strong>Textura rayada a mano: <\/strong>Cada jarr\u00f3n est\u00e1 tallado a mano con rayas verticales de forma natural para crear un efecto visual \u00fanico.<\/li>\n\n\n\n<li><strong>Perfecto para decoraci\u00f3n art\u00edstica: <\/strong>Con su forma natural y su superficie t\u00e1ctil, este jarr\u00f3n de cer\u00e1mica puede servir de decoraci\u00f3n escult\u00f3rica para realzar el efecto est\u00e9tico de los hogares modernos.<\/li>\n\n\n\n<li><strong>Perfecto para arreglos florales: <\/strong>Ya sean flores frescas o exuberantes plantas verdes. Las rayas de tonos c\u00e1lidos pueden realzar los colores de las flores y crear un bonito contraste.<\/li>\n<\/ul>\n\n\n\n<h3 class=\"wp-block-heading\">Servicio de floreros de cer\u00e1mica personalizados<\/h3>\n\n\n\n<p>Ofrecemos servicios OEM y ODM para nuestros productos.<br>Entrega r\u00e1pida de muestras.<br>Ofrecemos una gran variedad de formas, colores, impresi\u00f3n personalizada, embalaje y otros servicios a medida para satisfacer sus necesidades espec\u00edficas.<br><a href=\"https:\/\/www.santai-ceramics.com\/es\/custom\/\" data-type=\"page\" data-id=\"13\" target=\"_blank\" rel=\"noreferrer noopener\"><strong>M\u00e1s informaci\u00f3n sobre los detalles de los jarrones de cer\u00e1mica personalizados.<\/strong><\/a><\/p>\n\n\n\n<div class=\"wp-block-columns is-layout-flex wp-container-core-columns-is-layout-9d6595d7 wp-block-columns-is-layout-flex\">\n<div class=\"wp-block-column is-layout-flow wp-block-column-is-layout-flow\">\n<figure class=\"wp-block-image size-full\"><img decoding=\"async\" width=\"2409\" height=\"2008\" src=\"https:\/\/www.santai-ceramics.com\/wp-content\/uploads\/2025\/06\/wholesale-handmade-striped-ceramic-vases-5.webp\" alt=\"mayorista jarrones de ceramica a rayas hechos a mano (5)\" class=\"wp-image-2938\" srcset=\"https:\/\/www.santai-ceramics.com\/wp-content\/uploads\/2025\/06\/wholesale-handmade-striped-ceramic-vases-5.webp 2409w, https:\/\/www.santai-ceramics.com\/wp-content\/uploads\/2025\/06\/wholesale-handmade-striped-ceramic-vases-5-300x250.webp 300w, https:\/\/www.santai-ceramics.com\/wp-content\/uploads\/2025\/06\/wholesale-handmade-striped-ceramic-vases-5-768x640.webp 768w, https:\/\/www.santai-ceramics.com\/wp-content\/uploads\/2025\/06\/wholesale-handmade-striped-ceramic-vases-5-14x12.webp 14w, https:\/\/www.santai-ceramics.com\/wp-content\/uploads\/2025\/06\/wholesale-handmade-striped-ceramic-vases-5-1200x1000.webp 1200w, https:\/\/www.santai-ceramics.com\/wp-content\/uploads\/2025\/06\/wholesale-handmade-striped-ceramic-vases-5-600x500.webp 600w\" sizes=\"(max-width: 2409px) 100vw, 2409px\" \/><\/figure>\n<\/div>\n\n\n\n<div class=\"wp-block-column is-layout-flow wp-block-column-is-layout-flow\">\n<figure class=\"wp-block-image size-full\"><img decoding=\"async\" width=\"2551\" height=\"2126\" src=\"https:\/\/www.santai-ceramics.com\/wp-content\/uploads\/2025\/06\/wholesale-handmade-striped-ceramic-vases-6.webp\" alt=\"mayorista jarrones de ceramica a rayas hechos a mano (6)\" class=\"wp-image-2939\" srcset=\"https:\/\/www.santai-ceramics.com\/wp-content\/uploads\/2025\/06\/wholesale-handmade-striped-ceramic-vases-6.webp 2551w, https:\/\/www.santai-ceramics.com\/wp-content\/uploads\/2025\/06\/wholesale-handmade-striped-ceramic-vases-6-300x250.webp 300w, https:\/\/www.santai-ceramics.com\/wp-content\/uploads\/2025\/06\/wholesale-handmade-striped-ceramic-vases-6-768x640.webp 768w, https:\/\/www.santai-ceramics.com\/wp-content\/uploads\/2025\/06\/wholesale-handmade-striped-ceramic-vases-6-14x12.webp 14w, https:\/\/www.santai-ceramics.com\/wp-content\/uploads\/2025\/06\/wholesale-handmade-striped-ceramic-vases-6-1200x1000.webp 1200w, https:\/\/www.santai-ceramics.com\/wp-content\/uploads\/2025\/06\/wholesale-handmade-striped-ceramic-vases-6-600x500.webp 600w\" sizes=\"(max-width: 2551px) 100vw, 2551px\" \/><\/figure>\n<\/div>\n<\/div>\n\n\n\n<div class=\"wp-block-columns is-layout-flex wp-container-core-columns-is-layout-9d6595d7 wp-block-columns-is-layout-flex\">\n<div class=\"wp-block-column is-layout-flow wp-block-column-is-layout-flow\"><\/div>\n\n\n\n<div class=\"wp-block-column is-layout-flow wp-block-column-is-layout-flow\"><\/div>\n<\/div>","protected":false},"excerpt":{"rendered":"<p data-pm-slice=\"0 0 []\">Jarr\u00f3n de cer\u00e1mica al por mayor. Con sus formas org\u00e1nicas, tonos terrosos y dise\u00f1os texturizados a mano, estos jarrones a rayas son perfectos tanto para arreglos decorativos como florales. P\u00f3ngase en contacto con nosotros para solicitar un presupuesto.<\/p>\n<h2>Especificaciones de los jarrones de cer\u00e1mica a rayas<\/h2>\n<table width=\"1140\">\n<tbody>\n<tr>\n<td width=\"285\">N\u00famero de modelo<\/td>\n<td width=\"285\">A37650-LE16-A01<\/td>\n<td width=\"285\">A37650-LE16-A02<\/td>\n<td width=\"285\">A37650-LE16-A03<\/td>\n<\/tr>\n<tr>\n<td>Nombre del producto<\/td>\n<td>Jarr\u00f3n de cer\u00e1mica<\/td>\n<td>Jarr\u00f3n de cer\u00e1mica<\/td>\n<td>Jarr\u00f3n de cer\u00e1mica<\/td>\n<\/tr>\n<tr>\n<td>Color<\/td>\n<td>Caramelo<\/td>\n<td>Caramelo<\/td>\n<td>Caramelo<\/td>\n<\/tr>\n<tr>\n<td>Material<\/td>\n<td>Cer\u00e1mica\u00a0<\/td>\n<td>Cer\u00e1mica\u00a0<\/td>\n<td>Cer\u00e1mica\u00a0<\/td>\n<\/tr>\n<tr>\n<td>Escenarios de uso<\/td>\n<td>decoraci\u00f3n del hogar<\/td>\n<td>decoraci\u00f3n del hogar<\/td>\n<td>decoraci\u00f3n del hogar<\/td>\n<\/tr>\n<tr>\n<td>Dimensiones<\/td>\n<td>P:11X20cm<\/td>\n<td>P:13X13,5cm<\/td>\n<td>P:10,5X10cm<\/td>\n<\/tr>\n<tr>\n<td>Peso<\/td>\n<td>0,7 kg\/unidad<\/td>\n<td>0,7 kg\/unidad<\/td>\n<td>0,4 kg\/unidad<\/td>\n<\/tr>\n<\/tbody>\n<\/table>","protected":false},"featured_media":2934,"comment_status":"closed","ping_status":"closed","template":"","meta":{"_acf_changed":false},"product_brand":[],"product_cat":[18,22],"product_tag":[],"class_list":{"0":"post-2866","1":"product","2":"type-product","3":"status-publish","4":"has-post-thumbnail","6":"product_cat-home-decor","7":"product_cat-vase","9":"first","10":"instock","11":"shipping-taxable","12":"product-type-simple"},"acf":[],"_links":{"self":[{"href":"https:\/\/www.santai-ceramics.com\/es\/wp-json\/wp\/v2\/product\/2866","targetHints":{"allow":["GET"]}}],"collection":[{"href":"https:\/\/www.santai-ceramics.com\/es\/wp-json\/wp\/v2\/product"}],"about":[{"href":"https:\/\/www.santai-ceramics.com\/es\/wp-json\/wp\/v2\/types\/product"}],"replies":[{"embeddable":true,"href":"https:\/\/www.santai-ceramics.com\/es\/wp-json\/wp\/v2\/comments?post=2866"}],"wp:featuredmedia":[{"embeddable":true,"href":"https:\/\/www.santai-ceramics.com\/es\/wp-json\/wp\/v2\/media\/2934"}],"wp:attachment":[{"href":"https:\/\/www.santai-ceramics.com\/es\/wp-json\/wp\/v2\/media?parent=2866"}],"wp:term":[{"taxonomy":"product_brand","embeddable":true,"href":"https:\/\/www.santai-ceramics.com\/es\/wp-json\/wp\/v2\/product_brand?post=2866"},{"taxonomy":"product_cat","embeddable":true,"href":"https:\/\/www.santai-ceramics.com\/es\/wp-json\/wp\/v2\/product_cat?post=2866"},{"taxonomy":"product_tag","embeddable":true,"href":"https:\/\/www.santai-ceramics.com\/es\/wp-json\/wp\/v2\/product_tag?post=2866"}],"curies":[{"name":"wp","href":"https:\/\/api.w.org\/{rel}","templated":true}]}}