{"id":2867,"date":"2025-06-20T02:12:28","date_gmt":"2025-06-20T02:12:28","guid":{"rendered":"https:\/\/www.santai-ceramics.com\/?post_type=product&#038;p=2867"},"modified":"2025-06-20T02:12:49","modified_gmt":"2025-06-20T02:12:49","slug":"wholesale-elegant-ceramic-candlesticks","status":"publish","type":"product","link":"https:\/\/www.santai-ceramics.com\/es\/product\/wholesale-elegant-ceramic-candlesticks\/","title":{"rendered":"Mayorista Elegantes Candeleros de Cer\u00e1mica Caramelo - Perfectos para Decorar la Mesa del Comedor"},"content":{"rendered":"<h3 class=\"wp-block-heading\">Caracter\u00edsticas del Elegante Candelabro de Cer\u00e1mica Caramelo<\/h3>\n\n\n\n<ul class=\"wp-block-list\">\n<li><strong>Dise\u00f1o minimalista: <\/strong>El candelabro de cer\u00e1mica es elegante como una escultura. El cuerpo blanquecino se combina con un ribete tostado, mostrando una est\u00e9tica n\u00f3rdica sencilla y estratificada.<\/li>\n\n\n\n<li><strong>Fuerte sentido escult\u00f3rico y gran capacidad decorativa: <\/strong>El candelabro de cer\u00e1mica al por mayor es adecuado para una gran variedad de estilos de decoraci\u00f3n de interiores. Puede exhibirse de forma independiente o como parte de la est\u00e9tica general de la mesa de comedor y el hogar.<\/li>\n\n\n\n<li><strong>M\u00faltiples opciones de combinaci\u00f3n de tama\u00f1os:<\/strong> El candelabro al por mayor ofrece diferentes alturas y tama\u00f1os. Puede utilizarse solo o en grupos para crear un rico nivel espacial y un sentido ritual.<\/li>\n\n\n\n<li><strong>Adaptabilidad al tama\u00f1o est\u00e1ndar: <\/strong>El tama\u00f1o de la ranura de la vela del candelabro de cer\u00e1mica cumple las especificaciones de las velas cil\u00edndricas comunes, lo que resulta f\u00e1cil de usar y muy compatible.<\/li>\n\n\n\n<li><strong>Los tonos neutros son vers\u00e1tiles: <\/strong>Utiliza colores suaves como el blanco roto y el gris claro, que tienen una textura de alta gama y son f\u00e1ciles de integrar en diversos ambientes crom\u00e1ticos de decoraci\u00f3n del hogar.<\/li>\n<\/ul>\n\n\n\n<h3 class=\"wp-block-heading\">Servicio de portavelas personalizados<\/h3>\n\n\n\n<p>Ofrecemos servicios OEM y ODM para nuestros productos.<br>Entrega r\u00e1pida de muestras.<br>Ofrecemos una gran variedad de formas, colores, impresi\u00f3n personalizada, embalaje y otros servicios a medida para satisfacer sus necesidades espec\u00edficas.<br><a href=\"https:\/\/www.santai-ceramics.com\/es\/custom\/\" data-type=\"page\" data-id=\"13\" target=\"_blank\" rel=\"noreferrer noopener\"><strong><b>M\u00e1s informaci\u00f3n<\/b> detalle decorativo de cer\u00e1mica.<\/strong><\/a><\/p>\n\n\n\n<div class=\"wp-block-columns is-layout-flex wp-container-core-columns-is-layout-9d6595d7 wp-block-columns-is-layout-flex\">\n<div class=\"wp-block-column is-layout-flow wp-block-column-is-layout-flow\">\n<figure class=\"wp-block-image size-full\"><img decoding=\"async\" width=\"1191\" height=\"1191\" src=\"https:\/\/www.santai-ceramics.com\/wp-content\/uploads\/2025\/06\/wholesale-elegant-candlesticks-4.webp\" alt=\"mayorista candelabros elegantes (4)\" class=\"wp-image-2874\" srcset=\"https:\/\/www.santai-ceramics.com\/wp-content\/uploads\/2025\/06\/wholesale-elegant-candlesticks-4.webp 1191w, https:\/\/www.santai-ceramics.com\/wp-content\/uploads\/2025\/06\/wholesale-elegant-candlesticks-4-300x300.webp 300w, https:\/\/www.santai-ceramics.com\/wp-content\/uploads\/2025\/06\/wholesale-elegant-candlesticks-4-150x150.webp 150w, https:\/\/www.santai-ceramics.com\/wp-content\/uploads\/2025\/06\/wholesale-elegant-candlesticks-4-768x768.webp 768w, https:\/\/www.santai-ceramics.com\/wp-content\/uploads\/2025\/06\/wholesale-elegant-candlesticks-4-12x12.webp 12w, https:\/\/www.santai-ceramics.com\/wp-content\/uploads\/2025\/06\/wholesale-elegant-candlesticks-4-600x600.webp 600w, https:\/\/www.santai-ceramics.com\/wp-content\/uploads\/2025\/06\/wholesale-elegant-candlesticks-4-100x100.webp 100w\" sizes=\"(max-width: 1191px) 100vw, 1191px\" \/><\/figure>\n<\/div>\n\n\n\n<div class=\"wp-block-column is-layout-flow wp-block-column-is-layout-flow\">\n<figure class=\"wp-block-image size-full\"><img decoding=\"async\" width=\"2400\" height=\"2400\" src=\"https:\/\/www.santai-ceramics.com\/wp-content\/uploads\/2025\/06\/wholesale-elegant-candlesticks-5.webp\" alt=\"mayorista candelabros elegantes (5)\" class=\"wp-image-2875\" srcset=\"https:\/\/www.santai-ceramics.com\/wp-content\/uploads\/2025\/06\/wholesale-elegant-candlesticks-5.webp 2400w, https:\/\/www.santai-ceramics.com\/wp-content\/uploads\/2025\/06\/wholesale-elegant-candlesticks-5-300x300.webp 300w, https:\/\/www.santai-ceramics.com\/wp-content\/uploads\/2025\/06\/wholesale-elegant-candlesticks-5-150x150.webp 150w, https:\/\/www.santai-ceramics.com\/wp-content\/uploads\/2025\/06\/wholesale-elegant-candlesticks-5-768x768.webp 768w, https:\/\/www.santai-ceramics.com\/wp-content\/uploads\/2025\/06\/wholesale-elegant-candlesticks-5-12x12.webp 12w, https:\/\/www.santai-ceramics.com\/wp-content\/uploads\/2025\/06\/wholesale-elegant-candlesticks-5-1200x1200.webp 1200w, https:\/\/www.santai-ceramics.com\/wp-content\/uploads\/2025\/06\/wholesale-elegant-candlesticks-5-600x600.webp 600w, https:\/\/www.santai-ceramics.com\/wp-content\/uploads\/2025\/06\/wholesale-elegant-candlesticks-5-100x100.webp 100w\" sizes=\"(max-width: 2400px) 100vw, 2400px\" \/><\/figure>\n<\/div>\n<\/div>\n\n\n\n<div class=\"wp-block-columns is-layout-flex wp-container-core-columns-is-layout-9d6595d7 wp-block-columns-is-layout-flex\">\n<div class=\"wp-block-column is-layout-flow wp-block-column-is-layout-flow\"><\/div>\n\n\n\n<div class=\"wp-block-column is-layout-flow wp-block-column-is-layout-flow\"><\/div>\n<\/div>","protected":false},"excerpt":{"rendered":"<p data-pm-slice=\"0 0 []\">Mayorista de candeleros de cer\u00e1mica. Este elegante candelabro de cer\u00e1mica de color caramelo tiene un dise\u00f1o elegante y escultural. Fabricado en cer\u00e1mica de alta calidad con una superficie sutilmente texturizada, realzar\u00e1 cualquier espacio interior. Disponible en dos tama\u00f1os, la base ancha y resistente sujeta con seguridad las velas est\u00e1ndar, lo que lo convierte tanto en una bonita pieza decorativa como en un pr\u00e1ctico accesorio de iluminaci\u00f3n. Perfecto para su sal\u00f3n, dormitorio o mesa de comedor. P\u00f3ngase en contacto con nosotros para obtener el mejor presupuesto de un fabricante de decoraci\u00f3n cer\u00e1mica de confianza.<\/p>\n<h2>Especificaci\u00f3n de Mayorista Candeleros de Cer\u00e1mica de Estilo Sencillo<\/h2>\n<table width=\"855\">\n<tbody>\n<tr>\n<td width=\"285\">N\u00famero de modelo<\/td>\n<td width=\"285\">A34848-LE16-A01<\/td>\n<td width=\"285\">A34848-LE16-A02<\/td>\n<\/tr>\n<tr>\n<td>Nombre del producto<\/td>\n<td>Candelabro de cer\u00e1mica<\/td>\n<td>Candelabro de cer\u00e1mica<\/td>\n<\/tr>\n<tr>\n<td>Color<\/td>\n<td>Caramelo<\/td>\n<td>Caramelo<\/td>\n<\/tr>\n<tr>\n<td>Material<\/td>\n<td>Cer\u00e1mica\u00a0<\/td>\n<td>Cer\u00e1mica\u00a0<\/td>\n<\/tr>\n<tr>\n<td>Escenarios de uso<\/td>\n<td>decoraci\u00f3n del hogar<\/td>\n<td>decoraci\u00f3n del hogar<\/td>\n<\/tr>\n<tr>\n<td>Dimensiones<\/td>\n<td>P:14,5X26cm<\/td>\n<td>P:14,5X19cm<\/td>\n<\/tr>\n<tr>\n<td>Peso<\/td>\n<td>1 kg\/unidad<\/td>\n<td>0,8 kg\/unidad<\/td>\n<\/tr>\n<\/tbody>\n<\/table>","protected":false},"featured_media":2871,"comment_status":"closed","ping_status":"closed","template":"","meta":{"_acf_changed":false},"product_brand":[],"product_cat":[18,46,26],"product_tag":[],"class_list":{"0":"post-2867","1":"product","2":"type-product","3":"status-publish","4":"has-post-thumbnail","6":"product_cat-home-decor","7":"product_cat-wholesale-ceramic-candle-holders","8":"product_cat-home-accessories","10":"first","11":"instock","12":"shipping-taxable","13":"product-type-simple"},"acf":[],"_links":{"self":[{"href":"https:\/\/www.santai-ceramics.com\/es\/wp-json\/wp\/v2\/product\/2867","targetHints":{"allow":["GET"]}}],"collection":[{"href":"https:\/\/www.santai-ceramics.com\/es\/wp-json\/wp\/v2\/product"}],"about":[{"href":"https:\/\/www.santai-ceramics.com\/es\/wp-json\/wp\/v2\/types\/product"}],"replies":[{"embeddable":true,"href":"https:\/\/www.santai-ceramics.com\/es\/wp-json\/wp\/v2\/comments?post=2867"}],"wp:featuredmedia":[{"embeddable":true,"href":"https:\/\/www.santai-ceramics.com\/es\/wp-json\/wp\/v2\/media\/2871"}],"wp:attachment":[{"href":"https:\/\/www.santai-ceramics.com\/es\/wp-json\/wp\/v2\/media?parent=2867"}],"wp:term":[{"taxonomy":"product_brand","embeddable":true,"href":"https:\/\/www.santai-ceramics.com\/es\/wp-json\/wp\/v2\/product_brand?post=2867"},{"taxonomy":"product_cat","embeddable":true,"href":"https:\/\/www.santai-ceramics.com\/es\/wp-json\/wp\/v2\/product_cat?post=2867"},{"taxonomy":"product_tag","embeddable":true,"href":"https:\/\/www.santai-ceramics.com\/es\/wp-json\/wp\/v2\/product_tag?post=2867"}],"curies":[{"name":"wp","href":"https:\/\/api.w.org\/{rel}","templated":true}]}}