{"id":2964,"date":"2025-06-15T03:25:06","date_gmt":"2025-06-15T03:25:06","guid":{"rendered":"https:\/\/www.santai-ceramics.com\/?post_type=product&#038;p=2964"},"modified":"2025-08-11T09:57:34","modified_gmt":"2025-08-11T09:57:34","slug":"wholesale-tall-celadon-ceramic-vases","status":"publish","type":"product","link":"https:\/\/www.santai-ceramics.com\/es\/product\/wholesale-tall-celadon-ceramic-vases\/","title":{"rendered":"Mayorista Jarrones Altos de Cer\u00e1mica al por mayor - Jarrones Altos de Cer\u00e1mica Celadon"},"content":{"rendered":"<h3 class=\"wp-block-heading\">Features of\u00a0Tall Celadon Ceramic Vases<\/h3>\n\n\n\n<ul class=\"wp-block-list\">\n<li><strong>Elegant, Slender Shape: <\/strong>This set of vases has a delicate, slender shape, with a slender neck and slightly flared mouth, featuring smooth, elegant curves.<\/li>\n\n\n\n<li><strong>Celadon Crackle Glaze:<\/strong> These delicate &#8220;ice crackle&#8221; textures subtly change over time, creating a unique &#8220;sun pattern&#8221; pattern. The green hue appears darker or lighter in different light.<\/li>\n\n\n\n<li><strong>Designed for Slender Floral Stems:<\/strong> With its tall, narrow neck, this vase is perfect for inserting long-stemmed flowers, allowing each stem to stand gracefully.<\/li>\n\n\n\n<li><strong>Wholesale Ceramic Vase Service: <\/strong>We offer flexible bulk vase ordering services and exportable packaging solutions, perfect for interior design projects, home decor retailers and floral suppliers.<\/li>\n<\/ul>\n\n\n\n<h3 class=\"wp-block-heading\">Servicio de floreros de cer\u00e1mica personalizados<\/h3>\n\n\n\n<p>Ofrecemos servicios OEM y ODM para nuestros productos.<br>Entrega r\u00e1pida de muestras.<br>Ofrecemos una gran variedad de formas, colores, impresi\u00f3n personalizada, embalaje y otros servicios a medida para satisfacer sus necesidades espec\u00edficas.<br><a href=\"https:\/\/www.santai-ceramics.com\/es\/custom\/\" data-type=\"page\" data-id=\"13\" target=\"_blank\" rel=\"noreferrer noopener\"><strong>M\u00e1s informaci\u00f3n sobre los detalles de los jarrones de cer\u00e1mica personalizados.<\/strong><\/a><\/p>\n\n\n\n<div class=\"wp-block-columns is-layout-flex wp-container-core-columns-is-layout-9d6595d7 wp-block-columns-is-layout-flex\">\n<div class=\"wp-block-column is-layout-flow wp-block-column-is-layout-flow\">\n<figure class=\"wp-block-image size-full\"><img decoding=\"async\" width=\"1600\" height=\"1333\" src=\"https:\/\/www.santai-ceramics.com\/wp-content\/uploads\/2025\/06\/wholesale-tall-celadon-ceramic-vases-4.webp\" alt=\"wholesale tall celadon ceramic vases (4)\" class=\"wp-image-3023\" srcset=\"https:\/\/www.santai-ceramics.com\/wp-content\/uploads\/2025\/06\/wholesale-tall-celadon-ceramic-vases-4.webp 1600w, https:\/\/www.santai-ceramics.com\/wp-content\/uploads\/2025\/06\/wholesale-tall-celadon-ceramic-vases-4-300x250.webp 300w, https:\/\/www.santai-ceramics.com\/wp-content\/uploads\/2025\/06\/wholesale-tall-celadon-ceramic-vases-4-768x640.webp 768w, https:\/\/www.santai-ceramics.com\/wp-content\/uploads\/2025\/06\/wholesale-tall-celadon-ceramic-vases-4-14x12.webp 14w, https:\/\/www.santai-ceramics.com\/wp-content\/uploads\/2025\/06\/wholesale-tall-celadon-ceramic-vases-4-1200x1000.webp 1200w, https:\/\/www.santai-ceramics.com\/wp-content\/uploads\/2025\/06\/wholesale-tall-celadon-ceramic-vases-4-600x500.webp 600w\" sizes=\"(max-width: 1600px) 100vw, 1600px\" \/><\/figure>\n<\/div>\n\n\n\n<div class=\"wp-block-column is-layout-flow wp-block-column-is-layout-flow\">\n<figure class=\"wp-block-image size-full\"><img decoding=\"async\" width=\"1600\" height=\"1333\" src=\"https:\/\/www.santai-ceramics.com\/wp-content\/uploads\/2025\/06\/wholesale-tall-celadon-ceramic-vases-5.webp\" alt=\"wholesale tall celadon ceramic vases (5)\" class=\"wp-image-3024\" srcset=\"https:\/\/www.santai-ceramics.com\/wp-content\/uploads\/2025\/06\/wholesale-tall-celadon-ceramic-vases-5.webp 1600w, https:\/\/www.santai-ceramics.com\/wp-content\/uploads\/2025\/06\/wholesale-tall-celadon-ceramic-vases-5-300x250.webp 300w, https:\/\/www.santai-ceramics.com\/wp-content\/uploads\/2025\/06\/wholesale-tall-celadon-ceramic-vases-5-768x640.webp 768w, https:\/\/www.santai-ceramics.com\/wp-content\/uploads\/2025\/06\/wholesale-tall-celadon-ceramic-vases-5-14x12.webp 14w, https:\/\/www.santai-ceramics.com\/wp-content\/uploads\/2025\/06\/wholesale-tall-celadon-ceramic-vases-5-1200x1000.webp 1200w, https:\/\/www.santai-ceramics.com\/wp-content\/uploads\/2025\/06\/wholesale-tall-celadon-ceramic-vases-5-600x500.webp 600w\" sizes=\"(max-width: 1600px) 100vw, 1600px\" \/><\/figure>\n<\/div>\n<\/div>","protected":false},"excerpt":{"rendered":"<p data-pm-slice=\"0 0 []\">Wholesale tall ceramic vases. The tall celadon ceramic vases are beautifully proportioned and taper to a trumpet-shaped neck, complementing slender flower stems and minimalist interiors. Suitable for home decor retailers, gift retailers, and bulk purchases. Contact us for a quote.<\/p>\n<h2>Specification of Tall Ceramic Vases<\/h2>\n<table width=\"855\">\n<tbody>\n<tr>\n<td width=\"285\">N\u00famero de modelo<\/td>\n<td width=\"285\">A37694-LE25-A01<\/td>\n<td width=\"285\">A37694-LE25-A02<\/td>\n<\/tr>\n<tr>\n<td>Nombre del producto<\/td>\n<td>Maceta de cer\u00e1mica<\/td>\n<td>Maceta de cer\u00e1mica<\/td>\n<\/tr>\n<tr>\n<td>Color<\/td>\n<td>Azul<\/td>\n<td>Azul<\/td>\n<\/tr>\n<tr>\n<td>Material<\/td>\n<td>Cer\u00e1mica\u00a0<\/td>\n<td>Cer\u00e1mica\u00a0<\/td>\n<\/tr>\n<tr>\n<td>Escenarios de uso<\/td>\n<td>decoraci\u00f3n del hogar<\/td>\n<td>decoraci\u00f3n del hogar<\/td>\n<\/tr>\n<tr>\n<td>Dimensiones<\/td>\n<td>D:16X42.5cm<\/td>\n<td>D:13.5X37cm<\/td>\n<\/tr>\n<tr>\n<td>Peso<\/td>\n<td>2,2 kg\/unidad<\/td>\n<td>1,7 kg\/unidad<\/td>\n<\/tr>\n<\/tbody>\n<\/table>","protected":false},"featured_media":3020,"comment_status":"closed","ping_status":"closed","template":"","meta":{"_acf_changed":false},"product_brand":[],"product_cat":[18,22],"product_tag":[],"class_list":{"0":"post-2964","1":"product","2":"type-product","3":"status-publish","4":"has-post-thumbnail","6":"product_cat-home-decor","7":"product_cat-vase","9":"first","10":"instock","11":"shipping-taxable","12":"product-type-simple"},"acf":[],"_links":{"self":[{"href":"https:\/\/www.santai-ceramics.com\/es\/wp-json\/wp\/v2\/product\/2964","targetHints":{"allow":["GET"]}}],"collection":[{"href":"https:\/\/www.santai-ceramics.com\/es\/wp-json\/wp\/v2\/product"}],"about":[{"href":"https:\/\/www.santai-ceramics.com\/es\/wp-json\/wp\/v2\/types\/product"}],"replies":[{"embeddable":true,"href":"https:\/\/www.santai-ceramics.com\/es\/wp-json\/wp\/v2\/comments?post=2964"}],"wp:featuredmedia":[{"embeddable":true,"href":"https:\/\/www.santai-ceramics.com\/es\/wp-json\/wp\/v2\/media\/3020"}],"wp:attachment":[{"href":"https:\/\/www.santai-ceramics.com\/es\/wp-json\/wp\/v2\/media?parent=2964"}],"wp:term":[{"taxonomy":"product_brand","embeddable":true,"href":"https:\/\/www.santai-ceramics.com\/es\/wp-json\/wp\/v2\/product_brand?post=2964"},{"taxonomy":"product_cat","embeddable":true,"href":"https:\/\/www.santai-ceramics.com\/es\/wp-json\/wp\/v2\/product_cat?post=2964"},{"taxonomy":"product_tag","embeddable":true,"href":"https:\/\/www.santai-ceramics.com\/es\/wp-json\/wp\/v2\/product_tag?post=2964"}],"curies":[{"name":"wp","href":"https:\/\/api.w.org\/{rel}","templated":true}]}}