{"id":2965,"date":"2025-06-15T15:12:00","date_gmt":"2025-06-15T15:12:00","guid":{"rendered":"https:\/\/www.santai-ceramics.com\/?post_type=product&#038;p=2965"},"modified":"2025-07-01T15:14:38","modified_gmt":"2025-07-01T15:14:38","slug":"wholesale-double-handled-celadon-vases","status":"publish","type":"product","link":"https:\/\/www.santai-ceramics.com\/es\/product\/wholesale-double-handled-celadon-vases\/","title":{"rendered":"Mayorista Jarrones de Ceramica al por mayor - Jarrones Celadon de dos asas"},"content":{"rendered":"<h3 class=\"wp-block-heading\">Features of\u00a0Double-Handled Celadon Vases<\/h3>\n\n\n\n<ul class=\"wp-block-list\">\n<li><strong>Classic Double-Handled Form:<\/strong> Inspired by ancient Chinese bronzes and Song Dynasty celadon, this vase features a slightly outward-facing mouth and symmetrical curved handles.<\/li>\n\n\n\n<li><strong>Flower Texture: <\/strong>The vase features layers of floral, leaf and berry patterns, which are expressive overall.<\/li>\n\n\n\n<li><strong>Multi-Scene Compatibility: <\/strong>This series of vases is suitable for decoration in a variety of scenes, such as oriental-style teahouses and Western-style restaurants.<\/li>\n<\/ul>\n\n\n\n<h3 class=\"wp-block-heading\">Servicio de floreros de cer\u00e1mica personalizados<\/h3>\n\n\n\n<p>Ofrecemos servicios OEM y ODM para nuestros productos.<br>Entrega r\u00e1pida de muestras.<br>Ofrecemos una gran variedad de formas, colores, impresi\u00f3n personalizada, embalaje y otros servicios a medida para satisfacer sus necesidades espec\u00edficas.<br><a href=\"https:\/\/www.santai-ceramics.com\/es\/custom\/\" data-type=\"page\" data-id=\"13\" target=\"_blank\" rel=\"noreferrer noopener\"><strong>M\u00e1s informaci\u00f3n sobre los detalles de los jarrones de cer\u00e1mica personalizados.<\/strong><\/a><\/p>\n\n\n\n<div class=\"wp-block-columns is-layout-flex wp-container-core-columns-is-layout-9d6595d7 wp-block-columns-is-layout-flex\">\n<div class=\"wp-block-column is-layout-flow wp-block-column-is-layout-flow\">\n<figure class=\"wp-block-image size-full\"><img decoding=\"async\" width=\"1600\" height=\"1333\" src=\"https:\/\/www.santai-ceramics.com\/wp-content\/uploads\/2025\/06\/wholesale-double-handled-celadon-vases-4.webp\" alt=\"wholesale double-handled celadon vases (4)\" class=\"wp-image-2981\" srcset=\"https:\/\/www.santai-ceramics.com\/wp-content\/uploads\/2025\/06\/wholesale-double-handled-celadon-vases-4.webp 1600w, https:\/\/www.santai-ceramics.com\/wp-content\/uploads\/2025\/06\/wholesale-double-handled-celadon-vases-4-300x250.webp 300w, https:\/\/www.santai-ceramics.com\/wp-content\/uploads\/2025\/06\/wholesale-double-handled-celadon-vases-4-768x640.webp 768w, https:\/\/www.santai-ceramics.com\/wp-content\/uploads\/2025\/06\/wholesale-double-handled-celadon-vases-4-14x12.webp 14w, https:\/\/www.santai-ceramics.com\/wp-content\/uploads\/2025\/06\/wholesale-double-handled-celadon-vases-4-1200x1000.webp 1200w, https:\/\/www.santai-ceramics.com\/wp-content\/uploads\/2025\/06\/wholesale-double-handled-celadon-vases-4-600x500.webp 600w\" sizes=\"(max-width: 1600px) 100vw, 1600px\" \/><\/figure>\n<\/div>\n\n\n\n<div class=\"wp-block-column is-layout-flow wp-block-column-is-layout-flow\">\n<figure class=\"wp-block-image size-full\"><img decoding=\"async\" width=\"1600\" height=\"1333\" src=\"https:\/\/www.santai-ceramics.com\/wp-content\/uploads\/2025\/06\/wholesale-double-handled-celadon-vases-5.webp\" alt=\"wholesale double-handled celadon vases (5)\" class=\"wp-image-2982\" srcset=\"https:\/\/www.santai-ceramics.com\/wp-content\/uploads\/2025\/06\/wholesale-double-handled-celadon-vases-5.webp 1600w, https:\/\/www.santai-ceramics.com\/wp-content\/uploads\/2025\/06\/wholesale-double-handled-celadon-vases-5-300x250.webp 300w, https:\/\/www.santai-ceramics.com\/wp-content\/uploads\/2025\/06\/wholesale-double-handled-celadon-vases-5-768x640.webp 768w, https:\/\/www.santai-ceramics.com\/wp-content\/uploads\/2025\/06\/wholesale-double-handled-celadon-vases-5-14x12.webp 14w, https:\/\/www.santai-ceramics.com\/wp-content\/uploads\/2025\/06\/wholesale-double-handled-celadon-vases-5-1200x1000.webp 1200w, https:\/\/www.santai-ceramics.com\/wp-content\/uploads\/2025\/06\/wholesale-double-handled-celadon-vases-5-600x500.webp 600w\" sizes=\"(max-width: 1600px) 100vw, 1600px\" \/><\/figure>\n<\/div>\n<\/div>","protected":false},"excerpt":{"rendered":"<p data-pm-slice=\"0 0 []\">Inspirados en los antiguos bronces chinos y en el celad\u00f3n de la dinast\u00eda Song, nuestros jarrones de doble asa al por mayor presentan asas dobles hechas a mano, decoradas con delicados motivos florales y el caracter\u00edstico esmalte craquelado. Este jarr\u00f3n tiene un gran valor est\u00e9tico y es adecuado para exponerlo en diversos entornos. Los compradores B2B pueden ponerse en contacto con nosotros para solicitar presupuestos.<\/p>\n<h2>Especificaciones de los jarrones de celad\u00f3n de dos asas<\/h2>\n<table width=\"855\">\n<tbody>\n<tr>\n<td width=\"285\">N\u00famero de modelo<\/td>\n<td width=\"285\">A35373-LE25-A01<\/td>\n<td width=\"285\">A35373-LE25-A02<\/td>\n<\/tr>\n<tr>\n<td>Nombre del producto<\/td>\n<td>Jarr\u00f3n de cer\u00e1mica<\/td>\n<td>Jarr\u00f3n de cer\u00e1mica<\/td>\n<\/tr>\n<tr>\n<td>Color<\/td>\n<td>Azul<\/td>\n<td>Azul<\/td>\n<\/tr>\n<tr>\n<td>Material<\/td>\n<td>Cer\u00e1mica\u00a0<\/td>\n<td>Cer\u00e1mica\u00a0<\/td>\n<\/tr>\n<tr>\n<td>Escenarios de uso<\/td>\n<td>decoraci\u00f3n del hogar<\/td>\n<td>decoraci\u00f3n del hogar<\/td>\n<\/tr>\n<tr>\n<td>Dimensiones<\/td>\n<td>19,5X18,5X29cm<\/td>\n<td>16,5X15,5X24cm<\/td>\n<\/tr>\n<tr>\n<td>Peso<\/td>\n<td>1,7 kg\/unidad<\/td>\n<td>1,2 kg\/unidad<\/td>\n<\/tr>\n<\/tbody>\n<\/table>","protected":false},"featured_media":2978,"comment_status":"closed","ping_status":"closed","template":"","meta":{"_acf_changed":false},"product_brand":[],"product_cat":[18,22],"product_tag":[],"class_list":{"0":"post-2965","1":"product","2":"type-product","3":"status-publish","4":"has-post-thumbnail","6":"product_cat-home-decor","7":"product_cat-vase","9":"first","10":"instock","11":"shipping-taxable","12":"product-type-simple"},"acf":[],"_links":{"self":[{"href":"https:\/\/www.santai-ceramics.com\/es\/wp-json\/wp\/v2\/product\/2965","targetHints":{"allow":["GET"]}}],"collection":[{"href":"https:\/\/www.santai-ceramics.com\/es\/wp-json\/wp\/v2\/product"}],"about":[{"href":"https:\/\/www.santai-ceramics.com\/es\/wp-json\/wp\/v2\/types\/product"}],"replies":[{"embeddable":true,"href":"https:\/\/www.santai-ceramics.com\/es\/wp-json\/wp\/v2\/comments?post=2965"}],"wp:featuredmedia":[{"embeddable":true,"href":"https:\/\/www.santai-ceramics.com\/es\/wp-json\/wp\/v2\/media\/2978"}],"wp:attachment":[{"href":"https:\/\/www.santai-ceramics.com\/es\/wp-json\/wp\/v2\/media?parent=2965"}],"wp:term":[{"taxonomy":"product_brand","embeddable":true,"href":"https:\/\/www.santai-ceramics.com\/es\/wp-json\/wp\/v2\/product_brand?post=2965"},{"taxonomy":"product_cat","embeddable":true,"href":"https:\/\/www.santai-ceramics.com\/es\/wp-json\/wp\/v2\/product_cat?post=2965"},{"taxonomy":"product_tag","embeddable":true,"href":"https:\/\/www.santai-ceramics.com\/es\/wp-json\/wp\/v2\/product_tag?post=2965"}],"curies":[{"name":"wp","href":"https:\/\/api.w.org\/{rel}","templated":true}]}}