{"id":3085,"date":"2025-07-22T15:02:30","date_gmt":"2025-07-22T15:02:30","guid":{"rendered":"https:\/\/www.santai-ceramics.com\/?post_type=product&#038;p=3085"},"modified":"2025-07-22T15:14:16","modified_gmt":"2025-07-22T15:14:16","slug":"wholesale-cracked-glaze-ceramic-vases-with-dual-handles","status":"publish","type":"product","link":"https:\/\/www.santai-ceramics.com\/es\/product\/wholesale-cracked-glaze-ceramic-vases-with-dual-handles\/","title":{"rendered":"Mayorista Jarr\u00f3n de Cer\u00e1mica con Asas Dobles - Cracked Glaze Ceramic Vases"},"content":{"rendered":"<h3 class=\"wp-block-heading\">Caracter\u00edsticas de los jarrones de cer\u00e1mica con dos asas<\/h3>\n\n\n\n<ul class=\"wp-block-list\">\n<li><strong>Dise\u00f1o de doble asa:<\/strong> El dise\u00f1o de doble asa hace que el jarr\u00f3n no s\u00f3lo sea pr\u00e1ctico, sino tambi\u00e9n bonito. Es f\u00e1cil de mover y colocar, y adem\u00e1s confiere al jarr\u00f3n una forma m\u00e1s singular.<br><\/li>\n\n\n\n<li><strong>Material cer\u00e1mico de alta calidad: <\/strong>Los jarrones de cer\u00e1mica al por mayor est\u00e1n hechos de cer\u00e1mica de alta calidad, lo que garantiza la robustez y durabilidad del jarr\u00f3n y puede soportar el desgaste del uso diario. <br>El proceso de cocci\u00f3n a alta temperatura garantiza la singularidad y estabilidad del efecto de esmalte craquelado.<br><\/li>\n\n\n\n<li><strong>Ventajas de la compra a granel:<\/strong> Como proveedor de jarrones de cer\u00e1mica al por mayor, ofrecemos servicios flexibles de personalizaci\u00f3n al por mayor, adecuados para tiendas de decoraci\u00f3n del hogar, boutiques de regalos y otras necesidades de compra al por mayor.<\/li>\n<\/ul>\n\n\n\n<h3 class=\"wp-block-heading\">Servicio de jarrones de cer\u00e1mica personalizados<\/h3>\n\n\n\n<p>Ofrecemos servicios OEM y ODM para nuestros productos.<br>Entrega r\u00e1pida de muestras.<br>Ofrecemos una gran variedad de formas, colores, impresi\u00f3n personalizada, embalaje y otros servicios a medida para satisfacer sus necesidades espec\u00edficas.<br><a href=\"https:\/\/www.santai-ceramics.com\/es\/custom\/\" data-type=\"page\" data-id=\"13\" target=\"_blank\" rel=\"noreferrer noopener\"><strong>M\u00e1s informaci\u00f3n sobre detalles de jarrones de cer\u00e1mica personalizados.<\/strong><\/a><\/p>\n\n\n\n<div class=\"wp-block-columns is-layout-flex wp-container-core-columns-is-layout-9d6595d7 wp-block-columns-is-layout-flex\">\n<div class=\"wp-block-column is-layout-flow wp-block-column-is-layout-flow\">\n<figure class=\"wp-block-image size-full\"><img decoding=\"async\" width=\"2960\" height=\"2467\" src=\"https:\/\/www.santai-ceramics.com\/wp-content\/uploads\/2025\/07\/Wholesale-Ceramic-Vase-with-Dual-Handles.webp\" alt=\"\" class=\"wp-image-3189\" srcset=\"https:\/\/www.santai-ceramics.com\/wp-content\/uploads\/2025\/07\/Wholesale-Ceramic-Vase-with-Dual-Handles.webp 2960w, https:\/\/www.santai-ceramics.com\/wp-content\/uploads\/2025\/07\/Wholesale-Ceramic-Vase-with-Dual-Handles-300x250.webp 300w, https:\/\/www.santai-ceramics.com\/wp-content\/uploads\/2025\/07\/Wholesale-Ceramic-Vase-with-Dual-Handles-768x640.webp 768w, https:\/\/www.santai-ceramics.com\/wp-content\/uploads\/2025\/07\/Wholesale-Ceramic-Vase-with-Dual-Handles-14x12.webp 14w, https:\/\/www.santai-ceramics.com\/wp-content\/uploads\/2025\/07\/Wholesale-Ceramic-Vase-with-Dual-Handles-1200x1000.webp 1200w, https:\/\/www.santai-ceramics.com\/wp-content\/uploads\/2025\/07\/Wholesale-Ceramic-Vase-with-Dual-Handles-600x500.webp 600w\" sizes=\"(max-width: 2960px) 100vw, 2960px\" \/><\/figure>\n<\/div>\n\n\n\n<div class=\"wp-block-column is-layout-flow wp-block-column-is-layout-flow\">\n<figure class=\"wp-block-image size-full\"><img decoding=\"async\" width=\"2874\" height=\"2396\" src=\"https:\/\/www.santai-ceramics.com\/wp-content\/uploads\/2025\/07\/Wholesale-Ceramic-Vase-with-Dual-Handles-4.webp\" alt=\"\" class=\"wp-image-3185\" srcset=\"https:\/\/www.santai-ceramics.com\/wp-content\/uploads\/2025\/07\/Wholesale-Ceramic-Vase-with-Dual-Handles-4.webp 2874w, https:\/\/www.santai-ceramics.com\/wp-content\/uploads\/2025\/07\/Wholesale-Ceramic-Vase-with-Dual-Handles-4-300x250.webp 300w, https:\/\/www.santai-ceramics.com\/wp-content\/uploads\/2025\/07\/Wholesale-Ceramic-Vase-with-Dual-Handles-4-768x640.webp 768w, https:\/\/www.santai-ceramics.com\/wp-content\/uploads\/2025\/07\/Wholesale-Ceramic-Vase-with-Dual-Handles-4-14x12.webp 14w, https:\/\/www.santai-ceramics.com\/wp-content\/uploads\/2025\/07\/Wholesale-Ceramic-Vase-with-Dual-Handles-4-1200x1000.webp 1200w, https:\/\/www.santai-ceramics.com\/wp-content\/uploads\/2025\/07\/Wholesale-Ceramic-Vase-with-Dual-Handles-4-600x500.webp 600w\" sizes=\"(max-width: 2874px) 100vw, 2874px\" \/><\/figure>\n<\/div>\n<\/div>","protected":false},"excerpt":{"rendered":"<p data-pm-slice=\"0 0 []\">Jarrones de cer\u00e1mica al por mayor. Con su impresionante esmalte craquelado y su dise\u00f1o sencillo, este jarr\u00f3n de cer\u00e1mica con dos asas combinar\u00e1 a la perfecci\u00f3n tanto en interiores modernos como tradicionales. Adecuado para decoraci\u00f3n del hogar y tiendas de regalos al por mayor. MOQ: 150 piezas, contacte con nosotros para un presupuesto.<\/p>\n<h2>Especificaciones de los jarrones de cer\u00e1mica con dos asas<\/h2>\n<table width=\"1140\">\n<tbody>\n<tr>\n<td width=\"285\">N\u00famero de modelo<\/td>\n<td width=\"285\">A37826-LE37-A01<\/td>\n<td width=\"285\">A37826-LE37-A02<\/td>\n<td width=\"285\">A37826-LE37-A03<\/td>\n<\/tr>\n<tr>\n<td>Nombre del producto<\/td>\n<td>Jarr\u00f3n de cer\u00e1mica con orejas<\/td>\n<td>Jarr\u00f3n de cer\u00e1mica con orejas<\/td>\n<td>Jarr\u00f3n de cer\u00e1mica con orejas<\/td>\n<\/tr>\n<tr>\n<td>Color<\/td>\n<td>Blanco<\/td>\n<td>Blanco<\/td>\n<td>Blanco<\/td>\n<\/tr>\n<tr>\n<td>Material<\/td>\n<td>Cer\u00e1mica\u00a0<\/td>\n<td>Cer\u00e1mica\u00a0<\/td>\n<td>Cer\u00e1mica\u00a0<\/td>\n<\/tr>\n<tr>\n<td>Escenarios de uso<\/td>\n<td>decoraci\u00f3n del hogar<\/td>\n<td>decoraci\u00f3n del hogar<\/td>\n<td>decoraci\u00f3n del hogar<\/td>\n<\/tr>\n<tr>\n<td>Dimensiones<\/td>\n<td>19X16X24cm<\/td>\n<td>15,5X12,5X18,5cm<\/td>\n<td>19X15.5X15cm<\/td>\n<\/tr>\n<tr>\n<td>Peso<\/td>\n<td>1,5 kg\/unidad<\/td>\n<td>0,9 kg\/unidad<\/td>\n<td>0,9 kg\/unidad<\/td>\n<\/tr>\n<\/tbody>\n<\/table>","protected":false},"featured_media":3183,"comment_status":"closed","ping_status":"closed","template":"","meta":{"_acf_changed":false},"product_brand":[],"product_cat":[18,22],"product_tag":[],"class_list":{"0":"post-3085","1":"product","2":"type-product","3":"status-publish","4":"has-post-thumbnail","6":"product_cat-home-decor","7":"product_cat-vase","9":"first","10":"instock","11":"shipping-taxable","12":"product-type-simple"},"acf":[],"_links":{"self":[{"href":"https:\/\/www.santai-ceramics.com\/es\/wp-json\/wp\/v2\/product\/3085","targetHints":{"allow":["GET"]}}],"collection":[{"href":"https:\/\/www.santai-ceramics.com\/es\/wp-json\/wp\/v2\/product"}],"about":[{"href":"https:\/\/www.santai-ceramics.com\/es\/wp-json\/wp\/v2\/types\/product"}],"replies":[{"embeddable":true,"href":"https:\/\/www.santai-ceramics.com\/es\/wp-json\/wp\/v2\/comments?post=3085"}],"wp:featuredmedia":[{"embeddable":true,"href":"https:\/\/www.santai-ceramics.com\/es\/wp-json\/wp\/v2\/media\/3183"}],"wp:attachment":[{"href":"https:\/\/www.santai-ceramics.com\/es\/wp-json\/wp\/v2\/media?parent=3085"}],"wp:term":[{"taxonomy":"product_brand","embeddable":true,"href":"https:\/\/www.santai-ceramics.com\/es\/wp-json\/wp\/v2\/product_brand?post=3085"},{"taxonomy":"product_cat","embeddable":true,"href":"https:\/\/www.santai-ceramics.com\/es\/wp-json\/wp\/v2\/product_cat?post=3085"},{"taxonomy":"product_tag","embeddable":true,"href":"https:\/\/www.santai-ceramics.com\/es\/wp-json\/wp\/v2\/product_tag?post=3085"}],"curies":[{"name":"wp","href":"https:\/\/api.w.org\/{rel}","templated":true}]}}