{"id":3087,"date":"2025-07-22T15:06:30","date_gmt":"2025-07-22T15:06:30","guid":{"rendered":"https:\/\/www.santai-ceramics.com\/?post_type=product&#038;p=3087"},"modified":"2025-07-22T15:12:03","modified_gmt":"2025-07-22T15:12:03","slug":"wholesale-flower-vases-with-cracked-glaze","status":"publish","type":"product","link":"https:\/\/www.santai-ceramics.com\/es\/product\/wholesale-flower-vases-with-cracked-glaze\/","title":{"rendered":"Mayorista Floreros con Esmalte Agrietado - Dise\u00f1o de Boca Ancha y Cuerpo Bajo"},"content":{"rendered":"<h3 class=\"wp-block-heading\">Caracter\u00edsticas de los floreros con esmalte agrietado<\/h3>\n\n\n\n<ul class=\"wp-block-list\">\n<li><strong>Esmalte agrietado y terracota vista<\/strong>: El esmalte blanco puro est\u00e1 adornado con intrincadas grietas como el hielo que cambian en profundidad y sombra, creando un efecto din\u00e1mico y tridimensional. La terracota expuesta alrededor de la boca, la base y las zonas donde el esmalte se ha desgastado resalta la artesan\u00eda hecha a mano y la textura terrosa.<\/li>\n\n\n\n<li><strong>Est\u00e9tica Wabi-Sabi<\/strong>: El dise\u00f1o se adhiere a los principios de Wabi-Sabi, haciendo hincapi\u00e9 en el minimalismo con s\u00f3lo dos colores -esmalte blanco y marr\u00f3n terracota- para crear un aspecto refinado.<\/li>\n<\/ul>\n\n\n\n<h3 class=\"wp-block-heading\">Servicio de jarrones de cer\u00e1mica personalizados<\/h3>\n\n\n\n<p>Ofrecemos servicios OEM y ODM para nuestros productos.<br>Entrega r\u00e1pida de muestras.<br>Ofrecemos una gran variedad de formas, colores, impresi\u00f3n personalizada, embalaje y otros servicios a medida para satisfacer sus necesidades espec\u00edficas.<br><a href=\"https:\/\/www.santai-ceramics.com\/es\/custom\/\" data-type=\"page\" data-id=\"13\" target=\"_blank\" rel=\"noreferrer noopener\"><strong>M\u00e1s informaci\u00f3n sobre detalles de jarrones de cer\u00e1mica personalizados.<\/strong><\/a><\/p>\n\n\n\n<div class=\"wp-block-columns is-layout-flex wp-container-core-columns-is-layout-9d6595d7 wp-block-columns-is-layout-flex\">\n<div class=\"wp-block-column is-layout-flow wp-block-column-is-layout-flow\">\n<figure class=\"wp-block-image size-full\"><img decoding=\"async\" width=\"1448\" height=\"1448\" src=\"https:\/\/www.santai-ceramics.com\/wp-content\/uploads\/2025\/07\/Wholesale-Cracked-Glaze-Ceramic-Pot-Planter-Set-3.webp\" alt=\"\" class=\"wp-image-3137\" srcset=\"https:\/\/www.santai-ceramics.com\/wp-content\/uploads\/2025\/07\/Wholesale-Cracked-Glaze-Ceramic-Pot-Planter-Set-3.webp 1448w, https:\/\/www.santai-ceramics.com\/wp-content\/uploads\/2025\/07\/Wholesale-Cracked-Glaze-Ceramic-Pot-Planter-Set-3-300x300.webp 300w, https:\/\/www.santai-ceramics.com\/wp-content\/uploads\/2025\/07\/Wholesale-Cracked-Glaze-Ceramic-Pot-Planter-Set-3-150x150.webp 150w, https:\/\/www.santai-ceramics.com\/wp-content\/uploads\/2025\/07\/Wholesale-Cracked-Glaze-Ceramic-Pot-Planter-Set-3-768x768.webp 768w, https:\/\/www.santai-ceramics.com\/wp-content\/uploads\/2025\/07\/Wholesale-Cracked-Glaze-Ceramic-Pot-Planter-Set-3-12x12.webp 12w, https:\/\/www.santai-ceramics.com\/wp-content\/uploads\/2025\/07\/Wholesale-Cracked-Glaze-Ceramic-Pot-Planter-Set-3-1200x1200.webp 1200w, https:\/\/www.santai-ceramics.com\/wp-content\/uploads\/2025\/07\/Wholesale-Cracked-Glaze-Ceramic-Pot-Planter-Set-3-600x600.webp 600w, https:\/\/www.santai-ceramics.com\/wp-content\/uploads\/2025\/07\/Wholesale-Cracked-Glaze-Ceramic-Pot-Planter-Set-3-100x100.webp 100w\" sizes=\"(max-width: 1448px) 100vw, 1448px\" \/><\/figure>\n<\/div>\n\n\n\n<div class=\"wp-block-column is-layout-flow wp-block-column-is-layout-flow\">\n<figure class=\"wp-block-image size-full\"><img decoding=\"async\" width=\"2383\" height=\"2383\" src=\"https:\/\/www.santai-ceramics.com\/wp-content\/uploads\/2025\/07\/Wholesale-Cracked-Glaze-Ceramic-Pot-Planter-Set-5.webp\" alt=\"\" class=\"wp-image-3139\" srcset=\"https:\/\/www.santai-ceramics.com\/wp-content\/uploads\/2025\/07\/Wholesale-Cracked-Glaze-Ceramic-Pot-Planter-Set-5.webp 2383w, https:\/\/www.santai-ceramics.com\/wp-content\/uploads\/2025\/07\/Wholesale-Cracked-Glaze-Ceramic-Pot-Planter-Set-5-300x300.webp 300w, https:\/\/www.santai-ceramics.com\/wp-content\/uploads\/2025\/07\/Wholesale-Cracked-Glaze-Ceramic-Pot-Planter-Set-5-150x150.webp 150w, https:\/\/www.santai-ceramics.com\/wp-content\/uploads\/2025\/07\/Wholesale-Cracked-Glaze-Ceramic-Pot-Planter-Set-5-768x768.webp 768w, https:\/\/www.santai-ceramics.com\/wp-content\/uploads\/2025\/07\/Wholesale-Cracked-Glaze-Ceramic-Pot-Planter-Set-5-12x12.webp 12w, https:\/\/www.santai-ceramics.com\/wp-content\/uploads\/2025\/07\/Wholesale-Cracked-Glaze-Ceramic-Pot-Planter-Set-5-1200x1200.webp 1200w, https:\/\/www.santai-ceramics.com\/wp-content\/uploads\/2025\/07\/Wholesale-Cracked-Glaze-Ceramic-Pot-Planter-Set-5-600x600.webp 600w, https:\/\/www.santai-ceramics.com\/wp-content\/uploads\/2025\/07\/Wholesale-Cracked-Glaze-Ceramic-Pot-Planter-Set-5-100x100.webp 100w\" sizes=\"(max-width: 2383px) 100vw, 2383px\" \/><\/figure>\n<\/div>\n<\/div>","protected":false},"excerpt":{"rendered":"<p data-pm-slice=\"0 0 []\">Floreros de cer\u00e1mica al por mayor. Estos jarrones al por mayor tienen un acabado esmaltado craquelado y una boca ancha con un perfil bajo. La amplia abertura est\u00e1 dise\u00f1ada para acomodar una variedad de flores, desde flores llenas a tallos delgados, haciendo que estos jarrones sean flexibles para una variedad de exhibiciones florales. Cantidad m\u00ednima: 150 unidades. P\u00f3ngase en contacto con nosotros para obtener el mejor presupuesto del fabricante de jarrones de cer\u00e1mica SANTAI.<\/p>\n<h2>Especificaciones de los floreros\u00a0<\/h2>\n<table width=\"1140\">\n<tbody>\n<tr>\n<td width=\"285\">N\u00famero de modelo<\/td>\n<td width=\"285\">A37808-LE37-A01<\/td>\n<td width=\"285\">A37808-LE37-A02<\/td>\n<td width=\"285\">A37808-LE37-A03<\/td>\n<\/tr>\n<tr>\n<td>Nombre del producto<\/td>\n<td>Jarr\u00f3n de cer\u00e1mica<\/td>\n<td>Jarr\u00f3n de cer\u00e1mica<\/td>\n<td>Jarr\u00f3n de cer\u00e1mica<\/td>\n<\/tr>\n<tr>\n<td>Color<\/td>\n<td>Blanco<\/td>\n<td>Blanco<\/td>\n<td>Blanco<\/td>\n<\/tr>\n<tr>\n<td>Material<\/td>\n<td>Cer\u00e1mica\u00a0<\/td>\n<td>Cer\u00e1mica\u00a0<\/td>\n<td>Cer\u00e1mica\u00a0<\/td>\n<\/tr>\n<tr>\n<td>Escenarios de uso<\/td>\n<td>decoraci\u00f3n del hogar<\/td>\n<td>decoraci\u00f3n del hogar<\/td>\n<td>decoraci\u00f3n del hogar<\/td>\n<\/tr>\n<tr>\n<td>Dimensiones<\/td>\n<td>P:21,5X13,5cm<\/td>\n<td>P:17,5X11cm<\/td>\n<td>P:13,5X9,5cm<\/td>\n<\/tr>\n<tr>\n<td>Peso<\/td>\n<td>1,2 kg\/unidad<\/td>\n<td>0,8 kg\/unidad<\/td>\n<td>0,5 kg\/unidad<\/td>\n<\/tr>\n<\/tbody>\n<\/table>","protected":false},"featured_media":3181,"comment_status":"closed","ping_status":"closed","template":"","meta":{"_acf_changed":false},"product_brand":[],"product_cat":[18,22],"product_tag":[],"class_list":{"0":"post-3087","1":"product","2":"type-product","3":"status-publish","4":"has-post-thumbnail","6":"product_cat-home-decor","7":"product_cat-vase","9":"first","10":"instock","11":"shipping-taxable","12":"product-type-simple"},"acf":[],"_links":{"self":[{"href":"https:\/\/www.santai-ceramics.com\/es\/wp-json\/wp\/v2\/product\/3087","targetHints":{"allow":["GET"]}}],"collection":[{"href":"https:\/\/www.santai-ceramics.com\/es\/wp-json\/wp\/v2\/product"}],"about":[{"href":"https:\/\/www.santai-ceramics.com\/es\/wp-json\/wp\/v2\/types\/product"}],"replies":[{"embeddable":true,"href":"https:\/\/www.santai-ceramics.com\/es\/wp-json\/wp\/v2\/comments?post=3087"}],"wp:featuredmedia":[{"embeddable":true,"href":"https:\/\/www.santai-ceramics.com\/es\/wp-json\/wp\/v2\/media\/3181"}],"wp:attachment":[{"href":"https:\/\/www.santai-ceramics.com\/es\/wp-json\/wp\/v2\/media?parent=3087"}],"wp:term":[{"taxonomy":"product_brand","embeddable":true,"href":"https:\/\/www.santai-ceramics.com\/es\/wp-json\/wp\/v2\/product_brand?post=3087"},{"taxonomy":"product_cat","embeddable":true,"href":"https:\/\/www.santai-ceramics.com\/es\/wp-json\/wp\/v2\/product_cat?post=3087"},{"taxonomy":"product_tag","embeddable":true,"href":"https:\/\/www.santai-ceramics.com\/es\/wp-json\/wp\/v2\/product_tag?post=3087"}],"curies":[{"name":"wp","href":"https:\/\/api.w.org\/{rel}","templated":true}]}}