{"id":3088,"date":"2025-07-22T15:00:03","date_gmt":"2025-07-22T15:00:03","guid":{"rendered":"https:\/\/www.santai-ceramics.com\/?post_type=product&#038;p=3088"},"modified":"2025-07-22T15:00:06","modified_gmt":"2025-07-22T15:00:06","slug":"bulk-flower-vases-with-cracked-glaze","status":"publish","type":"product","link":"https:\/\/www.santai-ceramics.com\/es\/product\/bulk-flower-vases-with-cracked-glaze\/","title":{"rendered":"Bulk Flower Vases Wholesale - Jarrones de Cer\u00e1mica con Asas Dobles"},"content":{"rendered":"<h3 class=\"wp-block-heading\">Caracter\u00edsticas de los floreros con dos asas<\/h3>\n\n\n\n<ul class=\"wp-block-list\">\n<li><strong>Dise\u00f1o de doble asa: <\/strong>El exclusivo dise\u00f1o de doble asa no s\u00f3lo resulta pr\u00e1ctico y c\u00f3modo de mover y colocar, sino que tambi\u00e9n a\u00f1ade un valor est\u00e9tico adicional al jarr\u00f3n.<br><\/li>\n\n\n\n<li><strong>Adecuado para la compra al por mayor: <\/strong>Los jarrones de flores al por mayor se suministran directamente desde la f\u00e1brica SANTAI, adecuados para tiendas de decoraci\u00f3n del hogar, tiendas de regalos y otros minoristas para comprar al mejor precio.<br><\/li>\n\n\n\n<li><strong>Soporte OEM y ODM: <\/strong>Como fabricante profesional de jarrones de cer\u00e1mica, ofrecemos opciones personalizadas de tama\u00f1o y color de esmalte para satisfacer las necesidades de diferentes minoristas y clientes.<\/li>\n<\/ul>\n\n\n\n<h3 class=\"wp-block-heading\">Servicio de jarrones de cer\u00e1mica personalizados<\/h3>\n\n\n\n<p>Ofrecemos servicios OEM y ODM para nuestros productos.<br>Entrega r\u00e1pida de muestras.<br>Ofrecemos una gran variedad de formas, colores, impresi\u00f3n personalizada, embalaje y otros servicios a medida para satisfacer sus necesidades espec\u00edficas.<br><a href=\"https:\/\/www.santai-ceramics.com\/es\/custom\/\" data-type=\"page\" data-id=\"13\" target=\"_blank\" rel=\"noreferrer noopener\"><strong>M\u00e1s informaci\u00f3n sobre detalles de jarrones de cer\u00e1mica personalizados.<\/strong><\/a><\/p>\n\n\n\n<div class=\"wp-block-columns is-layout-flex wp-container-core-columns-is-layout-9d6595d7 wp-block-columns-is-layout-flex\">\n<div class=\"wp-block-column is-layout-flow wp-block-column-is-layout-flow\">\n<figure class=\"wp-block-image size-full\"><img decoding=\"async\" width=\"1690\" height=\"1690\" src=\"https:\/\/www.santai-ceramics.com\/wp-content\/uploads\/2025\/07\/Bulk-Flower-Vases-with-Cracked-Glaze-3.webp\" alt=\"\" class=\"wp-image-3173\" srcset=\"https:\/\/www.santai-ceramics.com\/wp-content\/uploads\/2025\/07\/Bulk-Flower-Vases-with-Cracked-Glaze-3.webp 1690w, https:\/\/www.santai-ceramics.com\/wp-content\/uploads\/2025\/07\/Bulk-Flower-Vases-with-Cracked-Glaze-3-300x300.webp 300w, https:\/\/www.santai-ceramics.com\/wp-content\/uploads\/2025\/07\/Bulk-Flower-Vases-with-Cracked-Glaze-3-150x150.webp 150w, https:\/\/www.santai-ceramics.com\/wp-content\/uploads\/2025\/07\/Bulk-Flower-Vases-with-Cracked-Glaze-3-768x768.webp 768w, https:\/\/www.santai-ceramics.com\/wp-content\/uploads\/2025\/07\/Bulk-Flower-Vases-with-Cracked-Glaze-3-12x12.webp 12w, https:\/\/www.santai-ceramics.com\/wp-content\/uploads\/2025\/07\/Bulk-Flower-Vases-with-Cracked-Glaze-3-1200x1200.webp 1200w, https:\/\/www.santai-ceramics.com\/wp-content\/uploads\/2025\/07\/Bulk-Flower-Vases-with-Cracked-Glaze-3-600x600.webp 600w, https:\/\/www.santai-ceramics.com\/wp-content\/uploads\/2025\/07\/Bulk-Flower-Vases-with-Cracked-Glaze-3-100x100.webp 100w\" sizes=\"(max-width: 1690px) 100vw, 1690px\" \/><\/figure>\n<\/div>\n\n\n\n<div class=\"wp-block-column is-layout-flow wp-block-column-is-layout-flow\">\n<figure class=\"wp-block-image size-full\"><img decoding=\"async\" width=\"2860\" height=\"2860\" src=\"https:\/\/www.santai-ceramics.com\/wp-content\/uploads\/2025\/07\/Bulk-Flower-Vases-with-Cracked-Glaze-5.webp\" alt=\"\" class=\"wp-image-3175\" srcset=\"https:\/\/www.santai-ceramics.com\/wp-content\/uploads\/2025\/07\/Bulk-Flower-Vases-with-Cracked-Glaze-5.webp 2860w, https:\/\/www.santai-ceramics.com\/wp-content\/uploads\/2025\/07\/Bulk-Flower-Vases-with-Cracked-Glaze-5-300x300.webp 300w, https:\/\/www.santai-ceramics.com\/wp-content\/uploads\/2025\/07\/Bulk-Flower-Vases-with-Cracked-Glaze-5-150x150.webp 150w, https:\/\/www.santai-ceramics.com\/wp-content\/uploads\/2025\/07\/Bulk-Flower-Vases-with-Cracked-Glaze-5-768x768.webp 768w, https:\/\/www.santai-ceramics.com\/wp-content\/uploads\/2025\/07\/Bulk-Flower-Vases-with-Cracked-Glaze-5-12x12.webp 12w, https:\/\/www.santai-ceramics.com\/wp-content\/uploads\/2025\/07\/Bulk-Flower-Vases-with-Cracked-Glaze-5-1200x1200.webp 1200w, https:\/\/www.santai-ceramics.com\/wp-content\/uploads\/2025\/07\/Bulk-Flower-Vases-with-Cracked-Glaze-5-600x600.webp 600w, https:\/\/www.santai-ceramics.com\/wp-content\/uploads\/2025\/07\/Bulk-Flower-Vases-with-Cracked-Glaze-5-100x100.webp 100w\" sizes=\"(max-width: 2860px) 100vw, 2860px\" \/><\/figure>\n<\/div>\n<\/div>","protected":false},"excerpt":{"rendered":"<p data-pm-slice=\"0 0 []\">Jarrones para flores al por mayor. Con su esmalte craquelado y sus asas dobles, estos jarrones al por mayor son la mezcla perfecta de estilo y practicidad, perfectos para arreglos florales y exposiciones individuales. Como fabricante de jarrones de cer\u00e1mica, ofrecemos jarrones al por mayor a precios de f\u00e1brica, perfectos para tiendas minoristas y compradores B2B. P\u00f3ngase en contacto con nosotros para solicitar un presupuesto.<\/p>\n<h2>Especificaciones de los floreros<\/h2>\n<table width=\"855\">\n<tbody>\n<tr>\n<td width=\"285\">N\u00famero de modelo<\/td>\n<td width=\"285\">A37825-LE37-A01<\/td>\n<td width=\"285\">A37825-LE37-A02<\/td>\n<\/tr>\n<tr>\n<td>Nombre del producto<\/td>\n<td>Jarr\u00f3n de cer\u00e1mica con orejas<\/td>\n<td>Jarr\u00f3n de cer\u00e1mica con orejas<\/td>\n<\/tr>\n<tr>\n<td>Color<\/td>\n<td>Blanco<\/td>\n<td>Blanco<\/td>\n<\/tr>\n<tr>\n<td>Material<\/td>\n<td>Cer\u00e1mica\u00a0<\/td>\n<td>Cer\u00e1mica\u00a0<\/td>\n<\/tr>\n<tr>\n<td>Escenarios de uso<\/td>\n<td>decoraci\u00f3n del hogar<\/td>\n<td>decoraci\u00f3n del hogar<\/td>\n<\/tr>\n<tr>\n<td>Dimensiones<\/td>\n<td>20,5X20X21cm<\/td>\n<td>15,5X15X16,5cm<\/td>\n<\/tr>\n<tr>\n<td>Peso<\/td>\n<td>1,6 kg\/unidad<\/td>\n<td>0,9 kg\/unidad<\/td>\n<\/tr>\n<\/tbody>\n<\/table>","protected":false},"featured_media":3172,"comment_status":"closed","ping_status":"closed","template":"","meta":{"_acf_changed":false},"product_brand":[],"product_cat":[18,22],"product_tag":[],"class_list":{"0":"post-3088","1":"product","2":"type-product","3":"status-publish","4":"has-post-thumbnail","6":"product_cat-home-decor","7":"product_cat-vase","9":"first","10":"instock","11":"shipping-taxable","12":"product-type-simple"},"acf":[],"_links":{"self":[{"href":"https:\/\/www.santai-ceramics.com\/es\/wp-json\/wp\/v2\/product\/3088","targetHints":{"allow":["GET"]}}],"collection":[{"href":"https:\/\/www.santai-ceramics.com\/es\/wp-json\/wp\/v2\/product"}],"about":[{"href":"https:\/\/www.santai-ceramics.com\/es\/wp-json\/wp\/v2\/types\/product"}],"replies":[{"embeddable":true,"href":"https:\/\/www.santai-ceramics.com\/es\/wp-json\/wp\/v2\/comments?post=3088"}],"wp:featuredmedia":[{"embeddable":true,"href":"https:\/\/www.santai-ceramics.com\/es\/wp-json\/wp\/v2\/media\/3172"}],"wp:attachment":[{"href":"https:\/\/www.santai-ceramics.com\/es\/wp-json\/wp\/v2\/media?parent=3088"}],"wp:term":[{"taxonomy":"product_brand","embeddable":true,"href":"https:\/\/www.santai-ceramics.com\/es\/wp-json\/wp\/v2\/product_brand?post=3088"},{"taxonomy":"product_cat","embeddable":true,"href":"https:\/\/www.santai-ceramics.com\/es\/wp-json\/wp\/v2\/product_cat?post=3088"},{"taxonomy":"product_tag","embeddable":true,"href":"https:\/\/www.santai-ceramics.com\/es\/wp-json\/wp\/v2\/product_tag?post=3088"}],"curies":[{"name":"wp","href":"https:\/\/api.w.org\/{rel}","templated":true}]}}