{"id":3089,"date":"2025-07-20T01:13:12","date_gmt":"2025-07-20T01:13:12","guid":{"rendered":"https:\/\/www.santai-ceramics.com\/?post_type=product&#038;p=3089"},"modified":"2025-07-20T01:13:45","modified_gmt":"2025-07-20T01:13:45","slug":"wholesale-cracked-glaze-ceramic-vases","status":"publish","type":"product","link":"https:\/\/www.santai-ceramics.com\/es\/product\/wholesale-cracked-glaze-ceramic-vases\/","title":{"rendered":"Ceramic Vases Wholesale - Jarrones de Cer\u00e1mica Tradicional con Acentos de Terracota Natural"},"content":{"rendered":"<h3 class=\"wp-block-heading\">Caracter\u00edsticas de los jarrones de cer\u00e1mica con esmalte agrietado tradicional<\/h3>\n\n\n\n<ul class=\"wp-block-list\">\n<li><strong>Artesan\u00eda de esmalte craquelado de la firma<\/strong>: Nuestros jarrones al por mayor se elaboran utilizando t\u00e9cnicas tradicionales de esmaltado agrietado, creando delicados dibujos irregulares de grietas de hielo que a\u00f1aden un toque vintage y sofisticado.<\/li>\n<\/ul>\n\n\n\n<ul class=\"wp-block-list\">\n<li><strong>Dise\u00f1o en arcilla vista<\/strong>: La terracota intencionadamente expuesta en la boca, la base y las zonas de desgaste del vidriado forman manchas c\u00e1lidas de color marr\u00f3n o beige, que acent\u00faan una textura cruda y natural.<\/li>\n<\/ul>\n\n\n\n<ul class=\"wp-block-list\">\n<li><strong>Paleta de colores contrastados<\/strong>: Un llamativo contraste de esmalte blanco mate puro y marr\u00f3n terracota c\u00e1lido resalta el aspecto refinado pero r\u00fastico del jarr\u00f3n.<\/li>\n<\/ul>\n\n\n\n<h3 class=\"wp-block-heading\">Servicio de jarrones de cer\u00e1mica personalizados<\/h3>\n\n\n\n<p>Ofrecemos servicios OEM y ODM para nuestros productos.<br>Entrega r\u00e1pida de muestras.<br>Ofrecemos una gran variedad de formas, colores, impresi\u00f3n personalizada, embalaje y otros servicios a medida para satisfacer sus necesidades espec\u00edficas.<br><a href=\"https:\/\/www.santai-ceramics.com\/es\/custom\/\" data-type=\"page\" data-id=\"13\" target=\"_blank\" rel=\"noreferrer noopener\"><strong>M\u00e1s informaci\u00f3n sobre detalles de jarrones de cer\u00e1mica personalizados.<\/strong><\/a><\/p>\n\n\n\n<div class=\"wp-block-columns is-layout-flex wp-container-core-columns-is-layout-9d6595d7 wp-block-columns-is-layout-flex\">\n<div class=\"wp-block-column is-layout-flow wp-block-column-is-layout-flow\">\n<figure class=\"wp-block-image size-full\"><img decoding=\"async\" width=\"1282\" height=\"1282\" src=\"https:\/\/www.santai-ceramics.com\/wp-content\/uploads\/2025\/07\/Wholesale-Cracked-Glaze-Ceramic-Vase-5.webp\" alt=\"\" class=\"wp-image-3116\" srcset=\"https:\/\/www.santai-ceramics.com\/wp-content\/uploads\/2025\/07\/Wholesale-Cracked-Glaze-Ceramic-Vase-5.webp 1282w, https:\/\/www.santai-ceramics.com\/wp-content\/uploads\/2025\/07\/Wholesale-Cracked-Glaze-Ceramic-Vase-5-300x300.webp 300w, https:\/\/www.santai-ceramics.com\/wp-content\/uploads\/2025\/07\/Wholesale-Cracked-Glaze-Ceramic-Vase-5-150x150.webp 150w, https:\/\/www.santai-ceramics.com\/wp-content\/uploads\/2025\/07\/Wholesale-Cracked-Glaze-Ceramic-Vase-5-768x768.webp 768w, https:\/\/www.santai-ceramics.com\/wp-content\/uploads\/2025\/07\/Wholesale-Cracked-Glaze-Ceramic-Vase-5-12x12.webp 12w, https:\/\/www.santai-ceramics.com\/wp-content\/uploads\/2025\/07\/Wholesale-Cracked-Glaze-Ceramic-Vase-5-1200x1200.webp 1200w, https:\/\/www.santai-ceramics.com\/wp-content\/uploads\/2025\/07\/Wholesale-Cracked-Glaze-Ceramic-Vase-5-600x600.webp 600w, https:\/\/www.santai-ceramics.com\/wp-content\/uploads\/2025\/07\/Wholesale-Cracked-Glaze-Ceramic-Vase-5-100x100.webp 100w\" sizes=\"(max-width: 1282px) 100vw, 1282px\" \/><\/figure>\n<\/div>\n\n\n\n<div class=\"wp-block-column is-layout-flow wp-block-column-is-layout-flow\">\n<figure class=\"wp-block-image size-full\"><img decoding=\"async\" width=\"1288\" height=\"1288\" src=\"https:\/\/www.santai-ceramics.com\/wp-content\/uploads\/2025\/07\/Wholesale-Cracked-Glaze-Ceramic-Vase-6.webp\" alt=\"\" class=\"wp-image-3117\" srcset=\"https:\/\/www.santai-ceramics.com\/wp-content\/uploads\/2025\/07\/Wholesale-Cracked-Glaze-Ceramic-Vase-6.webp 1288w, https:\/\/www.santai-ceramics.com\/wp-content\/uploads\/2025\/07\/Wholesale-Cracked-Glaze-Ceramic-Vase-6-300x300.webp 300w, https:\/\/www.santai-ceramics.com\/wp-content\/uploads\/2025\/07\/Wholesale-Cracked-Glaze-Ceramic-Vase-6-150x150.webp 150w, https:\/\/www.santai-ceramics.com\/wp-content\/uploads\/2025\/07\/Wholesale-Cracked-Glaze-Ceramic-Vase-6-768x768.webp 768w, https:\/\/www.santai-ceramics.com\/wp-content\/uploads\/2025\/07\/Wholesale-Cracked-Glaze-Ceramic-Vase-6-12x12.webp 12w, https:\/\/www.santai-ceramics.com\/wp-content\/uploads\/2025\/07\/Wholesale-Cracked-Glaze-Ceramic-Vase-6-1200x1200.webp 1200w, https:\/\/www.santai-ceramics.com\/wp-content\/uploads\/2025\/07\/Wholesale-Cracked-Glaze-Ceramic-Vase-6-600x600.webp 600w, https:\/\/www.santai-ceramics.com\/wp-content\/uploads\/2025\/07\/Wholesale-Cracked-Glaze-Ceramic-Vase-6-100x100.webp 100w\" sizes=\"(max-width: 1288px) 100vw, 1288px\" \/><\/figure>\n<\/div>\n<\/div>","protected":false},"excerpt":{"rendered":"<p data-pm-slice=\"0 0 []\">Jarrones de cer\u00e1mica al por mayor. Este elegante jarr\u00f3n de cer\u00e1mica cuenta con la belleza intemporal de la artesan\u00eda tradicional de esmalte agrietado, con acentos de terracota natural y un dise\u00f1o minimalista, perfecto para exhibir flores de una manera refinada y art\u00edstica.<\/p>\n<h2>Especificaciones de los jarrones de cer\u00e1mica con esmalte agrietado tradicional<\/h2>\n<table width=\"1140\">\n<tbody>\n<tr>\n<td width=\"285\">N\u00famero de modelo<\/td>\n<td width=\"285\">A37797-LE37-A01<\/td>\n<td width=\"285\">A37797-LE37-A02<\/td>\n<td width=\"285\">A37797-LE37-A03<\/td>\n<\/tr>\n<tr>\n<td>Nombre del producto<\/td>\n<td>Jarr\u00f3n de cer\u00e1mica<\/td>\n<td>Jarr\u00f3n de cer\u00e1mica<\/td>\n<td>Jarr\u00f3n de cer\u00e1mica<\/td>\n<\/tr>\n<tr>\n<td>Color<\/td>\n<td>Blanco<\/td>\n<td>Blanco<\/td>\n<td>Blanco<\/td>\n<\/tr>\n<tr>\n<td>Material<\/td>\n<td>Cer\u00e1mica\u00a0<\/td>\n<td>Cer\u00e1mica\u00a0<\/td>\n<td>Cer\u00e1mica\u00a0<\/td>\n<\/tr>\n<tr>\n<td>Escenarios de uso<\/td>\n<td>decoraci\u00f3n del hogar<\/td>\n<td>decoraci\u00f3n del hogar<\/td>\n<td>decoraci\u00f3n del hogar<\/td>\n<\/tr>\n<tr>\n<td>Dimensiones<\/td>\n<td>P:15X19,5cm<\/td>\n<td>P:11X15cm<\/td>\n<td>P:13X12,5cm<\/td>\n<\/tr>\n<tr>\n<td>Peso<\/td>\n<td>0,9 kg\/unidad<\/td>\n<td>0,4 kg\/unidad<\/td>\n<td>0,5 kg\/unidad<\/td>\n<\/tr>\n<\/tbody>\n<\/table>","protected":false},"featured_media":3113,"comment_status":"closed","ping_status":"closed","template":"","meta":{"_acf_changed":false},"product_brand":[],"product_cat":[18,22],"product_tag":[],"class_list":{"0":"post-3089","1":"product","2":"type-product","3":"status-publish","4":"has-post-thumbnail","6":"product_cat-home-decor","7":"product_cat-vase","9":"first","10":"instock","11":"shipping-taxable","12":"product-type-simple"},"acf":[],"_links":{"self":[{"href":"https:\/\/www.santai-ceramics.com\/es\/wp-json\/wp\/v2\/product\/3089","targetHints":{"allow":["GET"]}}],"collection":[{"href":"https:\/\/www.santai-ceramics.com\/es\/wp-json\/wp\/v2\/product"}],"about":[{"href":"https:\/\/www.santai-ceramics.com\/es\/wp-json\/wp\/v2\/types\/product"}],"replies":[{"embeddable":true,"href":"https:\/\/www.santai-ceramics.com\/es\/wp-json\/wp\/v2\/comments?post=3089"}],"wp:featuredmedia":[{"embeddable":true,"href":"https:\/\/www.santai-ceramics.com\/es\/wp-json\/wp\/v2\/media\/3113"}],"wp:attachment":[{"href":"https:\/\/www.santai-ceramics.com\/es\/wp-json\/wp\/v2\/media?parent=3089"}],"wp:term":[{"taxonomy":"product_brand","embeddable":true,"href":"https:\/\/www.santai-ceramics.com\/es\/wp-json\/wp\/v2\/product_brand?post=3089"},{"taxonomy":"product_cat","embeddable":true,"href":"https:\/\/www.santai-ceramics.com\/es\/wp-json\/wp\/v2\/product_cat?post=3089"},{"taxonomy":"product_tag","embeddable":true,"href":"https:\/\/www.santai-ceramics.com\/es\/wp-json\/wp\/v2\/product_tag?post=3089"}],"curies":[{"name":"wp","href":"https:\/\/api.w.org\/{rel}","templated":true}]}}