{"id":3091,"date":"2025-07-22T08:53:43","date_gmt":"2025-07-22T08:53:43","guid":{"rendered":"https:\/\/www.santai-ceramics.com\/?post_type=product&#038;p=3091"},"modified":"2025-07-22T15:15:36","modified_gmt":"2025-07-22T15:15:36","slug":"bulk-ceramic-jugs-and-vases-wholesale","status":"publish","type":"product","link":"https:\/\/www.santai-ceramics.com\/es\/product\/bulk-ceramic-jugs-and-vases-wholesale\/","title":{"rendered":"Jarrones y Jarras de Cer\u00e1mica al por mayor - Esmalte craquelado y terracota vista"},"content":{"rendered":"<h3 class=\"wp-block-heading\">Caracter\u00edsticas de las jarras y jarrones de cer\u00e1mica con esmalte agrietado y terracota vista<\/h3>\n\n\n\n<ul class=\"wp-block-list\">\n<li><strong>Parte superior de terracota vista<\/strong>: El cuello, el borde y la \u00fanica asa lateral conservan la textura cruda y terrosa de la terracota, mostrando la artesan\u00eda hecha a mano y las t\u00e9cnicas tradicionales de horneado con una superficie mate que evoca calidez.<\/li>\n<\/ul>\n\n\n\n<ul class=\"wp-block-list\">\n<li><strong>Secci\u00f3n inferior del esmalte agrietada<\/strong>: El jarr\u00f3n est\u00e1 recubierto de un esmalte blanco puro, con delicadas grietas gris-negras que se extienden naturalmente como telas de ara\u00f1a, d\u00e1ndole un aspecto din\u00e1mico y org\u00e1nico. Algunas variantes incluyen texturas especiales como crestas verticales, hendiduras en espiral y patrones convexos similares a guijarros, que mejoran la experiencia t\u00e1ctil.<\/li>\n<\/ul>\n\n\n\n<ul class=\"wp-block-list\">\n<li><strong>Empu\u00f1adura ergon\u00f3mica<\/strong>: El mango de media anilla en forma de D se conecta perfectamente al cuello y al hombro, evitando el contacto con el fr\u00e1gil esmalte agrietado. Su curvatura est\u00e1 dise\u00f1ada para adaptarse a la mano, facilitando y asegurando el movimiento.<\/li>\n<\/ul>\n\n\n\n<h3 class=\"wp-block-heading\">Servicio de jarras y jarrones de cer\u00e1mica personalizados<\/h3>\n\n\n\n<p>Ofrecemos servicios OEM y ODM para nuestros productos.<br>Entrega r\u00e1pida de muestras.<br>Ofrecemos una gran variedad de formas, colores, impresi\u00f3n personalizada, embalaje y otros servicios a medida para satisfacer sus necesidades espec\u00edficas.<br><a href=\"https:\/\/www.santai-ceramics.com\/es\/custom\/\" data-type=\"page\" data-id=\"13\" target=\"_blank\" rel=\"noreferrer noopener\"><strong>M\u00e1s informaci\u00f3n sobre detalles de jarrones de cer\u00e1mica personalizados.<\/strong><\/a><\/p>\n\n\n\n<div class=\"wp-block-columns is-layout-flex wp-container-core-columns-is-layout-9d6595d7 wp-block-columns-is-layout-flex\">\n<div class=\"wp-block-column is-layout-flow wp-block-column-is-layout-flow\">\n<figure class=\"wp-block-image size-full\"><img decoding=\"async\" width=\"2232\" height=\"1861\" src=\"https:\/\/www.santai-ceramics.com\/wp-content\/uploads\/2025\/07\/Ceramic-Jug-in-Bulk-with-Cracked-Glaze-9.webp\" alt=\"\" class=\"wp-image-3216\" srcset=\"https:\/\/www.santai-ceramics.com\/wp-content\/uploads\/2025\/07\/Ceramic-Jug-in-Bulk-with-Cracked-Glaze-9.webp 2232w, https:\/\/www.santai-ceramics.com\/wp-content\/uploads\/2025\/07\/Ceramic-Jug-in-Bulk-with-Cracked-Glaze-9-300x250.webp 300w, https:\/\/www.santai-ceramics.com\/wp-content\/uploads\/2025\/07\/Ceramic-Jug-in-Bulk-with-Cracked-Glaze-9-768x640.webp 768w, https:\/\/www.santai-ceramics.com\/wp-content\/uploads\/2025\/07\/Ceramic-Jug-in-Bulk-with-Cracked-Glaze-9-14x12.webp 14w, https:\/\/www.santai-ceramics.com\/wp-content\/uploads\/2025\/07\/Ceramic-Jug-in-Bulk-with-Cracked-Glaze-9-1200x1001.webp 1200w, https:\/\/www.santai-ceramics.com\/wp-content\/uploads\/2025\/07\/Ceramic-Jug-in-Bulk-with-Cracked-Glaze-9-600x500.webp 600w\" sizes=\"(max-width: 2232px) 100vw, 2232px\" \/><\/figure>\n<\/div>\n\n\n\n<div class=\"wp-block-column is-layout-flow wp-block-column-is-layout-flow\">\n<figure class=\"wp-block-image size-full\"><img decoding=\"async\" width=\"2236\" height=\"1863\" src=\"https:\/\/www.santai-ceramics.com\/wp-content\/uploads\/2025\/07\/Ceramic-Jug-in-Bulk-with-Cracked-Glaze-8.webp\" alt=\"\" class=\"wp-image-3215\" srcset=\"https:\/\/www.santai-ceramics.com\/wp-content\/uploads\/2025\/07\/Ceramic-Jug-in-Bulk-with-Cracked-Glaze-8.webp 2236w, https:\/\/www.santai-ceramics.com\/wp-content\/uploads\/2025\/07\/Ceramic-Jug-in-Bulk-with-Cracked-Glaze-8-300x250.webp 300w, https:\/\/www.santai-ceramics.com\/wp-content\/uploads\/2025\/07\/Ceramic-Jug-in-Bulk-with-Cracked-Glaze-8-768x640.webp 768w, https:\/\/www.santai-ceramics.com\/wp-content\/uploads\/2025\/07\/Ceramic-Jug-in-Bulk-with-Cracked-Glaze-8-14x12.webp 14w, https:\/\/www.santai-ceramics.com\/wp-content\/uploads\/2025\/07\/Ceramic-Jug-in-Bulk-with-Cracked-Glaze-8-1200x1000.webp 1200w, https:\/\/www.santai-ceramics.com\/wp-content\/uploads\/2025\/07\/Ceramic-Jug-in-Bulk-with-Cracked-Glaze-8-600x500.webp 600w\" sizes=\"(max-width: 2236px) 100vw, 2236px\" \/><\/figure>\n<\/div>\n<\/div>","protected":false},"excerpt":{"rendered":"<p data-pm-slice=\"0 0 []\">Venta al por mayor de jarras y jarrones de cer\u00e1mica. Este jarr\u00f3n de cer\u00e1mica meticulosamente elaborado combina terracota cruda y refinado esmalte craquelado, ofreciendo un contraste \u00fanico de texturas. Con una forma escultural y un dise\u00f1o funcional, aporta una est\u00e9tica atemporal y artesanal a cualquier espacio moderno o de inspiraci\u00f3n wabi-sabi.<\/p>\n<h2>Especificaciones de las jarras de cer\u00e1mica<\/h2>\n<table width=\"1140\">\n<tbody>\n<tr>\n<td width=\"285\">N\u00famero de modelo<\/td>\n<td width=\"285\">A37838-LE39-A01<\/td>\n<td width=\"285\">A37839-LE39-A01<\/td>\n<td width=\"285\">A37842-LE39-A01<\/td>\n<\/tr>\n<tr>\n<td>Nombre del producto<\/td>\n<td>Jarr\u00f3n de cer\u00e1mica<\/td>\n<td>Jarr\u00f3n de cer\u00e1mica<\/td>\n<td>Jarr\u00f3n de cer\u00e1mica<\/td>\n<\/tr>\n<tr>\n<td>Color<\/td>\n<td>Blanco<\/td>\n<td>Blanco<\/td>\n<td>Blanco<\/td>\n<\/tr>\n<tr>\n<td>Material<\/td>\n<td>Cer\u00e1mica\u00a0<\/td>\n<td>Cer\u00e1mica\u00a0<\/td>\n<td>Cer\u00e1mica\u00a0<\/td>\n<\/tr>\n<tr>\n<td>Escenarios de uso<\/td>\n<td>decoraci\u00f3n del hogar<\/td>\n<td>decoraci\u00f3n del hogar<\/td>\n<td>decoraci\u00f3n del hogar<\/td>\n<\/tr>\n<tr>\n<td>Dimensiones<\/td>\n<td>10X9.5X14.5cm<\/td>\n<td>10X9X11,5cm<\/td>\n<td>10,5X10X18,5cm<\/td>\n<\/tr>\n<tr>\n<td>Peso<\/td>\n<td>0,4 kg\/unidad<\/td>\n<td>0,3 kg\/unidad<\/td>\n<td>0,5 kg\/unidad<\/td>\n<\/tr>\n<\/tbody>\n<\/table>","protected":false},"featured_media":3217,"comment_status":"closed","ping_status":"closed","template":"","meta":{"_acf_changed":false},"product_brand":[],"product_cat":[18,44,22],"product_tag":[],"class_list":{"0":"post-3091","1":"product","2":"type-product","3":"status-publish","4":"has-post-thumbnail","6":"product_cat-home-decor","7":"product_cat-wholesale-ceramic-jugs","8":"product_cat-vase","10":"first","11":"instock","12":"shipping-taxable","13":"product-type-simple"},"acf":[],"_links":{"self":[{"href":"https:\/\/www.santai-ceramics.com\/es\/wp-json\/wp\/v2\/product\/3091","targetHints":{"allow":["GET"]}}],"collection":[{"href":"https:\/\/www.santai-ceramics.com\/es\/wp-json\/wp\/v2\/product"}],"about":[{"href":"https:\/\/www.santai-ceramics.com\/es\/wp-json\/wp\/v2\/types\/product"}],"replies":[{"embeddable":true,"href":"https:\/\/www.santai-ceramics.com\/es\/wp-json\/wp\/v2\/comments?post=3091"}],"wp:featuredmedia":[{"embeddable":true,"href":"https:\/\/www.santai-ceramics.com\/es\/wp-json\/wp\/v2\/media\/3217"}],"wp:attachment":[{"href":"https:\/\/www.santai-ceramics.com\/es\/wp-json\/wp\/v2\/media?parent=3091"}],"wp:term":[{"taxonomy":"product_brand","embeddable":true,"href":"https:\/\/www.santai-ceramics.com\/es\/wp-json\/wp\/v2\/product_brand?post=3091"},{"taxonomy":"product_cat","embeddable":true,"href":"https:\/\/www.santai-ceramics.com\/es\/wp-json\/wp\/v2\/product_cat?post=3091"},{"taxonomy":"product_tag","embeddable":true,"href":"https:\/\/www.santai-ceramics.com\/es\/wp-json\/wp\/v2\/product_tag?post=3091"}],"curies":[{"name":"wp","href":"https:\/\/api.w.org\/{rel}","templated":true}]}}