{"id":3297,"date":"2025-07-30T04:50:21","date_gmt":"2025-07-30T04:50:21","guid":{"rendered":"https:\/\/www.santai-ceramics.com\/?post_type=product&#038;p=3297"},"modified":"2025-07-30T04:50:22","modified_gmt":"2025-07-30T04:50:22","slug":"wholesale-vintage-style-ceramic-pots","status":"publish","type":"product","link":"https:\/\/www.santai-ceramics.com\/es\/product\/wholesale-vintage-style-ceramic-pots\/","title":{"rendered":"Mayorista Macetas de Cer\u00e1mica - Dise\u00f1o Vintage y Textura Rugosa"},"content":{"rendered":"<h3 class=\"wp-block-heading\">Caracter\u00edsticas de las macetas de cer\u00e1mica<\/h3>\n\n\n\n<ul class=\"wp-block-list\">\n<li><strong>Est\u00e9tica r\u00fastica y natural<\/strong>: Una base gris marengo se combina a la perfecci\u00f3n con detalles dorados y ocres, conservando la textura cruda de la terracota y suavizando su aspecto industrial. Este acabado vintage combina a la perfecci\u00f3n con una gran variedad de estilos decorativos, como el wabi-sabi, el escandinavo y el vintage, y realza espacios como hogares, estudios y entradas.<\/li>\n<\/ul>\n\n\n\n<ul class=\"wp-block-list\">\n<li><strong>Texturas ricas y detalles en capas<\/strong>: La textura rugosa no s\u00f3lo mejora la experiencia t\u00e1ctil, sino que tambi\u00e9n transmite un encanto vintage por sus huellas de la edad, realzando el valor decorativo de la maceta.<\/li>\n<\/ul>\n\n\n\n<ul class=\"wp-block-list\">\n<li><strong>Singularidad artesanal y valor emocional<\/strong>: Cada maceta presenta imperfecciones \u00fanicas y artesanales -como diferentes profundidades de textura y bloques de color envejecidos- que la distinguen de los art\u00edculos producidos en serie. Estas cualidades artesanales aportan calidez y un toque personal, facilitando que los usuarios establezcan una conexi\u00f3n emocional con la pieza en sus espacios vitales.<br><\/li>\n\n\n\n<li><strong>Servicio de venta al por mayor de macetas de cer\u00e1mica: <\/strong>Ofrecemos servicios mayoristas de macetas de cer\u00e1mica de alta calidad, proporcionando soluciones personalizadas de macetas de cer\u00e1mica para minoristas globales, tiendas de jardiner\u00eda, marcas de decoraci\u00f3n del hogar, etc.<\/li>\n<\/ul>\n\n\n\n<h3 class=\"wp-block-heading\">Servicio de macetas de cer\u00e1mica personalizadas<\/h3>\n\n\n\n<p>Ofrecemos servicios OEM y ODM para nuestros productos.<br>Entrega r\u00e1pida de muestras.<br>Ofrecemos una gran variedad de formas, colores, impresi\u00f3n personalizada, embalaje y otros servicios a medida para satisfacer sus necesidades espec\u00edficas.<br><a href=\"https:\/\/www.santai-ceramics.com\/es\/custom\/\" data-type=\"page\" data-id=\"13\" target=\"_blank\" rel=\"noreferrer noopener\"><strong><b>M\u00e1s informaci\u00f3n<\/b> servicios de cer\u00e1mica.<\/strong><\/a><\/p>\n\n\n\n<div class=\"wp-block-columns is-layout-flex wp-container-core-columns-is-layout-9d6595d7 wp-block-columns-is-layout-flex\">\n<div class=\"wp-block-column is-layout-flow wp-block-column-is-layout-flow\">\n<figure class=\"wp-block-image size-full\"><img decoding=\"async\" width=\"2312\" height=\"1927\" src=\"https:\/\/www.santai-ceramics.com\/wp-content\/uploads\/2025\/07\/wholesale-ceramic-pots-2-1.webp\" alt=\"\" class=\"wp-image-3362\" srcset=\"https:\/\/www.santai-ceramics.com\/wp-content\/uploads\/2025\/07\/wholesale-ceramic-pots-2-1.webp 2312w, https:\/\/www.santai-ceramics.com\/wp-content\/uploads\/2025\/07\/wholesale-ceramic-pots-2-1-300x250.webp 300w, https:\/\/www.santai-ceramics.com\/wp-content\/uploads\/2025\/07\/wholesale-ceramic-pots-2-1-768x640.webp 768w, https:\/\/www.santai-ceramics.com\/wp-content\/uploads\/2025\/07\/wholesale-ceramic-pots-2-1-14x12.webp 14w, https:\/\/www.santai-ceramics.com\/wp-content\/uploads\/2025\/07\/wholesale-ceramic-pots-2-1-1200x1000.webp 1200w, https:\/\/www.santai-ceramics.com\/wp-content\/uploads\/2025\/07\/wholesale-ceramic-pots-2-1-600x500.webp 600w\" sizes=\"(max-width: 2312px) 100vw, 2312px\" \/><\/figure>\n<\/div>\n\n\n\n<div class=\"wp-block-column is-layout-flow wp-block-column-is-layout-flow\">\n<figure class=\"wp-block-image size-full\"><img decoding=\"async\" width=\"2094\" height=\"1745\" src=\"https:\/\/www.santai-ceramics.com\/wp-content\/uploads\/2025\/07\/wholesale-ceramic-pots-4-1.webp\" alt=\"\" class=\"wp-image-3364\" srcset=\"https:\/\/www.santai-ceramics.com\/wp-content\/uploads\/2025\/07\/wholesale-ceramic-pots-4-1.webp 2094w, https:\/\/www.santai-ceramics.com\/wp-content\/uploads\/2025\/07\/wholesale-ceramic-pots-4-1-300x250.webp 300w, https:\/\/www.santai-ceramics.com\/wp-content\/uploads\/2025\/07\/wholesale-ceramic-pots-4-1-768x640.webp 768w, https:\/\/www.santai-ceramics.com\/wp-content\/uploads\/2025\/07\/wholesale-ceramic-pots-4-1-14x12.webp 14w, https:\/\/www.santai-ceramics.com\/wp-content\/uploads\/2025\/07\/wholesale-ceramic-pots-4-1-1200x1000.webp 1200w, https:\/\/www.santai-ceramics.com\/wp-content\/uploads\/2025\/07\/wholesale-ceramic-pots-4-1-600x500.webp 600w\" sizes=\"(max-width: 2094px) 100vw, 2094px\" \/><\/figure>\n<\/div>\n<\/div>","protected":false},"excerpt":{"rendered":"<p data-pm-slice=\"0 0 []\">Mayorista de macetas de cer\u00e1mica. Esta maceta de cer\u00e1mica hecha a mano combina un acabado vintage desgastado con detalles texturizados, creando un atractivo art\u00edstico retro \u00fanico. La parte inferior presenta orificios de drenaje para evitar la acumulaci\u00f3n de agua y garantizar el crecimiento saludable de las plantas, combinando est\u00e9tica y practicidad. P\u00f3ngase en contacto con nosotros para obtener el mejor presupuesto del fabricante profesional de macetas de cer\u00e1mica.<\/p>\n<h2>Especificaciones de las macetas de cer\u00e1mica\u00a0<\/h2>\n<table width=\"855\">\n<tbody>\n<tr>\n<td width=\"285\">N\u00famero de modelo<\/td>\n<td width=\"285\">G37866-H945-A01<\/td>\n<td width=\"285\">G37866-H945-A02<\/td>\n<\/tr>\n<tr>\n<td>Nombre del producto<\/td>\n<td>Maceta de terracota<\/td>\n<td>Maceta de terracota<\/td>\n<\/tr>\n<tr>\n<td>Color<\/td>\n<td>Negro y oro<\/td>\n<td>Negro y oro<\/td>\n<\/tr>\n<tr>\n<td>Material<\/td>\n<td>Terracota\u00a0<\/td>\n<td>Terracota\u00a0<\/td>\n<\/tr>\n<tr>\n<td>Escenarios de uso<\/td>\n<td>decoraci\u00f3n del hogar y del jard\u00edn<\/td>\n<td>decoraci\u00f3n del hogar y del jard\u00edn<\/td>\n<\/tr>\n<tr>\n<td>Dimensiones<\/td>\n<td>P:21X13,5cm<\/td>\n<td>P:21X13,5cm<\/td>\n<\/tr>\n<tr>\n<td>Peso<\/td>\n<td>2,1 kg\/unidad<\/td>\n<td>1,3 kg\/unidad<\/td>\n<\/tr>\n<\/tbody>\n<\/table>\n<p>\n<script src=\"chrome-extension:\/\/fpelahbljekknahkcaegamhcndkfpfnc\/iFrame.js\" type=\"text\/javascript\"><\/script><\/p>","protected":false},"featured_media":3363,"comment_status":"closed","ping_status":"closed","template":"","meta":{"_acf_changed":false},"product_brand":[],"product_cat":[18,42,21,23],"product_tag":[],"class_list":{"0":"post-3297","1":"product","2":"type-product","3":"status-publish","4":"has-post-thumbnail","6":"product_cat-home-decor","7":"product_cat-wholesale-ceramic-plant-pots","8":"product_cat-garden-decor","9":"product_cat-ceramic-pots-planters","11":"first","12":"instock","13":"shipping-taxable","14":"product-type-simple"},"acf":[],"_links":{"self":[{"href":"https:\/\/www.santai-ceramics.com\/es\/wp-json\/wp\/v2\/product\/3297","targetHints":{"allow":["GET"]}}],"collection":[{"href":"https:\/\/www.santai-ceramics.com\/es\/wp-json\/wp\/v2\/product"}],"about":[{"href":"https:\/\/www.santai-ceramics.com\/es\/wp-json\/wp\/v2\/types\/product"}],"replies":[{"embeddable":true,"href":"https:\/\/www.santai-ceramics.com\/es\/wp-json\/wp\/v2\/comments?post=3297"}],"wp:featuredmedia":[{"embeddable":true,"href":"https:\/\/www.santai-ceramics.com\/es\/wp-json\/wp\/v2\/media\/3363"}],"wp:attachment":[{"href":"https:\/\/www.santai-ceramics.com\/es\/wp-json\/wp\/v2\/media?parent=3297"}],"wp:term":[{"taxonomy":"product_brand","embeddable":true,"href":"https:\/\/www.santai-ceramics.com\/es\/wp-json\/wp\/v2\/product_brand?post=3297"},{"taxonomy":"product_cat","embeddable":true,"href":"https:\/\/www.santai-ceramics.com\/es\/wp-json\/wp\/v2\/product_cat?post=3297"},{"taxonomy":"product_tag","embeddable":true,"href":"https:\/\/www.santai-ceramics.com\/es\/wp-json\/wp\/v2\/product_tag?post=3297"}],"curies":[{"name":"wp","href":"https:\/\/api.w.org\/{rel}","templated":true}]}}