{"id":3298,"date":"2025-07-30T04:30:37","date_gmt":"2025-07-30T04:30:37","guid":{"rendered":"https:\/\/www.santai-ceramics.com\/?post_type=product&#038;p=3298"},"modified":"2025-07-30T04:30:38","modified_gmt":"2025-07-30T04:30:38","slug":"wholesale-resin-bulldog-figurines","status":"publish","type":"product","link":"https:\/\/www.santai-ceramics.com\/es\/product\/wholesale-resin-bulldog-figurines\/","title":{"rendered":"Mayorista Figurita Bulldog de Resina - Acabado Vintage y Detalles Realistas"},"content":{"rendered":"<h3 class=\"wp-block-heading\">Caracter\u00edsticas de la figura Bulldog de resina - Acabado vintage y detalles realistas<\/h3>\n\n\n\n<ul class=\"wp-block-list\">\n<li><strong>Atractivo curativo y art\u00edstico<\/strong>: Las diversas posturas de la estatua, como acurrucado durmiendo, relajado con las piernas cruzadas y alerta con las orejas, captan las entra\u00f1ables expresiones \"tiernas\" de un bulldog. El acabado vintage y los intrincados detalles a\u00f1aden una cualidad art\u00edstica, combinando el \"atractivo est\u00e9tico\" y el \"valor emocional\" para crear un ambiente c\u00e1lido y acogedor en cualquier habitaci\u00f3n.<\/li>\n<\/ul>\n\n\n\n<ul class=\"wp-block-list\">\n<li><strong>Dise\u00f1o biomim\u00e9tico con caracter\u00edsticas realistas<\/strong>: La estatua recrea meticulosamente los rasgos \u00fanicos de los bulldogs y las razas de nariz corta, con cara plana, hocico corto y cuerpo redondeado. Las texturas de la superficie y los efectos de envejecimiento hacen que parezca una instant\u00e1nea art\u00edstica de un perro real.<\/li>\n<\/ul>\n\n\n\n<ul class=\"wp-block-list\">\n<li><strong>Servicios de Figuras de Animales al por mayor:<\/strong> Ofrecemos una amplia selecci\u00f3n de exquisitas figuras de animales al por mayor adecuados para la decoraci\u00f3n del hogar, exhibici\u00f3n comercial, y mucho m\u00e1s. Ofrecemos tama\u00f1os personalizables, colores, detalles y materiales para satisfacer sus necesidades.<\/li>\n<\/ul>\n\n\n\n<h3 class=\"wp-block-heading\">Servicio de figuras de animales personalizadas<\/h3>\n\n\n\n<p>Ofrecemos servicios OEM y ODM para nuestros productos.<br>Entrega r\u00e1pida de muestras.<br>Ofrecemos una gran variedad de formas, colores, impresi\u00f3n personalizada, embalaje y otros servicios a medida para satisfacer sus necesidades espec\u00edficas.<br><a href=\"https:\/\/www.santai-ceramics.com\/es\/custom\/\" data-type=\"page\" data-id=\"13\" target=\"_blank\" rel=\"noreferrer noopener\"><strong><b>M\u00e1s informaci\u00f3n<\/b> servicios de figuras de animales.<\/strong><\/a><\/p>\n\n\n\n<div class=\"wp-block-columns is-layout-flex wp-container-core-columns-is-layout-9d6595d7 wp-block-columns-is-layout-flex\">\n<div class=\"wp-block-column is-layout-flow wp-block-column-is-layout-flow\">\n<figure class=\"wp-block-image size-full\"><img decoding=\"async\" width=\"1834\" height=\"1834\" src=\"https:\/\/www.santai-ceramics.com\/wp-content\/uploads\/2025\/07\/wholesale-dog-sculptures-2.webp\" alt=\"\" class=\"wp-image-3354\" srcset=\"https:\/\/www.santai-ceramics.com\/wp-content\/uploads\/2025\/07\/wholesale-dog-sculptures-2.webp 1834w, https:\/\/www.santai-ceramics.com\/wp-content\/uploads\/2025\/07\/wholesale-dog-sculptures-2-300x300.webp 300w, https:\/\/www.santai-ceramics.com\/wp-content\/uploads\/2025\/07\/wholesale-dog-sculptures-2-150x150.webp 150w, https:\/\/www.santai-ceramics.com\/wp-content\/uploads\/2025\/07\/wholesale-dog-sculptures-2-768x768.webp 768w, https:\/\/www.santai-ceramics.com\/wp-content\/uploads\/2025\/07\/wholesale-dog-sculptures-2-12x12.webp 12w, https:\/\/www.santai-ceramics.com\/wp-content\/uploads\/2025\/07\/wholesale-dog-sculptures-2-1200x1200.webp 1200w, https:\/\/www.santai-ceramics.com\/wp-content\/uploads\/2025\/07\/wholesale-dog-sculptures-2-600x600.webp 600w, https:\/\/www.santai-ceramics.com\/wp-content\/uploads\/2025\/07\/wholesale-dog-sculptures-2-100x100.webp 100w\" sizes=\"(max-width: 1834px) 100vw, 1834px\" \/><\/figure>\n<\/div>\n\n\n\n<div class=\"wp-block-column is-layout-flow wp-block-column-is-layout-flow\">\n<figure class=\"wp-block-image size-full\"><img decoding=\"async\" width=\"1819\" height=\"1819\" src=\"https:\/\/www.santai-ceramics.com\/wp-content\/uploads\/2025\/07\/wholesale-figurines-2.webp\" alt=\"\" class=\"wp-image-3358\" srcset=\"https:\/\/www.santai-ceramics.com\/wp-content\/uploads\/2025\/07\/wholesale-figurines-2.webp 1819w, https:\/\/www.santai-ceramics.com\/wp-content\/uploads\/2025\/07\/wholesale-figurines-2-300x300.webp 300w, https:\/\/www.santai-ceramics.com\/wp-content\/uploads\/2025\/07\/wholesale-figurines-2-150x150.webp 150w, https:\/\/www.santai-ceramics.com\/wp-content\/uploads\/2025\/07\/wholesale-figurines-2-768x768.webp 768w, https:\/\/www.santai-ceramics.com\/wp-content\/uploads\/2025\/07\/wholesale-figurines-2-12x12.webp 12w, https:\/\/www.santai-ceramics.com\/wp-content\/uploads\/2025\/07\/wholesale-figurines-2-1200x1200.webp 1200w, https:\/\/www.santai-ceramics.com\/wp-content\/uploads\/2025\/07\/wholesale-figurines-2-600x600.webp 600w, https:\/\/www.santai-ceramics.com\/wp-content\/uploads\/2025\/07\/wholesale-figurines-2-100x100.webp 100w\" sizes=\"(max-width: 1819px) 100vw, 1819px\" \/><\/figure>\n<\/div>\n<\/div>","protected":false},"excerpt":{"rendered":"<p data-pm-slice=\"0 0 []\">Figuras de perro de resina al por mayor. Esta figura de bulldog de resina hecha a mano, realista y detallada con detalles vintage, desprende el encanto y la calidez de un can juguet\u00f3n. Disponible en varias poses, incluyendo estirado, tumbado y durmiendo, a\u00f1ade un toque divertido y decorativo a cualquier espacio.<\/p>\n<h2>Especificaci\u00f3n de las figuras Bulldog<\/h2>\n<table width=\"1140\">\n<tbody>\n<tr>\n<td width=\"285\">N\u00famero de modelo<\/td>\n<td width=\"285\">E37886-H945-A01<\/td>\n<td width=\"285\">E37885-H945-A01<\/td>\n<td width=\"285\">E37884-H945-A01<\/td>\n<\/tr>\n<tr>\n<td>Nombre del producto<\/td>\n<td>Figurita de perro de resina<\/td>\n<td>Figurita de perro de resina<\/td>\n<td>Figurita de perro de resina<\/td>\n<\/tr>\n<tr>\n<td>Color<\/td>\n<td>Negro y oro<\/td>\n<td>Negro y oro<\/td>\n<td>Negro y oro<\/td>\n<\/tr>\n<tr>\n<td>Material<\/td>\n<td>Resina<\/td>\n<td>Resina<\/td>\n<td>Resina<\/td>\n<\/tr>\n<tr>\n<td>Escenarios de uso<\/td>\n<td>decoraci\u00f3n del hogar y del jard\u00edn<\/td>\n<td>decoraci\u00f3n del hogar y del jard\u00edn<\/td>\n<td>decoraci\u00f3n del hogar y del jard\u00edn<\/td>\n<\/tr>\n<tr>\n<td>Dimensiones<\/td>\n<td>25,5\u00d713,5\u00d79,5 cm<\/td>\n<td>23,5\u00d711\u00d79cm<\/td>\n<td>20,5\u00d715,5\u00d719 cm<\/td>\n<\/tr>\n<tr>\n<td>Peso<\/td>\n<td>0,6 kg\/unidad<\/td>\n<td>0,6 kg\/unidad<\/td>\n<td>0,9 kg\/unidad<\/td>\n<\/tr>\n<\/tbody>\n<\/table>\n<p>&nbsp;<\/p>","protected":false},"featured_media":3349,"comment_status":"closed","ping_status":"closed","template":"","meta":{"_acf_changed":false},"product_brand":[],"product_cat":[18,25,48],"product_tag":[],"class_list":{"0":"post-3298","1":"product","2":"type-product","3":"status-publish","4":"has-post-thumbnail","6":"product_cat-home-decor","7":"product_cat-animal-ornaments","8":"product_cat-wholesale-resin-animal-figurines","10":"first","11":"instock","12":"shipping-taxable","13":"product-type-simple"},"acf":[],"_links":{"self":[{"href":"https:\/\/www.santai-ceramics.com\/es\/wp-json\/wp\/v2\/product\/3298","targetHints":{"allow":["GET"]}}],"collection":[{"href":"https:\/\/www.santai-ceramics.com\/es\/wp-json\/wp\/v2\/product"}],"about":[{"href":"https:\/\/www.santai-ceramics.com\/es\/wp-json\/wp\/v2\/types\/product"}],"replies":[{"embeddable":true,"href":"https:\/\/www.santai-ceramics.com\/es\/wp-json\/wp\/v2\/comments?post=3298"}],"wp:featuredmedia":[{"embeddable":true,"href":"https:\/\/www.santai-ceramics.com\/es\/wp-json\/wp\/v2\/media\/3349"}],"wp:attachment":[{"href":"https:\/\/www.santai-ceramics.com\/es\/wp-json\/wp\/v2\/media?parent=3298"}],"wp:term":[{"taxonomy":"product_brand","embeddable":true,"href":"https:\/\/www.santai-ceramics.com\/es\/wp-json\/wp\/v2\/product_brand?post=3298"},{"taxonomy":"product_cat","embeddable":true,"href":"https:\/\/www.santai-ceramics.com\/es\/wp-json\/wp\/v2\/product_cat?post=3298"},{"taxonomy":"product_tag","embeddable":true,"href":"https:\/\/www.santai-ceramics.com\/es\/wp-json\/wp\/v2\/product_tag?post=3298"}],"curies":[{"name":"wp","href":"https:\/\/api.w.org\/{rel}","templated":true}]}}