{"id":3301,"date":"2025-07-30T03:37:17","date_gmt":"2025-07-30T03:37:17","guid":{"rendered":"https:\/\/www.santai-ceramics.com\/?post_type=product&#038;p=3301"},"modified":"2025-07-30T03:37:19","modified_gmt":"2025-07-30T03:37:19","slug":"bulk-ceramic-planters-supply","status":"publish","type":"product","link":"https:\/\/www.santai-ceramics.com\/es\/product\/bulk-ceramic-planters-supply\/","title":{"rendered":"Jardineras de cer\u00e1mica a granel - Con dise\u00f1o de ranura vertical"},"content":{"rendered":"<h3 class=\"wp-block-heading\">Caracter\u00edsticas de las macetas de cer\u00e1mica<\/h3>\n\n\n\n<ul class=\"wp-block-list\">\n<li><strong>Est\u00e9tica natural envejecida<\/strong>: Estos maceteros tienen una base de color blanco roto, salpicada de sutiles marcas de color marr\u00f3n claro, y presentan la textura original de la terracota, lo que los hace adecuados para la decoraci\u00f3n de interiores y jardines.<\/li>\n<\/ul>\n\n\n\n<ul class=\"wp-block-list\">\n<li><strong>Ranuras verticales para a\u00f1adir textura y funcionalidad<\/strong>: Las ranuras verticales realzan el efecto 3D de las jardineras, creando din\u00e1micos contrastes de luz y una textura t\u00e1ctil que aumenta la fricci\u00f3n. <\/li>\n<\/ul>\n\n\n\n<ul class=\"wp-block-list\">\n<li><strong>Marcas artesanales \u00fanicas para un valor emocional<\/strong>: Cada maceta presenta elementos artesanales distintivos, como marcas de desgaste, bordes irregulares y p\u00e1tina natural. Estas caracter\u00edsticas \u00fanicas las diferencian de los art\u00edculos producidos en serie, creando una conexi\u00f3n emocional m\u00e1s fuerte con los usuarios y realzando el toque personal en cualquier espacio vital.<br><\/li>\n\n\n\n<li><strong>Suministro de macetas de cer\u00e1mica a granel: <\/strong>Como proveedor l\u00edder de macetas de cer\u00e1mica, ofrecemos una amplia gama de macetas de cer\u00e1mica al por mayor de varios tama\u00f1os y estilos para satisfacer las necesidades de grandes proyectos de jardiner\u00eda, tiendas de jardiner\u00eda y decoraci\u00f3n de interiores, y proporcionamos precios competitivos y un servicio profesional.<\/li>\n<\/ul>\n\n\n\n<h3 class=\"wp-block-heading\">Servicio de macetas de cer\u00e1mica a medida<\/h3>\n\n\n\n<p>Ofrecemos servicios OEM y ODM para nuestros productos.<br>Entrega r\u00e1pida de muestras.<br>Ofrecemos una gran variedad de formas, colores, impresi\u00f3n personalizada, embalaje y otros servicios a medida para satisfacer sus necesidades espec\u00edficas.<br><a href=\"https:\/\/www.santai-ceramics.com\/es\/custom\/\" data-type=\"page\" data-id=\"13\" target=\"_blank\" rel=\"noreferrer noopener\"><strong>M\u00e1s informaci\u00f3n sobre los servicios de jardineras de cer\u00e1mica personalizadas...<\/strong><\/a><\/p>\n\n\n\n<div class=\"wp-block-columns is-layout-flex wp-container-core-columns-is-layout-9d6595d7 wp-block-columns-is-layout-flex\">\n<div class=\"wp-block-column is-layout-flow wp-block-column-is-layout-flow\">\n<figure class=\"wp-block-image size-full\"><img decoding=\"async\" width=\"2492\" height=\"2077\" src=\"https:\/\/www.santai-ceramics.com\/wp-content\/uploads\/2025\/07\/bulk-ceramic-planters-2.webp\" alt=\"\" class=\"wp-image-3331\" srcset=\"https:\/\/www.santai-ceramics.com\/wp-content\/uploads\/2025\/07\/bulk-ceramic-planters-2.webp 2492w, https:\/\/www.santai-ceramics.com\/wp-content\/uploads\/2025\/07\/bulk-ceramic-planters-2-300x250.webp 300w, https:\/\/www.santai-ceramics.com\/wp-content\/uploads\/2025\/07\/bulk-ceramic-planters-2-768x640.webp 768w, https:\/\/www.santai-ceramics.com\/wp-content\/uploads\/2025\/07\/bulk-ceramic-planters-2-14x12.webp 14w, https:\/\/www.santai-ceramics.com\/wp-content\/uploads\/2025\/07\/bulk-ceramic-planters-2-1200x1000.webp 1200w, https:\/\/www.santai-ceramics.com\/wp-content\/uploads\/2025\/07\/bulk-ceramic-planters-2-600x500.webp 600w\" sizes=\"(max-width: 2492px) 100vw, 2492px\" \/><\/figure>\n<\/div>\n\n\n\n<div class=\"wp-block-column is-layout-flow wp-block-column-is-layout-flow\">\n<figure class=\"wp-block-image size-full\"><img decoding=\"async\" width=\"2337\" height=\"1947\" src=\"https:\/\/www.santai-ceramics.com\/wp-content\/uploads\/2025\/07\/bulk-ceramic-planters-4.webp\" alt=\"\" class=\"wp-image-3333\" srcset=\"https:\/\/www.santai-ceramics.com\/wp-content\/uploads\/2025\/07\/bulk-ceramic-planters-4.webp 2337w, https:\/\/www.santai-ceramics.com\/wp-content\/uploads\/2025\/07\/bulk-ceramic-planters-4-300x250.webp 300w, https:\/\/www.santai-ceramics.com\/wp-content\/uploads\/2025\/07\/bulk-ceramic-planters-4-768x640.webp 768w, https:\/\/www.santai-ceramics.com\/wp-content\/uploads\/2025\/07\/bulk-ceramic-planters-4-14x12.webp 14w, https:\/\/www.santai-ceramics.com\/wp-content\/uploads\/2025\/07\/bulk-ceramic-planters-4-1200x1000.webp 1200w, https:\/\/www.santai-ceramics.com\/wp-content\/uploads\/2025\/07\/bulk-ceramic-planters-4-600x500.webp 600w\" sizes=\"(max-width: 2337px) 100vw, 2337px\" \/><\/figure>\n<\/div>\n<\/div>","protected":false},"excerpt":{"rendered":"<p data-pm-slice=\"0 0 []\">Las macetas de cer\u00e1mica a granel presentan un efecto r\u00fastico de envejecimiento natural con ranuras verticales para a\u00f1adir textura. Perfectas para plantas suculentas, combinan funcionalidad con atractivo est\u00e9tico, complementando sin esfuerzo diversos estilos de interior, desde el wabi-sabi al n\u00f3rdico.<\/p>\n<h2>Especificaciones de las macetas de cer\u00e1mica<\/h2>\n<table width=\"855\">\n<tbody>\n<tr>\n<td width=\"285\">N\u00famero de modelo<\/td>\n<td width=\"285\">G37864-H943-A01<\/td>\n<td width=\"285\">G37864-H943-A02<\/td>\n<\/tr>\n<tr>\n<td>Nombre del producto<\/td>\n<td>Maceta de terracota<\/td>\n<td>Maceta de terracota<\/td>\n<\/tr>\n<tr>\n<td>Color<\/td>\n<td>Rojo tierra<\/td>\n<td>Rojo tierra<\/td>\n<\/tr>\n<tr>\n<td>Material<\/td>\n<td>Terracota<\/td>\n<td>Terracota<\/td>\n<\/tr>\n<tr>\n<td>Escenarios de uso<\/td>\n<td>decoraci\u00f3n del hogar y del jard\u00edn<\/td>\n<td>decoraci\u00f3n del hogar y del jard\u00edn<\/td>\n<\/tr>\n<tr>\n<td>Dimensiones<\/td>\n<td>P:20,5X14cm<\/td>\n<td>P:15X10,5cm<\/td>\n<\/tr>\n<tr>\n<td>Peso<\/td>\n<td>1,9 kg\/unidad<\/td>\n<td>1 kg\/unidad<\/td>\n<\/tr>\n<\/tbody>\n<\/table>\n<p>\n<script src=\"chrome-extension:\/\/fpelahbljekknahkcaegamhcndkfpfnc\/iFrame.js\" type=\"text\/javascript\"><\/script><\/p>","protected":false},"featured_media":3332,"comment_status":"closed","ping_status":"closed","template":"","meta":{"_acf_changed":false},"product_brand":[],"product_cat":[18,42,21,23],"product_tag":[],"class_list":{"0":"post-3301","1":"product","2":"type-product","3":"status-publish","4":"has-post-thumbnail","6":"product_cat-home-decor","7":"product_cat-wholesale-ceramic-plant-pots","8":"product_cat-garden-decor","9":"product_cat-ceramic-pots-planters","11":"first","12":"instock","13":"shipping-taxable","14":"product-type-simple"},"acf":[],"_links":{"self":[{"href":"https:\/\/www.santai-ceramics.com\/es\/wp-json\/wp\/v2\/product\/3301","targetHints":{"allow":["GET"]}}],"collection":[{"href":"https:\/\/www.santai-ceramics.com\/es\/wp-json\/wp\/v2\/product"}],"about":[{"href":"https:\/\/www.santai-ceramics.com\/es\/wp-json\/wp\/v2\/types\/product"}],"replies":[{"embeddable":true,"href":"https:\/\/www.santai-ceramics.com\/es\/wp-json\/wp\/v2\/comments?post=3301"}],"wp:featuredmedia":[{"embeddable":true,"href":"https:\/\/www.santai-ceramics.com\/es\/wp-json\/wp\/v2\/media\/3332"}],"wp:attachment":[{"href":"https:\/\/www.santai-ceramics.com\/es\/wp-json\/wp\/v2\/media?parent=3301"}],"wp:term":[{"taxonomy":"product_brand","embeddable":true,"href":"https:\/\/www.santai-ceramics.com\/es\/wp-json\/wp\/v2\/product_brand?post=3301"},{"taxonomy":"product_cat","embeddable":true,"href":"https:\/\/www.santai-ceramics.com\/es\/wp-json\/wp\/v2\/product_cat?post=3301"},{"taxonomy":"product_tag","embeddable":true,"href":"https:\/\/www.santai-ceramics.com\/es\/wp-json\/wp\/v2\/product_tag?post=3301"}],"curies":[{"name":"wp","href":"https:\/\/api.w.org\/{rel}","templated":true}]}}