{"id":3302,"date":"2025-07-31T14:29:05","date_gmt":"2025-07-31T14:29:05","guid":{"rendered":"https:\/\/www.santai-ceramics.com\/?post_type=product&#038;p=3302"},"modified":"2025-07-31T14:29:06","modified_gmt":"2025-07-31T14:29:06","slug":"wholesale-rustic-handcrafted-ceramic-vases","status":"publish","type":"product","link":"https:\/\/www.santai-ceramics.com\/es\/product\/wholesale-rustic-handcrafted-ceramic-vases\/","title":{"rendered":"Mayorista Jarrones de cer\u00e1mica artesanales - Con motivos geom\u00e9tricos y toques vintage"},"content":{"rendered":"<h3 class=\"wp-block-heading\">Caracter\u00edsticas de los jarrones de cer\u00e1mica artesanales: motivos geom\u00e9tricos y toques vintage<\/h3>\n\n\n\n<ul class=\"wp-block-list\">\n<li><strong>Una fusi\u00f3n de est\u00e9tica vintage y moderna: <\/strong>Este jarr\u00f3n combina el tacto crudo y artesanal de la cer\u00e1mica con motivos geom\u00e9tricos como cuadr\u00edculas y puntos, conservando la textura natural de la cer\u00e1mica tradicional y a\u00f1adiendo al mismo tiempo un dise\u00f1o moderno y minimalista.<br><\/li>\n\n\n\n<li><strong>Arte artesanal y detalles \u00fanicos: <\/strong>El jarr\u00f3n est\u00e1 adornado con marcas antiguas irregulares y motivos geom\u00e9tricos, que resaltan la artesan\u00eda hecha a mano.<br><\/li>\n\n\n\n<li><strong>Tres opciones de tama\u00f1o: <\/strong>Este jarr\u00f3n est\u00e1 disponible en tres tama\u00f1os, creando una est\u00e9tica \u00fanica tanto si se expone individualmente como en una colecci\u00f3n.<\/li>\n<\/ul>\n\n\n\n<h3 class=\"wp-block-heading\">Servicio de floreros de cer\u00e1mica personalizados<\/h3>\n\n\n\n<p>Ofrecemos servicios OEM y ODM para nuestros productos.<br>Entrega r\u00e1pida de muestras.<br>Ofrecemos una gran variedad de formas, colores, impresi\u00f3n personalizada, embalaje y otros servicios a medida para satisfacer sus necesidades espec\u00edficas.<br><a href=\"https:\/\/www.santai-ceramics.com\/es\/custom\/\" data-type=\"page\" data-id=\"13\" target=\"_blank\" rel=\"noreferrer noopener\"><strong><b>M\u00e1s informaci\u00f3n<\/b> soluciones para jarrones de cer\u00e1mica.<\/strong><\/a><\/p>\n\n\n\n<div class=\"wp-block-columns is-layout-flex wp-container-core-columns-is-layout-9d6595d7 wp-block-columns-is-layout-flex\">\n<div class=\"wp-block-column is-layout-flow wp-block-column-is-layout-flow\">\n<figure class=\"wp-block-image size-full\"><img decoding=\"async\" width=\"2689\" height=\"2689\" src=\"https:\/\/www.santai-ceramics.com\/wp-content\/uploads\/2025\/07\/wholesale-ceramic-vases.webp\" alt=\"\" class=\"wp-image-3387\" srcset=\"https:\/\/www.santai-ceramics.com\/wp-content\/uploads\/2025\/07\/wholesale-ceramic-vases.webp 2689w, https:\/\/www.santai-ceramics.com\/wp-content\/uploads\/2025\/07\/wholesale-ceramic-vases-300x300.webp 300w, https:\/\/www.santai-ceramics.com\/wp-content\/uploads\/2025\/07\/wholesale-ceramic-vases-150x150.webp 150w, https:\/\/www.santai-ceramics.com\/wp-content\/uploads\/2025\/07\/wholesale-ceramic-vases-768x768.webp 768w, https:\/\/www.santai-ceramics.com\/wp-content\/uploads\/2025\/07\/wholesale-ceramic-vases-12x12.webp 12w, https:\/\/www.santai-ceramics.com\/wp-content\/uploads\/2025\/07\/wholesale-ceramic-vases-1200x1200.webp 1200w, https:\/\/www.santai-ceramics.com\/wp-content\/uploads\/2025\/07\/wholesale-ceramic-vases-600x600.webp 600w, https:\/\/www.santai-ceramics.com\/wp-content\/uploads\/2025\/07\/wholesale-ceramic-vases-100x100.webp 100w\" sizes=\"(max-width: 2689px) 100vw, 2689px\" \/><\/figure>\n<\/div>\n\n\n\n<div class=\"wp-block-column is-layout-flow wp-block-column-is-layout-flow\">\n<figure class=\"wp-block-image size-full\"><img decoding=\"async\" width=\"1879\" height=\"1879\" src=\"https:\/\/www.santai-ceramics.com\/wp-content\/uploads\/2025\/07\/wholesale-ceramic-vases-5.webp\" alt=\"\" class=\"wp-image-3386\" srcset=\"https:\/\/www.santai-ceramics.com\/wp-content\/uploads\/2025\/07\/wholesale-ceramic-vases-5.webp 1879w, https:\/\/www.santai-ceramics.com\/wp-content\/uploads\/2025\/07\/wholesale-ceramic-vases-5-300x300.webp 300w, https:\/\/www.santai-ceramics.com\/wp-content\/uploads\/2025\/07\/wholesale-ceramic-vases-5-150x150.webp 150w, https:\/\/www.santai-ceramics.com\/wp-content\/uploads\/2025\/07\/wholesale-ceramic-vases-5-768x768.webp 768w, https:\/\/www.santai-ceramics.com\/wp-content\/uploads\/2025\/07\/wholesale-ceramic-vases-5-12x12.webp 12w, https:\/\/www.santai-ceramics.com\/wp-content\/uploads\/2025\/07\/wholesale-ceramic-vases-5-1200x1200.webp 1200w, https:\/\/www.santai-ceramics.com\/wp-content\/uploads\/2025\/07\/wholesale-ceramic-vases-5-600x600.webp 600w, https:\/\/www.santai-ceramics.com\/wp-content\/uploads\/2025\/07\/wholesale-ceramic-vases-5-100x100.webp 100w\" sizes=\"(max-width: 1879px) 100vw, 1879px\" \/><\/figure>\n<\/div>\n<\/div>","protected":false},"excerpt":{"rendered":"<p data-pm-slice=\"0 0 []\">Jarrones de cer\u00e1mica artesanales al por mayor. Este conjunto de jarrones de cer\u00e1mica artesanales combina h\u00e1bilmente texturas vintage con motivos geom\u00e9tricos modernos. La artesan\u00eda \u00fanica combinada con detalles de dise\u00f1o reflexivo crea una pieza vers\u00e1til adecuado para una variedad de entornos decorativos, incluyendo en interiores y en el jard\u00edn.<\/p>\n<h2>Especificaciones de los jarrones de cer\u00e1mica<\/h2>\n<table width=\"1140\">\n<tbody>\n<tr>\n<td width=\"285\">N\u00famero de modelo<\/td>\n<td width=\"285\">A37904-H943-A01<\/td>\n<td width=\"285\">A37904-H943-A02<\/td>\n<td width=\"285\">A37904-H943-A03<\/td>\n<\/tr>\n<tr>\n<td>Nombre del producto<\/td>\n<td>Jarr\u00f3n de terracota<\/td>\n<td>Jarr\u00f3n de terracota<\/td>\n<td>Jarr\u00f3n de terracota<\/td>\n<\/tr>\n<tr>\n<td>Color<\/td>\n<td>Rojo tierra<\/td>\n<td>Rojo tierra<\/td>\n<td>Rojo tierra<\/td>\n<\/tr>\n<tr>\n<td>Material<\/td>\n<td>Terracota<\/td>\n<td>Terracota<\/td>\n<td>Terracota<\/td>\n<\/tr>\n<tr>\n<td>Escenarios de uso<\/td>\n<td>decoraci\u00f3n del hogar y del jard\u00edn<\/td>\n<td>decoraci\u00f3n del hogar y del jard\u00edn<\/td>\n<td>decoraci\u00f3n del hogar y del jard\u00edn<\/td>\n<\/tr>\n<tr>\n<td>Dimensiones<\/td>\n<td>P:21.5X27.5cm<\/td>\n<td>P:18X21cm<\/td>\n<td>P:15X17,5cm<\/td>\n<\/tr>\n<tr>\n<td>Peso<\/td>\n<td>1,6 kg\/unidad<\/td>\n<td>1,1 kg\/unidad<\/td>\n<td>0,7 kg\/unidad<\/td>\n<\/tr>\n<\/tbody>\n<\/table>\n<p>\n<script src=\"chrome-extension:\/\/fpelahbljekknahkcaegamhcndkfpfnc\/iFrame.js\" type=\"text\/javascript\"><\/script><\/p>","protected":false},"featured_media":3384,"comment_status":"closed","ping_status":"closed","template":"","meta":{"_acf_changed":false},"product_brand":[],"product_cat":[18,21,22],"product_tag":[],"class_list":{"0":"post-3302","1":"product","2":"type-product","3":"status-publish","4":"has-post-thumbnail","6":"product_cat-home-decor","7":"product_cat-garden-decor","8":"product_cat-vase","10":"first","11":"instock","12":"shipping-taxable","13":"product-type-simple"},"acf":[],"_links":{"self":[{"href":"https:\/\/www.santai-ceramics.com\/es\/wp-json\/wp\/v2\/product\/3302","targetHints":{"allow":["GET"]}}],"collection":[{"href":"https:\/\/www.santai-ceramics.com\/es\/wp-json\/wp\/v2\/product"}],"about":[{"href":"https:\/\/www.santai-ceramics.com\/es\/wp-json\/wp\/v2\/types\/product"}],"replies":[{"embeddable":true,"href":"https:\/\/www.santai-ceramics.com\/es\/wp-json\/wp\/v2\/comments?post=3302"}],"wp:featuredmedia":[{"embeddable":true,"href":"https:\/\/www.santai-ceramics.com\/es\/wp-json\/wp\/v2\/media\/3384"}],"wp:attachment":[{"href":"https:\/\/www.santai-ceramics.com\/es\/wp-json\/wp\/v2\/media?parent=3302"}],"wp:term":[{"taxonomy":"product_brand","embeddable":true,"href":"https:\/\/www.santai-ceramics.com\/es\/wp-json\/wp\/v2\/product_brand?post=3302"},{"taxonomy":"product_cat","embeddable":true,"href":"https:\/\/www.santai-ceramics.com\/es\/wp-json\/wp\/v2\/product_cat?post=3302"},{"taxonomy":"product_tag","embeddable":true,"href":"https:\/\/www.santai-ceramics.com\/es\/wp-json\/wp\/v2\/product_tag?post=3302"}],"curies":[{"name":"wp","href":"https:\/\/api.w.org\/{rel}","templated":true}]}}