{"id":3449,"date":"2025-08-20T10:05:57","date_gmt":"2025-08-20T10:05:57","guid":{"rendered":"https:\/\/www.santai-ceramics.com\/?post_type=product&#038;p=3449"},"modified":"2025-08-20T10:05:58","modified_gmt":"2025-08-20T10:05:58","slug":"wholesale-hand-crafted-pink-ceramic-vases-in-bulk","status":"publish","type":"product","link":"https:\/\/www.santai-ceramics.com\/es\/product\/wholesale-hand-crafted-pink-ceramic-vases-in-bulk\/","title":{"rendered":"Jarrones de cer\u00e1mica con textura hechos a mano al por mayor - Decoraci\u00f3n para el hogar elegante y vers\u00e1til"},"content":{"rendered":"<h3 class=\"wp-block-heading\">Features of&nbsp;Hand-crafted Stripe Texture Ceramic Vases<\/h3>\n\n\n\n<ul class=\"wp-block-list\">\n<li><strong>Soft &amp; Elegant Color:<\/strong>These hand-crafted textured ceramic vase in bulk is glazed in a soft Morandi pink, lending it warmth and elegance. The soft color with low saturation is easily applicable to most varied interior design, adding warmth, romance, and sophistication to any space.<\/li>\n<\/ul>\n\n\n\n<ul class=\"wp-block-list\">\n<li><strong>Diverse Textures &amp; Designs:<\/strong>Bulk ceramic vases is decorated with horizontal stripes, which provide both visual depth and tactile pleasure. Its unique surface is full of artistic feeling.<\/li>\n<\/ul>\n\n\n\n<ul class=\"wp-block-list\">\n<li><strong>Varios tama\u00f1os:<\/strong>Wholesale vases come in a variety of sizes and can be used together or placed individually, making them suitable for various spaces such as living rooms, bedrooms, or desks. The differences in height and width allow you to freely combine them to create unique layered shapes and add beauty to your home.<\/li>\n<\/ul>\n\n\n\n<ul class=\"wp-block-list\">\n<li><strong>Practical &amp; Decorative:<\/strong>Ideal for fresh or dried flowers, the body and mouth of the stripe texture ceramic vase in bulk are made to hold stems firmly in place, but the decorative texture and shape of the vase render it a work of art in itself without flowers. It is beautiful on shelves, tables, mantels, or windowsills, adding character and sophistication to any room.<\/li>\n<\/ul>\n\n\n\n<h3 class=\"wp-block-heading\">Custom Hand-crafted Stripe Texture Ceramic Vases Service<\/h3>\n\n\n\n<p>Ofrecemos servicios OEM y ODM para nuestros productos.<br>Entrega r\u00e1pida de muestras.<br>Ofrecemos una gran variedad de formas, colores, impresi\u00f3n personalizada, embalaje y otros servicios a medida para satisfacer sus necesidades espec\u00edficas.<br><a href=\"https:\/\/www.santai-ceramics.com\/es\/custom\/\" data-type=\"page\" data-id=\"13\" target=\"_blank\" rel=\"noreferrer noopener\"><strong>M\u00e1s informaci\u00f3n sobre detalles de jarrones de cer\u00e1mica personalizados.<\/strong><\/a><\/p>\n\n\n\n<div class=\"wp-block-columns is-layout-flex wp-container-core-columns-is-layout-9d6595d7 wp-block-columns-is-layout-flex\">\n<div class=\"wp-block-column is-layout-flow wp-block-column-is-layout-flow\">\n<figure class=\"wp-block-image size-full\"><img decoding=\"async\" width=\"1366\" height=\"1366\" src=\"https:\/\/www.santai-ceramics.com\/wp-content\/uploads\/2025\/08\/Hand-crafted-texture-ceramic-vases-bulk-6.webp\" alt=\"Hand-crafted texture ceramic vases bulk (6)\" class=\"wp-image-3498\" srcset=\"https:\/\/www.santai-ceramics.com\/wp-content\/uploads\/2025\/08\/Hand-crafted-texture-ceramic-vases-bulk-6.webp 1366w, https:\/\/www.santai-ceramics.com\/wp-content\/uploads\/2025\/08\/Hand-crafted-texture-ceramic-vases-bulk-6-300x300.webp 300w, https:\/\/www.santai-ceramics.com\/wp-content\/uploads\/2025\/08\/Hand-crafted-texture-ceramic-vases-bulk-6-150x150.webp 150w, https:\/\/www.santai-ceramics.com\/wp-content\/uploads\/2025\/08\/Hand-crafted-texture-ceramic-vases-bulk-6-768x768.webp 768w, https:\/\/www.santai-ceramics.com\/wp-content\/uploads\/2025\/08\/Hand-crafted-texture-ceramic-vases-bulk-6-12x12.webp 12w, https:\/\/www.santai-ceramics.com\/wp-content\/uploads\/2025\/08\/Hand-crafted-texture-ceramic-vases-bulk-6-1200x1200.webp 1200w, https:\/\/www.santai-ceramics.com\/wp-content\/uploads\/2025\/08\/Hand-crafted-texture-ceramic-vases-bulk-6-600x600.webp 600w, https:\/\/www.santai-ceramics.com\/wp-content\/uploads\/2025\/08\/Hand-crafted-texture-ceramic-vases-bulk-6-100x100.webp 100w\" sizes=\"(max-width: 1366px) 100vw, 1366px\" \/><\/figure>\n<\/div>\n\n\n\n<div class=\"wp-block-column is-layout-flow wp-block-column-is-layout-flow\">\n<figure class=\"wp-block-image size-full\"><img decoding=\"async\" width=\"3782\" height=\"3781\" src=\"https:\/\/www.santai-ceramics.com\/wp-content\/uploads\/2025\/08\/Hand-crafted-texture-ceramic-vases-bulk-1-1.webp\" alt=\"\" class=\"wp-image-3500\" srcset=\"https:\/\/www.santai-ceramics.com\/wp-content\/uploads\/2025\/08\/Hand-crafted-texture-ceramic-vases-bulk-1-1.webp 3782w, https:\/\/www.santai-ceramics.com\/wp-content\/uploads\/2025\/08\/Hand-crafted-texture-ceramic-vases-bulk-1-1-300x300.webp 300w, https:\/\/www.santai-ceramics.com\/wp-content\/uploads\/2025\/08\/Hand-crafted-texture-ceramic-vases-bulk-1-1-150x150.webp 150w, https:\/\/www.santai-ceramics.com\/wp-content\/uploads\/2025\/08\/Hand-crafted-texture-ceramic-vases-bulk-1-1-768x768.webp 768w, https:\/\/www.santai-ceramics.com\/wp-content\/uploads\/2025\/08\/Hand-crafted-texture-ceramic-vases-bulk-1-1-12x12.webp 12w, https:\/\/www.santai-ceramics.com\/wp-content\/uploads\/2025\/08\/Hand-crafted-texture-ceramic-vases-bulk-1-1-1200x1200.webp 1200w, https:\/\/www.santai-ceramics.com\/wp-content\/uploads\/2025\/08\/Hand-crafted-texture-ceramic-vases-bulk-1-1-600x600.webp 600w, https:\/\/www.santai-ceramics.com\/wp-content\/uploads\/2025\/08\/Hand-crafted-texture-ceramic-vases-bulk-1-1-100x100.webp 100w\" sizes=\"(max-width: 3782px) 100vw, 3782px\" \/><\/figure>\n<\/div>\n<\/div>\n\n\n\n<p><\/p>","protected":false},"excerpt":{"rendered":"<p data-pm-slice=\"0 0 []\">Hand-crafted stripe texture ceramic vases in bulk. This is a ceramic Morandi pink-colored vase that has an embossed horizontal stripes design. Its versatile shapes and sizes make it a smooth fit in modern, Nordic, French antique, or industrial home decor and can be utilized as a flower vase as well as a freestanding decorative piece. Our OEM and ODM services are available. Contact us for an inquiry now!<\/p>\n<h2>Specification of\u00a0 Hand-crafted Stripe Texture Ceramic Vases<\/h2>\n<table width=\"1140\">\n<tbody>\n<tr>\n<td width=\"285\">N\u00famero de modelo<\/td>\n<td width=\"285\">A37881-LE27-A01<\/td>\n<td width=\"285\">A37881-LE27-A02<\/td>\n<td width=\"285\">A37881-LE27-A03<\/td>\n<\/tr>\n<tr>\n<td>Nombre del producto<\/td>\n<td>Jarr\u00f3n de cer\u00e1mica<\/td>\n<td>Jarr\u00f3n de cer\u00e1mica<\/td>\n<td>Jarr\u00f3n de cer\u00e1mica<\/td>\n<\/tr>\n<tr>\n<td>Color<\/td>\n<td>Rosa<\/td>\n<td>Rosa<\/td>\n<td>Rosa<\/td>\n<\/tr>\n<tr>\n<td>Material<\/td>\n<td>Cer\u00e1mica\u00a0<\/td>\n<td>Cer\u00e1mica\u00a0<\/td>\n<td>Cer\u00e1mica\u00a0<\/td>\n<\/tr>\n<tr>\n<td>Escenarios de uso<\/td>\n<td>decoraci\u00f3n del hogar\u00a0<\/td>\n<td>decoraci\u00f3n del hogar\u00a0<\/td>\n<td>decoraci\u00f3n del hogar\u00a0<\/td>\n<\/tr>\n<tr>\n<td>Dimensiones<\/td>\n<td>P:17.5X31cm<\/td>\n<td>P:16X24,5cm<\/td>\n<td>P:15,5X20cm<\/td>\n<\/tr>\n<tr>\n<td>Peso<\/td>\n<td>1,7 kg\/unidad<\/td>\n<td>1,1 kg\/unidad<\/td>\n<td>0,9 kg\/unidad<\/td>\n<\/tr>\n<\/tbody>\n<\/table>\n<p>\n<script src=\"chrome-extension:\/\/fpelahbljekknahkcaegamhcndkfpfnc\/iFrame.js\" type=\"text\/javascript\"><\/script><\/p>","protected":false},"featured_media":3495,"comment_status":"closed","ping_status":"closed","template":"","meta":{"_acf_changed":false},"product_brand":[],"product_cat":[18,22],"product_tag":[],"class_list":{"0":"post-3449","1":"product","2":"type-product","3":"status-publish","4":"has-post-thumbnail","6":"product_cat-home-decor","7":"product_cat-vase","9":"first","10":"instock","11":"shipping-taxable","12":"product-type-simple"},"acf":[],"_links":{"self":[{"href":"https:\/\/www.santai-ceramics.com\/es\/wp-json\/wp\/v2\/product\/3449","targetHints":{"allow":["GET"]}}],"collection":[{"href":"https:\/\/www.santai-ceramics.com\/es\/wp-json\/wp\/v2\/product"}],"about":[{"href":"https:\/\/www.santai-ceramics.com\/es\/wp-json\/wp\/v2\/types\/product"}],"replies":[{"embeddable":true,"href":"https:\/\/www.santai-ceramics.com\/es\/wp-json\/wp\/v2\/comments?post=3449"}],"wp:featuredmedia":[{"embeddable":true,"href":"https:\/\/www.santai-ceramics.com\/es\/wp-json\/wp\/v2\/media\/3495"}],"wp:attachment":[{"href":"https:\/\/www.santai-ceramics.com\/es\/wp-json\/wp\/v2\/media?parent=3449"}],"wp:term":[{"taxonomy":"product_brand","embeddable":true,"href":"https:\/\/www.santai-ceramics.com\/es\/wp-json\/wp\/v2\/product_brand?post=3449"},{"taxonomy":"product_cat","embeddable":true,"href":"https:\/\/www.santai-ceramics.com\/es\/wp-json\/wp\/v2\/product_cat?post=3449"},{"taxonomy":"product_tag","embeddable":true,"href":"https:\/\/www.santai-ceramics.com\/es\/wp-json\/wp\/v2\/product_tag?post=3449"}],"curies":[{"name":"wp","href":"https:\/\/api.w.org\/{rel}","templated":true}]}}