{"id":3451,"date":"2025-08-21T01:07:17","date_gmt":"2025-08-21T01:07:17","guid":{"rendered":"https:\/\/www.santai-ceramics.com\/?post_type=product&#038;p=3451"},"modified":"2025-08-21T01:07:19","modified_gmt":"2025-08-21T01:07:19","slug":"bulk-pink-flower-vases-wholesale","status":"publish","type":"product","link":"https:\/\/www.santai-ceramics.com\/es\/product\/bulk-pink-flower-vases-wholesale\/","title":{"rendered":"Floreros rosas a granel con dise\u00f1o de doble textura - Varios tama\u00f1os"},"content":{"rendered":"<h3 class=\"wp-block-heading\">Caracter\u00edsticas de los floreros rosas<\/h3>\n\n\n\n<ul class=\"wp-block-list\">\n<li><strong>Forma \u00fanica de doble textura:<\/strong>Todos los floreros a granel poseen una forma segmentada \u00fanica. Una parte superior esmaltada en rosa con un aspecto que atrapa la luz suave, junto a una secci\u00f3n inferior vertical ondulada y esculpida. El contraste de texturas crea un aspecto lujoso y art\u00edstico que atraer\u00e1 las miradas en cualquier estancia.<\/li>\n<\/ul>\n\n\n\n<ul class=\"wp-block-list\">\n<li><strong>Elegante forma de gota de agua:<\/strong>Con l\u00edneas fluidas y contornos redondeados, el cuerpo del jarr\u00f3n de dise\u00f1o de doble textura se asemeja a una gota de agua. Con contornos suaves y proporciones equilibradas, no es solo un jarr\u00f3n para flores, sino una pieza de arte en s\u00ed misma.<\/li>\n<\/ul>\n\n\n\n<ul class=\"wp-block-list\">\n<li><strong>Set de tres piezas para un peinado flexible:<\/strong>Con formas grandes, medianas y peque\u00f1as, estos jarrones de flores a granel ofrecen diversas posibilidades de arreglo. Exh\u00edbalos juntos para crear capas de profundidad o agr\u00fapelos por separado en distintos espacios, como el sal\u00f3n, el dormitorio o el comedor.<\/li>\n<\/ul>\n\n\n\n<ul class=\"wp-block-list\">\n<li><strong>Artesan\u00eda cer\u00e1mica de primera calidad:<\/strong>Hecho de cer\u00e1mica de alta calidad cocida a alta temperatura para mayor resistencia y durabilidad. La suave superficie esmaltada tambi\u00e9n es resistente a la decoloraci\u00f3n, por lo que lucir\u00e1 estupenda durante a\u00f1os. Ideal para flores frescas y tambi\u00e9n como centro de mesa decorativo por s\u00ed solo.<\/li>\n<\/ul>\n\n\n\n<h3 class=\"wp-block-heading\">Servicio de dise\u00f1o de floreros personalizados con doble textura<\/h3>\n\n\n\n<p>Ofrecemos servicios OEM y ODM para nuestros productos.<br>Entrega r\u00e1pida de muestras.<br>Ofrecemos una gran variedad de formas, colores, impresi\u00f3n personalizada, embalaje y otros servicios a medida para satisfacer sus necesidades espec\u00edficas.<br><a href=\"https:\/\/www.santai-ceramics.com\/es\/custom\/\" data-type=\"page\" data-id=\"13\" target=\"_blank\" rel=\"noreferrer noopener\"><strong>M\u00e1s informaci\u00f3n sobre jarrones personalizados.<\/strong><\/a><\/p>\n\n\n\n<div class=\"wp-block-columns is-layout-flex wp-container-core-columns-is-layout-9d6595d7 wp-block-columns-is-layout-flex\">\n<div class=\"wp-block-column is-layout-flow wp-block-column-is-layout-flow\">\n<figure class=\"wp-block-image size-full\"><img decoding=\"async\" width=\"1496\" height=\"1496\" src=\"https:\/\/www.santai-ceramics.com\/wp-content\/uploads\/2025\/08\/bulk-vases-with-dual-texture-design-5.webp\" alt=\"jarrones a granel con dise\u00f1o de doble textura (5)\" class=\"wp-image-3481\" srcset=\"https:\/\/www.santai-ceramics.com\/wp-content\/uploads\/2025\/08\/bulk-vases-with-dual-texture-design-5.webp 1496w, https:\/\/www.santai-ceramics.com\/wp-content\/uploads\/2025\/08\/bulk-vases-with-dual-texture-design-5-300x300.webp 300w, https:\/\/www.santai-ceramics.com\/wp-content\/uploads\/2025\/08\/bulk-vases-with-dual-texture-design-5-150x150.webp 150w, https:\/\/www.santai-ceramics.com\/wp-content\/uploads\/2025\/08\/bulk-vases-with-dual-texture-design-5-768x768.webp 768w, https:\/\/www.santai-ceramics.com\/wp-content\/uploads\/2025\/08\/bulk-vases-with-dual-texture-design-5-12x12.webp 12w, https:\/\/www.santai-ceramics.com\/wp-content\/uploads\/2025\/08\/bulk-vases-with-dual-texture-design-5-1200x1200.webp 1200w, https:\/\/www.santai-ceramics.com\/wp-content\/uploads\/2025\/08\/bulk-vases-with-dual-texture-design-5-600x600.webp 600w, https:\/\/www.santai-ceramics.com\/wp-content\/uploads\/2025\/08\/bulk-vases-with-dual-texture-design-5-100x100.webp 100w\" sizes=\"(max-width: 1496px) 100vw, 1496px\" \/><\/figure>\n<\/div>\n\n\n\n<div class=\"wp-block-column is-layout-flow wp-block-column-is-layout-flow\">\n<figure class=\"wp-block-image size-full\"><img decoding=\"async\" width=\"3170\" height=\"3169\" src=\"https:\/\/www.santai-ceramics.com\/wp-content\/uploads\/2025\/08\/bulk-vases-with-dual-texture-design-6.webp\" alt=\"jarrones a granel con dise\u00f1o de doble textura (6)\" class=\"wp-image-3482\" srcset=\"https:\/\/www.santai-ceramics.com\/wp-content\/uploads\/2025\/08\/bulk-vases-with-dual-texture-design-6.webp 3170w, https:\/\/www.santai-ceramics.com\/wp-content\/uploads\/2025\/08\/bulk-vases-with-dual-texture-design-6-300x300.webp 300w, https:\/\/www.santai-ceramics.com\/wp-content\/uploads\/2025\/08\/bulk-vases-with-dual-texture-design-6-150x150.webp 150w, https:\/\/www.santai-ceramics.com\/wp-content\/uploads\/2025\/08\/bulk-vases-with-dual-texture-design-6-768x768.webp 768w, https:\/\/www.santai-ceramics.com\/wp-content\/uploads\/2025\/08\/bulk-vases-with-dual-texture-design-6-12x12.webp 12w, https:\/\/www.santai-ceramics.com\/wp-content\/uploads\/2025\/08\/bulk-vases-with-dual-texture-design-6-1200x1200.webp 1200w, https:\/\/www.santai-ceramics.com\/wp-content\/uploads\/2025\/08\/bulk-vases-with-dual-texture-design-6-600x600.webp 600w, https:\/\/www.santai-ceramics.com\/wp-content\/uploads\/2025\/08\/bulk-vases-with-dual-texture-design-6-100x100.webp 100w\" sizes=\"(max-width: 3170px) 100vw, 3170px\" \/><\/figure>\n<\/div>\n<\/div>","protected":false},"excerpt":{"rendered":"<p data-pm-slice=\"0 0 []\">Venta de jarrones de flores rosas a granel. Un moderno conjunto de jarrones de cer\u00e1mica de tres piezas que cuenta con suaves colores rosa pastel y texturas duales n\u00edtidas. Con acabados esmaltados en superficies lisas y patrones ondulados esculpidos, este conjunto de floreros de tres piezas a granel aporta calidez, est\u00e9tica y versatilidad a cualquier sal\u00f3n. Servicios OEM\/ODM disponibles. P\u00f3ngase en contacto con nosotros.<\/p>\n<h2>Especificaciones de los floreros con dise\u00f1o de doble textura<\/h2>\n<table width=\"1140\">\n<tbody>\n<tr>\n<td width=\"285\">N\u00famero de modelo<\/td>\n<td width=\"285\">A37854-LE27-A01<\/td>\n<td width=\"285\">A37855-LE27-A01<\/td>\n<td width=\"285\">A37855-LE27-A02<\/td>\n<\/tr>\n<tr>\n<td>Nombre del producto<\/td>\n<td>Jarr\u00f3n de cer\u00e1mica<\/td>\n<td>Jarr\u00f3n de cer\u00e1mica<\/td>\n<td>Jarr\u00f3n de cer\u00e1mica<\/td>\n<\/tr>\n<tr>\n<td>Color<\/td>\n<td>Rosa<\/td>\n<td>Rosa<\/td>\n<td>Rosa<\/td>\n<\/tr>\n<tr>\n<td>Material<\/td>\n<td>Cer\u00e1mica\u00a0<\/td>\n<td>Cer\u00e1mica\u00a0<\/td>\n<td>Cer\u00e1mica\u00a0<\/td>\n<\/tr>\n<tr>\n<td>Escenarios de uso<\/td>\n<td>decoraci\u00f3n del hogar\u00a0<\/td>\n<td>decoraci\u00f3n del hogar\u00a0<\/td>\n<td>decoraci\u00f3n del hogar\u00a0<\/td>\n<\/tr>\n<tr>\n<td>Dimensiones<\/td>\n<td>P:16,5X35,5cm<\/td>\n<td>P:16,5X28,5cm<\/td>\n<td>P:13X21cm<\/td>\n<\/tr>\n<tr>\n<td>Peso<\/td>\n<td>1,6 kg\/unidad<\/td>\n<td>1,2 kg\/unidad<\/td>\n<td>0,8 kg\/unidad<\/td>\n<\/tr>\n<\/tbody>\n<\/table>\n<p>\n<script src=\"chrome-extension:\/\/fpelahbljekknahkcaegamhcndkfpfnc\/iFrame.js\" type=\"text\/javascript\"><\/script><\/p>","protected":false},"featured_media":3478,"comment_status":"closed","ping_status":"closed","template":"","meta":{"_acf_changed":false},"product_brand":[],"product_cat":[18,22],"product_tag":[],"class_list":{"0":"post-3451","1":"product","2":"type-product","3":"status-publish","4":"has-post-thumbnail","6":"product_cat-home-decor","7":"product_cat-vase","9":"first","10":"instock","11":"shipping-taxable","12":"product-type-simple"},"acf":[],"_links":{"self":[{"href":"https:\/\/www.santai-ceramics.com\/es\/wp-json\/wp\/v2\/product\/3451","targetHints":{"allow":["GET"]}}],"collection":[{"href":"https:\/\/www.santai-ceramics.com\/es\/wp-json\/wp\/v2\/product"}],"about":[{"href":"https:\/\/www.santai-ceramics.com\/es\/wp-json\/wp\/v2\/types\/product"}],"replies":[{"embeddable":true,"href":"https:\/\/www.santai-ceramics.com\/es\/wp-json\/wp\/v2\/comments?post=3451"}],"wp:featuredmedia":[{"embeddable":true,"href":"https:\/\/www.santai-ceramics.com\/es\/wp-json\/wp\/v2\/media\/3478"}],"wp:attachment":[{"href":"https:\/\/www.santai-ceramics.com\/es\/wp-json\/wp\/v2\/media?parent=3451"}],"wp:term":[{"taxonomy":"product_brand","embeddable":true,"href":"https:\/\/www.santai-ceramics.com\/es\/wp-json\/wp\/v2\/product_brand?post=3451"},{"taxonomy":"product_cat","embeddable":true,"href":"https:\/\/www.santai-ceramics.com\/es\/wp-json\/wp\/v2\/product_cat?post=3451"},{"taxonomy":"product_tag","embeddable":true,"href":"https:\/\/www.santai-ceramics.com\/es\/wp-json\/wp\/v2\/product_tag?post=3451"}],"curies":[{"name":"wp","href":"https:\/\/api.w.org\/{rel}","templated":true}]}}