{"id":3453,"date":"2025-08-21T01:31:51","date_gmt":"2025-08-21T01:31:51","guid":{"rendered":"https:\/\/www.santai-ceramics.com\/?post_type=product&#038;p=3453"},"modified":"2025-08-21T01:31:52","modified_gmt":"2025-08-21T01:31:52","slug":"wholesale-soft-pink-ceramic-vases","status":"publish","type":"product","link":"https:\/\/www.santai-ceramics.com\/es\/product\/wholesale-soft-pink-ceramic-vases\/","title":{"rendered":"Mayorista Jarrones de Cer\u00e1mica Rosa Suave con Dise\u00f1o Texturado - Bulk Modern Decorative Flower Vases"},"content":{"rendered":"<h3 class=\"wp-block-heading\">Caracter\u00edsticas de los jarrones de cer\u00e1mica rosa suave con dise\u00f1o texturizado<\/h3>\n\n\n\n<ul class=\"wp-block-list\">\n<li><strong>Paleta de colores suaves:<\/strong>Creados en un suave esmalte rosa p\u00e1lido, estos jarrones de cer\u00e1mica al por mayor proyectan una atm\u00f3sfera elegante y serena. La luz suave rebota suavemente en la superficie de cer\u00e1mica lisa, creando sombras y reflejos suaves que dan un aire de sofisticaci\u00f3n a cualquier espacio.<\/li>\n<\/ul>\n\n\n\n<ul class=\"wp-block-list\">\n<li><strong>Tipos duales:<\/strong><br>Con m\u00faltiples tama\u00f1os disponibles, la colocaci\u00f3n vers\u00e1til es sencilla: los jarrones peque\u00f1os quedan bien en escritorios o mesillas de noche, mientras que los m\u00e1s grandes adornan salones, pasillos o balcones.<\/li>\n<\/ul>\n\n\n\n<ul class=\"wp-block-list\">\n<li><strong>Durabilidad:<\/strong><br>Fabricado con cer\u00e1mica de alta calidad y cocido a alta temperatura, cada jarr\u00f3n de cer\u00e1mica al por mayor tiene un esmalte suave e impecable. El cuerpo de cer\u00e1mica pesada garantiza un uso duradero, y la construcci\u00f3n de la base estable promete un uso diario seguro sin volcar.<\/li>\n<\/ul>\n\n\n\n<ul class=\"wp-block-list\">\n<li><strong>Versatilidad funcional y est\u00e9tica:<\/strong><br>Estos jarrones de cer\u00e1mica al por mayor con dise\u00f1o texturizado son perfectos como floreros para flores frescas, flores secas o plantas de interior. <\/li>\n<\/ul>\n\n\n\n<h3 class=\"wp-block-heading\">Servicio de jarrones de cer\u00e1mica personalizados<\/h3>\n\n\n\n<p>Ofrecemos servicios OEM y ODM para nuestros productos.<br>Entrega r\u00e1pida de muestras.<br>Ofrecemos una gran variedad de formas, colores, impresi\u00f3n personalizada, embalaje y otros servicios a medida para satisfacer sus necesidades espec\u00edficas.<br><a href=\"https:\/\/www.santai-ceramics.com\/es\/custom\/\" data-type=\"page\" data-id=\"13\" target=\"_blank\" rel=\"noreferrer noopener\"><strong><b>M\u00e1s informaci\u00f3n<\/b> detalles de jarrones de cer\u00e1mica.<\/strong><\/a><\/p>\n\n\n\n<div class=\"wp-block-columns is-layout-flex wp-container-core-columns-is-layout-9d6595d7 wp-block-columns-is-layout-flex\">\n<div class=\"wp-block-column is-layout-flow wp-block-column-is-layout-flow\">\n<figure class=\"wp-block-image size-full\"><img decoding=\"async\" width=\"1476\" height=\"1476\" src=\"https:\/\/www.santai-ceramics.com\/wp-content\/uploads\/2025\/08\/wholesale-textured-soft-pink-ceramic-vases-3.webp\" alt=\"mayorista jarrones de ceramica con textura rosa suave (3)\" class=\"wp-image-3474\" srcset=\"https:\/\/www.santai-ceramics.com\/wp-content\/uploads\/2025\/08\/wholesale-textured-soft-pink-ceramic-vases-3.webp 1476w, https:\/\/www.santai-ceramics.com\/wp-content\/uploads\/2025\/08\/wholesale-textured-soft-pink-ceramic-vases-3-300x300.webp 300w, https:\/\/www.santai-ceramics.com\/wp-content\/uploads\/2025\/08\/wholesale-textured-soft-pink-ceramic-vases-3-150x150.webp 150w, https:\/\/www.santai-ceramics.com\/wp-content\/uploads\/2025\/08\/wholesale-textured-soft-pink-ceramic-vases-3-768x768.webp 768w, https:\/\/www.santai-ceramics.com\/wp-content\/uploads\/2025\/08\/wholesale-textured-soft-pink-ceramic-vases-3-12x12.webp 12w, https:\/\/www.santai-ceramics.com\/wp-content\/uploads\/2025\/08\/wholesale-textured-soft-pink-ceramic-vases-3-1200x1200.webp 1200w, https:\/\/www.santai-ceramics.com\/wp-content\/uploads\/2025\/08\/wholesale-textured-soft-pink-ceramic-vases-3-600x600.webp 600w, https:\/\/www.santai-ceramics.com\/wp-content\/uploads\/2025\/08\/wholesale-textured-soft-pink-ceramic-vases-3-100x100.webp 100w\" sizes=\"(max-width: 1476px) 100vw, 1476px\" \/><\/figure>\n<\/div>\n\n\n\n<div class=\"wp-block-column is-layout-flow wp-block-column-is-layout-flow\">\n<figure class=\"wp-block-image size-full\"><img decoding=\"async\" width=\"2937\" height=\"2937\" src=\"https:\/\/www.santai-ceramics.com\/wp-content\/uploads\/2025\/08\/wholesale-textured-soft-pink-ceramic-vases-4.webp\" alt=\"mayorista jarrones de ceramica con textura rosa suave (4)\" class=\"wp-image-3475\" srcset=\"https:\/\/www.santai-ceramics.com\/wp-content\/uploads\/2025\/08\/wholesale-textured-soft-pink-ceramic-vases-4.webp 2937w, https:\/\/www.santai-ceramics.com\/wp-content\/uploads\/2025\/08\/wholesale-textured-soft-pink-ceramic-vases-4-300x300.webp 300w, https:\/\/www.santai-ceramics.com\/wp-content\/uploads\/2025\/08\/wholesale-textured-soft-pink-ceramic-vases-4-150x150.webp 150w, https:\/\/www.santai-ceramics.com\/wp-content\/uploads\/2025\/08\/wholesale-textured-soft-pink-ceramic-vases-4-768x768.webp 768w, https:\/\/www.santai-ceramics.com\/wp-content\/uploads\/2025\/08\/wholesale-textured-soft-pink-ceramic-vases-4-12x12.webp 12w, https:\/\/www.santai-ceramics.com\/wp-content\/uploads\/2025\/08\/wholesale-textured-soft-pink-ceramic-vases-4-1200x1200.webp 1200w, https:\/\/www.santai-ceramics.com\/wp-content\/uploads\/2025\/08\/wholesale-textured-soft-pink-ceramic-vases-4-600x600.webp 600w, https:\/\/www.santai-ceramics.com\/wp-content\/uploads\/2025\/08\/wholesale-textured-soft-pink-ceramic-vases-4-100x100.webp 100w\" sizes=\"(max-width: 2937px) 100vw, 2937px\" \/><\/figure>\n<\/div>\n<\/div>","protected":false},"excerpt":{"rendered":"<p data-pm-slice=\"0 0 []\">Venta al por mayor de jarrones de cer\u00e1mica de color rosa suave con un dise\u00f1o texturizado. Una refinada colecci\u00f3n de jarrones de cer\u00e1mica en tonos rosa suave, con texturas uniformes y detalles ornamentados. Adecuados para exhibir flores frescas, follaje o como elementos decorativos independientes, los jarrones aportan calidez, elegancia e inter\u00e9s est\u00e9tico al hogar. Ofrecemos servicios OEM\/ODM. Se aceptan pedidos al por mayor. P\u00f3ngase en contacto con nosotros.<\/p>\n<h2>Especificaci\u00f3n de Jarrones de cer\u00e1mica rosa suave con dise\u00f1o texturizado<\/h2>\n<table width=\"855\">\n<tbody>\n<tr>\n<td width=\"285\">N\u00famero de modelo<\/td>\n<td width=\"285\">A37644-LE27-A01<\/td>\n<td width=\"285\">A37644-LE27-A02<\/td>\n<\/tr>\n<tr>\n<td>Nombre del producto<\/td>\n<td>Jarr\u00f3n de cer\u00e1mica<\/td>\n<td>Jarr\u00f3n de cer\u00e1mica<\/td>\n<\/tr>\n<tr>\n<td>Color<\/td>\n<td>Rosa<\/td>\n<td>Rosa<\/td>\n<\/tr>\n<tr>\n<td>Material<\/td>\n<td>Cer\u00e1mica\u00a0<\/td>\n<td>Cer\u00e1mica\u00a0<\/td>\n<\/tr>\n<tr>\n<td>Escenarios de uso<\/td>\n<td>decoraci\u00f3n del hogar\u00a0<\/td>\n<td>decoraci\u00f3n del hogar\u00a0<\/td>\n<\/tr>\n<tr>\n<td>Dimensiones<\/td>\n<td>P:22,5X26,5cm<\/td>\n<td>P:18,5X22cm<\/td>\n<\/tr>\n<tr>\n<td>Peso<\/td>\n<td>2 kg\/unidad<\/td>\n<td>1,3 kg\/unidad<\/td>\n<\/tr>\n<\/tbody>\n<\/table>\n<p>\n<script src=\"chrome-extension:\/\/fpelahbljekknahkcaegamhcndkfpfnc\/iFrame.js\" type=\"text\/javascript\"><\/script><\/p>","protected":false},"featured_media":3473,"comment_status":"closed","ping_status":"closed","template":"","meta":{"_acf_changed":false},"product_brand":[],"product_cat":[18,22],"product_tag":[],"class_list":{"0":"post-3453","1":"product","2":"type-product","3":"status-publish","4":"has-post-thumbnail","6":"product_cat-home-decor","7":"product_cat-vase","9":"first","10":"instock","11":"shipping-taxable","12":"product-type-simple"},"acf":[],"_links":{"self":[{"href":"https:\/\/www.santai-ceramics.com\/es\/wp-json\/wp\/v2\/product\/3453","targetHints":{"allow":["GET"]}}],"collection":[{"href":"https:\/\/www.santai-ceramics.com\/es\/wp-json\/wp\/v2\/product"}],"about":[{"href":"https:\/\/www.santai-ceramics.com\/es\/wp-json\/wp\/v2\/types\/product"}],"replies":[{"embeddable":true,"href":"https:\/\/www.santai-ceramics.com\/es\/wp-json\/wp\/v2\/comments?post=3453"}],"wp:featuredmedia":[{"embeddable":true,"href":"https:\/\/www.santai-ceramics.com\/es\/wp-json\/wp\/v2\/media\/3473"}],"wp:attachment":[{"href":"https:\/\/www.santai-ceramics.com\/es\/wp-json\/wp\/v2\/media?parent=3453"}],"wp:term":[{"taxonomy":"product_brand","embeddable":true,"href":"https:\/\/www.santai-ceramics.com\/es\/wp-json\/wp\/v2\/product_brand?post=3453"},{"taxonomy":"product_cat","embeddable":true,"href":"https:\/\/www.santai-ceramics.com\/es\/wp-json\/wp\/v2\/product_cat?post=3453"},{"taxonomy":"product_tag","embeddable":true,"href":"https:\/\/www.santai-ceramics.com\/es\/wp-json\/wp\/v2\/product_tag?post=3453"}],"curies":[{"name":"wp","href":"https:\/\/api.w.org\/{rel}","templated":true}]}}