{"id":3454,"date":"2025-08-21T00:57:52","date_gmt":"2025-08-21T00:57:52","guid":{"rendered":"https:\/\/www.santai-ceramics.com\/?post_type=product&#038;p=3454"},"modified":"2025-08-21T00:57:54","modified_gmt":"2025-08-21T00:57:54","slug":"wholesale-pink-ceramic-planters","status":"publish","type":"product","link":"https:\/\/www.santai-ceramics.com\/es\/product\/wholesale-pink-ceramic-planters\/","title":{"rendered":"Mayorista Maceteros de Cer\u00e1mica Rosa de Doble Textura - para Decoraci\u00f3n Moderna del Hogar"},"content":{"rendered":"<h3 class=\"wp-block-heading\">Caracter\u00edsticas de las macetas de cer\u00e1mica rosa de doble textura<\/h3>\n\n\n\n<ul class=\"wp-block-list\">\n<li><strong>Suave esmalte pastel con sofisticaci\u00f3n natural:<\/strong><br>Equipadas con un relajante esmalte rosa pastel y un delicado brillo cer\u00e1mico, estas macetas de cer\u00e1mica rosa al por mayor crean una atm\u00f3sfera refrescante y apacible. Algunos dise\u00f1os revelan un interior de arcilla natural para un contraste elegante, mezcla de calidez y sofisticaci\u00f3n moderna.<\/li>\n<\/ul>\n\n\n\n<ul class=\"wp-block-list\">\n<li><strong>Texturas diversas:<\/strong><br>Con ondulaciones, surcos verticales y texturas similares al punto, cada jardinera de doble textura al por mayor tiene un aspecto artesanal \u00fanico. Las superficies de textura gruesa a\u00f1aden funcionalidad al evitar que la tierra se caiga, al tiempo que a\u00f1aden car\u00e1cter y profundidad.<\/li>\n<\/ul>\n\n\n\n<ul class=\"wp-block-list\">\n<li><strong>Variedad de formas y tama\u00f1os:<\/strong><br>En tama\u00f1os grande, mediano y peque\u00f1o, la colecci\u00f3n se adapta a los espacios. Las formas c\u00f3nicas, redondeadas y altas y delgadas crean versatilidad de estilo, desde mesillas de noche y escritorios hasta salones y balcones, perfectos para suculentas, plantas peque\u00f1as o acentos decorativos.<\/li>\n<\/ul>\n\n\n\n<ul class=\"wp-block-list\">\n<li><strong>Versatilidad funcional y decorativa:<\/strong><br>Teniendo en cuenta la plantaci\u00f3n y el estilo, la combinaci\u00f3n de colores pastel suaves y los acabados de textura de estas macetas de cer\u00e1mica al por mayor las hacen adecuadas para varios temas de decoraci\u00f3n: escandinavo, r\u00fastico, moderno o vintage. Plantadas con follaje o solas, sirven como elegante decoraci\u00f3n para el hogar.<\/li>\n<\/ul>\n\n\n\n<h3 class=\"wp-block-heading\">Servicio de maceteros de cer\u00e1mica rosa de doble textura personalizados<\/h3>\n\n\n\n<p>Ofrecemos servicios OEM y ODM para nuestros productos.<br>Entrega r\u00e1pida de muestras.<br>Ofrecemos una gran variedad de formas, colores, impresi\u00f3n personalizada, embalaje y otros servicios a medida para satisfacer sus necesidades espec\u00edficas.<br><a href=\"https:\/\/www.santai-ceramics.com\/es\/custom\/\" data-type=\"page\" data-id=\"13\" target=\"_blank\" rel=\"noreferrer noopener\"><strong>M\u00e1s informaci\u00f3n sobre los detalles de las macetas de cer\u00e1mica personalizadas.<\/strong><\/a><\/p>\n\n\n\n<div class=\"wp-block-columns is-layout-flex wp-container-core-columns-is-layout-9d6595d7 wp-block-columns-is-layout-flex\">\n<div class=\"wp-block-column is-layout-flow wp-block-column-is-layout-flow\">\n<figure class=\"wp-block-image size-full\"><img decoding=\"async\" width=\"1269\" height=\"1269\" src=\"https:\/\/www.santai-ceramics.com\/wp-content\/uploads\/2025\/08\/wholesale-pink-dual-textured-ceramic-planters-3.webp\" alt=\"mayorista macetas de ceramica rosa de doble textura (3)\" class=\"wp-image-3486\" srcset=\"https:\/\/www.santai-ceramics.com\/wp-content\/uploads\/2025\/08\/wholesale-pink-dual-textured-ceramic-planters-3.webp 1269w, https:\/\/www.santai-ceramics.com\/wp-content\/uploads\/2025\/08\/wholesale-pink-dual-textured-ceramic-planters-3-300x300.webp 300w, https:\/\/www.santai-ceramics.com\/wp-content\/uploads\/2025\/08\/wholesale-pink-dual-textured-ceramic-planters-3-150x150.webp 150w, https:\/\/www.santai-ceramics.com\/wp-content\/uploads\/2025\/08\/wholesale-pink-dual-textured-ceramic-planters-3-768x768.webp 768w, https:\/\/www.santai-ceramics.com\/wp-content\/uploads\/2025\/08\/wholesale-pink-dual-textured-ceramic-planters-3-12x12.webp 12w, https:\/\/www.santai-ceramics.com\/wp-content\/uploads\/2025\/08\/wholesale-pink-dual-textured-ceramic-planters-3-1200x1200.webp 1200w, https:\/\/www.santai-ceramics.com\/wp-content\/uploads\/2025\/08\/wholesale-pink-dual-textured-ceramic-planters-3-600x600.webp 600w, https:\/\/www.santai-ceramics.com\/wp-content\/uploads\/2025\/08\/wholesale-pink-dual-textured-ceramic-planters-3-100x100.webp 100w\" sizes=\"(max-width: 1269px) 100vw, 1269px\" \/><\/figure>\n<\/div>\n\n\n\n<div class=\"wp-block-column is-layout-flow wp-block-column-is-layout-flow\">\n<figure class=\"wp-block-image size-full\"><img decoding=\"async\" width=\"2746\" height=\"2746\" src=\"https:\/\/www.santai-ceramics.com\/wp-content\/uploads\/2025\/08\/wholesale-pink-dual-textured-ceramic-planters-5.webp\" alt=\"mayorista macetas de ceramica rosa de doble textura (5)\" class=\"wp-image-3488\" srcset=\"https:\/\/www.santai-ceramics.com\/wp-content\/uploads\/2025\/08\/wholesale-pink-dual-textured-ceramic-planters-5.webp 2746w, https:\/\/www.santai-ceramics.com\/wp-content\/uploads\/2025\/08\/wholesale-pink-dual-textured-ceramic-planters-5-300x300.webp 300w, https:\/\/www.santai-ceramics.com\/wp-content\/uploads\/2025\/08\/wholesale-pink-dual-textured-ceramic-planters-5-150x150.webp 150w, https:\/\/www.santai-ceramics.com\/wp-content\/uploads\/2025\/08\/wholesale-pink-dual-textured-ceramic-planters-5-768x768.webp 768w, https:\/\/www.santai-ceramics.com\/wp-content\/uploads\/2025\/08\/wholesale-pink-dual-textured-ceramic-planters-5-12x12.webp 12w, https:\/\/www.santai-ceramics.com\/wp-content\/uploads\/2025\/08\/wholesale-pink-dual-textured-ceramic-planters-5-1200x1200.webp 1200w, https:\/\/www.santai-ceramics.com\/wp-content\/uploads\/2025\/08\/wholesale-pink-dual-textured-ceramic-planters-5-600x600.webp 600w, https:\/\/www.santai-ceramics.com\/wp-content\/uploads\/2025\/08\/wholesale-pink-dual-textured-ceramic-planters-5-100x100.webp 100w\" sizes=\"(max-width: 2746px) 100vw, 2746px\" \/><\/figure>\n<\/div>\n<\/div>","protected":false},"excerpt":{"rendered":"<p data-pm-slice=\"0 0 []\">Venta al mayor de maceteros de cer\u00e1mica rosa con doble textura. Un deslumbrante surtido de macetas de cer\u00e1mica rosa con un suave esmalte y texturas juguetonas. Disponible en una variedad de tama\u00f1os, estas macetas son perfectas para el cultivo de suculentas y plantas, o como piezas decorativas independientes, a\u00f1adiendo una sensaci\u00f3n fresca y urbana a cualquier espacio. Ofrecemos servicios OEM y ODM. No dude en ponerse en contacto con nosotros.<\/p>\n<h2>Especificaciones de las macetas de cer\u00e1mica rosa de doble textura<\/h2>\n<table width=\"855\">\n<tbody>\n<tr>\n<td width=\"285\">N\u00famero de modelo<\/td>\n<td width=\"285\">A37856-LE27-A01<\/td>\n<td width=\"285\">A37856-LE27-A02<\/td>\n<\/tr>\n<tr>\n<td>Nombre del producto<\/td>\n<td>Maceta de cer\u00e1mica<\/td>\n<td>Maceta de cer\u00e1mica<\/td>\n<\/tr>\n<tr>\n<td>Color<\/td>\n<td>Rosa<\/td>\n<td>Rosa<\/td>\n<\/tr>\n<tr>\n<td>Material<\/td>\n<td>Cer\u00e1mica\u00a0<\/td>\n<td>Cer\u00e1mica\u00a0<\/td>\n<\/tr>\n<tr>\n<td>Escenarios de uso<\/td>\n<td>decoraci\u00f3n del hogar\u00a0<\/td>\n<td>decoraci\u00f3n del hogar\u00a0<\/td>\n<\/tr>\n<tr>\n<td>Dimensiones<\/td>\n<td>P:18,5X20cm<\/td>\n<td>P:15X16,5cm<\/td>\n<\/tr>\n<tr>\n<td>Peso<\/td>\n<td>1,4 kg\/unidad<\/td>\n<td>0,8 kg\/unidad<\/td>\n<\/tr>\n<\/tbody>\n<\/table>\n<p>&nbsp;<\/p>","protected":false},"featured_media":3485,"comment_status":"closed","ping_status":"closed","template":"","meta":{"_acf_changed":false},"product_brand":[],"product_cat":[18,42,21,23],"product_tag":[],"class_list":{"0":"post-3454","1":"product","2":"type-product","3":"status-publish","4":"has-post-thumbnail","6":"product_cat-home-decor","7":"product_cat-wholesale-ceramic-plant-pots","8":"product_cat-garden-decor","9":"product_cat-ceramic-pots-planters","11":"first","12":"instock","13":"shipping-taxable","14":"product-type-simple"},"acf":[],"_links":{"self":[{"href":"https:\/\/www.santai-ceramics.com\/es\/wp-json\/wp\/v2\/product\/3454","targetHints":{"allow":["GET"]}}],"collection":[{"href":"https:\/\/www.santai-ceramics.com\/es\/wp-json\/wp\/v2\/product"}],"about":[{"href":"https:\/\/www.santai-ceramics.com\/es\/wp-json\/wp\/v2\/types\/product"}],"replies":[{"embeddable":true,"href":"https:\/\/www.santai-ceramics.com\/es\/wp-json\/wp\/v2\/comments?post=3454"}],"wp:featuredmedia":[{"embeddable":true,"href":"https:\/\/www.santai-ceramics.com\/es\/wp-json\/wp\/v2\/media\/3485"}],"wp:attachment":[{"href":"https:\/\/www.santai-ceramics.com\/es\/wp-json\/wp\/v2\/media?parent=3454"}],"wp:term":[{"taxonomy":"product_brand","embeddable":true,"href":"https:\/\/www.santai-ceramics.com\/es\/wp-json\/wp\/v2\/product_brand?post=3454"},{"taxonomy":"product_cat","embeddable":true,"href":"https:\/\/www.santai-ceramics.com\/es\/wp-json\/wp\/v2\/product_cat?post=3454"},{"taxonomy":"product_tag","embeddable":true,"href":"https:\/\/www.santai-ceramics.com\/es\/wp-json\/wp\/v2\/product_tag?post=3454"}],"curies":[{"name":"wp","href":"https:\/\/api.w.org\/{rel}","templated":true}]}}