{"id":3456,"date":"2025-08-21T01:25:54","date_gmt":"2025-08-21T01:25:54","guid":{"rendered":"https:\/\/www.santai-ceramics.com\/?post_type=product&#038;p=3456"},"modified":"2025-08-21T01:26:11","modified_gmt":"2025-08-21T01:26:11","slug":"wholesale-pink-ceramic-flower-pots","status":"publish","type":"product","link":"https:\/\/www.santai-ceramics.com\/es\/product\/wholesale-pink-ceramic-flower-pots\/","title":{"rendered":"Mayorista Macetas de Cer\u00e1mica Rosa con Textura de Ondas Horizontales - Estilo Morandi Moderno"},"content":{"rendered":"<h3 class=\"wp-block-heading\">Caracter\u00edsticas de las macetas de cer\u00e1mica con textura ondulada horizontal<\/h3>\n\n\n\n<ul class=\"wp-block-list\">\n<li><strong>Patr\u00f3n \u00fanico de ondas horizontales:<\/strong> La superficie de las macetas de cer\u00e1mica al por mayor tiene un bonito dise\u00f1o de ondas horizontales que imita las ondas naturales que dejan los vientos marinos en las playas. El patr\u00f3n rompe con el est\u00e1ndar de las jardineras lisas, dando una sensaci\u00f3n de ritmo y movilidad. <\/li>\n<\/ul>\n\n\n\n<ul class=\"wp-block-list\">\n<li><strong>Calmante Morandi Rosa:<\/strong>Dise\u00f1ado en un tono rosa Morandi de moda con baja saturaci\u00f3n, el tono desprende suavidad y tranquilidad. Altamente adaptable, se integra a la perfecci\u00f3n en interiores escandinavos, minimalistas japoneses o modernos, disminuyendo la tensi\u00f3n visual y fomentando una atm\u00f3sfera \u00edntima y rom\u00e1ntica. Ya sea combinado con verdes o con flores reci\u00e9n cortadas, aporta calidez y elegancia a su hogar.<\/li>\n<\/ul>\n\n\n\n<ul class=\"wp-block-list\">\n<li><strong>Tama\u00f1os dobles:<\/strong>Este par de macetas de cer\u00e1mica al por mayor incluye una maceta grande y otra peque\u00f1a, con vers\u00e1tiles opciones de exposici\u00f3n. Col\u00f3quelas una al lado de la otra en el alf\u00e9izar de una ventana o en una estanter\u00eda para crear un contraste de capas, o col\u00f3quelas individualmente por toda la casa. El tama\u00f1o universal optimiza tanto la funcionalidad como el dise\u00f1o creativo de interiores.<\/li>\n<\/ul>\n\n\n\n<ul class=\"wp-block-list\">\n<li><strong>Cer\u00e1mica duradera de primera calidad:<\/strong>Hechas a mano con cer\u00e1mica de alta cocci\u00f3n, estas macetas de cer\u00e1mica al por mayor son duraderas, ecol\u00f3gicas y resistentes. De tacto suave y acabado esmaltado liso, tambi\u00e9n son resistentes al polvo y las manchas, y f\u00e1ciles de limpiar. El interior sin esmaltar preserva la transpirabilidad natural de la cer\u00e1mica, garantizando un entorno m\u00e1s saludable para las plantas. <\/li>\n<\/ul>\n\n\n\n<h3 class=\"wp-block-heading\">Servicio de macetas de cer\u00e1mica personalizadas con textura ondulada horizontal<\/h3>\n\n\n\n<p>Ofrecemos servicios OEM y ODM para nuestros productos.<br>Entrega r\u00e1pida de muestras.<br>Ofrecemos una gran variedad de formas, colores, impresi\u00f3n personalizada, embalaje y otros servicios a medida para satisfacer sus necesidades espec\u00edficas.<br><a href=\"https:\/\/www.santai-ceramics.com\/es\/custom\/\" data-type=\"page\" data-id=\"13\" target=\"_blank\" rel=\"noreferrer noopener\"><strong><b>M\u00e1s informaci\u00f3n<\/b> detalles de las macetas de cer\u00e1mica.<\/strong><\/a><\/p>\n\n\n\n<div class=\"wp-block-columns is-layout-flex wp-container-core-columns-is-layout-9d6595d7 wp-block-columns-is-layout-flex\">\n<div class=\"wp-block-column is-layout-flow wp-block-column-is-layout-flow\">\n<figure class=\"wp-block-image size-full\"><img decoding=\"async\" width=\"2173\" height=\"2173\" src=\"https:\/\/www.santai-ceramics.com\/wp-content\/uploads\/2025\/08\/wholesale-horizontal-wave-texture-flower-pots-4.webp\" alt=\"venta al por mayor macetas de textura ondulada horizontal (4)\" class=\"wp-image-3470\" srcset=\"https:\/\/www.santai-ceramics.com\/wp-content\/uploads\/2025\/08\/wholesale-horizontal-wave-texture-flower-pots-4.webp 2173w, https:\/\/www.santai-ceramics.com\/wp-content\/uploads\/2025\/08\/wholesale-horizontal-wave-texture-flower-pots-4-300x300.webp 300w, https:\/\/www.santai-ceramics.com\/wp-content\/uploads\/2025\/08\/wholesale-horizontal-wave-texture-flower-pots-4-150x150.webp 150w, https:\/\/www.santai-ceramics.com\/wp-content\/uploads\/2025\/08\/wholesale-horizontal-wave-texture-flower-pots-4-768x768.webp 768w, https:\/\/www.santai-ceramics.com\/wp-content\/uploads\/2025\/08\/wholesale-horizontal-wave-texture-flower-pots-4-12x12.webp 12w, https:\/\/www.santai-ceramics.com\/wp-content\/uploads\/2025\/08\/wholesale-horizontal-wave-texture-flower-pots-4-1200x1200.webp 1200w, https:\/\/www.santai-ceramics.com\/wp-content\/uploads\/2025\/08\/wholesale-horizontal-wave-texture-flower-pots-4-600x600.webp 600w, https:\/\/www.santai-ceramics.com\/wp-content\/uploads\/2025\/08\/wholesale-horizontal-wave-texture-flower-pots-4-100x100.webp 100w\" sizes=\"(max-width: 2173px) 100vw, 2173px\" \/><\/figure>\n<\/div>\n\n\n\n<div class=\"wp-block-column is-layout-flow wp-block-column-is-layout-flow\">\n<figure class=\"wp-block-image size-full\"><img decoding=\"async\" width=\"2360\" height=\"2359\" src=\"https:\/\/www.santai-ceramics.com\/wp-content\/uploads\/2025\/08\/wholesale-horizontal-wave-texture-flower-pots-5.webp\" alt=\"venta al por mayor macetas de textura ondulada horizontal (5)\" class=\"wp-image-3471\" srcset=\"https:\/\/www.santai-ceramics.com\/wp-content\/uploads\/2025\/08\/wholesale-horizontal-wave-texture-flower-pots-5.webp 2360w, https:\/\/www.santai-ceramics.com\/wp-content\/uploads\/2025\/08\/wholesale-horizontal-wave-texture-flower-pots-5-300x300.webp 300w, https:\/\/www.santai-ceramics.com\/wp-content\/uploads\/2025\/08\/wholesale-horizontal-wave-texture-flower-pots-5-150x150.webp 150w, https:\/\/www.santai-ceramics.com\/wp-content\/uploads\/2025\/08\/wholesale-horizontal-wave-texture-flower-pots-5-768x768.webp 768w, https:\/\/www.santai-ceramics.com\/wp-content\/uploads\/2025\/08\/wholesale-horizontal-wave-texture-flower-pots-5-12x12.webp 12w, https:\/\/www.santai-ceramics.com\/wp-content\/uploads\/2025\/08\/wholesale-horizontal-wave-texture-flower-pots-5-1200x1200.webp 1200w, https:\/\/www.santai-ceramics.com\/wp-content\/uploads\/2025\/08\/wholesale-horizontal-wave-texture-flower-pots-5-600x600.webp 600w, https:\/\/www.santai-ceramics.com\/wp-content\/uploads\/2025\/08\/wholesale-horizontal-wave-texture-flower-pots-5-100x100.webp 100w\" sizes=\"(max-width: 2360px) 100vw, 2360px\" \/><\/figure>\n<\/div>\n<\/div>","protected":false},"excerpt":{"rendered":"<p data-pm-slice=\"0 0 []\">Venta al mayor de macetas de cer\u00e1mica rosa con textura de ondas horizontales. Este par de macetas de cer\u00e1mica rosa Morandi con dise\u00f1os \u00fanicos de onda horizontal que proporcionan una apariencia l\u00edquida. Disponible en dos tama\u00f1os, estas macetas al por mayor cuentan con un dise\u00f1o contempor\u00e1neo con la artesan\u00eda refinada, haci\u00e9ndolos perfectos para las flores, plantas, o como elementos decorativos para cualquier residencia. Ofrecemos servicios OEM\/ODM. \u00a1Obtenga un presupuesto razonable ahora!<\/p>\n<h2>Especificaciones de las macetas de cer\u00e1mica con textura ondulada horizontal<\/h2>\n<table width=\"855\">\n<tbody>\n<tr>\n<td width=\"285\">N\u00famero de modelo<\/td>\n<td width=\"285\">A37592-LE27-A02<\/td>\n<td width=\"285\">A37592-LE27-A03<\/td>\n<\/tr>\n<tr>\n<td>Nombre del producto<\/td>\n<td>Maceta de cer\u00e1mica<\/td>\n<td>Maceta de cer\u00e1mica<\/td>\n<\/tr>\n<tr>\n<td>Color<\/td>\n<td>Rosa<\/td>\n<td>Rosa<\/td>\n<\/tr>\n<tr>\n<td>Material<\/td>\n<td>Cer\u00e1mica\u00a0<\/td>\n<td>Cer\u00e1mica\u00a0<\/td>\n<\/tr>\n<tr>\n<td>Escenarios de uso<\/td>\n<td>decoraci\u00f3n del hogar\u00a0<\/td>\n<td>decoraci\u00f3n del hogar\u00a0<\/td>\n<\/tr>\n<tr>\n<td>Dimensiones<\/td>\n<td>P:15.5X15.5cm<\/td>\n<td>P:13X12,5cm<\/td>\n<\/tr>\n<tr>\n<td>Peso<\/td>\n<td>0,8 kg\/unidad<\/td>\n<td>0,5 kg\/unidad<\/td>\n<\/tr>\n<\/tbody>\n<\/table>\n<p>\n<script src=\"chrome-extension:\/\/fpelahbljekknahkcaegamhcndkfpfnc\/iFrame.js\" type=\"text\/javascript\"><\/script><\/p>","protected":false},"featured_media":3468,"comment_status":"closed","ping_status":"closed","template":"","meta":{"_acf_changed":false},"product_brand":[],"product_cat":[18,42,23],"product_tag":[],"class_list":{"0":"post-3456","1":"product","2":"type-product","3":"status-publish","4":"has-post-thumbnail","6":"product_cat-home-decor","7":"product_cat-wholesale-ceramic-plant-pots","8":"product_cat-ceramic-pots-planters","10":"first","11":"instock","12":"shipping-taxable","13":"product-type-simple"},"acf":[],"_links":{"self":[{"href":"https:\/\/www.santai-ceramics.com\/es\/wp-json\/wp\/v2\/product\/3456","targetHints":{"allow":["GET"]}}],"collection":[{"href":"https:\/\/www.santai-ceramics.com\/es\/wp-json\/wp\/v2\/product"}],"about":[{"href":"https:\/\/www.santai-ceramics.com\/es\/wp-json\/wp\/v2\/types\/product"}],"replies":[{"embeddable":true,"href":"https:\/\/www.santai-ceramics.com\/es\/wp-json\/wp\/v2\/comments?post=3456"}],"wp:featuredmedia":[{"embeddable":true,"href":"https:\/\/www.santai-ceramics.com\/es\/wp-json\/wp\/v2\/media\/3468"}],"wp:attachment":[{"href":"https:\/\/www.santai-ceramics.com\/es\/wp-json\/wp\/v2\/media?parent=3456"}],"wp:term":[{"taxonomy":"product_brand","embeddable":true,"href":"https:\/\/www.santai-ceramics.com\/es\/wp-json\/wp\/v2\/product_brand?post=3456"},{"taxonomy":"product_cat","embeddable":true,"href":"https:\/\/www.santai-ceramics.com\/es\/wp-json\/wp\/v2\/product_cat?post=3456"},{"taxonomy":"product_tag","embeddable":true,"href":"https:\/\/www.santai-ceramics.com\/es\/wp-json\/wp\/v2\/product_tag?post=3456"}],"curies":[{"name":"wp","href":"https:\/\/api.w.org\/{rel}","templated":true}]}}