{"id":3558,"date":"2025-09-05T08:13:04","date_gmt":"2025-09-05T08:13:04","guid":{"rendered":"https:\/\/www.santai-ceramics.com\/?post_type=product&#038;p=3558"},"modified":"2025-09-05T08:13:05","modified_gmt":"2025-09-05T08:13:05","slug":"wholesale-ceramic-vases-for-b2b-buyers","status":"publish","type":"product","link":"https:\/\/www.santai-ceramics.com\/es\/product\/wholesale-ceramic-vases-for-b2b-buyers\/","title":{"rendered":"Jarrones de cer\u00e1mica al por mayor para compradores B2B, distribuidores, minoristas, importadores"},"content":{"rendered":"<h3 class=\"wp-block-heading\">Caracter\u00edsticas de los jarrones de cer\u00e1mica al por mayor<\/h3>\n\n\n\n<ul class=\"wp-block-list\">\n<li><strong>Estilo vers\u00e1til: <\/strong>El dise\u00f1o de este jarr\u00f3n mezcla elementos cl\u00e1sicos y modernos, lo que lo hace f\u00e1cilmente accesible a m\u00faltiples mercados.<\/li>\n\n\n\n<li><strong>Calidad fiable: <\/strong>Como f\u00e1brica de jarrones con m\u00e1s de 30 a\u00f1os de experiencia, mantenemos un proceso de producci\u00f3n maduro y un s\u00f3lido control de calidad, lo que garantiza una calidad constante en todos los lotes.<\/li>\n\n\n\n<li><strong>F\u00e1cil de comercializar y exponer: <\/strong>El aspecto refinado y atractivo del producto lo convierte en un medio llamativo y eficaz para que los compradores B2B reduzcan los costes de marketing y aumenten las tasas de conversi\u00f3n de ventas.<\/li>\n\n\n\n<li><strong>Precios competitivos: <\/strong>Obtenga presupuestos directamente de la f\u00e1brica SANTAI para reducir los costes de los productos y aumentar sus m\u00e1rgenes de beneficio.<\/li>\n<\/ul>\n\n\n\n<h3 class=\"wp-block-heading\">Servicio de floreros de cer\u00e1mica personalizados<\/h3>\n\n\n\n<p>Ofrecemos servicios OEM y ODM para nuestros productos.<br>Entrega r\u00e1pida de muestras.<br>Ofrecemos una gran variedad de formas, colores, impresi\u00f3n personalizada, embalaje y otros servicios a medida para satisfacer sus necesidades espec\u00edficas.<\/p>\n\n\n\n<div class=\"wp-block-columns is-layout-flex wp-container-core-columns-is-layout-9d6595d7 wp-block-columns-is-layout-flex\">\n<div class=\"wp-block-column is-layout-flow wp-block-column-is-layout-flow\">\n<figure class=\"wp-block-image size-full\"><img decoding=\"async\" width=\"2045\" height=\"1703\" src=\"https:\/\/www.santai-ceramics.com\/wp-content\/uploads\/2025\/09\/wholesale-ceramic-vases-9.webp\" alt=\"venta al por mayor de jarrones de cer\u00e1mica (9)\" class=\"wp-image-3621\" srcset=\"https:\/\/www.santai-ceramics.com\/wp-content\/uploads\/2025\/09\/wholesale-ceramic-vases-9.webp 2045w, https:\/\/www.santai-ceramics.com\/wp-content\/uploads\/2025\/09\/wholesale-ceramic-vases-9-300x250.webp 300w, https:\/\/www.santai-ceramics.com\/wp-content\/uploads\/2025\/09\/wholesale-ceramic-vases-9-768x640.webp 768w, https:\/\/www.santai-ceramics.com\/wp-content\/uploads\/2025\/09\/wholesale-ceramic-vases-9-14x12.webp 14w, https:\/\/www.santai-ceramics.com\/wp-content\/uploads\/2025\/09\/wholesale-ceramic-vases-9-1200x999.webp 1200w, https:\/\/www.santai-ceramics.com\/wp-content\/uploads\/2025\/09\/wholesale-ceramic-vases-9-600x500.webp 600w\" sizes=\"(max-width: 2045px) 100vw, 2045px\" \/><\/figure>\n<\/div>\n\n\n\n<div class=\"wp-block-column is-layout-flow wp-block-column-is-layout-flow\">\n<figure class=\"wp-block-image size-full\"><img decoding=\"async\" width=\"2754\" height=\"2295\" src=\"https:\/\/www.santai-ceramics.com\/wp-content\/uploads\/2025\/09\/wholesale-ceramic-vases-10.webp\" alt=\"venta al por mayor de jarrones de cer\u00e1mica (10)\" class=\"wp-image-3622\" srcset=\"https:\/\/www.santai-ceramics.com\/wp-content\/uploads\/2025\/09\/wholesale-ceramic-vases-10.webp 2754w, https:\/\/www.santai-ceramics.com\/wp-content\/uploads\/2025\/09\/wholesale-ceramic-vases-10-300x250.webp 300w, https:\/\/www.santai-ceramics.com\/wp-content\/uploads\/2025\/09\/wholesale-ceramic-vases-10-768x640.webp 768w, https:\/\/www.santai-ceramics.com\/wp-content\/uploads\/2025\/09\/wholesale-ceramic-vases-10-14x12.webp 14w, https:\/\/www.santai-ceramics.com\/wp-content\/uploads\/2025\/09\/wholesale-ceramic-vases-10-1200x1000.webp 1200w, https:\/\/www.santai-ceramics.com\/wp-content\/uploads\/2025\/09\/wholesale-ceramic-vases-10-600x500.webp 600w\" sizes=\"(max-width: 2754px) 100vw, 2754px\" \/><\/figure>\n<\/div>\n<\/div>\n\n\n\n<div class=\"wp-block-columns is-layout-flex wp-container-core-columns-is-layout-9d6595d7 wp-block-columns-is-layout-flex\">\n<div class=\"wp-block-column is-layout-flow wp-block-column-is-layout-flow\"><\/div>\n\n\n\n<div class=\"wp-block-column is-layout-flow wp-block-column-is-layout-flow\"><\/div>\n<\/div>","protected":false},"excerpt":{"rendered":"<p>MOQ: 100. Jarrones de cer\u00e1mica al por mayor al por mayor. Directo de f\u00e1brica, adecuado para compradores B2B y venta al por mayor a gran escala. Este jarr\u00f3n combina perfectamente la artesan\u00eda cl\u00e1sica con la est\u00e9tica moderna y est\u00e1 disponible en tres tama\u00f1os, perfecto para una variedad de entornos decorativos.<\/p>\n<p>Ofrecemos precios muy competitivos y un suministro estable para garantizar sus m\u00e1rgenes de beneficio y su competitividad en el mercado. Las consultas son bienvenidas.<\/p>\n<h2>Especificaciones de los jarrones de cer\u00e1mica al por mayor<\/h2>\n<table width=\"1140\">\n<tbody>\n<tr>\n<td width=\"285\">N\u00famero de modelo<\/td>\n<td width=\"285\">A35990-LE24-A01<\/td>\n<td width=\"285\">A33201-LE24-A02<\/td>\n<td width=\"285\">A33201-LE24-A01<\/td>\n<\/tr>\n<tr>\n<td>Nombre del producto<\/td>\n<td>Jarr\u00f3n de cer\u00e1mica<\/td>\n<td>Jarr\u00f3n de cer\u00e1mica<\/td>\n<td>Jarr\u00f3n de cer\u00e1mica<\/td>\n<\/tr>\n<tr>\n<td>Color<\/td>\n<td>Verde<\/td>\n<td>Verde<\/td>\n<td>Verde<\/td>\n<\/tr>\n<tr>\n<td>Material<\/td>\n<td>Cer\u00e1mica\u00a0<\/td>\n<td>Cer\u00e1mica\u00a0<\/td>\n<td>Cer\u00e1mica\u00a0<\/td>\n<\/tr>\n<tr>\n<td>Escenarios de uso<\/td>\n<td>decoraci\u00f3n del hogar\u00a0<\/td>\n<td>decoraci\u00f3n del hogar\u00a0<\/td>\n<td>decoraci\u00f3n del hogar\u00a0<\/td>\n<\/tr>\n<tr>\n<td>Dimensiones<\/td>\n<td>P:14,5X34,5cm<\/td>\n<td>P:20X27cm<\/td>\n<td>P:14,5X20cm<\/td>\n<\/tr>\n<tr>\n<td>Peso<\/td>\n<td>1,7 kg\/unidad<\/td>\n<td>2,2 kg\/unidad<\/td>\n<td>1,1 kg\/unidad<\/td>\n<\/tr>\n<\/tbody>\n<\/table>\n<p>\n<script src=\"chrome-extension:\/\/fpelahbljekknahkcaegamhcndkfpfnc\/iFrame.js\" type=\"text\/javascript\"><\/script><\/p>","protected":false},"featured_media":3613,"comment_status":"closed","ping_status":"closed","template":"","meta":{"_acf_changed":false},"product_brand":[],"product_cat":[18,22],"product_tag":[],"class_list":{"0":"post-3558","1":"product","2":"type-product","3":"status-publish","4":"has-post-thumbnail","6":"product_cat-home-decor","7":"product_cat-vase","9":"first","10":"instock","11":"shipping-taxable","12":"product-type-simple"},"acf":[],"_links":{"self":[{"href":"https:\/\/www.santai-ceramics.com\/es\/wp-json\/wp\/v2\/product\/3558","targetHints":{"allow":["GET"]}}],"collection":[{"href":"https:\/\/www.santai-ceramics.com\/es\/wp-json\/wp\/v2\/product"}],"about":[{"href":"https:\/\/www.santai-ceramics.com\/es\/wp-json\/wp\/v2\/types\/product"}],"replies":[{"embeddable":true,"href":"https:\/\/www.santai-ceramics.com\/es\/wp-json\/wp\/v2\/comments?post=3558"}],"wp:featuredmedia":[{"embeddable":true,"href":"https:\/\/www.santai-ceramics.com\/es\/wp-json\/wp\/v2\/media\/3613"}],"wp:attachment":[{"href":"https:\/\/www.santai-ceramics.com\/es\/wp-json\/wp\/v2\/media?parent=3558"}],"wp:term":[{"taxonomy":"product_brand","embeddable":true,"href":"https:\/\/www.santai-ceramics.com\/es\/wp-json\/wp\/v2\/product_brand?post=3558"},{"taxonomy":"product_cat","embeddable":true,"href":"https:\/\/www.santai-ceramics.com\/es\/wp-json\/wp\/v2\/product_cat?post=3558"},{"taxonomy":"product_tag","embeddable":true,"href":"https:\/\/www.santai-ceramics.com\/es\/wp-json\/wp\/v2\/product_tag?post=3558"}],"curies":[{"name":"wp","href":"https:\/\/api.w.org\/{rel}","templated":true}]}}