{"id":3559,"date":"2025-09-05T08:45:52","date_gmt":"2025-09-05T08:45:52","guid":{"rendered":"https:\/\/www.santai-ceramics.com\/?post_type=product&#038;p=3559"},"modified":"2025-09-05T08:46:39","modified_gmt":"2025-09-05T08:46:39","slug":"bulk-ceramic-vases-for-wholesalers","status":"publish","type":"product","link":"https:\/\/www.santai-ceramics.com\/es\/product\/bulk-ceramic-vases-for-wholesalers\/","title":{"rendered":"Jarrones de cer\u00e1mica a granel para mayoristas, comerciantes y tiendas de regalos"},"content":{"rendered":"<h3 class=\"wp-block-heading\">Caracter\u00edsticas de los jarrones de cer\u00e1mica a granel<\/h3>\n\n\n\n<ul class=\"wp-block-list\">\n<li><strong>Adecuado para diversos entornos: <\/strong>Estos jarrones al por mayor presentan dise\u00f1os cl\u00e1sicos de estilo chino tradicional, perfectos para una gran variedad de entornos decorativos, como hoteles, clubes y cafeter\u00edas.<\/li>\n\n\n\n<li><strong>Colaboraci\u00f3n y personalizaci\u00f3n flexibles:<\/strong> Ofrecemos servicios OEM\/ODM y precios competitivos B2B.<\/li>\n\n\n\n<li><strong>Amplia variedad de productos: <\/strong>Como uno de los mayores fabricantes de jarrones de China, ofrecemos 20.000 dise\u00f1os de jarrones en una amplia gama de estilos, lo que permite a los clientes encontrar r\u00e1pidamente el producto que mejor se adapta a su mercado.<\/li>\n\n\n\n<li><strong>Gran capacidad de producci\u00f3n: <\/strong>Nuestra f\u00e1brica est\u00e1 equipada con equipos de producci\u00f3n avanzados y l\u00edneas de producci\u00f3n a gran escala, capaces de producir cientos de miles de piezas al mes, satisfaciendo las demandas de gran volumen de nuestros clientes globales.<\/li>\n<\/ul>\n\n\n\n<h3 class=\"wp-block-heading\">Servicio de floreros de cer\u00e1mica personalizados<\/h3>\n\n\n\n<p>Ofrecemos servicios OEM y ODM para nuestros productos.<br>Entrega r\u00e1pida de muestras.<br>Ofrecemos una gran variedad de formas, colores, impresi\u00f3n personalizada, embalaje y otros servicios a medida para satisfacer sus necesidades espec\u00edficas.<\/p>\n\n\n\n<div class=\"wp-block-columns is-layout-flex wp-container-core-columns-is-layout-9d6595d7 wp-block-columns-is-layout-flex\">\n<div class=\"wp-block-column is-layout-flow wp-block-column-is-layout-flow\">\n<figure class=\"wp-block-image size-full\"><img decoding=\"async\" width=\"1307\" height=\"1307\" src=\"https:\/\/www.santai-ceramics.com\/wp-content\/uploads\/2025\/09\/bulk-ceramic-vases-2.webp\" alt=\"jarrones de cer\u00e1mica a granel (2)\" class=\"wp-image-3625\" srcset=\"https:\/\/www.santai-ceramics.com\/wp-content\/uploads\/2025\/09\/bulk-ceramic-vases-2.webp 1307w, https:\/\/www.santai-ceramics.com\/wp-content\/uploads\/2025\/09\/bulk-ceramic-vases-2-300x300.webp 300w, https:\/\/www.santai-ceramics.com\/wp-content\/uploads\/2025\/09\/bulk-ceramic-vases-2-150x150.webp 150w, https:\/\/www.santai-ceramics.com\/wp-content\/uploads\/2025\/09\/bulk-ceramic-vases-2-768x768.webp 768w, https:\/\/www.santai-ceramics.com\/wp-content\/uploads\/2025\/09\/bulk-ceramic-vases-2-12x12.webp 12w, https:\/\/www.santai-ceramics.com\/wp-content\/uploads\/2025\/09\/bulk-ceramic-vases-2-1200x1200.webp 1200w, https:\/\/www.santai-ceramics.com\/wp-content\/uploads\/2025\/09\/bulk-ceramic-vases-2-600x600.webp 600w, https:\/\/www.santai-ceramics.com\/wp-content\/uploads\/2025\/09\/bulk-ceramic-vases-2-100x100.webp 100w\" sizes=\"(max-width: 1307px) 100vw, 1307px\" \/><\/figure>\n<\/div>\n\n\n\n<div class=\"wp-block-column is-layout-flow wp-block-column-is-layout-flow\">\n<figure class=\"wp-block-image size-full\"><img decoding=\"async\" width=\"2356\" height=\"2356\" src=\"https:\/\/www.santai-ceramics.com\/wp-content\/uploads\/2025\/09\/bulk-ceramic-vases-4.webp\" alt=\"jarrones de cer\u00e1mica a granel (4)\" class=\"wp-image-3627\" srcset=\"https:\/\/www.santai-ceramics.com\/wp-content\/uploads\/2025\/09\/bulk-ceramic-vases-4.webp 2356w, https:\/\/www.santai-ceramics.com\/wp-content\/uploads\/2025\/09\/bulk-ceramic-vases-4-300x300.webp 300w, https:\/\/www.santai-ceramics.com\/wp-content\/uploads\/2025\/09\/bulk-ceramic-vases-4-150x150.webp 150w, https:\/\/www.santai-ceramics.com\/wp-content\/uploads\/2025\/09\/bulk-ceramic-vases-4-768x768.webp 768w, https:\/\/www.santai-ceramics.com\/wp-content\/uploads\/2025\/09\/bulk-ceramic-vases-4-12x12.webp 12w, https:\/\/www.santai-ceramics.com\/wp-content\/uploads\/2025\/09\/bulk-ceramic-vases-4-1200x1200.webp 1200w, https:\/\/www.santai-ceramics.com\/wp-content\/uploads\/2025\/09\/bulk-ceramic-vases-4-600x600.webp 600w, https:\/\/www.santai-ceramics.com\/wp-content\/uploads\/2025\/09\/bulk-ceramic-vases-4-100x100.webp 100w\" sizes=\"(max-width: 2356px) 100vw, 2356px\" \/><\/figure>\n<\/div>\n<\/div>\n\n\n\n<div class=\"wp-block-columns is-layout-flex wp-container-core-columns-is-layout-9d6595d7 wp-block-columns-is-layout-flex\">\n<div class=\"wp-block-column is-layout-flow wp-block-column-is-layout-flow\"><\/div>\n\n\n\n<div class=\"wp-block-column is-layout-flow wp-block-column-is-layout-flow\"><\/div>\n<\/div>","protected":false},"excerpt":{"rendered":"<p data-pm-slice=\"0 0 []\">MOQ: 100. Ofrecemos jarrones de cer\u00e1mica al por mayor de nuestra f\u00e1brica, proporcionando un suministro estable de productos de alta calidad a precios competitivos. Ofrecemos soluciones de abastecimiento flexibles y servicios de exportaci\u00f3n profesionales a una gran variedad de compradores, incluidos mayoristas, minoristas, floristas y empresas de regalos. P\u00f3ngase en contacto con nosotros para solicitar un presupuesto al por mayor.<\/p>\n<h2>Especificaciones de los jarrones de cer\u00e1mica a granel\u00a0<\/h2>\n<table width=\"855\">\n<tbody>\n<tr>\n<td width=\"285\">N\u00famero de modelo<\/td>\n<td width=\"285\">A36379-LE24-A01<\/td>\n<td width=\"285\">A36379-LE24-A02<\/td>\n<\/tr>\n<tr>\n<td>Nombre del producto<\/td>\n<td>Jarr\u00f3n de cer\u00e1mica<\/td>\n<td>Jarr\u00f3n de cer\u00e1mica<\/td>\n<\/tr>\n<tr>\n<td>Color<\/td>\n<td>Verde<\/td>\n<td>Verde<\/td>\n<\/tr>\n<tr>\n<td>Material<\/td>\n<td>Cer\u00e1mica\u00a0<\/td>\n<td>Cer\u00e1mica\u00a0<\/td>\n<\/tr>\n<tr>\n<td>Escenarios de uso<\/td>\n<td>decoraci\u00f3n del hogar\u00a0<\/td>\n<td>decoraci\u00f3n del hogar\u00a0<\/td>\n<\/tr>\n<tr>\n<td>Dimensiones<\/td>\n<td>P:18.5X17.5cm<\/td>\n<td>P:15X14cm<\/td>\n<\/tr>\n<tr>\n<td>Peso<\/td>\n<td>1,4 kg\/unidad<\/td>\n<td>0,7 kg\/unidad<\/td>\n<\/tr>\n<\/tbody>\n<\/table>\n<p>\n<script src=\"chrome-extension:\/\/fpelahbljekknahkcaegamhcndkfpfnc\/iFrame.js\" type=\"text\/javascript\"><\/script><\/p>","protected":false},"featured_media":3624,"comment_status":"closed","ping_status":"closed","template":"","meta":{"_acf_changed":false},"product_brand":[],"product_cat":[18,22],"product_tag":[],"class_list":{"0":"post-3559","1":"product","2":"type-product","3":"status-publish","4":"has-post-thumbnail","6":"product_cat-home-decor","7":"product_cat-vase","9":"first","10":"instock","11":"shipping-taxable","12":"product-type-simple"},"acf":[],"_links":{"self":[{"href":"https:\/\/www.santai-ceramics.com\/es\/wp-json\/wp\/v2\/product\/3559","targetHints":{"allow":["GET"]}}],"collection":[{"href":"https:\/\/www.santai-ceramics.com\/es\/wp-json\/wp\/v2\/product"}],"about":[{"href":"https:\/\/www.santai-ceramics.com\/es\/wp-json\/wp\/v2\/types\/product"}],"replies":[{"embeddable":true,"href":"https:\/\/www.santai-ceramics.com\/es\/wp-json\/wp\/v2\/comments?post=3559"}],"wp:featuredmedia":[{"embeddable":true,"href":"https:\/\/www.santai-ceramics.com\/es\/wp-json\/wp\/v2\/media\/3624"}],"wp:attachment":[{"href":"https:\/\/www.santai-ceramics.com\/es\/wp-json\/wp\/v2\/media?parent=3559"}],"wp:term":[{"taxonomy":"product_brand","embeddable":true,"href":"https:\/\/www.santai-ceramics.com\/es\/wp-json\/wp\/v2\/product_brand?post=3559"},{"taxonomy":"product_cat","embeddable":true,"href":"https:\/\/www.santai-ceramics.com\/es\/wp-json\/wp\/v2\/product_cat?post=3559"},{"taxonomy":"product_tag","embeddable":true,"href":"https:\/\/www.santai-ceramics.com\/es\/wp-json\/wp\/v2\/product_tag?post=3559"}],"curies":[{"name":"wp","href":"https:\/\/api.w.org\/{rel}","templated":true}]}}