{"id":3560,"date":"2025-09-07T06:48:46","date_gmt":"2025-09-07T06:48:46","guid":{"rendered":"https:\/\/www.santai-ceramics.com\/?post_type=product&#038;p=3560"},"modified":"2025-09-07T06:48:48","modified_gmt":"2025-09-07T06:48:48","slug":"wholesale-ceramic-vases-supply-to-the-world","status":"publish","type":"product","link":"https:\/\/www.santai-ceramics.com\/es\/product\/wholesale-ceramic-vases-supply-to-the-world\/","title":{"rendered":"Jarrones de cer\u00e1mica al por mayor de suministro al mundo a precios competitivos de f\u00e1brica de China"},"content":{"rendered":"<h3 class=\"wp-block-heading\">Caracter\u00edsticas de los jarrones de cer\u00e1mica<\/h3>\n\n\n\n<ul class=\"wp-block-list\">\n<li><strong>Belleza natural: <\/strong>Estos jarrones de cer\u00e1mica presentan un suave tono celad\u00f3n, famoso por su relajante y discreta elegancia que combina sin esfuerzo con cualquier estilo de interior.<\/li>\n\n\n\n<li><strong>Esmalte craquelado: <\/strong>La superficie del jarr\u00f3n est\u00e1 acabada con un llamativo esmalte craquelado, una t\u00e9cnica decorativa cl\u00e1sica que confiere al jarr\u00f3n un encanto r\u00fastico.<\/li>\n\n\n\n<li><strong>Amplia experiencia en la exportaci\u00f3n de jarrones:<\/strong> Como fabricante de jarrones con d\u00e9cadas de experiencia en la gesti\u00f3n de pedidos internacionales, abastecerse de grandes cantidades de jarrones con nosotros es muy sencillo.<\/li>\n\n\n\n<li><strong>Garant\u00eda de calidad: <\/strong>Nuestra f\u00e1brica de jarrones cumple las principales normas de calidad internacionales y est\u00e1 certificada por BSCI, ISO9001 e ISO45001, lo que garantiza que cumplimos las normas de diversos mercados mundiales.<\/li>\n<\/ul>\n\n\n\n<h3 class=\"wp-block-heading\">Servicio de floreros de cer\u00e1mica personalizados<\/h3>\n\n\n\n<p>Ofrecemos servicios OEM y ODM para nuestros productos.<br>Entrega r\u00e1pida de muestras.<br>Ofrecemos una gran variedad de formas, colores, impresi\u00f3n personalizada, embalaje y otros servicios a medida para satisfacer sus necesidades espec\u00edficas.<\/p>\n\n\n\n<div class=\"wp-block-columns is-layout-flex wp-container-core-columns-is-layout-9d6595d7 wp-block-columns-is-layout-flex\">\n<div class=\"wp-block-column is-layout-flow wp-block-column-is-layout-flow\">\n<figure class=\"wp-block-image size-full\"><img decoding=\"async\" width=\"2992\" height=\"2992\" src=\"https:\/\/www.santai-ceramics.com\/wp-content\/uploads\/2025\/09\/supplying-vases-worldwide-2.webp\" alt=\"suministro de jarrones a todo el mundo (2)\" class=\"wp-image-3674\" srcset=\"https:\/\/www.santai-ceramics.com\/wp-content\/uploads\/2025\/09\/supplying-vases-worldwide-2.webp 2992w, https:\/\/www.santai-ceramics.com\/wp-content\/uploads\/2025\/09\/supplying-vases-worldwide-2-300x300.webp 300w, https:\/\/www.santai-ceramics.com\/wp-content\/uploads\/2025\/09\/supplying-vases-worldwide-2-150x150.webp 150w, https:\/\/www.santai-ceramics.com\/wp-content\/uploads\/2025\/09\/supplying-vases-worldwide-2-768x768.webp 768w, https:\/\/www.santai-ceramics.com\/wp-content\/uploads\/2025\/09\/supplying-vases-worldwide-2-12x12.webp 12w, https:\/\/www.santai-ceramics.com\/wp-content\/uploads\/2025\/09\/supplying-vases-worldwide-2-1200x1200.webp 1200w, https:\/\/www.santai-ceramics.com\/wp-content\/uploads\/2025\/09\/supplying-vases-worldwide-2-600x600.webp 600w, https:\/\/www.santai-ceramics.com\/wp-content\/uploads\/2025\/09\/supplying-vases-worldwide-2-100x100.webp 100w\" sizes=\"(max-width: 2992px) 100vw, 2992px\" \/><\/figure>\n<\/div>\n\n\n\n<div class=\"wp-block-column is-layout-flow wp-block-column-is-layout-flow\">\n<figure class=\"wp-block-image size-full\"><img decoding=\"async\" width=\"1695\" height=\"1695\" src=\"https:\/\/www.santai-ceramics.com\/wp-content\/uploads\/2025\/09\/supplying-vases-worldwide-3.webp\" alt=\"suministro de jarrones a todo el mundo (3)\" class=\"wp-image-3675\" srcset=\"https:\/\/www.santai-ceramics.com\/wp-content\/uploads\/2025\/09\/supplying-vases-worldwide-3.webp 1695w, https:\/\/www.santai-ceramics.com\/wp-content\/uploads\/2025\/09\/supplying-vases-worldwide-3-300x300.webp 300w, https:\/\/www.santai-ceramics.com\/wp-content\/uploads\/2025\/09\/supplying-vases-worldwide-3-150x150.webp 150w, https:\/\/www.santai-ceramics.com\/wp-content\/uploads\/2025\/09\/supplying-vases-worldwide-3-768x768.webp 768w, https:\/\/www.santai-ceramics.com\/wp-content\/uploads\/2025\/09\/supplying-vases-worldwide-3-12x12.webp 12w, https:\/\/www.santai-ceramics.com\/wp-content\/uploads\/2025\/09\/supplying-vases-worldwide-3-1200x1200.webp 1200w, https:\/\/www.santai-ceramics.com\/wp-content\/uploads\/2025\/09\/supplying-vases-worldwide-3-600x600.webp 600w, https:\/\/www.santai-ceramics.com\/wp-content\/uploads\/2025\/09\/supplying-vases-worldwide-3-100x100.webp 100w\" sizes=\"(max-width: 1695px) 100vw, 1695px\" \/><\/figure>\n<\/div>\n<\/div>\n\n\n\n<div class=\"wp-block-columns is-layout-flex wp-container-core-columns-is-layout-9d6595d7 wp-block-columns-is-layout-flex\">\n<div class=\"wp-block-column is-layout-flow wp-block-column-is-layout-flow\"><\/div>\n\n\n\n<div class=\"wp-block-column is-layout-flow wp-block-column-is-layout-flow\"><\/div>\n<\/div>","protected":false},"excerpt":{"rendered":"<p data-pm-slice=\"0 0 []\">MOQ: 100. Suministramos jarrones de cer\u00e1mica en grandes cantidades a todo el mundo. Estos jarrones combinan a la perfecci\u00f3n la belleza natural con una exquisita artesan\u00eda, encarnando una elegancia atemporal. Con d\u00e9cadas de experiencia en la exportaci\u00f3n de jarrones, nos aseguramos de que la compra al por mayor sea sencilla y fiable. Nuestra f\u00e1brica cuenta con las certificaciones BSCI, ISO9001 e ISO45001, por lo que aceptamos compras al por mayor.<\/p>\n<h2>Especificaciones de los jarrones de cer\u00e1mica<\/h2>\n<table width=\"855\">\n<tbody>\n<tr>\n<td width=\"285\">N\u00famero de modelo<\/td>\n<td width=\"285\">A37661-LE24-A01<\/td>\n<td width=\"285\">A37661-LE24-A02<\/td>\n<\/tr>\n<tr>\n<td>Nombre del producto<\/td>\n<td>Jarr\u00f3n de cer\u00e1mica<\/td>\n<td>Jarr\u00f3n de cer\u00e1mica<\/td>\n<\/tr>\n<tr>\n<td>Color<\/td>\n<td>Verde<\/td>\n<td>Verde<\/td>\n<\/tr>\n<tr>\n<td>Material<\/td>\n<td>Cer\u00e1mica\u00a0<\/td>\n<td>Cer\u00e1mica\u00a0<\/td>\n<\/tr>\n<tr>\n<td>Escenarios de uso<\/td>\n<td>decoraci\u00f3n del hogar\u00a0<\/td>\n<td>decoraci\u00f3n del hogar\u00a0<\/td>\n<\/tr>\n<tr>\n<td>Dimensiones<\/td>\n<td>P:19,5X27cm<\/td>\n<td>P:16X22cm<\/td>\n<\/tr>\n<tr>\n<td>Peso<\/td>\n<td>1,7 kg\/unidad<\/td>\n<td>1,3 kg\/unidad<\/td>\n<\/tr>\n<\/tbody>\n<\/table>\n<p>\n<script src=\"chrome-extension:\/\/fpelahbljekknahkcaegamhcndkfpfnc\/iFrame.js\" type=\"text\/javascript\"><\/script><\/p>","protected":false},"featured_media":3671,"comment_status":"closed","ping_status":"closed","template":"","meta":{"_acf_changed":false},"product_brand":[],"product_cat":[18,22],"product_tag":[],"class_list":{"0":"post-3560","1":"product","2":"type-product","3":"status-publish","4":"has-post-thumbnail","6":"product_cat-home-decor","7":"product_cat-vase","9":"first","10":"instock","11":"shipping-taxable","12":"product-type-simple"},"acf":[],"_links":{"self":[{"href":"https:\/\/www.santai-ceramics.com\/es\/wp-json\/wp\/v2\/product\/3560","targetHints":{"allow":["GET"]}}],"collection":[{"href":"https:\/\/www.santai-ceramics.com\/es\/wp-json\/wp\/v2\/product"}],"about":[{"href":"https:\/\/www.santai-ceramics.com\/es\/wp-json\/wp\/v2\/types\/product"}],"replies":[{"embeddable":true,"href":"https:\/\/www.santai-ceramics.com\/es\/wp-json\/wp\/v2\/comments?post=3560"}],"wp:featuredmedia":[{"embeddable":true,"href":"https:\/\/www.santai-ceramics.com\/es\/wp-json\/wp\/v2\/media\/3671"}],"wp:attachment":[{"href":"https:\/\/www.santai-ceramics.com\/es\/wp-json\/wp\/v2\/media?parent=3560"}],"wp:term":[{"taxonomy":"product_brand","embeddable":true,"href":"https:\/\/www.santai-ceramics.com\/es\/wp-json\/wp\/v2\/product_brand?post=3560"},{"taxonomy":"product_cat","embeddable":true,"href":"https:\/\/www.santai-ceramics.com\/es\/wp-json\/wp\/v2\/product_cat?post=3560"},{"taxonomy":"product_tag","embeddable":true,"href":"https:\/\/www.santai-ceramics.com\/es\/wp-json\/wp\/v2\/product_tag?post=3560"}],"curies":[{"name":"wp","href":"https:\/\/api.w.org\/{rel}","templated":true}]}}