{"id":3564,"date":"2025-09-02T11:07:48","date_gmt":"2025-09-02T11:07:48","guid":{"rendered":"https:\/\/www.santai-ceramics.com\/?post_type=product&#038;p=3564"},"modified":"2025-09-02T11:07:52","modified_gmt":"2025-09-02T11:07:52","slug":"bulk-under-glaze-ceramic-vases-wholesale","status":"publish","type":"product","link":"https:\/\/www.santai-ceramics.com\/es\/product\/bulk-under-glaze-ceramic-vases-wholesale\/","title":{"rendered":"Jarrones bajo esmalte a granel para mayoristas, mercados de flores y tiendas de regalos"},"content":{"rendered":"<h3 class=\"wp-block-heading\">Caracter\u00edsticas de los jarrones bajo esmalte a granel<\/h3>\n\n\n\n<ul class=\"wp-block-list\">\n<li><strong>Aspecto elegante: <\/strong>La combinaci\u00f3n de verdes suaves y motivos de helechos hace que esta est\u00e9tica sea popular en los sectores de la decoraci\u00f3n del hogar, la hosteler\u00eda y la organizaci\u00f3n de eventos.<\/li>\n\n\n\n<li><strong>M\u00faltiples tama\u00f1os: T<\/strong>ste juego incluye tres tama\u00f1os diferentes, que ofrecen flexibilidad para una gran variedad de arreglos decorativos.<\/li>\n\n\n\n<li><strong>Alto potencial de margen de beneficios: <\/strong>Los jarrones \u00fanicos y visualmente atractivos como \u00e9stos pueden alcanzar buenos precios de venta al p\u00fablico, lo que permite a los compradores B2B lograr m\u00e1rgenes de beneficio saludables.<\/li>\n\n\n\n<li><strong>Suministro a granel: <\/strong>Ofrecemos un suministro constante de jarrones a granel, perfectos para mayoristas, tiendas minoristas o proyectos a gran escala como mobiliario para hoteles o decoraci\u00f3n de eventos.<\/li>\n<\/ul>\n\n\n\n<h3 class=\"wp-block-heading\">Servicio a medida<\/h3>\n\n\n\n<p>Ofrecemos servicios OEM y ODM para nuestros productos.<br>Entrega r\u00e1pida de muestras.<br>Ofrecemos una gran variedad de formas, colores, impresi\u00f3n personalizada, embalaje y otros servicios a medida para satisfacer sus necesidades espec\u00edficas.<\/p>\n\n\n\n<div class=\"wp-block-columns is-layout-flex wp-container-core-columns-is-layout-9d6595d7 wp-block-columns-is-layout-flex\">\n<div class=\"wp-block-column is-layout-flow wp-block-column-is-layout-flow\">\n<figure class=\"wp-block-image size-full\"><img decoding=\"async\" width=\"2353\" height=\"1960\" src=\"https:\/\/www.santai-ceramics.com\/wp-content\/uploads\/2025\/09\/wholesale-under-glaze-vases-5.webp\" alt=\"venta al por mayor de jarrones bajo esmalte (5)\" class=\"wp-image-3601\" srcset=\"https:\/\/www.santai-ceramics.com\/wp-content\/uploads\/2025\/09\/wholesale-under-glaze-vases-5.webp 2353w, https:\/\/www.santai-ceramics.com\/wp-content\/uploads\/2025\/09\/wholesale-under-glaze-vases-5-300x250.webp 300w, https:\/\/www.santai-ceramics.com\/wp-content\/uploads\/2025\/09\/wholesale-under-glaze-vases-5-768x640.webp 768w, https:\/\/www.santai-ceramics.com\/wp-content\/uploads\/2025\/09\/wholesale-under-glaze-vases-5-14x12.webp 14w, https:\/\/www.santai-ceramics.com\/wp-content\/uploads\/2025\/09\/wholesale-under-glaze-vases-5-1200x1000.webp 1200w, https:\/\/www.santai-ceramics.com\/wp-content\/uploads\/2025\/09\/wholesale-under-glaze-vases-5-600x500.webp 600w\" sizes=\"(max-width: 2353px) 100vw, 2353px\" \/><\/figure>\n<\/div>\n\n\n\n<div class=\"wp-block-column is-layout-flow wp-block-column-is-layout-flow\">\n<figure class=\"wp-block-image size-full\"><img decoding=\"async\" width=\"2486\" height=\"2072\" src=\"https:\/\/www.santai-ceramics.com\/wp-content\/uploads\/2025\/09\/wholesale-under-glaze-vases-6.webp\" alt=\"venta al por mayor de jarrones bajo esmalte (6)\" class=\"wp-image-3602\" srcset=\"https:\/\/www.santai-ceramics.com\/wp-content\/uploads\/2025\/09\/wholesale-under-glaze-vases-6.webp 2486w, https:\/\/www.santai-ceramics.com\/wp-content\/uploads\/2025\/09\/wholesale-under-glaze-vases-6-300x250.webp 300w, https:\/\/www.santai-ceramics.com\/wp-content\/uploads\/2025\/09\/wholesale-under-glaze-vases-6-768x640.webp 768w, https:\/\/www.santai-ceramics.com\/wp-content\/uploads\/2025\/09\/wholesale-under-glaze-vases-6-14x12.webp 14w, https:\/\/www.santai-ceramics.com\/wp-content\/uploads\/2025\/09\/wholesale-under-glaze-vases-6-1200x1000.webp 1200w, https:\/\/www.santai-ceramics.com\/wp-content\/uploads\/2025\/09\/wholesale-under-glaze-vases-6-600x500.webp 600w\" sizes=\"(max-width: 2486px) 100vw, 2486px\" \/><\/figure>\n<\/div>\n<\/div>","protected":false},"excerpt":{"rendered":"<p data-pm-slice=\"0 0 []\">MOQ:100. Jarr\u00f3n de cer\u00e1mica a granel al por mayor. Damos la bienvenida a la compra a granel de los compradores B2B. Este jarr\u00f3n underglaze cuenta con una textura de helecho y elegante acabado verde, perfecto para exposiciones de interior, hoteles, jardines bot\u00e1nicos, y mucho m\u00e1s. P\u00f3ngase en contacto con nosotros para obtener un presupuesto para compras al por mayor.<\/p>\n<h2>Especificaci\u00f3n de los jarrones bajo esmalte a granel<\/h2>\n<table width=\"1140\">\n<tbody>\n<tr>\n<td width=\"285\">N\u00famero de modelo<\/td>\n<td width=\"285\">A34352-LE24-A01<\/td>\n<td width=\"285\">A34352-LE24-A02<\/td>\n<td width=\"285\">A34352-LE24-A03<\/td>\n<\/tr>\n<tr>\n<td>Nombre del producto<\/td>\n<td>Jarr\u00f3n de cer\u00e1mica<\/td>\n<td>Jarr\u00f3n de cer\u00e1mica<\/td>\n<td>Jarr\u00f3n de cer\u00e1mica<\/td>\n<\/tr>\n<tr>\n<td>Color<\/td>\n<td>Verde<\/td>\n<td>Verde<\/td>\n<td>Verde<\/td>\n<\/tr>\n<tr>\n<td>Material<\/td>\n<td>Cer\u00e1mica\u00a0<\/td>\n<td>Cer\u00e1mica\u00a0<\/td>\n<td>Cer\u00e1mica\u00a0<\/td>\n<\/tr>\n<tr>\n<td>Escenarios de uso<\/td>\n<td>decoraci\u00f3n del hogar\u00a0<\/td>\n<td>decoraci\u00f3n del hogar\u00a0<\/td>\n<td>decoraci\u00f3n del hogar\u00a0<\/td>\n<\/tr>\n<tr>\n<td>Dimensiones<\/td>\n<td>P:11,5X20cm<\/td>\n<td>P:11X14cm<\/td>\n<td>P:13X12,5cm<\/td>\n<\/tr>\n<tr>\n<td>Peso<\/td>\n<td>0,55 kg\/unidad<\/td>\n<td>0,4 kg\/unidad<\/td>\n<td>0,4 kg\/unidad<\/td>\n<\/tr>\n<\/tbody>\n<\/table>\n<p>\n<script src=\"chrome-extension:\/\/fpelahbljekknahkcaegamhcndkfpfnc\/iFrame.js\" type=\"text\/javascript\"><\/script><\/p>","protected":false},"featured_media":3597,"comment_status":"closed","ping_status":"closed","template":"","meta":{"_acf_changed":false},"product_brand":[],"product_cat":[18,22],"product_tag":[],"class_list":{"0":"post-3564","1":"product","2":"type-product","3":"status-publish","4":"has-post-thumbnail","6":"product_cat-home-decor","7":"product_cat-vase","9":"first","10":"instock","11":"shipping-taxable","12":"product-type-simple"},"acf":[],"_links":{"self":[{"href":"https:\/\/www.santai-ceramics.com\/es\/wp-json\/wp\/v2\/product\/3564","targetHints":{"allow":["GET"]}}],"collection":[{"href":"https:\/\/www.santai-ceramics.com\/es\/wp-json\/wp\/v2\/product"}],"about":[{"href":"https:\/\/www.santai-ceramics.com\/es\/wp-json\/wp\/v2\/types\/product"}],"replies":[{"embeddable":true,"href":"https:\/\/www.santai-ceramics.com\/es\/wp-json\/wp\/v2\/comments?post=3564"}],"wp:featuredmedia":[{"embeddable":true,"href":"https:\/\/www.santai-ceramics.com\/es\/wp-json\/wp\/v2\/media\/3597"}],"wp:attachment":[{"href":"https:\/\/www.santai-ceramics.com\/es\/wp-json\/wp\/v2\/media?parent=3564"}],"wp:term":[{"taxonomy":"product_brand","embeddable":true,"href":"https:\/\/www.santai-ceramics.com\/es\/wp-json\/wp\/v2\/product_brand?post=3564"},{"taxonomy":"product_cat","embeddable":true,"href":"https:\/\/www.santai-ceramics.com\/es\/wp-json\/wp\/v2\/product_cat?post=3564"},{"taxonomy":"product_tag","embeddable":true,"href":"https:\/\/www.santai-ceramics.com\/es\/wp-json\/wp\/v2\/product_tag?post=3564"}],"curies":[{"name":"wp","href":"https:\/\/api.w.org\/{rel}","templated":true}]}}