{"id":3565,"date":"2025-09-02T10:47:56","date_gmt":"2025-09-02T10:47:56","guid":{"rendered":"https:\/\/www.santai-ceramics.com\/?post_type=product&#038;p=3565"},"modified":"2025-09-03T23:28:12","modified_gmt":"2025-09-03T23:28:12","slug":"wholesale-plant-pots-for-wholesalers","status":"publish","type":"product","link":"https:\/\/www.santai-ceramics.com\/es\/product\/wholesale-plant-pots-for-wholesalers\/","title":{"rendered":"Mayorista de Macetas para Mayoristas, Minoristas y Tiendas de Regalos"},"content":{"rendered":"<h3 class=\"wp-block-heading\">Caracter\u00edsticas del Juego de macetas con relieve al por mayor<\/h3>\n\n\n\n<ul class=\"wp-block-list\">\n<li><strong>Atractivo est\u00e9tico: <\/strong>El precioso esmalte verde craquelado y el intrincado dise\u00f1o de hojas de helecho en relieve crean un aspecto \u00fanico y artesanal que realza la belleza de cualquier planta.<\/li>\n\n\n\n<li><strong>Adecuado para m\u00faltiples entornos:<\/strong> Estas macetas pueden utilizarse tanto en interiores como en exteriores. Esta flexibilidad ampl\u00eda su base de clientes potenciales, ya que el producto no se limita a una sola aplicaci\u00f3n.<\/li>\n\n\n\n<li><strong>Precios escalonados: <\/strong>Como fabricante de macetas, ofrecemos suministro a granel, con precios competitivos basados en el volumen.<\/li>\n<\/ul>\n\n\n\n<h3 class=\"wp-block-heading\">Servicio de macetas a medida<\/h3>\n\n\n\n<p>Ofrecemos servicios OEM y ODM para nuestros productos.<br>Entrega r\u00e1pida de muestras.<br>Ofrecemos una gran variedad de formas, colores, impresi\u00f3n personalizada, embalaje y otros servicios a medida para satisfacer sus necesidades espec\u00edficas.<\/p>\n\n\n\n<div class=\"wp-block-columns is-layout-flex wp-container-core-columns-is-layout-9d6595d7 wp-block-columns-is-layout-flex\">\n<div class=\"wp-block-column is-layout-flow wp-block-column-is-layout-flow\">\n<figure class=\"wp-block-image size-full\"><img decoding=\"async\" width=\"1303\" height=\"1304\" src=\"https:\/\/www.santai-ceramics.com\/wp-content\/uploads\/2025\/09\/wholesale-embossed-plant-pots-5.webp\" alt=\"venta al por mayor macetas con relieve (5)\" class=\"wp-image-3593\" srcset=\"https:\/\/www.santai-ceramics.com\/wp-content\/uploads\/2025\/09\/wholesale-embossed-plant-pots-5.webp 1303w, https:\/\/www.santai-ceramics.com\/wp-content\/uploads\/2025\/09\/wholesale-embossed-plant-pots-5-300x300.webp 300w, https:\/\/www.santai-ceramics.com\/wp-content\/uploads\/2025\/09\/wholesale-embossed-plant-pots-5-150x150.webp 150w, https:\/\/www.santai-ceramics.com\/wp-content\/uploads\/2025\/09\/wholesale-embossed-plant-pots-5-768x769.webp 768w, https:\/\/www.santai-ceramics.com\/wp-content\/uploads\/2025\/09\/wholesale-embossed-plant-pots-5-12x12.webp 12w, https:\/\/www.santai-ceramics.com\/wp-content\/uploads\/2025\/09\/wholesale-embossed-plant-pots-5-1200x1200.webp 1200w, https:\/\/www.santai-ceramics.com\/wp-content\/uploads\/2025\/09\/wholesale-embossed-plant-pots-5-600x600.webp 600w, https:\/\/www.santai-ceramics.com\/wp-content\/uploads\/2025\/09\/wholesale-embossed-plant-pots-5-100x100.webp 100w\" sizes=\"(max-width: 1303px) 100vw, 1303px\" \/><\/figure>\n<\/div>\n\n\n\n<div class=\"wp-block-column is-layout-flow wp-block-column-is-layout-flow\">\n<figure class=\"wp-block-image size-full\"><img decoding=\"async\" width=\"2479\" height=\"2479\" src=\"https:\/\/www.santai-ceramics.com\/wp-content\/uploads\/2025\/09\/wholesale-embossed-plant-pots-6.webp\" alt=\"venta al por mayor macetas con relieve (6)\" class=\"wp-image-3594\" srcset=\"https:\/\/www.santai-ceramics.com\/wp-content\/uploads\/2025\/09\/wholesale-embossed-plant-pots-6.webp 2479w, https:\/\/www.santai-ceramics.com\/wp-content\/uploads\/2025\/09\/wholesale-embossed-plant-pots-6-300x300.webp 300w, https:\/\/www.santai-ceramics.com\/wp-content\/uploads\/2025\/09\/wholesale-embossed-plant-pots-6-150x150.webp 150w, https:\/\/www.santai-ceramics.com\/wp-content\/uploads\/2025\/09\/wholesale-embossed-plant-pots-6-768x768.webp 768w, https:\/\/www.santai-ceramics.com\/wp-content\/uploads\/2025\/09\/wholesale-embossed-plant-pots-6-12x12.webp 12w, https:\/\/www.santai-ceramics.com\/wp-content\/uploads\/2025\/09\/wholesale-embossed-plant-pots-6-1200x1200.webp 1200w, https:\/\/www.santai-ceramics.com\/wp-content\/uploads\/2025\/09\/wholesale-embossed-plant-pots-6-600x600.webp 600w, https:\/\/www.santai-ceramics.com\/wp-content\/uploads\/2025\/09\/wholesale-embossed-plant-pots-6-100x100.webp 100w\" sizes=\"(max-width: 2479px) 100vw, 2479px\" \/><\/figure>\n<\/div>\n<\/div>","protected":false},"excerpt":{"rendered":"<p data-pm-slice=\"0 0 []\">MOQ: 100. Las macetas al por mayor tienen un hermoso esmalte verde craquelado y un intrincado dise\u00f1o en relieve de hojas de helecho, perfectas para el hogar, el jard\u00edn, el patio o espacios comerciales como cafeter\u00edas y boutiques. Podemos gestionar pedidos de gran volumen y exportar nuestras macetas a mercados de todo el mundo. P\u00f3ngase en contacto con nosotros para solicitar un presupuesto.<\/p>\n<h2>Especificaciones de las macetas al por mayor<\/h2>\n<table width=\"855\">\n<tbody>\n<tr>\n<td width=\"285\">N\u00famero de modelo<\/td>\n<td width=\"285\">A29440-LE24-A01<\/td>\n<td width=\"285\">A29440-LE24-A02<\/td>\n<\/tr>\n<tr>\n<td>Nombre del producto<\/td>\n<td>Maceta de cer\u00e1mica<\/td>\n<td>Maceta de cer\u00e1mica<\/td>\n<\/tr>\n<tr>\n<td>Color<\/td>\n<td>Verde<\/td>\n<td>Verde<\/td>\n<\/tr>\n<tr>\n<td>Material<\/td>\n<td>Cer\u00e1mica\u00a0<\/td>\n<td>Cer\u00e1mica\u00a0<\/td>\n<\/tr>\n<tr>\n<td>Escenarios de uso<\/td>\n<td>decoraci\u00f3n del hogar\u00a0<\/td>\n<td>decoraci\u00f3n del hogar\u00a0<\/td>\n<\/tr>\n<tr>\n<td>Dimensiones<\/td>\n<td>P:15,5X20,5cm<\/td>\n<td>P:13X16,5cm<\/td>\n<\/tr>\n<tr>\n<td>Peso<\/td>\n<td>1 kg\/unidad<\/td>\n<td>0,7 kg\/unidad<\/td>\n<\/tr>\n<\/tbody>\n<\/table>\n<p>\n<script src=\"chrome-extension:\/\/fpelahbljekknahkcaegamhcndkfpfnc\/iFrame.js\" type=\"text\/javascript\"><\/script><\/p>","protected":false},"featured_media":3589,"comment_status":"closed","ping_status":"closed","template":"","meta":{"_acf_changed":false},"product_brand":[],"product_cat":[18,42,23],"product_tag":[],"class_list":{"0":"post-3565","1":"product","2":"type-product","3":"status-publish","4":"has-post-thumbnail","6":"product_cat-home-decor","7":"product_cat-wholesale-ceramic-plant-pots","8":"product_cat-ceramic-pots-planters","10":"first","11":"instock","12":"shipping-taxable","13":"product-type-simple"},"acf":[],"_links":{"self":[{"href":"https:\/\/www.santai-ceramics.com\/es\/wp-json\/wp\/v2\/product\/3565","targetHints":{"allow":["GET"]}}],"collection":[{"href":"https:\/\/www.santai-ceramics.com\/es\/wp-json\/wp\/v2\/product"}],"about":[{"href":"https:\/\/www.santai-ceramics.com\/es\/wp-json\/wp\/v2\/types\/product"}],"replies":[{"embeddable":true,"href":"https:\/\/www.santai-ceramics.com\/es\/wp-json\/wp\/v2\/comments?post=3565"}],"wp:featuredmedia":[{"embeddable":true,"href":"https:\/\/www.santai-ceramics.com\/es\/wp-json\/wp\/v2\/media\/3589"}],"wp:attachment":[{"href":"https:\/\/www.santai-ceramics.com\/es\/wp-json\/wp\/v2\/media?parent=3565"}],"wp:term":[{"taxonomy":"product_brand","embeddable":true,"href":"https:\/\/www.santai-ceramics.com\/es\/wp-json\/wp\/v2\/product_brand?post=3565"},{"taxonomy":"product_cat","embeddable":true,"href":"https:\/\/www.santai-ceramics.com\/es\/wp-json\/wp\/v2\/product_cat?post=3565"},{"taxonomy":"product_tag","embeddable":true,"href":"https:\/\/www.santai-ceramics.com\/es\/wp-json\/wp\/v2\/product_tag?post=3565"}],"curies":[{"name":"wp","href":"https:\/\/api.w.org\/{rel}","templated":true}]}}