{"id":3566,"date":"2025-09-07T06:24:59","date_gmt":"2025-09-07T06:24:59","guid":{"rendered":"https:\/\/www.santai-ceramics.com\/?post_type=product&#038;p=3566"},"modified":"2025-09-07T06:25:01","modified_gmt":"2025-09-07T06:25:01","slug":"bulk-ceramic-vases-for-export-to-global-traders","status":"publish","type":"product","link":"https:\/\/www.santai-ceramics.com\/es\/product\/bulk-ceramic-vases-for-export-to-global-traders\/","title":{"rendered":"Jarrones de cer\u00e1mica a granel para la exportaci\u00f3n - Bienvenidos comerciantes mundiales y mayoristas de cer\u00e1mica"},"content":{"rendered":"<h3 class=\"wp-block-heading\">Caracter\u00edsticas de los jarrones de cer\u00e1mica<\/h3>\n\n\n\n<ul class=\"wp-block-list\">\n<li><strong>Versatilidad decorativa: <\/strong>Esta colecci\u00f3n de jarrones viene en tres tama\u00f1os diferentes, ofreciendo amplias opciones de exposici\u00f3n para todo, desde estanter\u00edas de estudio hasta mesas de centro de sal\u00f3n.<\/li>\n\n\n\n<li><strong>Atractivo est\u00e9tico: <\/strong>Estos jarrones presentan un suave color verde, un intrincado esmalte craquelado y delicados motivos de helechos que les confieren un gran atractivo visual.<\/li>\n\n\n\n<li><strong>Capacidad de producci\u00f3n masiva: <\/strong>Como proveedores y exportadores de jarrones, contamos con equipos avanzados y mano de obra cualificada, lo que nos permite producir en grandes cantidades para satisfacer la demanda mayorista mundial.<\/li>\n\n\n\n<li><strong>Precios competitivos: <\/strong>Nuestra f\u00e1brica est\u00e1 situada en Chaozhou, China. Gracias a nuestra eficiente cadena de suministro y a las econom\u00edas de escala, podemos ofrecer precios atractivos para compras al por mayor.<\/li>\n<\/ul>\n\n\n\n<h3 class=\"wp-block-heading\">Servicio de jarrones de cer\u00e1mica personalizados<\/h3>\n\n\n\n<p>Ofrecemos servicios OEM y ODM para nuestros productos.<br>Entrega r\u00e1pida de muestras.<br>Ofrecemos una gran variedad de formas, colores, impresi\u00f3n personalizada, embalaje y otros servicios a medida para satisfacer sus necesidades espec\u00edficas.<\/p>\n\n\n\n<div class=\"wp-block-columns is-layout-flex wp-container-core-columns-is-layout-9d6595d7 wp-block-columns-is-layout-flex\">\n<div class=\"wp-block-column is-layout-flow wp-block-column-is-layout-flow\">\n<figure class=\"wp-block-image size-full\"><img decoding=\"async\" width=\"2405\" height=\"2004\" src=\"https:\/\/www.santai-ceramics.com\/wp-content\/uploads\/2025\/09\/wholesale-vases-for-export-5.webp\" alt=\"jarrones al por mayor para exportaci\u00f3n (5)\" class=\"wp-image-3668\" srcset=\"https:\/\/www.santai-ceramics.com\/wp-content\/uploads\/2025\/09\/wholesale-vases-for-export-5.webp 2405w, https:\/\/www.santai-ceramics.com\/wp-content\/uploads\/2025\/09\/wholesale-vases-for-export-5-300x250.webp 300w, https:\/\/www.santai-ceramics.com\/wp-content\/uploads\/2025\/09\/wholesale-vases-for-export-5-768x640.webp 768w, https:\/\/www.santai-ceramics.com\/wp-content\/uploads\/2025\/09\/wholesale-vases-for-export-5-14x12.webp 14w, https:\/\/www.santai-ceramics.com\/wp-content\/uploads\/2025\/09\/wholesale-vases-for-export-5-1200x1000.webp 1200w, https:\/\/www.santai-ceramics.com\/wp-content\/uploads\/2025\/09\/wholesale-vases-for-export-5-600x500.webp 600w\" sizes=\"(max-width: 2405px) 100vw, 2405px\" \/><\/figure>\n<\/div>\n\n\n\n<div class=\"wp-block-column is-layout-flow wp-block-column-is-layout-flow\">\n<figure class=\"wp-block-image size-full\"><img decoding=\"async\" width=\"2843\" height=\"2369\" src=\"https:\/\/www.santai-ceramics.com\/wp-content\/uploads\/2025\/09\/wholesale-vases-for-export-6.webp\" alt=\"jarrones al por mayor para exportaci\u00f3n (6)\" class=\"wp-image-3669\" srcset=\"https:\/\/www.santai-ceramics.com\/wp-content\/uploads\/2025\/09\/wholesale-vases-for-export-6.webp 2843w, https:\/\/www.santai-ceramics.com\/wp-content\/uploads\/2025\/09\/wholesale-vases-for-export-6-300x250.webp 300w, https:\/\/www.santai-ceramics.com\/wp-content\/uploads\/2025\/09\/wholesale-vases-for-export-6-768x640.webp 768w, https:\/\/www.santai-ceramics.com\/wp-content\/uploads\/2025\/09\/wholesale-vases-for-export-6-14x12.webp 14w, https:\/\/www.santai-ceramics.com\/wp-content\/uploads\/2025\/09\/wholesale-vases-for-export-6-1200x1000.webp 1200w, https:\/\/www.santai-ceramics.com\/wp-content\/uploads\/2025\/09\/wholesale-vases-for-export-6-600x500.webp 600w\" sizes=\"(max-width: 2843px) 100vw, 2843px\" \/><\/figure>\n<\/div>\n<\/div>","protected":false},"excerpt":{"rendered":"<p data-pm-slice=\"0 0 []\">MOQ:100. Suministramos jarrones de cer\u00e1mica de alta calidad para la exportaci\u00f3n, ofreciendo precios competitivos al por mayor a comerciantes y compradores del mercado de la cer\u00e1mica de todo el mundo. Nuestra amplia selecci\u00f3n de estilos nos hace ideales para la compra al por mayor y la distribuci\u00f3n internacional.<\/p>\n<h2>Especificaciones de los jarrones de cer\u00e1mica al por mayor<\/h2>\n<table width=\"1140\">\n<tbody>\n<tr>\n<td width=\"285\">N\u00famero de modelo<\/td>\n<td width=\"285\">A37659-LE24-A01<\/td>\n<td width=\"285\">A37659-LE24-A02<\/td>\n<td width=\"285\">A37659-LE24-A03<\/td>\n<\/tr>\n<tr>\n<td>Nombre del producto<\/td>\n<td>Jarr\u00f3n de cer\u00e1mica<\/td>\n<td>Jarr\u00f3n de cer\u00e1mica<\/td>\n<td>Jarr\u00f3n de cer\u00e1mica<\/td>\n<\/tr>\n<tr>\n<td>Color<\/td>\n<td>Verde<\/td>\n<td>Verde<\/td>\n<td>Verde<\/td>\n<\/tr>\n<tr>\n<td>Material<\/td>\n<td>Cer\u00e1mica\u00a0<\/td>\n<td>Cer\u00e1mica\u00a0<\/td>\n<td>Cer\u00e1mica\u00a0<\/td>\n<\/tr>\n<tr>\n<td>Escenarios de uso<\/td>\n<td>decoraci\u00f3n del hogar\u00a0<\/td>\n<td>decoraci\u00f3n del hogar\u00a0<\/td>\n<td>decoraci\u00f3n del hogar\u00a0<\/td>\n<\/tr>\n<tr>\n<td>Dimensiones<\/td>\n<td>P:15X19,5cm<\/td>\n<td>P:15X15cm<\/td>\n<td>P:11,5X12cm<\/td>\n<\/tr>\n<tr>\n<td>Peso<\/td>\n<td>0,8 kg\/unidad<\/td>\n<td>0,6 kg\/unidad<\/td>\n<td>0,3 kg\/unidad<\/td>\n<\/tr>\n<\/tbody>\n<\/table>\n<p>\n<script src=\"chrome-extension:\/\/fpelahbljekknahkcaegamhcndkfpfnc\/iFrame.js\" type=\"text\/javascript\"><\/script><\/p>","protected":false},"featured_media":3664,"comment_status":"closed","ping_status":"closed","template":"","meta":{"_acf_changed":false},"product_brand":[],"product_cat":[18,22],"product_tag":[],"class_list":{"0":"post-3566","1":"product","2":"type-product","3":"status-publish","4":"has-post-thumbnail","6":"product_cat-home-decor","7":"product_cat-vase","9":"first","10":"instock","11":"shipping-taxable","12":"product-type-simple"},"acf":[],"_links":{"self":[{"href":"https:\/\/www.santai-ceramics.com\/es\/wp-json\/wp\/v2\/product\/3566","targetHints":{"allow":["GET"]}}],"collection":[{"href":"https:\/\/www.santai-ceramics.com\/es\/wp-json\/wp\/v2\/product"}],"about":[{"href":"https:\/\/www.santai-ceramics.com\/es\/wp-json\/wp\/v2\/types\/product"}],"replies":[{"embeddable":true,"href":"https:\/\/www.santai-ceramics.com\/es\/wp-json\/wp\/v2\/comments?post=3566"}],"wp:featuredmedia":[{"embeddable":true,"href":"https:\/\/www.santai-ceramics.com\/es\/wp-json\/wp\/v2\/media\/3664"}],"wp:attachment":[{"href":"https:\/\/www.santai-ceramics.com\/es\/wp-json\/wp\/v2\/media?parent=3566"}],"wp:term":[{"taxonomy":"product_brand","embeddable":true,"href":"https:\/\/www.santai-ceramics.com\/es\/wp-json\/wp\/v2\/product_brand?post=3566"},{"taxonomy":"product_cat","embeddable":true,"href":"https:\/\/www.santai-ceramics.com\/es\/wp-json\/wp\/v2\/product_cat?post=3566"},{"taxonomy":"product_tag","embeddable":true,"href":"https:\/\/www.santai-ceramics.com\/es\/wp-json\/wp\/v2\/product_tag?post=3566"}],"curies":[{"name":"wp","href":"https:\/\/api.w.org\/{rel}","templated":true}]}}