{"id":3688,"date":"2025-09-23T02:40:18","date_gmt":"2025-09-23T02:40:18","guid":{"rendered":"https:\/\/www.santai-ceramics.com\/?post_type=product&#038;p=3688"},"modified":"2025-09-23T02:40:19","modified_gmt":"2025-09-23T02:40:19","slug":"wholesale-animal-ornaments-owl","status":"publish","type":"product","link":"https:\/\/www.santai-ceramics.com\/es\/product\/wholesale-animal-ornaments-owl\/","title":{"rendered":"Mayorista Adornos de Animales B\u00faho Estilo Industrial - Welcome Global Artistic Dealers"},"content":{"rendered":"<h3 class=\"wp-block-heading\">Caracter\u00edsticas de los adornos de animales de resina<\/h3>\n\n\n\n<ul class=\"wp-block-list\">\n<li><strong>Textura de cemento en bruto y acabado envejecido<\/strong>: Esta escultura est\u00e1 hecha de resina con revestimiento blanco parcialmente pelado, dejando al descubierto superficies rugosas naturales y p\u00e1tina envejecida en tonos grises, beige, rojos y verdes.<\/li>\n<\/ul>\n\n\n\n<ul class=\"wp-block-list\">\n<li><strong>Dise\u00f1o minimalista pero expresivo<\/strong>: Forma geom\u00e9trica de b\u00faho con sutiles detalles -cabeza retorcida, ojos expresivos y pico tallado- que logran un equilibrio entre la abstracci\u00f3n y el car\u00e1cter realista.<\/li>\n<\/ul>\n\n\n\n<ul class=\"wp-block-list\">\n<li><strong>Perfecto para empresas culturales y creativas<\/strong>: Este b\u00faho animal de adorno es adecuado para museos, parques culturales o empresas de regalos como recuerdos art\u00edsticos, art\u00edculos de marca de propiedad intelectual o regalos de empresa de edici\u00f3n limitada.<\/li>\n<\/ul>\n\n\n\n<ul class=\"wp-block-list\">\n<li><strong>Ideal para marcas de decoraci\u00f3n del hogar y hosteler\u00eda<\/strong>: Realza los interiores modernos minimalistas, wabi-sabi o n\u00f3rdicos, haciendo del b\u00faho animal ornamental una selecci\u00f3n \u00fanica para tiendas de estilo de vida, hoteles boutique y espacios de dise\u00f1o.<\/li>\n<\/ul>\n\n\n\n<h3 class=\"wp-block-heading\">Servicio de adornos personalizados de resina para animales<\/h3>\n\n\n\n<p>Ofrecemos servicios OEM y ODM para nuestros productos.<br>Entrega r\u00e1pida de muestras.<br>Ofrecemos una gran variedad de formas, colores, impresi\u00f3n personalizada, embalaje y otros servicios a medida para satisfacer sus necesidades espec\u00edficas.<\/p>\n\n\n\n<div class=\"wp-block-columns is-layout-flex wp-container-core-columns-is-layout-9d6595d7 wp-block-columns-is-layout-flex\">\n<div class=\"wp-block-column is-layout-flow wp-block-column-is-layout-flow\">\n<figure class=\"wp-block-image size-full\"><img decoding=\"async\" width=\"2227\" height=\"2227\" src=\"https:\/\/www.santai-ceramics.com\/wp-content\/uploads\/2025\/09\/wholesale-resin-animal-ornaments-owl-5.webp\" alt=\"mayorista resina adornos animales b\u00faho (5)\" class=\"wp-image-3711\" srcset=\"https:\/\/www.santai-ceramics.com\/wp-content\/uploads\/2025\/09\/wholesale-resin-animal-ornaments-owl-5.webp 2227w, https:\/\/www.santai-ceramics.com\/wp-content\/uploads\/2025\/09\/wholesale-resin-animal-ornaments-owl-5-300x300.webp 300w, https:\/\/www.santai-ceramics.com\/wp-content\/uploads\/2025\/09\/wholesale-resin-animal-ornaments-owl-5-150x150.webp 150w, https:\/\/www.santai-ceramics.com\/wp-content\/uploads\/2025\/09\/wholesale-resin-animal-ornaments-owl-5-768x768.webp 768w, https:\/\/www.santai-ceramics.com\/wp-content\/uploads\/2025\/09\/wholesale-resin-animal-ornaments-owl-5-12x12.webp 12w, https:\/\/www.santai-ceramics.com\/wp-content\/uploads\/2025\/09\/wholesale-resin-animal-ornaments-owl-5-1200x1200.webp 1200w, https:\/\/www.santai-ceramics.com\/wp-content\/uploads\/2025\/09\/wholesale-resin-animal-ornaments-owl-5-600x600.webp 600w, https:\/\/www.santai-ceramics.com\/wp-content\/uploads\/2025\/09\/wholesale-resin-animal-ornaments-owl-5-100x100.webp 100w\" sizes=\"(max-width: 2227px) 100vw, 2227px\" \/><\/figure>\n<\/div>\n\n\n\n<div class=\"wp-block-column is-layout-flow wp-block-column-is-layout-flow\">\n<figure class=\"wp-block-image size-full\"><img decoding=\"async\" width=\"2236\" height=\"2236\" src=\"https:\/\/www.santai-ceramics.com\/wp-content\/uploads\/2025\/09\/wholesale-resin-animal-ornaments-owl-4.webp\" alt=\"mayorista resina adornos animales b\u00faho (4)\" class=\"wp-image-3710\" srcset=\"https:\/\/www.santai-ceramics.com\/wp-content\/uploads\/2025\/09\/wholesale-resin-animal-ornaments-owl-4.webp 2236w, https:\/\/www.santai-ceramics.com\/wp-content\/uploads\/2025\/09\/wholesale-resin-animal-ornaments-owl-4-300x300.webp 300w, https:\/\/www.santai-ceramics.com\/wp-content\/uploads\/2025\/09\/wholesale-resin-animal-ornaments-owl-4-150x150.webp 150w, https:\/\/www.santai-ceramics.com\/wp-content\/uploads\/2025\/09\/wholesale-resin-animal-ornaments-owl-4-768x768.webp 768w, https:\/\/www.santai-ceramics.com\/wp-content\/uploads\/2025\/09\/wholesale-resin-animal-ornaments-owl-4-12x12.webp 12w, https:\/\/www.santai-ceramics.com\/wp-content\/uploads\/2025\/09\/wholesale-resin-animal-ornaments-owl-4-1200x1200.webp 1200w, https:\/\/www.santai-ceramics.com\/wp-content\/uploads\/2025\/09\/wholesale-resin-animal-ornaments-owl-4-600x600.webp 600w, https:\/\/www.santai-ceramics.com\/wp-content\/uploads\/2025\/09\/wholesale-resin-animal-ornaments-owl-4-100x100.webp 100w\" sizes=\"(max-width: 2236px) 100vw, 2236px\" \/><\/figure>\n<\/div>\n<\/div>\n\n\n\n<p><\/p>","protected":false},"excerpt":{"rendered":"<p data-pm-slice=\"0 0 []\">MOQ:100. Fabricada en cemento y yeso con un acabado envejecido, esta escultura de b\u00faho combina la crudeza industrial con el arte natural. Su dise\u00f1o geom\u00e9trico minimalista y su textura envejecida la convierten en una pieza decorativa \u00fanica para clientes B2B como empresas de regalos culturales, marcas de decoraci\u00f3n del hogar, centros comerciales, museos, cafeter\u00edas y hoteles boutique que buscan una decoraci\u00f3n art\u00edstica y atemporal.<\/p>\n<h2>Especificaci\u00f3n de Figuras de animales de resina al por mayor<\/h2>\n<table width=\"855\">\n<tbody>\n<tr>\n<td width=\"285\">N\u00famero de modelo<\/td>\n<td width=\"285\">E37899-H942-A01<\/td>\n<td width=\"285\">E37899-H942-A02<\/td>\n<\/tr>\n<tr>\n<td>Nombre del producto<\/td>\n<td>B\u00faho de resina<\/td>\n<td>B\u00faho de resina<\/td>\n<\/tr>\n<tr>\n<td>Color<\/td>\n<td>Crema antiguo y dorado\u00a0<\/td>\n<td>Crema antiguo y dorado\u00a0<\/td>\n<\/tr>\n<tr>\n<td>Material<\/td>\n<td>Resina\u00a0<\/td>\n<td>Resina<\/td>\n<\/tr>\n<tr>\n<td>Escenarios de uso<\/td>\n<td>decoraci\u00f3n del hogar y del jard\u00edn\u00a0<\/td>\n<td>decoraci\u00f3n del hogar y del jard\u00edn\u00a0<\/td>\n<\/tr>\n<tr>\n<td>Dimensiones<\/td>\n<td>14,5X13X39cm<\/td>\n<td>9,5X9X27cm<\/td>\n<\/tr>\n<tr>\n<td>Peso<\/td>\n<td>1,5 kg\/unidad<\/td>\n<td>0,9 kg\/unidad<\/td>\n<\/tr>\n<\/tbody>\n<\/table>\n<p>\n<script src=\"chrome-extension:\/\/fpelahbljekknahkcaegamhcndkfpfnc\/iFrame.js\" type=\"text\/javascript\"><\/script><\/p>","protected":false},"featured_media":3707,"comment_status":"closed","ping_status":"closed","template":"","meta":{"_acf_changed":false},"product_brand":[],"product_cat":[18,25],"product_tag":[],"class_list":{"0":"post-3688","1":"product","2":"type-product","3":"status-publish","4":"has-post-thumbnail","6":"product_cat-home-decor","7":"product_cat-animal-ornaments","9":"first","10":"instock","11":"shipping-taxable","12":"product-type-simple"},"acf":[],"_links":{"self":[{"href":"https:\/\/www.santai-ceramics.com\/es\/wp-json\/wp\/v2\/product\/3688","targetHints":{"allow":["GET"]}}],"collection":[{"href":"https:\/\/www.santai-ceramics.com\/es\/wp-json\/wp\/v2\/product"}],"about":[{"href":"https:\/\/www.santai-ceramics.com\/es\/wp-json\/wp\/v2\/types\/product"}],"replies":[{"embeddable":true,"href":"https:\/\/www.santai-ceramics.com\/es\/wp-json\/wp\/v2\/comments?post=3688"}],"wp:featuredmedia":[{"embeddable":true,"href":"https:\/\/www.santai-ceramics.com\/es\/wp-json\/wp\/v2\/media\/3707"}],"wp:attachment":[{"href":"https:\/\/www.santai-ceramics.com\/es\/wp-json\/wp\/v2\/media?parent=3688"}],"wp:term":[{"taxonomy":"product_brand","embeddable":true,"href":"https:\/\/www.santai-ceramics.com\/es\/wp-json\/wp\/v2\/product_brand?post=3688"},{"taxonomy":"product_cat","embeddable":true,"href":"https:\/\/www.santai-ceramics.com\/es\/wp-json\/wp\/v2\/product_cat?post=3688"},{"taxonomy":"product_tag","embeddable":true,"href":"https:\/\/www.santai-ceramics.com\/es\/wp-json\/wp\/v2\/product_tag?post=3688"}],"curies":[{"name":"wp","href":"https:\/\/api.w.org\/{rel}","templated":true}]}}