{"id":3691,"date":"2025-09-23T02:16:51","date_gmt":"2025-09-23T02:16:51","guid":{"rendered":"https:\/\/www.santai-ceramics.com\/?post_type=product&#038;p=3691"},"modified":"2025-09-23T02:16:52","modified_gmt":"2025-09-23T02:16:52","slug":"wholesale-decorative-plant-pots","status":"publish","type":"product","link":"https:\/\/www.santai-ceramics.com\/es\/product\/wholesale-decorative-plant-pots\/","title":{"rendered":"Mayorista Macetas Decorativas Acabado Envejecido R\u00fastico, Vintage - Forma de Compra al por Mayor con Soporte Global Traders"},"content":{"rendered":"<h3 class=\"wp-block-heading\">Caracter\u00edsticas de la maceta de cer\u00e1mica<\/h3>\n\n\n\n<ul class=\"wp-block-list\">\n<li><strong>Material y artesan\u00eda aut\u00e9nticos:<\/strong> Fabricadas en cer\u00e1mica y arcilla, cada maceta decorativa al por mayor destaca por sus superficies hechas a mano con poros texturizados, manchas similares al musgo y acabados desgastados que realzan su aspecto vintage natural.<\/li>\n<\/ul>\n\n\n\n<ul class=\"wp-block-list\">\n<li><strong>Formas diversas y dise\u00f1o funcional:<\/strong> Disponibles en dise\u00f1os altos, redondos, anchos y conjuntos emparejados, con bases estables y bordes respetuosos con las plantas. Adecuados para suculentas, hortensias y plantas de follaje, ofrecen un valor tanto decorativo como pr\u00e1ctico.<\/li>\n<\/ul>\n\n\n\n<ul class=\"wp-block-list\">\n<li><strong>Ideal para clientes B2B:<\/strong> Dise\u00f1ado para minoristas de decoraci\u00f3n del hogar, floristas, grandes hoteles, marcas de estilo de vida y centros de jardiner\u00eda que buscan maceteros r\u00fasticos \u00fanicos que se ajusten a las tendencias de dise\u00f1o escandinavo, wabi-sabi y natural.<\/li>\n<\/ul>\n\n\n\n<ul class=\"wp-block-list\">\n<li><strong>Ventaja de f\u00e1brica:<\/strong> Respaldados por una capacidad de producci\u00f3n de alta eficacia y un estricto control de calidad, nuestros pedidos de macetas decorativas al por mayor pueden entregarse con una calidad constante, a tiempo y a precios al por mayor muy competitivos para socios de todo el mundo.<\/li>\n<\/ul>\n\n\n\n<h3 class=\"wp-block-heading\">Servicio de macetas de cer\u00e1mica personalizadas<\/h3>\n\n\n\n<p>Ofrecemos servicios OEM y ODM para nuestros productos.<br>Entrega r\u00e1pida de muestras.<br>Ofrecemos una gran variedad de formas, colores, impresi\u00f3n personalizada, embalaje y otros servicios a medida para satisfacer sus necesidades espec\u00edficas.<\/p>\n\n\n\n<div class=\"wp-block-columns is-layout-flex wp-container-core-columns-is-layout-9d6595d7 wp-block-columns-is-layout-flex\">\n<div class=\"wp-block-column is-layout-flow wp-block-column-is-layout-flow\">\n<figure class=\"wp-block-image size-full\"><img decoding=\"async\" width=\"3553\" height=\"3553\" src=\"https:\/\/www.santai-ceramics.com\/wp-content\/uploads\/2025\/09\/wholesale-decorative-plant-pots-5.webp\" alt=\"venta al por mayor macetas decorativas (5)\" class=\"wp-image-3754\" srcset=\"https:\/\/www.santai-ceramics.com\/wp-content\/uploads\/2025\/09\/wholesale-decorative-plant-pots-5.webp 3553w, https:\/\/www.santai-ceramics.com\/wp-content\/uploads\/2025\/09\/wholesale-decorative-plant-pots-5-300x300.webp 300w, https:\/\/www.santai-ceramics.com\/wp-content\/uploads\/2025\/09\/wholesale-decorative-plant-pots-5-150x150.webp 150w, https:\/\/www.santai-ceramics.com\/wp-content\/uploads\/2025\/09\/wholesale-decorative-plant-pots-5-768x768.webp 768w, https:\/\/www.santai-ceramics.com\/wp-content\/uploads\/2025\/09\/wholesale-decorative-plant-pots-5-12x12.webp 12w, https:\/\/www.santai-ceramics.com\/wp-content\/uploads\/2025\/09\/wholesale-decorative-plant-pots-5-1200x1200.webp 1200w, https:\/\/www.santai-ceramics.com\/wp-content\/uploads\/2025\/09\/wholesale-decorative-plant-pots-5-600x600.webp 600w, https:\/\/www.santai-ceramics.com\/wp-content\/uploads\/2025\/09\/wholesale-decorative-plant-pots-5-100x100.webp 100w\" sizes=\"(max-width: 3553px) 100vw, 3553px\" \/><\/figure>\n<\/div>\n\n\n\n<div class=\"wp-block-column is-layout-flow wp-block-column-is-layout-flow\">\n<figure class=\"wp-block-image size-full\"><img decoding=\"async\" width=\"1870\" height=\"1870\" src=\"https:\/\/www.santai-ceramics.com\/wp-content\/uploads\/2025\/09\/wholesale-decorative-plant-pots-3.webp\" alt=\"venta al por mayor macetas decorativas (3)\" class=\"wp-image-3752\" srcset=\"https:\/\/www.santai-ceramics.com\/wp-content\/uploads\/2025\/09\/wholesale-decorative-plant-pots-3.webp 1870w, https:\/\/www.santai-ceramics.com\/wp-content\/uploads\/2025\/09\/wholesale-decorative-plant-pots-3-300x300.webp 300w, https:\/\/www.santai-ceramics.com\/wp-content\/uploads\/2025\/09\/wholesale-decorative-plant-pots-3-150x150.webp 150w, https:\/\/www.santai-ceramics.com\/wp-content\/uploads\/2025\/09\/wholesale-decorative-plant-pots-3-768x768.webp 768w, https:\/\/www.santai-ceramics.com\/wp-content\/uploads\/2025\/09\/wholesale-decorative-plant-pots-3-12x12.webp 12w, https:\/\/www.santai-ceramics.com\/wp-content\/uploads\/2025\/09\/wholesale-decorative-plant-pots-3-1200x1200.webp 1200w, https:\/\/www.santai-ceramics.com\/wp-content\/uploads\/2025\/09\/wholesale-decorative-plant-pots-3-600x600.webp 600w, https:\/\/www.santai-ceramics.com\/wp-content\/uploads\/2025\/09\/wholesale-decorative-plant-pots-3-100x100.webp 100w\" sizes=\"(max-width: 1870px) 100vw, 1870px\" \/><\/figure>\n<\/div>\n<\/div>","protected":false},"excerpt":{"rendered":"<p data-pm-slice=\"0 0 []\">Suministramos macetas decorativas al por mayor con texturas artesanales y acabados envejecidos. Nuestras macetas decorativas al por mayor combinan autenticidad y encanto atemporal. Con formas diversas y funciones vers\u00e1tiles, son perfectas para marcas de decoraci\u00f3n del hogar, florister\u00edas, grandes hoteles y tiendas de jardiner\u00eda.\u00a0<\/p>\n<h2>Especificaciones de la maceta de cer\u00e1mica<\/h2>\n<table width=\"855\">\n<tbody>\n<tr>\n<td width=\"285\">N\u00famero de modelo<\/td>\n<td width=\"285\">G37875-H942-A01<\/td>\n<td width=\"285\">G37875-H942-A02<\/td>\n<\/tr>\n<tr>\n<td>Nombre del producto<\/td>\n<td>Maceta de terracota<\/td>\n<td>Maceta de terracota<\/td>\n<\/tr>\n<tr>\n<td>Color<\/td>\n<td>Crema antiguo y dorado\u00a0<\/td>\n<td>Crema antiguo y dorado\u00a0<\/td>\n<\/tr>\n<tr>\n<td>Material<\/td>\n<td>Terracota<\/td>\n<td>Terracota<\/td>\n<\/tr>\n<tr>\n<td>Escenarios de uso<\/td>\n<td>decoraci\u00f3n del hogar y del jard\u00edn\u00a0<\/td>\n<td>decoraci\u00f3n del hogar y del jard\u00edn\u00a0<\/td>\n<\/tr>\n<tr>\n<td>Dimensiones<\/td>\n<td>P:21.5X23.5cm<\/td>\n<td>P:17,5X20cm<\/td>\n<\/tr>\n<tr>\n<td>Peso<\/td>\n<td>3,2 kg\/unidad<\/td>\n<td>2,1 kg\/unidad<\/td>\n<\/tr>\n<\/tbody>\n<\/table>\n<p>\n<script src=\"chrome-extension:\/\/fpelahbljekknahkcaegamhcndkfpfnc\/iFrame.js\" type=\"text\/javascript\"><\/script><\/p>","protected":false},"featured_media":3751,"comment_status":"closed","ping_status":"closed","template":"","meta":{"_acf_changed":false},"product_brand":[],"product_cat":[18,42,21,23],"product_tag":[],"class_list":{"0":"post-3691","1":"product","2":"type-product","3":"status-publish","4":"has-post-thumbnail","6":"product_cat-home-decor","7":"product_cat-wholesale-ceramic-plant-pots","8":"product_cat-garden-decor","9":"product_cat-ceramic-pots-planters","11":"first","12":"instock","13":"shipping-taxable","14":"product-type-simple"},"acf":[],"_links":{"self":[{"href":"https:\/\/www.santai-ceramics.com\/es\/wp-json\/wp\/v2\/product\/3691","targetHints":{"allow":["GET"]}}],"collection":[{"href":"https:\/\/www.santai-ceramics.com\/es\/wp-json\/wp\/v2\/product"}],"about":[{"href":"https:\/\/www.santai-ceramics.com\/es\/wp-json\/wp\/v2\/types\/product"}],"replies":[{"embeddable":true,"href":"https:\/\/www.santai-ceramics.com\/es\/wp-json\/wp\/v2\/comments?post=3691"}],"wp:featuredmedia":[{"embeddable":true,"href":"https:\/\/www.santai-ceramics.com\/es\/wp-json\/wp\/v2\/media\/3751"}],"wp:attachment":[{"href":"https:\/\/www.santai-ceramics.com\/es\/wp-json\/wp\/v2\/media?parent=3691"}],"wp:term":[{"taxonomy":"product_brand","embeddable":true,"href":"https:\/\/www.santai-ceramics.com\/es\/wp-json\/wp\/v2\/product_brand?post=3691"},{"taxonomy":"product_cat","embeddable":true,"href":"https:\/\/www.santai-ceramics.com\/es\/wp-json\/wp\/v2\/product_cat?post=3691"},{"taxonomy":"product_tag","embeddable":true,"href":"https:\/\/www.santai-ceramics.com\/es\/wp-json\/wp\/v2\/product_tag?post=3691"}],"curies":[{"name":"wp","href":"https:\/\/api.w.org\/{rel}","templated":true}]}}