{"id":3693,"date":"2025-09-23T02:11:47","date_gmt":"2025-09-23T02:11:47","guid":{"rendered":"https:\/\/www.santai-ceramics.com\/?post_type=product&#038;p=3693"},"modified":"2025-09-23T02:11:48","modified_gmt":"2025-09-23T02:11:48","slug":"bulk-planters-wholesale","status":"publish","type":"product","link":"https:\/\/www.santai-ceramics.com\/es\/product\/bulk-planters-wholesale\/","title":{"rendered":"Jardineras a granel r\u00fasticas, con acabado envejecido artesanal - Suministradas a nivel mundial por comerciantes de jardineras de cer\u00e1mica"},"content":{"rendered":"<h3 class=\"wp-block-heading\">Caracter\u00edsticas de la maceta de cer\u00e1mica<\/h3>\n\n\n\n<ul class=\"wp-block-list\">\n<li><strong>Textura natural artesanal:<\/strong> Fabricadas con cemento, arcilla gruesa y terracota, cada una de las macetas a granel presenta una superficie \u00fanica y desgastada con p\u00e1tina, detalles similares al musgo y sutiles variaciones de color que resaltan su autenticidad artesanal.<\/li>\n<\/ul>\n\n\n\n<ul class=\"wp-block-list\">\n<li><strong>Formas vers\u00e1tiles y dise\u00f1o estable:<\/strong> Estas macetas a granel incluyen formas acampanadas, cil\u00edndricas y en forma de barril con bases ligeramente m\u00e1s anchas o acampanadas, que garantizan una colocaci\u00f3n segura a la vez que soportan una gran variedad de plantas, desde suculentas hasta frondosas.<\/li>\n<\/ul>\n\n\n\n<ul class=\"wp-block-list\">\n<li><strong>Perfecto para clientes B2B:<\/strong> Nuestros maceteros a granel est\u00e1n dise\u00f1ados para tiendas de decoraci\u00f3n del hogar, florister\u00edas, marcas de regalos, hoteles, cafeter\u00edas y espacios creativos, y minoristas de estilo de vida que buscan maceteros r\u00fasticos y slow-living que encajen en interiores modernos minimalistas, escandinavos o wabi-sabi.<\/li>\n<\/ul>\n\n\n\n<ul class=\"wp-block-list\">\n<li><strong>Suministro fiable y precios competitivos:<\/strong> La eficacia de la producci\u00f3n y el estricto control de calidad garantizan un suministro estable a granel y precios al por mayor muy competitivos para socios B2B de todo el mundo.<\/li>\n<\/ul>\n\n\n\n<h3 class=\"wp-block-heading\">Servicio de macetas de cer\u00e1mica a medida<\/h3>\n\n\n\n<p>Ofrecemos servicios OEM y ODM para nuestros productos.<br>Entrega r\u00e1pida de muestras.<br>Ofrecemos una gran variedad de formas, colores, impresi\u00f3n personalizada, embalaje y otros servicios a medida para satisfacer sus necesidades espec\u00edficas.<\/p>\n\n\n\n<div class=\"wp-block-columns is-layout-flex wp-container-core-columns-is-layout-9d6595d7 wp-block-columns-is-layout-flex\">\n<div class=\"wp-block-column is-layout-flow wp-block-column-is-layout-flow\">\n<figure class=\"wp-block-image size-full\"><img decoding=\"async\" width=\"1877\" height=\"1877\" src=\"https:\/\/www.santai-ceramics.com\/wp-content\/uploads\/2025\/09\/bulk-planters-with-weathered-finish-3.webp\" alt=\"jardineras a granel con acabado envejecido (3)\" class=\"wp-image-3760\" srcset=\"https:\/\/www.santai-ceramics.com\/wp-content\/uploads\/2025\/09\/bulk-planters-with-weathered-finish-3.webp 1877w, https:\/\/www.santai-ceramics.com\/wp-content\/uploads\/2025\/09\/bulk-planters-with-weathered-finish-3-300x300.webp 300w, https:\/\/www.santai-ceramics.com\/wp-content\/uploads\/2025\/09\/bulk-planters-with-weathered-finish-3-150x150.webp 150w, https:\/\/www.santai-ceramics.com\/wp-content\/uploads\/2025\/09\/bulk-planters-with-weathered-finish-3-768x768.webp 768w, https:\/\/www.santai-ceramics.com\/wp-content\/uploads\/2025\/09\/bulk-planters-with-weathered-finish-3-12x12.webp 12w, https:\/\/www.santai-ceramics.com\/wp-content\/uploads\/2025\/09\/bulk-planters-with-weathered-finish-3-1200x1200.webp 1200w, https:\/\/www.santai-ceramics.com\/wp-content\/uploads\/2025\/09\/bulk-planters-with-weathered-finish-3-600x600.webp 600w, https:\/\/www.santai-ceramics.com\/wp-content\/uploads\/2025\/09\/bulk-planters-with-weathered-finish-3-100x100.webp 100w\" sizes=\"(max-width: 1877px) 100vw, 1877px\" \/><\/figure>\n<\/div>\n\n\n\n<div class=\"wp-block-column is-layout-flow wp-block-column-is-layout-flow\">\n<figure class=\"wp-block-image size-full\"><img decoding=\"async\" width=\"3061\" height=\"3061\" src=\"https:\/\/www.santai-ceramics.com\/wp-content\/uploads\/2025\/09\/bulk-planters-with-weathered-finish-4.webp\" alt=\"jardineras a granel con acabado envejecido (4)\" class=\"wp-image-3761\" srcset=\"https:\/\/www.santai-ceramics.com\/wp-content\/uploads\/2025\/09\/bulk-planters-with-weathered-finish-4.webp 3061w, https:\/\/www.santai-ceramics.com\/wp-content\/uploads\/2025\/09\/bulk-planters-with-weathered-finish-4-300x300.webp 300w, https:\/\/www.santai-ceramics.com\/wp-content\/uploads\/2025\/09\/bulk-planters-with-weathered-finish-4-150x150.webp 150w, https:\/\/www.santai-ceramics.com\/wp-content\/uploads\/2025\/09\/bulk-planters-with-weathered-finish-4-768x768.webp 768w, https:\/\/www.santai-ceramics.com\/wp-content\/uploads\/2025\/09\/bulk-planters-with-weathered-finish-4-12x12.webp 12w, https:\/\/www.santai-ceramics.com\/wp-content\/uploads\/2025\/09\/bulk-planters-with-weathered-finish-4-1200x1200.webp 1200w, https:\/\/www.santai-ceramics.com\/wp-content\/uploads\/2025\/09\/bulk-planters-with-weathered-finish-4-600x600.webp 600w, https:\/\/www.santai-ceramics.com\/wp-content\/uploads\/2025\/09\/bulk-planters-with-weathered-finish-4-100x100.webp 100w\" sizes=\"(max-width: 3061px) 100vw, 3061px\" \/><\/figure>\n<\/div>\n<\/div>\n\n\n\n<p><\/p>","protected":false},"excerpt":{"rendered":"<p data-pm-slice=\"0 0 []\">Estos maceteros r\u00fasticos a granel est\u00e1n hechos de cemento, arcilla gruesa y terracota, y presentan una textura naturalmente envejecida y artesanal con sutiles efectos de musgo y p\u00e1tina. Perfectas para minoristas de decoraci\u00f3n del hogar, floristas, marcas de estilo de vida y centros de jardiner\u00eda, aportan calidez natural e inter\u00e9s visual a cualquier espacio.\u00a0<\/p>\n<h2>Especificaciones de la maceta de cer\u00e1mica<\/h2>\n<table width=\"1140\">\n<tbody>\n<tr>\n<td width=\"285\">N\u00famero de modelo<\/td>\n<td width=\"285\">G37877-H942-A01<\/td>\n<td width=\"285\">G37877-H942-A02<\/td>\n<td width=\"285\">G37877-H942-A03<\/td>\n<\/tr>\n<tr>\n<td>Nombre del producto<\/td>\n<td>Maceta de terracota<\/td>\n<td>Maceta de terracota<\/td>\n<td>Maceta de terracota<\/td>\n<\/tr>\n<tr>\n<td>Color<\/td>\n<td>Crema antiguo y dorado\u00a0<\/td>\n<td>Crema antiguo y dorado\u00a0<\/td>\n<td>Crema antiguo y dorado\u00a0<\/td>\n<\/tr>\n<tr>\n<td>Material<\/td>\n<td>Terracota<\/td>\n<td>Terracota<\/td>\n<td>Terracota<\/td>\n<\/tr>\n<tr>\n<td>Escenarios de uso<\/td>\n<td>decoraci\u00f3n del hogar y del jard\u00edn\u00a0<\/td>\n<td>decoraci\u00f3n del hogar y del jard\u00edn\u00a0<\/td>\n<td>decoraci\u00f3n del hogar y del jard\u00edn\u00a0<\/td>\n<\/tr>\n<tr>\n<td>Dimensiones<\/td>\n<td>25,5X23,5X17,5cm<\/td>\n<td>19X18.5X15cm<\/td>\n<td>15X14X13cm<\/td>\n<\/tr>\n<tr>\n<td>Peso<\/td>\n<td>3,2 kg\/unidad<\/td>\n<td>1,8 kg\/unidad<\/td>\n<td>1,1 kg\/unidad<\/td>\n<\/tr>\n<\/tbody>\n<\/table>\n<p>\n<script src=\"chrome-extension:\/\/fpelahbljekknahkcaegamhcndkfpfnc\/iFrame.js\" type=\"text\/javascript\"><\/script><\/p>","protected":false},"featured_media":3759,"comment_status":"closed","ping_status":"closed","template":"","meta":{"_acf_changed":false},"product_brand":[],"product_cat":[18,42,21,23],"product_tag":[],"class_list":{"0":"post-3693","1":"product","2":"type-product","3":"status-publish","4":"has-post-thumbnail","6":"product_cat-home-decor","7":"product_cat-wholesale-ceramic-plant-pots","8":"product_cat-garden-decor","9":"product_cat-ceramic-pots-planters","11":"first","12":"instock","13":"shipping-taxable","14":"product-type-simple"},"acf":[],"_links":{"self":[{"href":"https:\/\/www.santai-ceramics.com\/es\/wp-json\/wp\/v2\/product\/3693","targetHints":{"allow":["GET"]}}],"collection":[{"href":"https:\/\/www.santai-ceramics.com\/es\/wp-json\/wp\/v2\/product"}],"about":[{"href":"https:\/\/www.santai-ceramics.com\/es\/wp-json\/wp\/v2\/types\/product"}],"replies":[{"embeddable":true,"href":"https:\/\/www.santai-ceramics.com\/es\/wp-json\/wp\/v2\/comments?post=3693"}],"wp:featuredmedia":[{"embeddable":true,"href":"https:\/\/www.santai-ceramics.com\/es\/wp-json\/wp\/v2\/media\/3759"}],"wp:attachment":[{"href":"https:\/\/www.santai-ceramics.com\/es\/wp-json\/wp\/v2\/media?parent=3693"}],"wp:term":[{"taxonomy":"product_brand","embeddable":true,"href":"https:\/\/www.santai-ceramics.com\/es\/wp-json\/wp\/v2\/product_brand?post=3693"},{"taxonomy":"product_cat","embeddable":true,"href":"https:\/\/www.santai-ceramics.com\/es\/wp-json\/wp\/v2\/product_cat?post=3693"},{"taxonomy":"product_tag","embeddable":true,"href":"https:\/\/www.santai-ceramics.com\/es\/wp-json\/wp\/v2\/product_tag?post=3693"}],"curies":[{"name":"wp","href":"https:\/\/api.w.org\/{rel}","templated":true}]}}