{"id":3694,"date":"2025-09-23T02:36:56","date_gmt":"2025-09-23T02:36:56","guid":{"rendered":"https:\/\/www.santai-ceramics.com\/?post_type=product&#038;p=3694"},"modified":"2025-09-23T02:36:58","modified_gmt":"2025-09-23T02:36:58","slug":"bulk-terracotta-vases-for-sale","status":"publish","type":"product","link":"https:\/\/www.santai-ceramics.com\/es\/product\/bulk-terracotta-vases-for-sale\/","title":{"rendered":"Bulk Terracota Vases In Vintage Style - Compra a granel con el apoyo de Dealers&amp;Hotels"},"content":{"rendered":"<h3 class=\"wp-block-heading\">Caracter\u00edsticas de los jarrones de terracota<\/h3>\n\n\n\n<ul class=\"wp-block-list\">\n<li><strong>Cer\u00e1mica aut\u00e9ntica con textura envejecida<\/strong>: Estos jarrones de terracota a granel est\u00e1n hechos de cer\u00e1mica de alta calidad con detalles artesanales desgastados, incluyendo manchas r\u00fasticas, p\u00e1tina natural y patrones de estilo de relieve para un aspecto vintage.<\/li>\n<\/ul>\n\n\n\n<ul class=\"wp-block-list\">\n<li><strong>Formas vers\u00e1tiles y dise\u00f1o funcional<\/strong>: Est\u00e1 disponible en m\u00faltiples formas -redonda, de cuello estrecho o de cuerpo ancho- con opciones para su uso como jarrones, jarras de almacenamiento o acentos decorativos independientes.<\/li>\n<\/ul>\n\n\n\n<ul class=\"wp-block-list\">\n<li><strong>Perfecto para marcas de decoraci\u00f3n y estilo de vida<\/strong>: Nuestros jarrones de terracota a granel son una gran opci\u00f3n para los minoristas de art\u00edculos para el hogar, tiendas de estilo de vida y hoteles boutique que buscan piezas r\u00fasticas y artesanales que elevan el ambiente interior.<\/li>\n<\/ul>\n\n\n\n<ul class=\"wp-block-list\">\n<li><strong>Ventajas de la f\u00e1brica<\/strong>: Respaldados por la capacidad de fabricaci\u00f3n a gran escala de nuestra f\u00e1brica, el estricto control de calidad y los precios competitivos, ofrecemos un suministro estable y una personalizaci\u00f3n flexible para pedidos al por mayor.<\/li>\n<\/ul>\n\n\n\n<h3 class=\"wp-block-heading\">Servicio de jarrones de terracota a medida<\/h3>\n\n\n\n<p>Ofrecemos servicios OEM y ODM para nuestros productos.<br>Entrega r\u00e1pida de muestras.<br>Ofrecemos una gran variedad de formas, colores, impresi\u00f3n personalizada, embalaje y otros servicios a medida para satisfacer sus necesidades espec\u00edficas.<\/p>\n\n\n\n<div class=\"wp-block-columns is-layout-flex wp-container-core-columns-is-layout-9d6595d7 wp-block-columns-is-layout-flex\">\n<div class=\"wp-block-column is-layout-flow wp-block-column-is-layout-flow\">\n<figure class=\"wp-block-image size-full\"><img decoding=\"async\" width=\"2854\" height=\"2854\" src=\"https:\/\/www.santai-ceramics.com\/wp-content\/uploads\/2025\/09\/bulk-terracotta-plant-pots-vintage-5.webp\" alt=\"macetas de terracota a granel vintage (5)\" class=\"wp-image-3723\" srcset=\"https:\/\/www.santai-ceramics.com\/wp-content\/uploads\/2025\/09\/bulk-terracotta-plant-pots-vintage-5.webp 2854w, https:\/\/www.santai-ceramics.com\/wp-content\/uploads\/2025\/09\/bulk-terracotta-plant-pots-vintage-5-300x300.webp 300w, https:\/\/www.santai-ceramics.com\/wp-content\/uploads\/2025\/09\/bulk-terracotta-plant-pots-vintage-5-150x150.webp 150w, https:\/\/www.santai-ceramics.com\/wp-content\/uploads\/2025\/09\/bulk-terracotta-plant-pots-vintage-5-768x768.webp 768w, https:\/\/www.santai-ceramics.com\/wp-content\/uploads\/2025\/09\/bulk-terracotta-plant-pots-vintage-5-12x12.webp 12w, https:\/\/www.santai-ceramics.com\/wp-content\/uploads\/2025\/09\/bulk-terracotta-plant-pots-vintage-5-1200x1200.webp 1200w, https:\/\/www.santai-ceramics.com\/wp-content\/uploads\/2025\/09\/bulk-terracotta-plant-pots-vintage-5-600x600.webp 600w, https:\/\/www.santai-ceramics.com\/wp-content\/uploads\/2025\/09\/bulk-terracotta-plant-pots-vintage-5-100x100.webp 100w\" sizes=\"(max-width: 2854px) 100vw, 2854px\" \/><\/figure>\n<\/div>\n\n\n\n<div class=\"wp-block-column is-layout-flow wp-block-column-is-layout-flow\">\n<figure class=\"wp-block-image size-full\"><img decoding=\"async\" width=\"1456\" height=\"1456\" src=\"https:\/\/www.santai-ceramics.com\/wp-content\/uploads\/2025\/09\/bulk-terracotta-plant-pots-vintage-3.webp\" alt=\"macetas de terracota a granel vintage (3)\" class=\"wp-image-3721\" srcset=\"https:\/\/www.santai-ceramics.com\/wp-content\/uploads\/2025\/09\/bulk-terracotta-plant-pots-vintage-3.webp 1456w, https:\/\/www.santai-ceramics.com\/wp-content\/uploads\/2025\/09\/bulk-terracotta-plant-pots-vintage-3-300x300.webp 300w, https:\/\/www.santai-ceramics.com\/wp-content\/uploads\/2025\/09\/bulk-terracotta-plant-pots-vintage-3-150x150.webp 150w, https:\/\/www.santai-ceramics.com\/wp-content\/uploads\/2025\/09\/bulk-terracotta-plant-pots-vintage-3-768x768.webp 768w, https:\/\/www.santai-ceramics.com\/wp-content\/uploads\/2025\/09\/bulk-terracotta-plant-pots-vintage-3-12x12.webp 12w, https:\/\/www.santai-ceramics.com\/wp-content\/uploads\/2025\/09\/bulk-terracotta-plant-pots-vintage-3-1200x1200.webp 1200w, https:\/\/www.santai-ceramics.com\/wp-content\/uploads\/2025\/09\/bulk-terracotta-plant-pots-vintage-3-600x600.webp 600w, https:\/\/www.santai-ceramics.com\/wp-content\/uploads\/2025\/09\/bulk-terracotta-plant-pots-vintage-3-100x100.webp 100w\" sizes=\"(max-width: 1456px) 100vw, 1456px\" \/><\/figure>\n<\/div>\n<\/div>","protected":false},"excerpt":{"rendered":"<p data-pm-slice=\"0 0 []\">Fabricados en cer\u00e1mica de primera calidad con un acabado envejecido a mano, estos jarrones de terracota a granel combinan el encanto r\u00fastico con el detalle art\u00edstico, presentando motivos tallados, texturas desgastadas y formas vers\u00e1tiles para la decoraci\u00f3n o el arreglo floral. Su dise\u00f1o atemporal los hace ideales para clientes B2B como minoristas de decoraci\u00f3n del hogar, tiendas de concepto de estilo de vida, comerciantes art\u00edsticos globales y hoteles boutique que buscan piezas decorativas \u00fanicas y llenas de historia.\u00a0<\/p>\n<h2>Especificaciones del jarr\u00f3n de terracota a granel<\/h2>\n<table width=\"855\">\n<tbody>\n<tr>\n<td width=\"285\">N\u00famero de modelo<\/td>\n<td width=\"285\">G37865-H942-A01<\/td>\n<td width=\"285\">G37865-H942-A02<\/td>\n<\/tr>\n<tr>\n<td>Nombre del producto<\/td>\n<td>Jarr\u00f3n de terracota<\/td>\n<td>Jarr\u00f3n de terracota<\/td>\n<\/tr>\n<tr>\n<td>Color<\/td>\n<td>Crema antiguo y dorado\u00a0<\/td>\n<td>Crema antiguo y dorado\u00a0<\/td>\n<\/tr>\n<tr>\n<td>Material<\/td>\n<td>Terracota<\/td>\n<td>Terracota<\/td>\n<\/tr>\n<tr>\n<td>Escenarios de uso<\/td>\n<td>decoraci\u00f3n del hogar y del jard\u00edn\u00a0<\/td>\n<td>decoraci\u00f3n del hogar y del jard\u00edn\u00a0<\/td>\n<\/tr>\n<tr>\n<td>Dimensiones<\/td>\n<td>P:25,5X26cm<\/td>\n<td>P:21X21,5cm<\/td>\n<\/tr>\n<tr>\n<td>Peso<\/td>\n<td>4,4 kg\/unidad<\/td>\n<td>2,5 kg\/unidad<\/td>\n<\/tr>\n<\/tbody>\n<\/table>\n<p>\n<script src=\"chrome-extension:\/\/fpelahbljekknahkcaegamhcndkfpfnc\/iFrame.js\" type=\"text\/javascript\"><\/script><\/p>","protected":false},"featured_media":3720,"comment_status":"closed","ping_status":"closed","template":"","meta":{"_acf_changed":false},"product_brand":[],"product_cat":[18,21,22],"product_tag":[],"class_list":{"0":"post-3694","1":"product","2":"type-product","3":"status-publish","4":"has-post-thumbnail","6":"product_cat-home-decor","7":"product_cat-garden-decor","8":"product_cat-vase","10":"first","11":"instock","12":"shipping-taxable","13":"product-type-simple"},"acf":[],"_links":{"self":[{"href":"https:\/\/www.santai-ceramics.com\/es\/wp-json\/wp\/v2\/product\/3694","targetHints":{"allow":["GET"]}}],"collection":[{"href":"https:\/\/www.santai-ceramics.com\/es\/wp-json\/wp\/v2\/product"}],"about":[{"href":"https:\/\/www.santai-ceramics.com\/es\/wp-json\/wp\/v2\/types\/product"}],"replies":[{"embeddable":true,"href":"https:\/\/www.santai-ceramics.com\/es\/wp-json\/wp\/v2\/comments?post=3694"}],"wp:featuredmedia":[{"embeddable":true,"href":"https:\/\/www.santai-ceramics.com\/es\/wp-json\/wp\/v2\/media\/3720"}],"wp:attachment":[{"href":"https:\/\/www.santai-ceramics.com\/es\/wp-json\/wp\/v2\/media?parent=3694"}],"wp:term":[{"taxonomy":"product_brand","embeddable":true,"href":"https:\/\/www.santai-ceramics.com\/es\/wp-json\/wp\/v2\/product_brand?post=3694"},{"taxonomy":"product_cat","embeddable":true,"href":"https:\/\/www.santai-ceramics.com\/es\/wp-json\/wp\/v2\/product_cat?post=3694"},{"taxonomy":"product_tag","embeddable":true,"href":"https:\/\/www.santai-ceramics.com\/es\/wp-json\/wp\/v2\/product_tag?post=3694"}],"curies":[{"name":"wp","href":"https:\/\/api.w.org\/{rel}","templated":true}]}}