{"id":3696,"date":"2025-09-23T02:18:44","date_gmt":"2025-09-23T02:18:44","guid":{"rendered":"https:\/\/www.santai-ceramics.com\/?post_type=product&#038;p=3696"},"modified":"2025-09-23T02:18:45","modified_gmt":"2025-09-23T02:18:45","slug":"wholesale-ceramic-planters-for-b2b-buyers","status":"publish","type":"product","link":"https:\/\/www.santai-ceramics.com\/es\/product\/wholesale-ceramic-planters-for-b2b-buyers\/","title":{"rendered":"Wholesale Jardineras de Cer\u00e1mica Estilo R\u00fastico - Bienvenido Comerciantes Globales y Mayoristas de Cer\u00e1mica"},"content":{"rendered":"<h3 class=\"wp-block-heading\">Caracter\u00edsticas de la maceta de cer\u00e1mica<\/h3>\n\n\n\n<ul class=\"wp-block-list\">\n<li><strong>Material y acabado aut\u00e9nticos<\/strong>: Las macetas de cer\u00e1mica al por mayor est\u00e1n hechas de arcilla, cer\u00e1mica gruesa o cemento. Cada maceta presenta una superficie cruda, hecha a mano, con poros texturizados, marcas naturales desgastadas y un encanto r\u00fastico vintage.<\/li>\n<\/ul>\n\n\n\n<ul class=\"wp-block-list\">\n<li><strong>Dise\u00f1os y funciones vers\u00e1tiles<\/strong>: Nuestras macetas de cer\u00e1mica al por mayor est\u00e1n disponibles en m\u00faltiples formas (redondas, esf\u00e9ricas, cil\u00edndricas y conjuntos agrupados), y son adecuadas para sobremesa, jard\u00edn o exposici\u00f3n decorativa de plantas, satisfaciendo diversas necesidades de venta al por menor y de proyectos.<\/li>\n<\/ul>\n\n\n\n<ul class=\"wp-block-list\">\n<li><strong>Perfecto para clientes B2B<\/strong>: Ideal para minoristas de decoraci\u00f3n del hogar, floristas, grandes hoteles, distribuidores mayoristas de macetas de cer\u00e1mica y marcas de estilo de vida que buscan macetas \u00fanicas inspiradas en la naturaleza que se alineen con el minimalismo moderno, el wabi-sabi o la est\u00e9tica del dise\u00f1o n\u00f3rdico.<\/li>\n<\/ul>\n\n\n\n<ul class=\"wp-block-list\">\n<li><strong>Ventaja de la f\u00e1brica - Escala y precios<\/strong>: Nuestra capacidad de producci\u00f3n a gran escala y nuestro estricto control de calidad garantizan un suministro estable, una alta consistencia y precios al por mayor competitivos para los clientes de todo el mundo.<\/li>\n<\/ul>\n\n\n\n<h3 class=\"wp-block-heading\">Servicio de macetas de cer\u00e1mica a medida<\/h3>\n\n\n\n<p>Ofrecemos servicios OEM y ODM para nuestros productos.<br>Entrega r\u00e1pida de muestras.<br>Ofrecemos una gran variedad de formas, colores, impresi\u00f3n personalizada, embalaje y otros servicios a medida para satisfacer sus necesidades espec\u00edficas.<\/p>\n\n\n\n<div class=\"wp-block-columns is-layout-flex wp-container-core-columns-is-layout-9d6595d7 wp-block-columns-is-layout-flex\">\n<div class=\"wp-block-column is-layout-flow wp-block-column-is-layout-flow\">\n<figure class=\"wp-block-image size-full\"><img decoding=\"async\" width=\"2938\" height=\"2938\" src=\"https:\/\/www.santai-ceramics.com\/wp-content\/uploads\/2025\/09\/wholesale-ceramic-planters-5.webp\" alt=\"venta al por mayor de macetas de cer\u00e1mica (5)\" class=\"wp-image-3748\" srcset=\"https:\/\/www.santai-ceramics.com\/wp-content\/uploads\/2025\/09\/wholesale-ceramic-planters-5.webp 2938w, https:\/\/www.santai-ceramics.com\/wp-content\/uploads\/2025\/09\/wholesale-ceramic-planters-5-300x300.webp 300w, https:\/\/www.santai-ceramics.com\/wp-content\/uploads\/2025\/09\/wholesale-ceramic-planters-5-150x150.webp 150w, https:\/\/www.santai-ceramics.com\/wp-content\/uploads\/2025\/09\/wholesale-ceramic-planters-5-768x768.webp 768w, https:\/\/www.santai-ceramics.com\/wp-content\/uploads\/2025\/09\/wholesale-ceramic-planters-5-12x12.webp 12w, https:\/\/www.santai-ceramics.com\/wp-content\/uploads\/2025\/09\/wholesale-ceramic-planters-5-1200x1200.webp 1200w, https:\/\/www.santai-ceramics.com\/wp-content\/uploads\/2025\/09\/wholesale-ceramic-planters-5-600x600.webp 600w, https:\/\/www.santai-ceramics.com\/wp-content\/uploads\/2025\/09\/wholesale-ceramic-planters-5-100x100.webp 100w\" sizes=\"(max-width: 2938px) 100vw, 2938px\" \/><\/figure>\n<\/div>\n\n\n\n<div class=\"wp-block-column is-layout-flow wp-block-column-is-layout-flow\">\n<figure class=\"wp-block-image size-full\"><img decoding=\"async\" width=\"1624\" height=\"1624\" src=\"https:\/\/www.santai-ceramics.com\/wp-content\/uploads\/2025\/09\/wholesale-ceramic-planters-4.webp\" alt=\"venta al por mayor de macetas de cer\u00e1mica (4)\" class=\"wp-image-3747\" srcset=\"https:\/\/www.santai-ceramics.com\/wp-content\/uploads\/2025\/09\/wholesale-ceramic-planters-4.webp 1624w, https:\/\/www.santai-ceramics.com\/wp-content\/uploads\/2025\/09\/wholesale-ceramic-planters-4-300x300.webp 300w, https:\/\/www.santai-ceramics.com\/wp-content\/uploads\/2025\/09\/wholesale-ceramic-planters-4-150x150.webp 150w, https:\/\/www.santai-ceramics.com\/wp-content\/uploads\/2025\/09\/wholesale-ceramic-planters-4-768x768.webp 768w, https:\/\/www.santai-ceramics.com\/wp-content\/uploads\/2025\/09\/wholesale-ceramic-planters-4-12x12.webp 12w, https:\/\/www.santai-ceramics.com\/wp-content\/uploads\/2025\/09\/wholesale-ceramic-planters-4-1200x1200.webp 1200w, https:\/\/www.santai-ceramics.com\/wp-content\/uploads\/2025\/09\/wholesale-ceramic-planters-4-600x600.webp 600w, https:\/\/www.santai-ceramics.com\/wp-content\/uploads\/2025\/09\/wholesale-ceramic-planters-4-100x100.webp 100w\" sizes=\"(max-width: 1624px) 100vw, 1624px\" \/><\/figure>\n<\/div>\n<\/div>\n\n\n\n<p><\/p>","protected":false},"excerpt":{"rendered":"<p data-pm-slice=\"0 0 []\">Estos maceteros de cer\u00e1mica al por mayor, hechos de arcilla y cemento con acabados desgastados \u00fanicos, aportan encanto natural y autenticidad a cualquier espacio. Con diversas formas y funcionalidad vers\u00e1til, nuestras macetas de cer\u00e1mica al por mayor son ideales para marcas de decoraci\u00f3n del hogar, florister\u00edas, hoteles y proyectos de dise\u00f1o de interiores. Ofrecemos calidad constante y precios muy competitivos a clientes B2B de todo el mundo.<\/p>\n<h2>Especificaciones de la maceta de cer\u00e1mica<\/h2>\n<table width=\"1140\">\n<tbody>\n<tr>\n<td width=\"285\">N\u00famero de modelo<\/td>\n<td width=\"285\">G37873-H942-A01<\/td>\n<td width=\"285\">G37873-H942-A02<\/td>\n<td width=\"285\">G37873-H942-A03<\/td>\n<\/tr>\n<tr>\n<td>Nombre del producto<\/td>\n<td>Maceta de terracota<\/td>\n<td>Maceta de terracota<\/td>\n<td>Maceta de terracota<\/td>\n<\/tr>\n<tr>\n<td>Color<\/td>\n<td>Crema antiguo y dorado\u00a0<\/td>\n<td>Crema antiguo y dorado\u00a0<\/td>\n<td>Crema antiguo y dorado\u00a0<\/td>\n<\/tr>\n<tr>\n<td>Material<\/td>\n<td>Terracota<\/td>\n<td>Terracota<\/td>\n<td>Terracota<\/td>\n<\/tr>\n<tr>\n<td>Escenarios de uso<\/td>\n<td>decoraci\u00f3n del hogar y del jard\u00edn\u00a0<\/td>\n<td>decoraci\u00f3n del hogar y del jard\u00edn\u00a0<\/td>\n<td>decoraci\u00f3n del hogar y del jard\u00edn\u00a0<\/td>\n<\/tr>\n<tr>\n<td>Dimensiones<\/td>\n<td>P:21X17,5cm<\/td>\n<td>P:16,5X14cm<\/td>\n<td>P:12,5X10cm<\/td>\n<\/tr>\n<tr>\n<td>Peso<\/td>\n<td>2,4 kg\/unidad<\/td>\n<td>1,4 kg\/unidad<\/td>\n<td>0,7 kg\/unidad<\/td>\n<\/tr>\n<\/tbody>\n<\/table>\n<p>\n<script src=\"chrome-extension:\/\/fpelahbljekknahkcaegamhcndkfpfnc\/iFrame.js\" type=\"text\/javascript\"><\/script><\/p>","protected":false},"featured_media":3745,"comment_status":"closed","ping_status":"closed","template":"","meta":{"_acf_changed":false},"product_brand":[],"product_cat":[18,42,21,23],"product_tag":[],"class_list":{"0":"post-3696","1":"product","2":"type-product","3":"status-publish","4":"has-post-thumbnail","6":"product_cat-home-decor","7":"product_cat-wholesale-ceramic-plant-pots","8":"product_cat-garden-decor","9":"product_cat-ceramic-pots-planters","11":"first","12":"instock","13":"shipping-taxable","14":"product-type-simple"},"acf":[],"_links":{"self":[{"href":"https:\/\/www.santai-ceramics.com\/es\/wp-json\/wp\/v2\/product\/3696","targetHints":{"allow":["GET"]}}],"collection":[{"href":"https:\/\/www.santai-ceramics.com\/es\/wp-json\/wp\/v2\/product"}],"about":[{"href":"https:\/\/www.santai-ceramics.com\/es\/wp-json\/wp\/v2\/types\/product"}],"replies":[{"embeddable":true,"href":"https:\/\/www.santai-ceramics.com\/es\/wp-json\/wp\/v2\/comments?post=3696"}],"wp:featuredmedia":[{"embeddable":true,"href":"https:\/\/www.santai-ceramics.com\/es\/wp-json\/wp\/v2\/media\/3745"}],"wp:attachment":[{"href":"https:\/\/www.santai-ceramics.com\/es\/wp-json\/wp\/v2\/media?parent=3696"}],"wp:term":[{"taxonomy":"product_brand","embeddable":true,"href":"https:\/\/www.santai-ceramics.com\/es\/wp-json\/wp\/v2\/product_brand?post=3696"},{"taxonomy":"product_cat","embeddable":true,"href":"https:\/\/www.santai-ceramics.com\/es\/wp-json\/wp\/v2\/product_cat?post=3696"},{"taxonomy":"product_tag","embeddable":true,"href":"https:\/\/www.santai-ceramics.com\/es\/wp-json\/wp\/v2\/product_tag?post=3696"}],"curies":[{"name":"wp","href":"https:\/\/api.w.org\/{rel}","templated":true}]}}