{"id":3857,"date":"2025-10-21T07:11:54","date_gmt":"2025-10-21T07:11:54","guid":{"rendered":"https:\/\/www.santai-ceramics.com\/?post_type=product&#038;p=3857"},"modified":"2025-10-21T07:14:27","modified_gmt":"2025-10-21T07:14:27","slug":"wholesale-commercial-ceramic-planters","status":"publish","type":"product","link":"https:\/\/www.santai-ceramics.com\/es\/product\/wholesale-commercial-ceramic-planters\/","title":{"rendered":"Mayorista Jardineras de Cer\u00e1mica Comercial - Precio de F\u00e1brica, Soporte OEM&amp;ODM"},"content":{"rendered":"<h3 class=\"wp-block-heading\">Caracter\u00edsticas de la jardinera comercial de cer\u00e1mica <\/h3>\n\n\n\n<ul class=\"wp-block-list\">\n<li><strong>Artesan\u00eda elegante:<\/strong> Fabricado con esmalte craquelado a alta temperatura y motivos florales azules pintados a mano, cada jarr\u00f3n es \u00fanico. El borde de cuentas y la base estriada a\u00f1aden textura y estabilidad, reflejando tanto el arte vintage como la delicadeza estructural.<\/li>\n<\/ul>\n\n\n\n<ul class=\"wp-block-list\">\n<li><strong>Uso vers\u00e1til de la pantalla:<\/strong> Nuestra maceta comercial de cer\u00e1mica al por mayor est\u00e1 disponible en tama\u00f1os grande, mediano y peque\u00f1o para vest\u00edbulos de hoteles, habitaciones de hu\u00e9spedes, florister\u00edas y colecciones de regalos. Perfecto para mostrar flores frescas, plantas de imitaci\u00f3n, o vegetaci\u00f3n, mezclando a la perfecci\u00f3n en interiores modernos y cl\u00e1sicos.<\/li>\n<\/ul>\n\n\n\n<ul class=\"wp-block-list\">\n<li><strong>Ideal para compradores B2B:<\/strong> Dise\u00f1ado para proveedores hoteleros, floristas, distribuidores de regalos y marcas de decoraci\u00f3n que valoran las piezas distintivas hechas a mano con un fuerte atractivo visual y una calidad constante. Ideal para desarrollar l\u00edneas de productos \u00fanicas y surtidos de alta gama para minoristas.<\/li>\n<\/ul>\n\n\n\n<ul class=\"wp-block-list\">\n<li><strong>Suministro estable:<\/strong> Con el respaldo de avanzadas l\u00edneas de producci\u00f3n y un estricto control de calidad, garantizamos un suministro estable, un acristalamiento duradero y servicios OEM\/ODM fiables con precios competitivos al por mayor.<\/li>\n<\/ul>\n\n\n\n<h3 class=\"wp-block-heading\">Servicio de jardineras comerciales de cer\u00e1mica a medida<\/h3>\n\n\n\n<p>Ofrecemos servicios OEM y ODM para nuestros productos.<br>Entrega r\u00e1pida de muestras.<br>Ofrecemos una gran variedad de formas, colores, impresi\u00f3n personalizada, embalaje y otros servicios a medida para satisfacer sus necesidades espec\u00edficas.<\/p>\n\n\n\n<div class=\"wp-block-columns is-layout-flex wp-container-core-columns-is-layout-9d6595d7 wp-block-columns-is-layout-flex\">\n<div class=\"wp-block-column is-layout-flow wp-block-column-is-layout-flow\">\n<figure class=\"wp-block-image size-full\"><img decoding=\"async\" width=\"1956\" height=\"1630\" src=\"https:\/\/www.santai-ceramics.com\/wp-content\/uploads\/2025\/10\/commercial-planter-wholesale-with-base-8.webp\" alt=\"jardinera comercial al por mayor con base (8)\" class=\"wp-image-3934\" srcset=\"https:\/\/www.santai-ceramics.com\/wp-content\/uploads\/2025\/10\/commercial-planter-wholesale-with-base-8.webp 1956w, https:\/\/www.santai-ceramics.com\/wp-content\/uploads\/2025\/10\/commercial-planter-wholesale-with-base-8-300x250.webp 300w, https:\/\/www.santai-ceramics.com\/wp-content\/uploads\/2025\/10\/commercial-planter-wholesale-with-base-8-768x640.webp 768w, https:\/\/www.santai-ceramics.com\/wp-content\/uploads\/2025\/10\/commercial-planter-wholesale-with-base-8-14x12.webp 14w, https:\/\/www.santai-ceramics.com\/wp-content\/uploads\/2025\/10\/commercial-planter-wholesale-with-base-8-1200x1000.webp 1200w, https:\/\/www.santai-ceramics.com\/wp-content\/uploads\/2025\/10\/commercial-planter-wholesale-with-base-8-600x500.webp 600w\" sizes=\"(max-width: 1956px) 100vw, 1956px\" \/><\/figure>\n<\/div>\n\n\n\n<div class=\"wp-block-column is-layout-flow wp-block-column-is-layout-flow\">\n<figure class=\"wp-block-image size-full\"><img decoding=\"async\" width=\"4056\" height=\"3380\" src=\"https:\/\/www.santai-ceramics.com\/wp-content\/uploads\/2025\/10\/commercial-planter-wholesale-with-base-9.webp\" alt=\"jardinera comercial al por mayor con base (9)\" class=\"wp-image-3935\" srcset=\"https:\/\/www.santai-ceramics.com\/wp-content\/uploads\/2025\/10\/commercial-planter-wholesale-with-base-9.webp 4056w, https:\/\/www.santai-ceramics.com\/wp-content\/uploads\/2025\/10\/commercial-planter-wholesale-with-base-9-300x250.webp 300w, https:\/\/www.santai-ceramics.com\/wp-content\/uploads\/2025\/10\/commercial-planter-wholesale-with-base-9-768x640.webp 768w, https:\/\/www.santai-ceramics.com\/wp-content\/uploads\/2025\/10\/commercial-planter-wholesale-with-base-9-14x12.webp 14w, https:\/\/www.santai-ceramics.com\/wp-content\/uploads\/2025\/10\/commercial-planter-wholesale-with-base-9-1200x1000.webp 1200w, https:\/\/www.santai-ceramics.com\/wp-content\/uploads\/2025\/10\/commercial-planter-wholesale-with-base-9-600x500.webp 600w\" sizes=\"(max-width: 4056px) 100vw, 4056px\" \/><\/figure>\n<\/div>\n<\/div>","protected":false},"excerpt":{"rendered":"<p data-pm-slice=\"0 0 []\">Nuestras macetas comerciales de cer\u00e1mica al por mayor combinan a la perfecci\u00f3n la artesan\u00eda tradicional china con la est\u00e9tica decorativa moderna. Son ideales para decoradores de hoteles, floristas, minoristas de jardiner\u00eda y proveedores de regalos. Ofrecemos precios al por mayor de f\u00e1brica y admitimos OEM y ODM. P\u00f3ngase en contacto con nosotros hoy mismo.<\/p>\n<h2>Especificaciones de la maceta de cer\u00e1mica comercial\u00a0<\/h2>\n<table width=\"855\">\n<tbody>\n<tr>\n<td width=\"285\">N\u00famero de modelo<\/td>\n<td width=\"285\">A36580-LC13-A01<\/td>\n<td width=\"285\">A36580-LC13-A02<\/td>\n<\/tr>\n<tr>\n<td>Nombre del producto<\/td>\n<td>Jardinera de cer\u00e1mica<\/td>\n<td>Jardinera de cer\u00e1mica<\/td>\n<\/tr>\n<tr>\n<td>Color<\/td>\n<td>Crema<\/td>\n<td>Crema<\/td>\n<\/tr>\n<tr>\n<td>Material<\/td>\n<td>Cer\u00e1mica<\/td>\n<td>Cer\u00e1mica<\/td>\n<\/tr>\n<tr>\n<td>Escenarios de uso<\/td>\n<td>decoraci\u00f3n del hogar<\/td>\n<td>decoraci\u00f3n del hogar<\/td>\n<\/tr>\n<tr>\n<td>Dimensiones<\/td>\n<td>P:18.5X17.5cm<\/td>\n<td>P:15X13,5cm<\/td>\n<\/tr>\n<tr>\n<td>Peso<\/td>\n<td>0,9 kg\/unidad<\/td>\n<td>0,6 kg\/unidad<\/td>\n<\/tr>\n<\/tbody>\n<\/table>\n<p>&nbsp;<\/p>","protected":false},"featured_media":3929,"comment_status":"closed","ping_status":"closed","template":"","meta":{"_acf_changed":false},"product_brand":[],"product_cat":[18,42,23],"product_tag":[],"class_list":{"0":"post-3857","1":"product","2":"type-product","3":"status-publish","4":"has-post-thumbnail","6":"product_cat-home-decor","7":"product_cat-wholesale-ceramic-plant-pots","8":"product_cat-ceramic-pots-planters","10":"first","11":"instock","12":"shipping-taxable","13":"product-type-simple"},"acf":[],"_links":{"self":[{"href":"https:\/\/www.santai-ceramics.com\/es\/wp-json\/wp\/v2\/product\/3857","targetHints":{"allow":["GET"]}}],"collection":[{"href":"https:\/\/www.santai-ceramics.com\/es\/wp-json\/wp\/v2\/product"}],"about":[{"href":"https:\/\/www.santai-ceramics.com\/es\/wp-json\/wp\/v2\/types\/product"}],"replies":[{"embeddable":true,"href":"https:\/\/www.santai-ceramics.com\/es\/wp-json\/wp\/v2\/comments?post=3857"}],"wp:featuredmedia":[{"embeddable":true,"href":"https:\/\/www.santai-ceramics.com\/es\/wp-json\/wp\/v2\/media\/3929"}],"wp:attachment":[{"href":"https:\/\/www.santai-ceramics.com\/es\/wp-json\/wp\/v2\/media?parent=3857"}],"wp:term":[{"taxonomy":"product_brand","embeddable":true,"href":"https:\/\/www.santai-ceramics.com\/es\/wp-json\/wp\/v2\/product_brand?post=3857"},{"taxonomy":"product_cat","embeddable":true,"href":"https:\/\/www.santai-ceramics.com\/es\/wp-json\/wp\/v2\/product_cat?post=3857"},{"taxonomy":"product_tag","embeddable":true,"href":"https:\/\/www.santai-ceramics.com\/es\/wp-json\/wp\/v2\/product_tag?post=3857"}],"curies":[{"name":"wp","href":"https:\/\/api.w.org\/{rel}","templated":true}]}}