{"id":3859,"date":"2025-10-21T07:45:30","date_gmt":"2025-10-21T07:45:30","guid":{"rendered":"https:\/\/www.santai-ceramics.com\/?post_type=product&#038;p=3859"},"modified":"2025-10-21T07:45:32","modified_gmt":"2025-10-21T07:45:32","slug":"wholesale-fresh-style-ceramic-vases","status":"publish","type":"product","link":"https:\/\/www.santai-ceramics.com\/es\/product\/wholesale-fresh-style-ceramic-vases\/","title":{"rendered":"Jarrones de Cer\u00e1mica al por mayor con motivos florales, suministro a granel para hoteles, marcas de decoraci\u00f3n y proveedores de regalos"},"content":{"rendered":"<h3 class=\"wp-block-heading\">Caracter\u00edsticas de los jarrones de cer\u00e1mica<\/h3>\n\n\n\n<ul class=\"wp-block-list\">\n<li><strong>Est\u00e9tica del dise\u00f1o: <\/strong>Elegancia natural y armon\u00eda espacial. Los jarrones al por mayor adoptan un <strong>cuerpo cl\u00e1sico redondeado o en forma de manzana<\/strong> con suaves transiciones de hombros y elegantes proporciones de cuello. Disponible en varios tama\u00f1os, se adapta a diversas escalas de interiores -desde vest\u00edbulos de hoteles y habitaciones de hu\u00e9spedes hasta salas de exposiciones comerciales- creando un ambiente refinado y relajante.<\/li>\n<\/ul>\n\n\n\n<ul class=\"wp-block-list\">\n<li><strong>Ideal para clientes B2B: <\/strong>Adaptabilidad Comercial en M\u00faltiples Escenarios. Esta colecci\u00f3n de jarrones de cer\u00e1mica es perfecta para <strong>proyectos hoteleros, minoristas de decoraci\u00f3n, floristas y distribuidores de regalos premium<\/strong> en busca de elegantes cer\u00e1micas artesanales con un vers\u00e1til potencial expositivo.<\/li>\n<\/ul>\n\n\n\n<ul class=\"wp-block-list\">\n<li><strong>Fabricaci\u00f3n profesional de cer\u00e1mica<\/strong>: Respaldada por a\u00f1os de experiencia en la producci\u00f3n de cer\u00e1mica, nuestra f\u00e1brica garantiza <strong>control de calidad constante, efectos de glaseado estables y servicios OEM\/ODM personalizables<\/strong>. Realizamos pedidos al por mayor, combinaciones de varios tama\u00f1os y soluciones de envasado personalizadas para regalos de empresa o proyectos de decoraci\u00f3n a gran escala.<\/li>\n<\/ul>\n\n\n\n<h3 class=\"wp-block-heading\">Servicio de recogida de jarrones de cer\u00e1mica personalizados<\/h3>\n\n\n\n<p>Ofrecemos servicios OEM y ODM para nuestros productos.<br>Entrega r\u00e1pida de muestras.<br>Ofrecemos una gran variedad de formas, colores, impresi\u00f3n personalizada, embalaje y otros servicios a medida para satisfacer sus necesidades espec\u00edficas.<\/p>\n\n\n\n<div class=\"wp-block-columns is-layout-flex wp-container-core-columns-is-layout-9d6595d7 wp-block-columns-is-layout-flex\">\n<div class=\"wp-block-column is-layout-flow wp-block-column-is-layout-flow\">\n<figure class=\"wp-block-image size-full\"><img decoding=\"async\" width=\"4002\" height=\"3335\" src=\"https:\/\/www.santai-ceramics.com\/wp-content\/uploads\/2025\/10\/gloss-vases-wholesale-with-crackle-aesthetics-1.webp\" alt=\"jarrones brillantes al por mayor con estetica craquelada (1)\" class=\"wp-image-3878\" srcset=\"https:\/\/www.santai-ceramics.com\/wp-content\/uploads\/2025\/10\/gloss-vases-wholesale-with-crackle-aesthetics-1.webp 4002w, https:\/\/www.santai-ceramics.com\/wp-content\/uploads\/2025\/10\/gloss-vases-wholesale-with-crackle-aesthetics-1-300x250.webp 300w, https:\/\/www.santai-ceramics.com\/wp-content\/uploads\/2025\/10\/gloss-vases-wholesale-with-crackle-aesthetics-1-768x640.webp 768w, https:\/\/www.santai-ceramics.com\/wp-content\/uploads\/2025\/10\/gloss-vases-wholesale-with-crackle-aesthetics-1-14x12.webp 14w, https:\/\/www.santai-ceramics.com\/wp-content\/uploads\/2025\/10\/gloss-vases-wholesale-with-crackle-aesthetics-1-1200x1000.webp 1200w, https:\/\/www.santai-ceramics.com\/wp-content\/uploads\/2025\/10\/gloss-vases-wholesale-with-crackle-aesthetics-1-600x500.webp 600w\" sizes=\"(max-width: 4002px) 100vw, 4002px\" \/><\/figure>\n<\/div>\n\n\n\n<div class=\"wp-block-column is-layout-flow wp-block-column-is-layout-flow\">\n<figure class=\"wp-block-image size-full\"><img decoding=\"async\" width=\"4568\" height=\"3806\" src=\"https:\/\/www.santai-ceramics.com\/wp-content\/uploads\/2025\/10\/gloss-vases-wholesale-with-crackle-aesthetics-3.webp\" alt=\"jarrones brillantes al por mayor con estetica craquelada (3)\" class=\"wp-image-3880\" srcset=\"https:\/\/www.santai-ceramics.com\/wp-content\/uploads\/2025\/10\/gloss-vases-wholesale-with-crackle-aesthetics-3.webp 4568w, https:\/\/www.santai-ceramics.com\/wp-content\/uploads\/2025\/10\/gloss-vases-wholesale-with-crackle-aesthetics-3-300x250.webp 300w, https:\/\/www.santai-ceramics.com\/wp-content\/uploads\/2025\/10\/gloss-vases-wholesale-with-crackle-aesthetics-3-768x640.webp 768w, https:\/\/www.santai-ceramics.com\/wp-content\/uploads\/2025\/10\/gloss-vases-wholesale-with-crackle-aesthetics-3-14x12.webp 14w, https:\/\/www.santai-ceramics.com\/wp-content\/uploads\/2025\/10\/gloss-vases-wholesale-with-crackle-aesthetics-3-1200x1000.webp 1200w, https:\/\/www.santai-ceramics.com\/wp-content\/uploads\/2025\/10\/gloss-vases-wholesale-with-crackle-aesthetics-3-600x500.webp 600w\" sizes=\"(max-width: 4568px) 100vw, 4568px\" \/><\/figure>\n<\/div>\n<\/div>","protected":false},"excerpt":{"rendered":"<p data-pm-slice=\"0 0 []\">Estos <strong data-start=\"337\" data-end=\"353\">venta al por mayor <\/strong>artesan\u00eda <strong data-start=\"337\" data-end=\"353\">jarrones de cer\u00e1mica <\/strong>presentan una silueta esf\u00e9rica cl\u00e1sica con un cuello refinado y estrecho, una delicada <strong data-start=\"433\" data-end=\"450\">esmalte craquelado<\/strong>y motivos florales y enredaderas pintados a mano que combinan la elegancia tradicional con la est\u00e9tica natural moderna. Dise\u00f1ado para <strong data-start=\"569\" data-end=\"639\">marcas de decoraci\u00f3n del hogar, proveedores hoteleros, floristas y mayoristas de regalos<\/strong>ofrece sofisticaci\u00f3n visual y durabilidad fiable para la decoraci\u00f3n a gran escala y las necesidades del comercio minorista.<\/p>\n<h2>Especificaciones de la colecci\u00f3n de jarrones de cer\u00e1mica<\/h2>\n<table width=\"1140\">\n<tbody>\n<tr>\n<td width=\"285\">N\u00famero de modelo<\/td>\n<td width=\"285\">A35068-LC13-A01<\/td>\n<td width=\"285\">A35068-LC13-A02<\/td>\n<td width=\"285\">A35069-LC13-A01<\/td>\n<\/tr>\n<tr>\n<td>Nombre del producto<\/td>\n<td>Jarr\u00f3n de cer\u00e1mica<\/td>\n<td>Jarr\u00f3n de cer\u00e1mica<\/td>\n<td>Jarr\u00f3n de cer\u00e1mica<\/td>\n<\/tr>\n<tr>\n<td>Color<\/td>\n<td>Crema<\/td>\n<td>Crema<\/td>\n<td>Crema<\/td>\n<\/tr>\n<tr>\n<td>Material<\/td>\n<td>Cer\u00e1mica<\/td>\n<td>Cer\u00e1mica<\/td>\n<td>Cer\u00e1mica<\/td>\n<\/tr>\n<tr>\n<td>Escenarios de uso<\/td>\n<td>decoraci\u00f3n del hogar<\/td>\n<td>decoraci\u00f3n del hogar<\/td>\n<td>decoraci\u00f3n del hogar<\/td>\n<\/tr>\n<tr>\n<td>Dimensiones<\/td>\n<td>P:20,5X25cm<\/td>\n<td>P:17X20cm<\/td>\n<td>P:18X15cm<\/td>\n<\/tr>\n<tr>\n<td>Peso<\/td>\n<td>1,4 kg\/unidad<\/td>\n<td>0,8 kg\/unidad<\/td>\n<td>0,7 kg\/unidad<\/td>\n<\/tr>\n<\/tbody>\n<\/table>\n<p>\n<script src=\"chrome-extension:\/\/fpelahbljekknahkcaegamhcndkfpfnc\/iFrame.js\" type=\"text\/javascript\"><\/script><\/p>","protected":false},"featured_media":3879,"comment_status":"closed","ping_status":"closed","template":"","meta":{"_acf_changed":false},"product_brand":[],"product_cat":[18,22],"product_tag":[],"class_list":{"0":"post-3859","1":"product","2":"type-product","3":"status-publish","4":"has-post-thumbnail","6":"product_cat-home-decor","7":"product_cat-vase","9":"first","10":"instock","11":"shipping-taxable","12":"product-type-simple"},"acf":[],"_links":{"self":[{"href":"https:\/\/www.santai-ceramics.com\/es\/wp-json\/wp\/v2\/product\/3859","targetHints":{"allow":["GET"]}}],"collection":[{"href":"https:\/\/www.santai-ceramics.com\/es\/wp-json\/wp\/v2\/product"}],"about":[{"href":"https:\/\/www.santai-ceramics.com\/es\/wp-json\/wp\/v2\/types\/product"}],"replies":[{"embeddable":true,"href":"https:\/\/www.santai-ceramics.com\/es\/wp-json\/wp\/v2\/comments?post=3859"}],"wp:featuredmedia":[{"embeddable":true,"href":"https:\/\/www.santai-ceramics.com\/es\/wp-json\/wp\/v2\/media\/3879"}],"wp:attachment":[{"href":"https:\/\/www.santai-ceramics.com\/es\/wp-json\/wp\/v2\/media?parent=3859"}],"wp:term":[{"taxonomy":"product_brand","embeddable":true,"href":"https:\/\/www.santai-ceramics.com\/es\/wp-json\/wp\/v2\/product_brand?post=3859"},{"taxonomy":"product_cat","embeddable":true,"href":"https:\/\/www.santai-ceramics.com\/es\/wp-json\/wp\/v2\/product_cat?post=3859"},{"taxonomy":"product_tag","embeddable":true,"href":"https:\/\/www.santai-ceramics.com\/es\/wp-json\/wp\/v2\/product_tag?post=3859"}],"curies":[{"name":"wp","href":"https:\/\/api.w.org\/{rel}","templated":true}]}}