{"id":3860,"date":"2025-10-21T07:30:00","date_gmt":"2025-10-21T07:30:00","guid":{"rendered":"https:\/\/www.santai-ceramics.com\/?post_type=product&#038;p=3860"},"modified":"2025-10-21T07:30:34","modified_gmt":"2025-10-21T07:30:34","slug":"wholesale-decoration-flower-vase","status":"publish","type":"product","link":"https:\/\/www.santai-ceramics.com\/es\/product\/wholesale-decoration-flower-vase\/","title":{"rendered":"Mayorista Florero Decorativo Con Esmaltado Crackle - Ideal Para Exposici\u00f3n En Hoteles Y Comerciantes De Cer\u00e1mica"},"content":{"rendered":"<h3 class=\"wp-block-heading\">Caracter\u00edsticas del florero decorativo<\/h3>\n\n\n\n<ul class=\"wp-block-list\">\n<li><strong>Dise\u00f1o racionalizado y adaptabilidad al espacio:<\/strong> Cada jarr\u00f3n presenta una <strong>silueta ovalada u ovoide<\/strong>con proporciones cuidadosamente equilibradas y bases antivuelco. El dise\u00f1o satisface las necesidades de exposici\u00f3n en m\u00faltiples espacios, desde vest\u00edbulos de hotel hasta mostradores florales. <\/li>\n<\/ul>\n\n\n\n<ul class=\"wp-block-list\">\n<li><strong>Atracci\u00f3n de clientes B2B:<\/strong> Este jarr\u00f3n decorativo es perfecto para decoradores de hoteles, floristas, centros de jardiner\u00eda y minoristas de regalos. El jarr\u00f3n combina texturas esmaltadas cl\u00e1sicas con dise\u00f1os florales modernos, lo que lo convierte en una opci\u00f3n excelente para el dise\u00f1o de interiores, las exposiciones florales y las colecciones de regalos que realzan su imagen de marca.<\/li>\n<\/ul>\n\n\n\n<ul class=\"wp-block-list\">\n<li><strong>Suministro estable y opciones personalizadas:<\/strong> Con el apoyo de <strong>l\u00edneas de producci\u00f3n estandarizadas<\/strong> y experimentados artesanos de la cer\u00e1mica, ofrecemos <strong>venta al por mayor, personalizaci\u00f3n OEM\/ODM<\/strong>y <strong>coordinaci\u00f3n multitalla<\/strong>. Nuestro constante control de calidad y flexibilidad de embalaje garantizan una entrega puntual y soluciones a medida para clientes de decoraci\u00f3n y hosteler\u00eda de todo el mundo.<\/li>\n<\/ul>\n\n\n\n<h3 class=\"wp-block-heading\">Servicio de floreros de cer\u00e1mica personalizados<\/h3>\n\n\n\n<p>Ofrecemos servicios OEM y ODM para nuestros productos.<br>Entrega r\u00e1pida de muestras.<br>Ofrecemos una gran variedad de formas, colores, impresi\u00f3n personalizada, embalaje y otros servicios a medida para satisfacer sus necesidades espec\u00edficas.<\/p>\n\n\n\n<div class=\"wp-block-columns is-layout-flex wp-container-core-columns-is-layout-9d6595d7 wp-block-columns-is-layout-flex\">\n<div class=\"wp-block-column is-layout-flow wp-block-column-is-layout-flow\">\n<figure class=\"wp-block-image size-full\"><img decoding=\"async\" width=\"3516\" height=\"2930\" src=\"https:\/\/www.santai-ceramics.com\/wp-content\/uploads\/2025\/10\/wholesale-decoration-flower-vase-2.webp\" alt=\"mayorista decoracion florero (2)\" class=\"wp-image-3897\" srcset=\"https:\/\/www.santai-ceramics.com\/wp-content\/uploads\/2025\/10\/wholesale-decoration-flower-vase-2.webp 3516w, https:\/\/www.santai-ceramics.com\/wp-content\/uploads\/2025\/10\/wholesale-decoration-flower-vase-2-300x250.webp 300w, https:\/\/www.santai-ceramics.com\/wp-content\/uploads\/2025\/10\/wholesale-decoration-flower-vase-2-768x640.webp 768w, https:\/\/www.santai-ceramics.com\/wp-content\/uploads\/2025\/10\/wholesale-decoration-flower-vase-2-14x12.webp 14w, https:\/\/www.santai-ceramics.com\/wp-content\/uploads\/2025\/10\/wholesale-decoration-flower-vase-2-1200x1000.webp 1200w, https:\/\/www.santai-ceramics.com\/wp-content\/uploads\/2025\/10\/wholesale-decoration-flower-vase-2-600x500.webp 600w\" sizes=\"(max-width: 3516px) 100vw, 3516px\" \/><\/figure>\n<\/div>\n\n\n\n<div class=\"wp-block-column is-layout-flow wp-block-column-is-layout-flow\">\n<figure class=\"wp-block-image size-full\"><img decoding=\"async\" width=\"1916\" height=\"1597\" src=\"https:\/\/www.santai-ceramics.com\/wp-content\/uploads\/2025\/10\/wholesale-decoration-flower-vase-6.webp\" alt=\"mayorista decoracion florero (6)\" class=\"wp-image-3901\" srcset=\"https:\/\/www.santai-ceramics.com\/wp-content\/uploads\/2025\/10\/wholesale-decoration-flower-vase-6.webp 1916w, https:\/\/www.santai-ceramics.com\/wp-content\/uploads\/2025\/10\/wholesale-decoration-flower-vase-6-300x250.webp 300w, https:\/\/www.santai-ceramics.com\/wp-content\/uploads\/2025\/10\/wholesale-decoration-flower-vase-6-768x640.webp 768w, https:\/\/www.santai-ceramics.com\/wp-content\/uploads\/2025\/10\/wholesale-decoration-flower-vase-6-14x12.webp 14w, https:\/\/www.santai-ceramics.com\/wp-content\/uploads\/2025\/10\/wholesale-decoration-flower-vase-6-1200x1000.webp 1200w, https:\/\/www.santai-ceramics.com\/wp-content\/uploads\/2025\/10\/wholesale-decoration-flower-vase-6-600x500.webp 600w\" sizes=\"(max-width: 1916px) 100vw, 1916px\" \/><\/figure>\n<\/div>\n<\/div>","protected":false},"excerpt":{"rendered":"<p data-pm-slice=\"0 0 []\">Dise\u00f1ados para un uso tanto decorativo como funcional, estos jarrones decorativos para flores se adaptan a <strong data-start=\"554\" data-end=\"634\">vest\u00edbulos de hoteles, habitaciones de hu\u00e9spedes, expositores de florister\u00eda y colecciones de regalos premium<\/strong>. Con tama\u00f1os personalizables y una producci\u00f3n fiable a gran escala, ofrecen una est\u00e9tica refinada y una calidad constante ideal para socios B2B de los sectores de la decoraci\u00f3n, los regalos y la hosteler\u00eda.<\/p>\n<h2>Especificaci\u00f3n de Decoraci\u00f3n Florero<\/h2>\n<table width=\"570\">\n<tbody>\n<tr>\n<td width=\"285\">N\u00famero de modelo<\/td>\n<td width=\"285\">A35923-LC13-A01<\/td>\n<\/tr>\n<tr>\n<td>Nombre del producto<\/td>\n<td>Jarr\u00f3n de cer\u00e1mica<\/td>\n<\/tr>\n<tr>\n<td>Color<\/td>\n<td>Crema<\/td>\n<\/tr>\n<tr>\n<td>Material<\/td>\n<td>Cer\u00e1mica<\/td>\n<\/tr>\n<tr>\n<td>Escenarios de uso<\/td>\n<td>decoraci\u00f3n del hogar<\/td>\n<\/tr>\n<tr>\n<td>Dimensiones<\/td>\n<td>P:17.5X26.5cm<\/td>\n<\/tr>\n<tr>\n<td>Peso<\/td>\n<td>1,1 kg\/unidad<\/td>\n<\/tr>\n<\/tbody>\n<\/table>\n<p>\n<script src=\"chrome-extension:\/\/fpelahbljekknahkcaegamhcndkfpfnc\/iFrame.js\" type=\"text\/javascript\"><\/script><\/p>","protected":false},"featured_media":3896,"comment_status":"closed","ping_status":"closed","template":"","meta":{"_acf_changed":false},"product_brand":[],"product_cat":[18,22],"product_tag":[],"class_list":{"0":"post-3860","1":"product","2":"type-product","3":"status-publish","4":"has-post-thumbnail","6":"product_cat-home-decor","7":"product_cat-vase","9":"first","10":"instock","11":"shipping-taxable","12":"product-type-simple"},"acf":[],"_links":{"self":[{"href":"https:\/\/www.santai-ceramics.com\/es\/wp-json\/wp\/v2\/product\/3860","targetHints":{"allow":["GET"]}}],"collection":[{"href":"https:\/\/www.santai-ceramics.com\/es\/wp-json\/wp\/v2\/product"}],"about":[{"href":"https:\/\/www.santai-ceramics.com\/es\/wp-json\/wp\/v2\/types\/product"}],"replies":[{"embeddable":true,"href":"https:\/\/www.santai-ceramics.com\/es\/wp-json\/wp\/v2\/comments?post=3860"}],"wp:featuredmedia":[{"embeddable":true,"href":"https:\/\/www.santai-ceramics.com\/es\/wp-json\/wp\/v2\/media\/3896"}],"wp:attachment":[{"href":"https:\/\/www.santai-ceramics.com\/es\/wp-json\/wp\/v2\/media?parent=3860"}],"wp:term":[{"taxonomy":"product_brand","embeddable":true,"href":"https:\/\/www.santai-ceramics.com\/es\/wp-json\/wp\/v2\/product_brand?post=3860"},{"taxonomy":"product_cat","embeddable":true,"href":"https:\/\/www.santai-ceramics.com\/es\/wp-json\/wp\/v2\/product_cat?post=3860"},{"taxonomy":"product_tag","embeddable":true,"href":"https:\/\/www.santai-ceramics.com\/es\/wp-json\/wp\/v2\/product_tag?post=3860"}],"curies":[{"name":"wp","href":"https:\/\/api.w.org\/{rel}","templated":true}]}}