{"id":3863,"date":"2025-10-21T07:35:42","date_gmt":"2025-10-21T07:35:42","guid":{"rendered":"https:\/\/www.santai-ceramics.com\/?post_type=product&#038;p=3863"},"modified":"2025-10-21T07:38:05","modified_gmt":"2025-10-21T07:38:05","slug":"wholesale-ceramic-decorative-vases","status":"publish","type":"product","link":"https:\/\/www.santai-ceramics.com\/es\/product\/wholesale-ceramic-decorative-vases\/","title":{"rendered":"Mayorista Jarr\u00f3n Decorativo de Cer\u00e1mica con Dise\u00f1o Floral, Suministro a Granel para Hoteles, Florister\u00edas y Proveedores de Regalos"},"content":{"rendered":"<h3 class=\"wp-block-heading\">Caracter\u00edsticas del jarr\u00f3n de cer\u00e1mica<\/h3>\n\n\n\n<ul class=\"wp-block-list\">\n<li><strong>Cer\u00e1mica duradera con acabado esmaltado craquelado<\/strong>: Fabricado en alta densidad <strong>cer\u00e1mica blanca<\/strong>Nuestro jarr\u00f3n decorativo alto al por mayor, cocido con un esmalte marfil a alta temperatura, garantiza un brillo suave y una estabilidad duradera del color. <\/li>\n<\/ul>\n\n\n\n<ul class=\"wp-block-list\">\n<li><strong>Ideal para clientes B2B: <\/strong>Es perfecto para <strong>hoteles, minoristas de decoraci\u00f3n, floristas y distribuidores de regalos<\/strong> que buscan una cer\u00e1mica refinada y artesanal. Su tama\u00f1o adaptable y su elegante dise\u00f1o se ajustan a diversas aplicaciones comerciales, desde <strong>desde la decoraci\u00f3n del vest\u00edbulo y las habitaciones de los hu\u00e9spedes hasta las exposiciones florales y las colecciones de regalos<\/strong>-mejorando tanto el atractivo est\u00e9tico como la diversidad de productos.<\/li>\n<\/ul>\n\n\n\n<ul class=\"wp-block-list\">\n<li><strong>Calidad constante y capacidad OEM\/ODM<\/strong>: Con el respaldo de un experimentado <strong>equipo de producci\u00f3n cer\u00e1mica<\/strong>De este modo, se puede garantizar el control preciso del esmalte, la consistencia fiable de la calidad y la capacidad de producci\u00f3n escalable del jarr\u00f3n decorativo alto. Nuestra f\u00e1brica apoya <strong>envases personalizados, combinaciones de varios tama\u00f1os y pedidos al por mayor al por mayor<\/strong>, ofreciendo soluciones integrales a clientes internacionales de decoraci\u00f3n y hosteler\u00eda.<\/li>\n<\/ul>\n\n\n\n<h3 class=\"wp-block-heading\">Servicio de floreros de cer\u00e1mica personalizados<\/h3>\n\n\n\n<p>Ofrecemos servicios OEM y ODM para nuestros productos.<br>Entrega r\u00e1pida de muestras.<br>Ofrecemos una gran variedad de formas, colores, impresi\u00f3n personalizada, embalaje y otros servicios a medida para satisfacer sus necesidades espec\u00edficas.<\/p>\n\n\n\n<div class=\"wp-block-columns is-layout-flex wp-container-core-columns-is-layout-9d6595d7 wp-block-columns-is-layout-flex\">\n<div class=\"wp-block-column is-layout-flow wp-block-column-is-layout-flow\">\n<figure class=\"wp-block-image size-full\"><img decoding=\"async\" width=\"4140\" height=\"3450\" src=\"https:\/\/www.santai-ceramics.com\/wp-content\/uploads\/2025\/10\/wholesale-tall-decorative-vase-4.webp\" alt=\"mayorista jarron decorativo alto (4)\" class=\"wp-image-3891\" srcset=\"https:\/\/www.santai-ceramics.com\/wp-content\/uploads\/2025\/10\/wholesale-tall-decorative-vase-4.webp 4140w, https:\/\/www.santai-ceramics.com\/wp-content\/uploads\/2025\/10\/wholesale-tall-decorative-vase-4-300x250.webp 300w, https:\/\/www.santai-ceramics.com\/wp-content\/uploads\/2025\/10\/wholesale-tall-decorative-vase-4-768x640.webp 768w, https:\/\/www.santai-ceramics.com\/wp-content\/uploads\/2025\/10\/wholesale-tall-decorative-vase-4-14x12.webp 14w, https:\/\/www.santai-ceramics.com\/wp-content\/uploads\/2025\/10\/wholesale-tall-decorative-vase-4-1200x1000.webp 1200w, https:\/\/www.santai-ceramics.com\/wp-content\/uploads\/2025\/10\/wholesale-tall-decorative-vase-4-600x500.webp 600w\" sizes=\"(max-width: 4140px) 100vw, 4140px\" \/><\/figure>\n<\/div>\n\n\n\n<div class=\"wp-block-column is-layout-flow wp-block-column-is-layout-flow\">\n<figure class=\"wp-block-image size-full\"><img decoding=\"async\" width=\"2308\" height=\"1923\" src=\"https:\/\/www.santai-ceramics.com\/wp-content\/uploads\/2025\/10\/wholesale-tall-decorative-vase-5.webp\" alt=\"mayorista jarron decorativo alto (5)\" class=\"wp-image-3892\" srcset=\"https:\/\/www.santai-ceramics.com\/wp-content\/uploads\/2025\/10\/wholesale-tall-decorative-vase-5.webp 2308w, https:\/\/www.santai-ceramics.com\/wp-content\/uploads\/2025\/10\/wholesale-tall-decorative-vase-5-300x250.webp 300w, https:\/\/www.santai-ceramics.com\/wp-content\/uploads\/2025\/10\/wholesale-tall-decorative-vase-5-768x640.webp 768w, https:\/\/www.santai-ceramics.com\/wp-content\/uploads\/2025\/10\/wholesale-tall-decorative-vase-5-14x12.webp 14w, https:\/\/www.santai-ceramics.com\/wp-content\/uploads\/2025\/10\/wholesale-tall-decorative-vase-5-1200x1000.webp 1200w, https:\/\/www.santai-ceramics.com\/wp-content\/uploads\/2025\/10\/wholesale-tall-decorative-vase-5-600x500.webp 600w\" sizes=\"(max-width: 2308px) 100vw, 2308px\" \/><\/figure>\n<\/div>\n<\/div>","protected":false},"excerpt":{"rendered":"<p data-pm-slice=\"0 0 []\">Nuestros jarrones de cer\u00e1mica al por mayor, disponibles en cantidades al por mayor con presupuestos de f\u00e1brica, son ideales para proyectos de hosteler\u00eda, marcas de decoraci\u00f3n, florister\u00edas y mayoristas de regalos que buscan piezas de exposici\u00f3n. P\u00f3ngase en contacto con nosotros para solicitar un cat\u00e1logo y un presupuesto.<\/p>\n<h2>Especificaciones del jarr\u00f3n decorativo de cer\u00e1mica<\/h2>\n<table width=\"855\">\n<tbody>\n<tr>\n<td width=\"285\">N\u00famero de modelo<\/td>\n<td width=\"285\">A35323-LC13-A01<\/td>\n<td width=\"285\">A35323-LC13-A02<\/td>\n<\/tr>\n<tr>\n<td>Nombre del producto<\/td>\n<td>Jarr\u00f3n de cer\u00e1mica<\/td>\n<td>Jarr\u00f3n de cer\u00e1mica<\/td>\n<\/tr>\n<tr>\n<td>Color<\/td>\n<td>Crema<\/td>\n<td>Crema<\/td>\n<\/tr>\n<tr>\n<td>Material<\/td>\n<td>Cer\u00e1mica<\/td>\n<td>Cer\u00e1mica<\/td>\n<\/tr>\n<tr>\n<td>Escenarios de uso<\/td>\n<td>decoraci\u00f3n del hogar<\/td>\n<td>decoraci\u00f3n del hogar<\/td>\n<\/tr>\n<tr>\n<td>Dimensiones<\/td>\n<td>P:17X31,5cm<\/td>\n<td>P:14,5X26,5cm<\/td>\n<\/tr>\n<tr>\n<td>Peso<\/td>\n<td>1,5 kg\/unidad<\/td>\n<td>1,1 kg\/unidad<\/td>\n<\/tr>\n<\/tbody>\n<\/table>\n<p>\n<script src=\"chrome-extension:\/\/fpelahbljekknahkcaegamhcndkfpfnc\/iFrame.js\" type=\"text\/javascript\"><\/script><\/p>","protected":false},"featured_media":3894,"comment_status":"closed","ping_status":"closed","template":"","meta":{"_acf_changed":false},"product_brand":[],"product_cat":[18,22],"product_tag":[],"class_list":{"0":"post-3863","1":"product","2":"type-product","3":"status-publish","4":"has-post-thumbnail","6":"product_cat-home-decor","7":"product_cat-vase","9":"first","10":"instock","11":"shipping-taxable","12":"product-type-simple"},"acf":[],"_links":{"self":[{"href":"https:\/\/www.santai-ceramics.com\/es\/wp-json\/wp\/v2\/product\/3863","targetHints":{"allow":["GET"]}}],"collection":[{"href":"https:\/\/www.santai-ceramics.com\/es\/wp-json\/wp\/v2\/product"}],"about":[{"href":"https:\/\/www.santai-ceramics.com\/es\/wp-json\/wp\/v2\/types\/product"}],"replies":[{"embeddable":true,"href":"https:\/\/www.santai-ceramics.com\/es\/wp-json\/wp\/v2\/comments?post=3863"}],"wp:featuredmedia":[{"embeddable":true,"href":"https:\/\/www.santai-ceramics.com\/es\/wp-json\/wp\/v2\/media\/3894"}],"wp:attachment":[{"href":"https:\/\/www.santai-ceramics.com\/es\/wp-json\/wp\/v2\/media?parent=3863"}],"wp:term":[{"taxonomy":"product_brand","embeddable":true,"href":"https:\/\/www.santai-ceramics.com\/es\/wp-json\/wp\/v2\/product_brand?post=3863"},{"taxonomy":"product_cat","embeddable":true,"href":"https:\/\/www.santai-ceramics.com\/es\/wp-json\/wp\/v2\/product_cat?post=3863"},{"taxonomy":"product_tag","embeddable":true,"href":"https:\/\/www.santai-ceramics.com\/es\/wp-json\/wp\/v2\/product_tag?post=3863"}],"curies":[{"name":"wp","href":"https:\/\/api.w.org\/{rel}","templated":true}]}}