{"id":3864,"date":"2025-10-21T07:20:48","date_gmt":"2025-10-21T07:20:48","guid":{"rendered":"https:\/\/www.santai-ceramics.com\/?post_type=product&#038;p=3864"},"modified":"2025-10-21T07:24:50","modified_gmt":"2025-10-21T07:24:50","slug":"wholesale-decorative-ceramic-jugs-2","status":"publish","type":"product","link":"https:\/\/www.santai-ceramics.com\/es\/product\/wholesale-decorative-ceramic-jugs-2\/","title":{"rendered":"Mayorista Jarr\u00f3n de cer\u00e1mica decorativo con motivos florales"},"content":{"rendered":"<h3 class=\"wp-block-heading\">Caracter\u00edsticas del Jarr\u00f3n de Cer\u00e1mica Decorativo<\/h3>\n\n\n\n<ul class=\"wp-block-list\">\n<li><strong>Esmalte craquelado Textura:<\/strong> Cada una de nuestras jarras decorativas de cer\u00e1mica muestra patrones \u00fanicos de grietas naturales y un suave pintado a mano de flores azules. Las l\u00edneas delicadas y los tonos sutiles crean un refinado encanto vintage.<\/li>\n<\/ul>\n\n\n\n<ul class=\"wp-block-list\">\n<li><strong>Escenario de aplicaci\u00f3n:<\/strong> Se ofrecen en tama\u00f1os grande, mediano y peque\u00f1o, perfectos para vest\u00edbulos de hoteles, habitaciones de hu\u00e9spedes, tiendas y expositores de regalos. Adecuados para flores frescas o artificiales, realzan su valor decorativo y funcional.<\/li>\n<\/ul>\n\n\n\n<ul class=\"wp-block-list\">\n<li><strong>Ideal para:<\/strong> Este jarr\u00f3n decorativo de cer\u00e1mica est\u00e1 dise\u00f1ado para marcas de decoraci\u00f3n del hogar, florister\u00edas, hoteles y proveedores de regalos que buscan una cer\u00e1mica \u00fanica hecha a mano con un suministro estable, una calidad constante y un atractivo visual atemporal.<\/li>\n<\/ul>\n\n\n\n<ul class=\"wp-block-list\">\n<li><strong>Capacidad de suministro a granel:<\/strong> Con el respaldo de una producci\u00f3n a gran escala, un estricto control de calidad y la capacidad OEM\/ODM, garantizamos un suministro constante, acabados duraderos y precios al por mayor competitivos para nuestros socios internacionales.<\/li>\n<\/ul>\n\n\n\n<h3 class=\"wp-block-heading\">Servicio de jarr\u00f3n de cer\u00e1mica decorativo personalizado<\/h3>\n\n\n\n<p>Ofrecemos servicios OEM y ODM para nuestros productos.<br>Entrega r\u00e1pida de muestras.<br>Ofrecemos una gran variedad de formas, colores, impresi\u00f3n personalizada, embalaje y otros servicios a medida para satisfacer sus necesidades espec\u00edficas.<\/p>\n\n\n\n<div class=\"wp-block-columns is-layout-flex wp-container-core-columns-is-layout-9d6595d7 wp-block-columns-is-layout-flex\">\n<div class=\"wp-block-column is-layout-flow wp-block-column-is-layout-flow\">\n<figure class=\"wp-block-image size-full\"><img decoding=\"async\" width=\"2123\" height=\"1770\" src=\"https:\/\/www.santai-ceramics.com\/wp-content\/uploads\/2025\/10\/wholesale-decorative-ceramic-jug-vase-9.webp\" alt=\"mayorista jarr\u00f3n decorativo de cer\u00e1mica (9)\" class=\"wp-image-3926\" srcset=\"https:\/\/www.santai-ceramics.com\/wp-content\/uploads\/2025\/10\/wholesale-decorative-ceramic-jug-vase-9.webp 2123w, https:\/\/www.santai-ceramics.com\/wp-content\/uploads\/2025\/10\/wholesale-decorative-ceramic-jug-vase-9-300x250.webp 300w, https:\/\/www.santai-ceramics.com\/wp-content\/uploads\/2025\/10\/wholesale-decorative-ceramic-jug-vase-9-768x640.webp 768w, https:\/\/www.santai-ceramics.com\/wp-content\/uploads\/2025\/10\/wholesale-decorative-ceramic-jug-vase-9-14x12.webp 14w, https:\/\/www.santai-ceramics.com\/wp-content\/uploads\/2025\/10\/wholesale-decorative-ceramic-jug-vase-9-1200x1000.webp 1200w, https:\/\/www.santai-ceramics.com\/wp-content\/uploads\/2025\/10\/wholesale-decorative-ceramic-jug-vase-9-600x500.webp 600w\" sizes=\"(max-width: 2123px) 100vw, 2123px\" \/><\/figure>\n<\/div>\n\n\n\n<div class=\"wp-block-column is-layout-flow wp-block-column-is-layout-flow\">\n<figure class=\"wp-block-image size-full\"><img decoding=\"async\" width=\"3667\" height=\"3056\" src=\"https:\/\/www.santai-ceramics.com\/wp-content\/uploads\/2025\/10\/wholesale-decorative-ceramic-jug-vase-7.webp\" alt=\"mayorista jarr\u00f3n decorativo de cer\u00e1mica (7)\" class=\"wp-image-3924\" srcset=\"https:\/\/www.santai-ceramics.com\/wp-content\/uploads\/2025\/10\/wholesale-decorative-ceramic-jug-vase-7.webp 3667w, https:\/\/www.santai-ceramics.com\/wp-content\/uploads\/2025\/10\/wholesale-decorative-ceramic-jug-vase-7-300x250.webp 300w, https:\/\/www.santai-ceramics.com\/wp-content\/uploads\/2025\/10\/wholesale-decorative-ceramic-jug-vase-7-768x640.webp 768w, https:\/\/www.santai-ceramics.com\/wp-content\/uploads\/2025\/10\/wholesale-decorative-ceramic-jug-vase-7-14x12.webp 14w, https:\/\/www.santai-ceramics.com\/wp-content\/uploads\/2025\/10\/wholesale-decorative-ceramic-jug-vase-7-1200x1000.webp 1200w, https:\/\/www.santai-ceramics.com\/wp-content\/uploads\/2025\/10\/wholesale-decorative-ceramic-jug-vase-7-600x500.webp 600w\" sizes=\"(max-width: 3667px) 100vw, 3667px\" \/><\/figure>\n<\/div>\n<\/div>\n\n\n\n<p><\/p>","protected":false},"excerpt":{"rendered":"<p data-pm-slice=\"0 0 []\">Este jarr\u00f3n decorativo de cer\u00e1mica al por mayor combina la artesan\u00eda oriental cl\u00e1sica con la est\u00e9tica moderna. Cada pieza presenta texturas de grietas de hielo naturales y motivos florales azules pintados a mano. Es ideal para <strong data-start=\"405\" data-end=\"458\">decoradores de hoteles, floristas y distribuidores de regalos<\/strong> que buscan cer\u00e1micas art\u00edsticas, duraderas y coleccionables para exponerlas en interiores o comercios de lujo.<\/p>\n<h2>Especificaci\u00f3n de Jarr\u00f3n de cer\u00e1mica decorativo<\/h2>\n<table width=\"855\">\n<tbody>\n<tr>\n<td width=\"285\">N\u00famero de modelo<\/td>\n<td width=\"285\">A35937-LC13-A01<\/td>\n<td width=\"285\">A35937-LC13-A02<\/td>\n<\/tr>\n<tr>\n<td>Nombre del producto<\/td>\n<td>Jarr\u00f3n de cer\u00e1mica<\/td>\n<td>Jarr\u00f3n de cer\u00e1mica<\/td>\n<\/tr>\n<tr>\n<td>Color<\/td>\n<td>Crema<\/td>\n<td>Crema<\/td>\n<\/tr>\n<tr>\n<td>Material<\/td>\n<td>Cer\u00e1mica<\/td>\n<td>Cer\u00e1mica<\/td>\n<\/tr>\n<tr>\n<td>Escenarios de uso<\/td>\n<td>decoraci\u00f3n del hogar<\/td>\n<td>decoraci\u00f3n del hogar<\/td>\n<\/tr>\n<tr>\n<td>Dimensiones<\/td>\n<td>18X17.5X20cm<\/td>\n<td>15X15X16cm<\/td>\n<\/tr>\n<tr>\n<td>Peso<\/td>\n<td>1,1 kg\/unidad<\/td>\n<td>0,8 kg\/unidad<\/td>\n<\/tr>\n<\/tbody>\n<\/table>\n<p>\n<script src=\"chrome-extension:\/\/fpelahbljekknahkcaegamhcndkfpfnc\/iFrame.js\" type=\"text\/javascript\"><\/script><\/p>","protected":false},"featured_media":3920,"comment_status":"closed","ping_status":"closed","template":"","meta":{"_acf_changed":false},"product_brand":[],"product_cat":[18,44,22],"product_tag":[],"class_list":{"0":"post-3864","1":"product","2":"type-product","3":"status-publish","4":"has-post-thumbnail","6":"product_cat-home-decor","7":"product_cat-wholesale-ceramic-jugs","8":"product_cat-vase","10":"first","11":"instock","12":"shipping-taxable","13":"product-type-simple"},"acf":[],"_links":{"self":[{"href":"https:\/\/www.santai-ceramics.com\/es\/wp-json\/wp\/v2\/product\/3864","targetHints":{"allow":["GET"]}}],"collection":[{"href":"https:\/\/www.santai-ceramics.com\/es\/wp-json\/wp\/v2\/product"}],"about":[{"href":"https:\/\/www.santai-ceramics.com\/es\/wp-json\/wp\/v2\/types\/product"}],"replies":[{"embeddable":true,"href":"https:\/\/www.santai-ceramics.com\/es\/wp-json\/wp\/v2\/comments?post=3864"}],"wp:featuredmedia":[{"embeddable":true,"href":"https:\/\/www.santai-ceramics.com\/es\/wp-json\/wp\/v2\/media\/3920"}],"wp:attachment":[{"href":"https:\/\/www.santai-ceramics.com\/es\/wp-json\/wp\/v2\/media?parent=3864"}],"wp:term":[{"taxonomy":"product_brand","embeddable":true,"href":"https:\/\/www.santai-ceramics.com\/es\/wp-json\/wp\/v2\/product_brand?post=3864"},{"taxonomy":"product_cat","embeddable":true,"href":"https:\/\/www.santai-ceramics.com\/es\/wp-json\/wp\/v2\/product_cat?post=3864"},{"taxonomy":"product_tag","embeddable":true,"href":"https:\/\/www.santai-ceramics.com\/es\/wp-json\/wp\/v2\/product_tag?post=3864"}],"curies":[{"name":"wp","href":"https:\/\/api.w.org\/{rel}","templated":true}]}}