{"id":4063,"date":"2025-12-08T08:51:35","date_gmt":"2025-12-08T08:51:35","guid":{"rendered":"https:\/\/www.santai-ceramics.com\/?post_type=product&#038;p=4063"},"modified":"2025-12-08T08:51:37","modified_gmt":"2025-12-08T08:51:37","slug":"wholesale-decorative-vase-series-concrete-handcrafted-elegance-for-hotels-florists-gift-retailers","status":"publish","type":"product","link":"https:\/\/www.santai-ceramics.com\/es\/product\/wholesale-decorative-vase-series-concrete-handcrafted-elegance-for-hotels-florists-gift-retailers\/","title":{"rendered":"Mayorista Jarr\u00f3n Decorativo, Hormig\u00f3n - Elegancia Artesanal Para Hoteles, Florister\u00edas y Tiendas de Regalos"},"content":{"rendered":"<h3 class=\"wp-block-heading\">Features of\u00a0Concrete Vase Series<\/h3>\n\n\n\n<ul class=\"wp-block-list\">\n<li><strong>Textura y dise\u00f1o art\u00edsticos:<\/strong> Azul \u00fanico, natural en cada jarr\u00f3n decorativo al por mayor. <\/li>\n<\/ul>\n\n\n\n<ul class=\"wp-block-list\">\n<li><strong>Aplicaci\u00f3n vers\u00e1til:<\/strong> Available in large, medium, and small sizes, perfect for hotel lobbies, rooms, shops, home decor or garden decor. Fits both fresh and artificial flowers.<\/li>\n<\/ul>\n\n\n\n<ul class=\"wp-block-list\">\n<li><strong>Ideal para:<\/strong> nuestro jarr\u00f3n decorativo al por mayor es adecuado para marcas de decoraci\u00f3n del hogar, florister\u00edas y mayoristas de regalos que buscan cer\u00e1mica de estilo vintage con una calidad constante y un encanto \u00fanico hecho a mano.<\/li>\n<\/ul>\n\n\n\n<ul class=\"wp-block-list\">\n<li><strong>Capacidad de suministro:<\/strong> Gracias a la gran capacidad de producci\u00f3n y al estricto control de calidad de nuestra propia f\u00e1brica, podemos garantizar un suministro constante, un acabado duradero y precios competitivos al por mayor de nuestras macetas y jardineras al por mayor.<\/li>\n<\/ul>\n\n\n\n<h3 class=\"wp-block-heading\">Servicio de serie de jarrones de hormig\u00f3n personalizados<\/h3>\n\n\n\n<p>Ofrecemos servicios OEM y ODM para nuestros productos.<br>Entrega r\u00e1pida de muestras.<br>Ofrecemos una gran variedad de formas, colores, impresi\u00f3n personalizada, embalaje y otros servicios a medida para satisfacer sus necesidades espec\u00edficas.<\/p>\n\n\n\n<div class=\"wp-block-columns is-layout-flex wp-container-core-columns-is-layout-9d6595d7 wp-block-columns-is-layout-flex\">\n<div class=\"wp-block-column is-layout-flow wp-block-column-is-layout-flow\">\n<figure class=\"wp-block-image size-full\"><img decoding=\"async\" width=\"2363\" height=\"1968\" src=\"https:\/\/www.santai-ceramics.com\/wp-content\/uploads\/2025\/12\/F37824-H940-A01-02-03-1_1_11zon.jpg\" alt=\"\" class=\"wp-image-4080\" srcset=\"https:\/\/www.santai-ceramics.com\/wp-content\/uploads\/2025\/12\/F37824-H940-A01-02-03-1_1_11zon.jpg 2363w, https:\/\/www.santai-ceramics.com\/wp-content\/uploads\/2025\/12\/F37824-H940-A01-02-03-1_1_11zon-300x250.jpg 300w, https:\/\/www.santai-ceramics.com\/wp-content\/uploads\/2025\/12\/F37824-H940-A01-02-03-1_1_11zon-768x640.jpg 768w, https:\/\/www.santai-ceramics.com\/wp-content\/uploads\/2025\/12\/F37824-H940-A01-02-03-1_1_11zon-14x12.jpg 14w, https:\/\/www.santai-ceramics.com\/wp-content\/uploads\/2025\/12\/F37824-H940-A01-02-03-1_1_11zon-1200x999.jpg 1200w, https:\/\/www.santai-ceramics.com\/wp-content\/uploads\/2025\/12\/F37824-H940-A01-02-03-1_1_11zon-600x500.jpg 600w\" sizes=\"(max-width: 2363px) 100vw, 2363px\" \/><\/figure>\n<\/div>\n\n\n\n<div class=\"wp-block-column is-layout-flow wp-block-column-is-layout-flow\">\n<figure class=\"wp-block-image size-full\"><img decoding=\"async\" width=\"2024\" height=\"1686\" src=\"https:\/\/www.santai-ceramics.com\/wp-content\/uploads\/2025\/12\/F37824-H940-A01-02-03-2_2_11zon.jpg\" alt=\"\" class=\"wp-image-4081\" srcset=\"https:\/\/www.santai-ceramics.com\/wp-content\/uploads\/2025\/12\/F37824-H940-A01-02-03-2_2_11zon.jpg 2024w, https:\/\/www.santai-ceramics.com\/wp-content\/uploads\/2025\/12\/F37824-H940-A01-02-03-2_2_11zon-300x250.jpg 300w, https:\/\/www.santai-ceramics.com\/wp-content\/uploads\/2025\/12\/F37824-H940-A01-02-03-2_2_11zon-768x640.jpg 768w, https:\/\/www.santai-ceramics.com\/wp-content\/uploads\/2025\/12\/F37824-H940-A01-02-03-2_2_11zon-14x12.jpg 14w, https:\/\/www.santai-ceramics.com\/wp-content\/uploads\/2025\/12\/F37824-H940-A01-02-03-2_2_11zon-1200x1000.jpg 1200w, https:\/\/www.santai-ceramics.com\/wp-content\/uploads\/2025\/12\/F37824-H940-A01-02-03-2_2_11zon-600x500.jpg 600w\" sizes=\"(max-width: 2024px) 100vw, 2024px\" \/><\/figure>\n<\/div>\n<\/div>\n\n\n\n<p><\/p>","protected":false},"excerpt":{"rendered":"<p data-pm-slice=\"0 0 []\">Nuestra serie de jarrones decorativos al por mayor combina textura natural, arte floral pintado a mano y suave esmalte de alto brillo. Dise\u00f1ado para <strong data-start=\"295\" data-end=\"345\">decoradores de hoteles, floristas y proveedores de regalos<\/strong>La belleza oriental cl\u00e1sica se combina con un estilo vintage moderno, ideal para exponer a gran escala o regalar.<\/p>\n<h2>Especificaciones de la serie de jarrones de cer\u00e1mica<\/h2>\n<table width=\"1140\">\n<tbody>\n<tr>\n<td width=\"285\">N\u00famero de modelo<\/td>\n<td width=\"285\">F37824-H940-A01<\/td>\n<td width=\"285\">F37824-H940-A02<\/td>\n<td width=\"285\">F37824-H940-A03<\/td>\n<\/tr>\n<tr>\n<td>Nombre del producto<\/td>\n<td>Maceta de hormig\u00f3n<\/td>\n<td>Maceta de hormig\u00f3n<\/td>\n<td>Maceta de hormig\u00f3n<\/td>\n<\/tr>\n<tr>\n<td>Color<\/td>\n<td>Azul antiguo<\/td>\n<td>Azul antiguo<\/td>\n<td>Azul antiguo<\/td>\n<\/tr>\n<tr>\n<td>Material<\/td>\n<td>Hormig\u00f3n<\/td>\n<td>Hormig\u00f3n<\/td>\n<td>Hormig\u00f3n<\/td>\n<\/tr>\n<tr>\n<td>Escenarios de uso<\/td>\n<td>decoraci\u00f3n del hogar y del jard\u00edn<\/td>\n<td>decoraci\u00f3n del hogar y del jard\u00edn<\/td>\n<td>decoraci\u00f3n del hogar y del jard\u00edn<\/td>\n<\/tr>\n<tr>\n<td>Dimensiones<\/td>\n<td>D:20X19cm<\/td>\n<td>D:16X15cm<\/td>\n<td>P:13X12,5cm<\/td>\n<\/tr>\n<tr>\n<td>Peso<\/td>\n<td>2,2 kg\/unidad<\/td>\n<td>1,4 kg\/unidad<\/td>\n<td>0,7 kg\/unidad<\/td>\n<\/tr>\n<\/tbody>\n<\/table>","protected":false},"featured_media":4081,"comment_status":"closed","ping_status":"closed","template":"","meta":{"_acf_changed":false},"product_brand":[],"product_cat":[18,22],"product_tag":[],"class_list":{"0":"post-4063","1":"product","2":"type-product","3":"status-publish","4":"has-post-thumbnail","6":"product_cat-home-decor","7":"product_cat-vase","9":"first","10":"instock","11":"shipping-taxable","12":"product-type-simple"},"acf":[],"_links":{"self":[{"href":"https:\/\/www.santai-ceramics.com\/es\/wp-json\/wp\/v2\/product\/4063","targetHints":{"allow":["GET"]}}],"collection":[{"href":"https:\/\/www.santai-ceramics.com\/es\/wp-json\/wp\/v2\/product"}],"about":[{"href":"https:\/\/www.santai-ceramics.com\/es\/wp-json\/wp\/v2\/types\/product"}],"replies":[{"embeddable":true,"href":"https:\/\/www.santai-ceramics.com\/es\/wp-json\/wp\/v2\/comments?post=4063"}],"wp:featuredmedia":[{"embeddable":true,"href":"https:\/\/www.santai-ceramics.com\/es\/wp-json\/wp\/v2\/media\/4081"}],"wp:attachment":[{"href":"https:\/\/www.santai-ceramics.com\/es\/wp-json\/wp\/v2\/media?parent=4063"}],"wp:term":[{"taxonomy":"product_brand","embeddable":true,"href":"https:\/\/www.santai-ceramics.com\/es\/wp-json\/wp\/v2\/product_brand?post=4063"},{"taxonomy":"product_cat","embeddable":true,"href":"https:\/\/www.santai-ceramics.com\/es\/wp-json\/wp\/v2\/product_cat?post=4063"},{"taxonomy":"product_tag","embeddable":true,"href":"https:\/\/www.santai-ceramics.com\/es\/wp-json\/wp\/v2\/product_tag?post=4063"}],"curies":[{"name":"wp","href":"https:\/\/api.w.org\/{rel}","templated":true}]}}