{"id":4224,"date":"2026-03-12T08:49:46","date_gmt":"2026-03-12T08:49:46","guid":{"rendered":"https:\/\/www.santai-ceramics.com\/?post_type=product&#038;p=4224"},"modified":"2026-03-12T08:49:48","modified_gmt":"2026-03-12T08:49:48","slug":"wholesale-terra-cotta-plant-vases-vertical-textures-natural-patina-3","status":"publish","type":"product","link":"https:\/\/www.santai-ceramics.com\/es\/product\/wholesale-terra-cotta-plant-vases-vertical-textures-natural-patina-3\/","title":{"rendered":"Wholesale Terra Cotta Plant Vases &#8211; Vertical Textures &amp; Natural Patina"},"content":{"rendered":"<h3 class=\"wp-block-heading\">Features of\u00a0Terra Cotta Plant Vases &#8211; Vertical Textures &amp; Natural Patina<\/h3>\n\n\n\n<ul class=\"wp-block-list\">\n<li><strong>Textura cruda y terrosa<\/strong>: Fabricadas principalmente en terracota, con algunos jarrones que presentan un acabado similar al cemento, estas macetas conservan marcas artesanales naturales. La superficie es granulada, \u00e1spera al tacto y presenta sutiles grietas o efectos mates que transmiten una autenticidad \"ind\u00f3mita\".<\/li>\n<\/ul>\n\n\n\n<ul class=\"wp-block-list\">\n<li><strong>P\u00e1tina natural y efecto de envejecimiento<\/strong>: Las macetas presentan una base de color gris claro, blanco roto y blanco gris\u00e1ceo, acentuada con manchas aleatorias de marr\u00f3n claro y marr\u00f3n anaranjado, que simulan el aspecto envejecido de los objetos desgastados por el tiempo. Algunas zonas dejan al descubierto el color natural de la arcilla, manteniendo la textura cruda de la terracota y reflejando al mismo tiempo un \"aire vintage\".<\/li>\n<\/ul>\n\n\n\n<ul class=\"wp-block-list\">\n<li><strong>Textura vertical para profundidad y contraste<\/strong>: Las jardineras est\u00e1n adornadas con estr\u00edas verticales que realzan su tridimensionalidad y calidad t\u00e1ctil. Algunas presentan una textura que recuerda al hormig\u00f3n moldeado, a\u00f1adiendo una impronta de \"vertido a mano\". Los surcos no s\u00f3lo llaman la atenci\u00f3n, sino que interact\u00faan con la luz para crear sombras vivas que resaltan la textura.<\/li>\n<\/ul>\n\n\n\n<h3 class=\"wp-block-heading\">Custom Terra Cotta Plant Vase Service<\/h3>\n\n\n\n<p>Ofrecemos servicios OEM y ODM para nuestros productos.<br>Entrega r\u00e1pida de muestras.<br>Ofrecemos una gran variedad de formas, colores, impresi\u00f3n personalizada, embalaje y otros servicios a medida para satisfacer sus necesidades espec\u00edficas.<br><a href=\"https:\/\/www.santai-ceramics.com\/es\/custom\/\" data-type=\"page\" data-id=\"13\" target=\"_blank\" rel=\"noreferrer noopener\"><strong><b>M\u00e1s informaci\u00f3n<\/b> ceramic plant vase details.<\/strong><\/a><\/p>\n\n\n\n<div class=\"wp-block-columns is-layout-flex wp-container-core-columns-is-layout-9d6595d7 wp-block-columns-is-layout-flex\">\n<div class=\"wp-block-column is-layout-flow wp-block-column-is-layout-flow\">\n<figure class=\"wp-block-image size-full\"><img decoding=\"async\" width=\"3313\" height=\"3313\" src=\"https:\/\/www.santai-ceramics.com\/wp-content\/uploads\/2026\/03\/DSC00632_7_11zon.jpg\" alt=\"\" class=\"wp-image-4192\" srcset=\"https:\/\/www.santai-ceramics.com\/wp-content\/uploads\/2026\/03\/DSC00632_7_11zon.jpg 3313w, https:\/\/www.santai-ceramics.com\/wp-content\/uploads\/2026\/03\/DSC00632_7_11zon-300x300.jpg 300w, https:\/\/www.santai-ceramics.com\/wp-content\/uploads\/2026\/03\/DSC00632_7_11zon-150x150.jpg 150w, https:\/\/www.santai-ceramics.com\/wp-content\/uploads\/2026\/03\/DSC00632_7_11zon-768x768.jpg 768w, https:\/\/www.santai-ceramics.com\/wp-content\/uploads\/2026\/03\/DSC00632_7_11zon-12x12.jpg 12w, https:\/\/www.santai-ceramics.com\/wp-content\/uploads\/2026\/03\/DSC00632_7_11zon-1200x1200.jpg 1200w, https:\/\/www.santai-ceramics.com\/wp-content\/uploads\/2026\/03\/DSC00632_7_11zon-600x600.jpg 600w, https:\/\/www.santai-ceramics.com\/wp-content\/uploads\/2026\/03\/DSC00632_7_11zon-100x100.jpg 100w\" sizes=\"(max-width: 3313px) 100vw, 3313px\" \/><\/figure>\n<\/div>\n\n\n\n<div class=\"wp-block-column is-layout-flow wp-block-column-is-layout-flow\">\n<figure class=\"wp-block-image size-full\"><img decoding=\"async\" width=\"2096\" height=\"2096\" src=\"https:\/\/www.santai-ceramics.com\/wp-content\/uploads\/2026\/03\/DSC00631_6_11zon.jpg\" alt=\"\" class=\"wp-image-4191\" srcset=\"https:\/\/www.santai-ceramics.com\/wp-content\/uploads\/2026\/03\/DSC00631_6_11zon.jpg 2096w, https:\/\/www.santai-ceramics.com\/wp-content\/uploads\/2026\/03\/DSC00631_6_11zon-300x300.jpg 300w, https:\/\/www.santai-ceramics.com\/wp-content\/uploads\/2026\/03\/DSC00631_6_11zon-150x150.jpg 150w, https:\/\/www.santai-ceramics.com\/wp-content\/uploads\/2026\/03\/DSC00631_6_11zon-768x768.jpg 768w, https:\/\/www.santai-ceramics.com\/wp-content\/uploads\/2026\/03\/DSC00631_6_11zon-12x12.jpg 12w, https:\/\/www.santai-ceramics.com\/wp-content\/uploads\/2026\/03\/DSC00631_6_11zon-1200x1200.jpg 1200w, https:\/\/www.santai-ceramics.com\/wp-content\/uploads\/2026\/03\/DSC00631_6_11zon-600x600.jpg 600w, https:\/\/www.santai-ceramics.com\/wp-content\/uploads\/2026\/03\/DSC00631_6_11zon-100x100.jpg 100w\" sizes=\"(max-width: 2096px) 100vw, 2096px\" \/><\/figure>\n<\/div>\n<\/div>","protected":false},"excerpt":{"rendered":"<p data-pm-slice=\"0 0 []\">These wholesale terra cotta plant vases feature a rustic, raw finish with natural handcrafted marks, creating a timeless look. The subtle blend of earthy tones and vertical textures makes them a perfect addition to any space, combining functionality with artisanal charm.<\/p>\n<h2>Specification of\u00a0 Terra Cotta Plant Vases &#8211; Vertical Textures &amp; Natural Patina<\/h2>\n<table width=\"855\">\n<tbody>\n<tr>\n<td width=\"285\">N\u00famero de modelo<\/td>\n<td width=\"285\">G37815-H885-A01<\/td>\n<td width=\"285\">G37815-H885-A02<\/td>\n<\/tr>\n<tr>\n<td>Nombre del producto<\/td>\n<td>Maceta de terracota<\/td>\n<td>Maceta de terracota<\/td>\n<\/tr>\n<tr>\n<td>Color<\/td>\n<td>Antiguo terroso<\/td>\n<td>Antiguo terroso<\/td>\n<\/tr>\n<tr>\n<td>Material<\/td>\n<td>Terracota\u00a0<\/td>\n<td>Terracota\u00a0<\/td>\n<\/tr>\n<tr>\n<td>Escenarios de uso<\/td>\n<td>decoraci\u00f3n del hogar y del jard\u00edn<\/td>\n<td>decoraci\u00f3n del hogar y del jard\u00edn<\/td>\n<\/tr>\n<tr>\n<td>Dimensiones<\/td>\n<td>D:27X32.5cm<\/td>\n<td>D:22X27cm<\/td>\n<\/tr>\n<tr>\n<td>Peso<\/td>\n<td>5kg\/pc<\/td>\n<td>3,5 kg\/unidad<\/td>\n<\/tr>\n<\/tbody>\n<\/table>","protected":false},"featured_media":4188,"comment_status":"closed","ping_status":"closed","template":"","meta":{"_acf_changed":false},"product_brand":[],"product_cat":[18,21,22],"product_tag":[],"class_list":{"0":"post-4224","1":"product","2":"type-product","3":"status-publish","4":"has-post-thumbnail","6":"product_cat-home-decor","7":"product_cat-garden-decor","8":"product_cat-vase","10":"first","11":"instock","12":"shipping-taxable","13":"product-type-simple"},"acf":[],"_links":{"self":[{"href":"https:\/\/www.santai-ceramics.com\/es\/wp-json\/wp\/v2\/product\/4224","targetHints":{"allow":["GET"]}}],"collection":[{"href":"https:\/\/www.santai-ceramics.com\/es\/wp-json\/wp\/v2\/product"}],"about":[{"href":"https:\/\/www.santai-ceramics.com\/es\/wp-json\/wp\/v2\/types\/product"}],"replies":[{"embeddable":true,"href":"https:\/\/www.santai-ceramics.com\/es\/wp-json\/wp\/v2\/comments?post=4224"}],"wp:featuredmedia":[{"embeddable":true,"href":"https:\/\/www.santai-ceramics.com\/es\/wp-json\/wp\/v2\/media\/4188"}],"wp:attachment":[{"href":"https:\/\/www.santai-ceramics.com\/es\/wp-json\/wp\/v2\/media?parent=4224"}],"wp:term":[{"taxonomy":"product_brand","embeddable":true,"href":"https:\/\/www.santai-ceramics.com\/es\/wp-json\/wp\/v2\/product_brand?post=4224"},{"taxonomy":"product_cat","embeddable":true,"href":"https:\/\/www.santai-ceramics.com\/es\/wp-json\/wp\/v2\/product_cat?post=4224"},{"taxonomy":"product_tag","embeddable":true,"href":"https:\/\/www.santai-ceramics.com\/es\/wp-json\/wp\/v2\/product_tag?post=4224"}],"curies":[{"name":"wp","href":"https:\/\/api.w.org\/{rel}","templated":true}]}}