{"id":677,"date":"2024-10-14T07:52:15","date_gmt":"2024-10-14T07:52:15","guid":{"rendered":"https:\/\/www.santai-ceramics.com\/?post_type=product&#038;p=677"},"modified":"2025-06-08T15:24:43","modified_gmt":"2025-06-08T15:24:43","slug":"wholesale-classical-ceramic-flower-pots","status":"publish","type":"product","link":"https:\/\/www.santai-ceramics.com\/es\/product\/wholesale-classical-ceramic-flower-pots\/","title":{"rendered":"Mayorista Macetas de Cer\u00e1mica Cl\u00e1sica con Dise\u00f1o Vintage y Acabado Antiguo para Decoraci\u00f3n de Jardines de Interior y Exterior"},"content":{"rendered":"<h3 class=\"wp-block-heading\">Par\u00e1metros de la maceta de cer\u00e1mica cl\u00e1sica<\/h3>\n\n\n\n<figure class=\"wp-block-table\"><table class=\"has-fixed-layout\"><tbody><tr><td>Modelo<\/td><td>Nombre del producto<\/td><td>Color<\/td><td>Material<\/td><td>Utiliza<\/td><td>Dimensiones<\/td><td>Peso<\/td><\/tr><tr><td>G33514-H856-A01<\/td><td>Maceta de cer\u00e1mica con acabado antiguo<\/td><td>Marr\u00f3n antiguo<\/td><td>Terracota<\/td><td>decoraci\u00f3n del hogar,decoraci\u00f3n del jard\u00edn<\/td><td>D:21X17<\/td><td>2,2 kg\/unidad<\/td><\/tr><tr><td>G33514-H856-A02<\/td><td>Maceta de cer\u00e1mica con acabado antiguo<\/td><td>Marr\u00f3n antiguo<\/td><td>Terracota<\/td><td>decoraci\u00f3n del hogar,decoraci\u00f3n del jard\u00edn<\/td><td>D:17X13.5<\/td><td>1,4 kg\/unidad<\/td><\/tr><tr><td>G33514-H856-A03<\/td><td>Maceta de cer\u00e1mica con acabado antiguo<\/td><td>Marr\u00f3n antiguo<\/td><td>Terracota<\/td><td>decoraci\u00f3n del hogar,decoraci\u00f3n del jard\u00edn<\/td><td>D:13.5X11<\/td><td>0,9 kg\/unidad<\/td><\/tr><\/tbody><\/table><\/figure>\n\n\n\n<h3 class=\"wp-block-heading\">Servicio de macetas de cer\u00e1mica cl\u00e1sicas personalizadas<\/h3>\n\n\n\n<p>Ofrecemos servicios OEM y ODM para nuestros productos.<br>Entrega r\u00e1pida de muestras.<br>Ofrecemos una gran variedad de formas, colores, impresi\u00f3n personalizada, embalaje y otros servicios a medida para satisfacer sus necesidades.<br><strong><a href=\"https:\/\/www.santai-ceramics.com\/es\/custom\/\" data-type=\"page\" data-id=\"13\" target=\"_blank\" rel=\"noreferrer noopener\">M\u00e1s informaci\u00f3n sobre detalles de macetas personalizadas.<\/a><\/strong><\/p>\n\n\n\n<div class=\"wp-block-columns is-layout-flex wp-container-core-columns-is-layout-9d6595d7 wp-block-columns-is-layout-flex\">\n<div class=\"wp-block-column is-layout-flow wp-block-column-is-layout-flow\">\n<figure class=\"wp-block-image size-full\"><img decoding=\"async\" width=\"2620\" height=\"2620\" src=\"https:\/\/www.santai-ceramics.com\/wp-content\/uploads\/2024\/10\/wholesale-retro-flower-pots-3.webp\" alt=\"venta al por mayor macetas retro (3)\" class=\"wp-image-680\" srcset=\"https:\/\/www.santai-ceramics.com\/wp-content\/uploads\/2024\/10\/wholesale-retro-flower-pots-3.webp 2620w, https:\/\/www.santai-ceramics.com\/wp-content\/uploads\/2024\/10\/wholesale-retro-flower-pots-3-300x300.webp 300w, https:\/\/www.santai-ceramics.com\/wp-content\/uploads\/2024\/10\/wholesale-retro-flower-pots-3-150x150.webp 150w, https:\/\/www.santai-ceramics.com\/wp-content\/uploads\/2024\/10\/wholesale-retro-flower-pots-3-768x768.webp 768w, https:\/\/www.santai-ceramics.com\/wp-content\/uploads\/2024\/10\/wholesale-retro-flower-pots-3-1200x1200.webp 1200w, https:\/\/www.santai-ceramics.com\/wp-content\/uploads\/2024\/10\/wholesale-retro-flower-pots-3-600x600.webp 600w, https:\/\/www.santai-ceramics.com\/wp-content\/uploads\/2024\/10\/wholesale-retro-flower-pots-3-100x100.webp 100w\" sizes=\"(max-width: 2620px) 100vw, 2620px\" \/><\/figure>\n<\/div>\n\n\n\n<div class=\"wp-block-column is-layout-flow wp-block-column-is-layout-flow\">\n<figure class=\"wp-block-image size-full\"><img decoding=\"async\" width=\"3130\" height=\"3130\" src=\"https:\/\/www.santai-ceramics.com\/wp-content\/uploads\/2024\/10\/wholesale-retro-flower-pots-2.webp\" alt=\"venta al por mayor macetas retro (2)\" class=\"wp-image-679\" srcset=\"https:\/\/www.santai-ceramics.com\/wp-content\/uploads\/2024\/10\/wholesale-retro-flower-pots-2.webp 3130w, https:\/\/www.santai-ceramics.com\/wp-content\/uploads\/2024\/10\/wholesale-retro-flower-pots-2-300x300.webp 300w, https:\/\/www.santai-ceramics.com\/wp-content\/uploads\/2024\/10\/wholesale-retro-flower-pots-2-150x150.webp 150w, https:\/\/www.santai-ceramics.com\/wp-content\/uploads\/2024\/10\/wholesale-retro-flower-pots-2-768x768.webp 768w, https:\/\/www.santai-ceramics.com\/wp-content\/uploads\/2024\/10\/wholesale-retro-flower-pots-2-1200x1200.webp 1200w, https:\/\/www.santai-ceramics.com\/wp-content\/uploads\/2024\/10\/wholesale-retro-flower-pots-2-600x600.webp 600w, https:\/\/www.santai-ceramics.com\/wp-content\/uploads\/2024\/10\/wholesale-retro-flower-pots-2-100x100.webp 100w\" sizes=\"(max-width: 3130px) 100vw, 3130px\" \/><\/figure>\n<\/div>\n<\/div>","protected":false},"excerpt":{"rendered":"<p>Venta por mayor vintage macetas, con dise\u00f1o cl\u00e1sico y artesan\u00eda antigua, conveniente para la decoraci\u00f3n del jard\u00edn interior y exterior, hermoso y pr\u00e1ctico, para satisfacer todo tipo de jardiner\u00eda y decoraci\u00f3n del hogar necesita. SANTAI fabricantes de cer\u00e1mica le proporcionan una soluci\u00f3n de ventanilla \u00fanica, la bienvenida a los compradores B2B en contacto con nosotros para la compra.<\/p>\n<h2>Caracter\u00edsticas del florero antiguo Mgo<\/h2>\n<p><strong>Descripci\u00f3n del producto Estilo cl\u00e1sico<\/strong>: Los patrones en relieve exquisitamente tallados en la superficie de la maceta desprenden un encanto antiguo y cl\u00e1sico que puede evocar una atm\u00f3sfera de arte para su uso en decoraci\u00f3n de patios o interiores. Se adapta perfectamente a espacios de estilos muy diversos.<\/p>\n<p><strong>Duradero y s\u00f3lido<\/strong>: interior equipado con material de calidad, y la textura de la superficie es de piedra de estilo antiguo, muy agradable, con buena resistencia a la intemperie; se puede utilizar al aire libre o en interiores durante mucho tiempo.<\/p>\n<p><strong>Dise\u00f1o grueso<\/strong>: la gruesa pared de la maceta proporciona un soporte estable para evitar las puntas, adecuado para plantar plantas grandes o con ra\u00edces profundas.<\/p>\n<p><strong>Versatilidad<\/strong>: No s\u00f3lo es adecuado para su uso como maceta, sino que tambi\u00e9n es un buen contenedor de almacenamiento decorativo para diferentes situaciones en lugares como el balc\u00f3n, el jard\u00edn y la sala de estar.<\/p>\n<p><strong>Efecto desgastado \u00fanico<\/strong>: La superficie tiene un efecto antiguo; el estilo retro desprende una belleza natural e incisiva.<\/p>","protected":false},"featured_media":678,"comment_status":"closed","ping_status":"closed","template":"","meta":{"_acf_changed":false},"product_brand":[],"product_cat":[23,42,21,18],"product_tag":[38],"class_list":{"0":"post-677","1":"product","2":"type-product","3":"status-publish","4":"has-post-thumbnail","6":"product_cat-ceramic-pots-planters","7":"product_cat-wholesale-ceramic-plant-pots","8":"product_cat-garden-decor","9":"product_cat-home-decor","10":"product_tag-wholesale-terracotta-flower-pots","12":"first","13":"instock","14":"shipping-taxable","15":"product-type-simple"},"acf":[],"_links":{"self":[{"href":"https:\/\/www.santai-ceramics.com\/es\/wp-json\/wp\/v2\/product\/677","targetHints":{"allow":["GET"]}}],"collection":[{"href":"https:\/\/www.santai-ceramics.com\/es\/wp-json\/wp\/v2\/product"}],"about":[{"href":"https:\/\/www.santai-ceramics.com\/es\/wp-json\/wp\/v2\/types\/product"}],"replies":[{"embeddable":true,"href":"https:\/\/www.santai-ceramics.com\/es\/wp-json\/wp\/v2\/comments?post=677"}],"wp:featuredmedia":[{"embeddable":true,"href":"https:\/\/www.santai-ceramics.com\/es\/wp-json\/wp\/v2\/media\/678"}],"wp:attachment":[{"href":"https:\/\/www.santai-ceramics.com\/es\/wp-json\/wp\/v2\/media?parent=677"}],"wp:term":[{"taxonomy":"product_brand","embeddable":true,"href":"https:\/\/www.santai-ceramics.com\/es\/wp-json\/wp\/v2\/product_brand?post=677"},{"taxonomy":"product_cat","embeddable":true,"href":"https:\/\/www.santai-ceramics.com\/es\/wp-json\/wp\/v2\/product_cat?post=677"},{"taxonomy":"product_tag","embeddable":true,"href":"https:\/\/www.santai-ceramics.com\/es\/wp-json\/wp\/v2\/product_tag?post=677"}],"curies":[{"name":"wp","href":"https:\/\/api.w.org\/{rel}","templated":true}]}}