{"id":684,"date":"2024-10-14T08:00:47","date_gmt":"2024-10-14T08:00:47","guid":{"rendered":"https:\/\/www.santai-ceramics.com\/?post_type=product&#038;p=684"},"modified":"2024-10-27T14:56:53","modified_gmt":"2024-10-27T14:56:53","slug":"wholesale-art-deco-vases","status":"publish","type":"product","link":"https:\/\/www.santai-ceramics.com\/es\/product\/wholesale-art-deco-vases\/","title":{"rendered":"Jarrones Art Deco al por mayor: Venta de Elegantes Jarras Art Deco al Por Mayor - Perfecto para Minoristas y Dise\u00f1adores de Interiores"},"content":{"rendered":"<h3 class=\"wp-block-heading\">Par\u00e1metros del jarr\u00f3n Art D\u00e9co<\/h3>\n\n\n\n<figure class=\"wp-block-table\"><table class=\"has-fixed-layout\"><tbody><tr><td>Modelo<\/td><td>Nombre del producto<\/td><td>Color<\/td><td>Material<\/td><td>Utiliza<\/td><td>Dimensiones<\/td><td>Peso<\/td><\/tr><tr><td>A36724-LA91-A01<\/td><td>Jarra\/jarr\u00f3n de cer\u00e1mica negra<\/td><td>Negro antiguo<\/td><td>Cer\u00e1mica<\/td><td>decoracion,salon,jardin<\/td><td>15X15X28,5cm<\/td><td>1,6 kg\/unidad<\/td><\/tr><tr><td>A36724-LA91-A02<\/td><td>Jarra\/jarr\u00f3n de cer\u00e1mica negra<\/td><td>Negro antiguo<\/td><td>Cer\u00e1mica<\/td><td>decoracion,salon,jardin<\/td><td>13,5X13,5X22,5cm<\/td><td>1,4 kg\/unidad<\/td><\/tr><tr><td>A36724-LA91-A03<\/td><td>Jarra\/jarr\u00f3n de cer\u00e1mica negra<\/td><td>Negro antiguo<\/td><td>Cer\u00e1mica<\/td><td>decoracion,salon,jardin<\/td><td>11,5X11,5X18cm<\/td><td>0,6 kg\/unidad<\/td><\/tr><\/tbody><\/table><\/figure>\n\n\n\n<h3 class=\"wp-block-heading\">Servicio de floreros de hormig\u00f3n personalizados<\/h3>\n\n\n\n<p>Ofrecemos servicios OEM y ODM para nuestros productos.<br>Entrega r\u00e1pida de muestras.<br>Ofrecemos una gran variedad de formas, colores, impresi\u00f3n personalizada, embalaje y otros servicios a medida para satisfacer sus necesidades espec\u00edficas.<br><strong><a href=\"https:\/\/www.santai-ceramics.com\/es\/custom\/\" data-type=\"page\" data-id=\"13\" target=\"_blank\" rel=\"noreferrer noopener\">M\u00e1s informaci\u00f3n sobre detalles de jarrones personalizados.<\/a><\/strong><\/p>\n\n\n\n<div class=\"wp-block-columns is-layout-flex wp-container-core-columns-is-layout-9d6595d7 wp-block-columns-is-layout-flex\">\n<div class=\"wp-block-column is-layout-flow wp-block-column-is-layout-flow\">\n<figure class=\"wp-block-image size-full\"><img decoding=\"async\" width=\"1691\" height=\"1691\" src=\"https:\/\/www.santai-ceramics.com\/wp-content\/uploads\/2024\/10\/Wholesale-Concrete-Vase-1.webp\" alt=\"Mayorista Jarr\u00f3n de hormig\u00f3n (1)\" class=\"wp-image-685\" srcset=\"https:\/\/www.santai-ceramics.com\/wp-content\/uploads\/2024\/10\/Wholesale-Concrete-Vase-1.webp 1691w, https:\/\/www.santai-ceramics.com\/wp-content\/uploads\/2024\/10\/Wholesale-Concrete-Vase-1-300x300.webp 300w, https:\/\/www.santai-ceramics.com\/wp-content\/uploads\/2024\/10\/Wholesale-Concrete-Vase-1-150x150.webp 150w, https:\/\/www.santai-ceramics.com\/wp-content\/uploads\/2024\/10\/Wholesale-Concrete-Vase-1-768x768.webp 768w, https:\/\/www.santai-ceramics.com\/wp-content\/uploads\/2024\/10\/Wholesale-Concrete-Vase-1-1200x1200.webp 1200w, https:\/\/www.santai-ceramics.com\/wp-content\/uploads\/2024\/10\/Wholesale-Concrete-Vase-1-600x600.webp 600w, https:\/\/www.santai-ceramics.com\/wp-content\/uploads\/2024\/10\/Wholesale-Concrete-Vase-1-100x100.webp 100w\" sizes=\"(max-width: 1691px) 100vw, 1691px\" \/><\/figure>\n<\/div>\n\n\n\n<div class=\"wp-block-column is-layout-flow wp-block-column-is-layout-flow\">\n<figure class=\"wp-block-image size-full\"><img decoding=\"async\" width=\"2615\" height=\"2614\" src=\"https:\/\/www.santai-ceramics.com\/wp-content\/uploads\/2024\/10\/Wholesale-Concrete-Vase-2.webp\" alt=\"Mayorista Jarr\u00f3n de hormig\u00f3n (2)\" class=\"wp-image-686\" srcset=\"https:\/\/www.santai-ceramics.com\/wp-content\/uploads\/2024\/10\/Wholesale-Concrete-Vase-2.webp 2615w, https:\/\/www.santai-ceramics.com\/wp-content\/uploads\/2024\/10\/Wholesale-Concrete-Vase-2-300x300.webp 300w, https:\/\/www.santai-ceramics.com\/wp-content\/uploads\/2024\/10\/Wholesale-Concrete-Vase-2-150x150.webp 150w, https:\/\/www.santai-ceramics.com\/wp-content\/uploads\/2024\/10\/Wholesale-Concrete-Vase-2-768x768.webp 768w, https:\/\/www.santai-ceramics.com\/wp-content\/uploads\/2024\/10\/Wholesale-Concrete-Vase-2-1200x1200.webp 1200w, https:\/\/www.santai-ceramics.com\/wp-content\/uploads\/2024\/10\/Wholesale-Concrete-Vase-2-600x600.webp 600w, https:\/\/www.santai-ceramics.com\/wp-content\/uploads\/2024\/10\/Wholesale-Concrete-Vase-2-100x100.webp 100w\" sizes=\"(max-width: 2615px) 100vw, 2615px\" \/><\/figure>\n<\/div>\n<\/div>\n\n\n\n<p><\/p>","protected":false},"excerpt":{"rendered":"<p>Jarrones vintage al por mayor con asa, de dise\u00f1o \u00fanico, adecuados para diversos ambientes interiores y exteriores. Ya sea arreglo floral, decoraci\u00f3n, o como decoraci\u00f3n independiente, este jarr\u00f3n puede a\u00f1adir un toque de arte a su espacio y satisfacer diferentes necesidades de decoraci\u00f3n del hogar. Bienvenido mayoristas, distribuidores, dise\u00f1adores de interiores en contacto con nosotros, los fabricantes de cer\u00e1mica SANTAI ofrecerle precios competitivos.<\/p>\n<h2>Caracter\u00edsticas del jarr\u00f3n Art D\u00e9co<\/h2>\n<p><strong>Estilo retro sencillo<\/strong>: El dise\u00f1o del jarr\u00f3n tiene l\u00edneas suaves y sencillas, el esmalte negro rugoso presenta un estilo retro muy art\u00edstico, adecuado para varias decoraciones interiores.<\/p>\n<p><strong>Diversidad<\/strong>: El juego contiene tres jarrones de diferentes tama\u00f1os, que se pueden utilizar por separado o juntos para arreglos florales, decoraci\u00f3n, o independientemente como un jarr\u00f3n que puede estar solo para una sensaci\u00f3n de embellecimiento.<\/p>\n<p><strong>Excelente dise\u00f1o de los detalles<\/strong>: Cada jarr\u00f3n tiene una peque\u00f1a asa que, adem\u00e1s de la singularidad de su belleza, puede utilizarse para facilitar su traslado o colocaci\u00f3n.<\/p>\n<p><strong>Vers\u00e1til<\/strong>: Se puede utilizar para arreglos florales, colocar flores secas o como pieza de decoraci\u00f3n independiente que uno puede colocar simplemente en el sal\u00f3n, el comedor, un espacio interior o exterior como un balc\u00f3n y un jard\u00edn.<\/p>","protected":false},"featured_media":685,"comment_status":"closed","ping_status":"closed","template":"","meta":{"_acf_changed":false},"product_brand":[],"product_cat":[22,18],"product_tag":[34],"class_list":{"0":"post-684","1":"product","2":"type-product","3":"status-publish","4":"has-post-thumbnail","6":"product_cat-vase","7":"product_cat-home-decor","8":"product_tag-ceramic-vase","10":"first","11":"instock","12":"shipping-taxable","13":"product-type-simple"},"acf":[],"_links":{"self":[{"href":"https:\/\/www.santai-ceramics.com\/es\/wp-json\/wp\/v2\/product\/684","targetHints":{"allow":["GET"]}}],"collection":[{"href":"https:\/\/www.santai-ceramics.com\/es\/wp-json\/wp\/v2\/product"}],"about":[{"href":"https:\/\/www.santai-ceramics.com\/es\/wp-json\/wp\/v2\/types\/product"}],"replies":[{"embeddable":true,"href":"https:\/\/www.santai-ceramics.com\/es\/wp-json\/wp\/v2\/comments?post=684"}],"wp:featuredmedia":[{"embeddable":true,"href":"https:\/\/www.santai-ceramics.com\/es\/wp-json\/wp\/v2\/media\/685"}],"wp:attachment":[{"href":"https:\/\/www.santai-ceramics.com\/es\/wp-json\/wp\/v2\/media?parent=684"}],"wp:term":[{"taxonomy":"product_brand","embeddable":true,"href":"https:\/\/www.santai-ceramics.com\/es\/wp-json\/wp\/v2\/product_brand?post=684"},{"taxonomy":"product_cat","embeddable":true,"href":"https:\/\/www.santai-ceramics.com\/es\/wp-json\/wp\/v2\/product_cat?post=684"},{"taxonomy":"product_tag","embeddable":true,"href":"https:\/\/www.santai-ceramics.com\/es\/wp-json\/wp\/v2\/product_tag?post=684"}],"curies":[{"name":"wp","href":"https:\/\/api.w.org\/{rel}","templated":true}]}}