{"id":687,"date":"2024-10-14T08:36:08","date_gmt":"2024-10-14T08:36:08","guid":{"rendered":"https:\/\/www.santai-ceramics.com\/?post_type=product&#038;p=687"},"modified":"2025-06-08T15:22:20","modified_gmt":"2025-06-08T15:22:20","slug":"wholesale-black-ceramic-planters","status":"publish","type":"product","link":"https:\/\/www.santai-ceramics.com\/es\/product\/wholesale-black-ceramic-planters\/","title":{"rendered":"Mayorista Macetas de Cer\u00e1mica Negra, M\u00faltiples Opciones de Tama\u00f1o, Perfectas para Arreglos Creativos"},"content":{"rendered":"<h3 class=\"wp-block-heading\">Par\u00e1metros de la maceta de cer\u00e1mica<\/h3>\n\n\n\n<figure class=\"wp-block-table\"><table class=\"has-fixed-layout\"><tbody><tr><td>Modelo<\/td><td>Nombre del producto<\/td><td>Color<\/td><td>Material<\/td><td>Utiliza<\/td><td>Dimensiones<\/td><td>Peso<\/td><\/tr><tr><td>G36459-WC49-A01<\/td><td>Jardinera negra prensada a mano<\/td><td>Negro antiguo<\/td><td>Terracota<\/td><td>decoracion,salon,jardin<\/td><td>P:21,5X20cm<\/td><td>2,5 kg\/unidad<\/td><\/tr><tr><td>G36459-WC49-A02<\/td><td>Jardinera negra prensada a mano<\/td><td>Negro antiguo<\/td><td>Terracota<\/td><td>decoracion,salon,jardin<\/td><td>P:18X16cm<\/td><td>1,7 kg\/unidad<\/td><\/tr><\/tbody><\/table><\/figure>\n\n\n\n<h3 class=\"wp-block-heading\">Servicio de macetas de cer\u00e1mica a medida<\/h3>\n\n\n\n<p>Ofrecemos servicios OEM y ODM para nuestros productos.<br>Entrega r\u00e1pida de muestras.<br>Ofrecemos una gran variedad de formas, colores, impresi\u00f3n personalizada, embalaje y otros servicios a medida para satisfacer sus necesidades espec\u00edficas.<br><strong><a href=\"https:\/\/www.santai-ceramics.com\/es\/custom\/\" data-type=\"page\" data-id=\"13\" target=\"_blank\" rel=\"noreferrer noopener\">M\u00e1s informaci\u00f3n sobre los detalles de las macetas de cer\u00e1mica personalizadas.<\/a><\/strong><\/p>\n\n\n\n<div class=\"wp-block-columns is-layout-flex wp-container-core-columns-is-layout-9d6595d7 wp-block-columns-is-layout-flex\">\n<div class=\"wp-block-column is-layout-flow wp-block-column-is-layout-flow\">\n<figure class=\"wp-block-image size-full\"><img decoding=\"async\" width=\"3067\" height=\"3067\" src=\"https:\/\/www.santai-ceramics.com\/wp-content\/uploads\/2024\/10\/wholesale-black-ceramic-planters-4.webp\" alt=\"mayorista macetas de ceramica negra (4)\" class=\"wp-image-691\" srcset=\"https:\/\/www.santai-ceramics.com\/wp-content\/uploads\/2024\/10\/wholesale-black-ceramic-planters-4.webp 3067w, https:\/\/www.santai-ceramics.com\/wp-content\/uploads\/2024\/10\/wholesale-black-ceramic-planters-4-300x300.webp 300w, https:\/\/www.santai-ceramics.com\/wp-content\/uploads\/2024\/10\/wholesale-black-ceramic-planters-4-150x150.webp 150w, https:\/\/www.santai-ceramics.com\/wp-content\/uploads\/2024\/10\/wholesale-black-ceramic-planters-4-768x768.webp 768w, https:\/\/www.santai-ceramics.com\/wp-content\/uploads\/2024\/10\/wholesale-black-ceramic-planters-4-1200x1200.webp 1200w, https:\/\/www.santai-ceramics.com\/wp-content\/uploads\/2024\/10\/wholesale-black-ceramic-planters-4-600x600.webp 600w, https:\/\/www.santai-ceramics.com\/wp-content\/uploads\/2024\/10\/wholesale-black-ceramic-planters-4-100x100.webp 100w\" sizes=\"(max-width: 3067px) 100vw, 3067px\" \/><\/figure>\n<\/div>\n\n\n\n<div class=\"wp-block-column is-layout-flow wp-block-column-is-layout-flow\">\n<figure class=\"wp-block-image size-full\"><img decoding=\"async\" width=\"2516\" height=\"2515\" src=\"https:\/\/www.santai-ceramics.com\/wp-content\/uploads\/2024\/10\/wholesale-black-ceramic-planters-5.webp\" alt=\"mayorista macetas de ceramica negra (5)\" class=\"wp-image-692\" srcset=\"https:\/\/www.santai-ceramics.com\/wp-content\/uploads\/2024\/10\/wholesale-black-ceramic-planters-5.webp 2516w, https:\/\/www.santai-ceramics.com\/wp-content\/uploads\/2024\/10\/wholesale-black-ceramic-planters-5-300x300.webp 300w, https:\/\/www.santai-ceramics.com\/wp-content\/uploads\/2024\/10\/wholesale-black-ceramic-planters-5-150x150.webp 150w, https:\/\/www.santai-ceramics.com\/wp-content\/uploads\/2024\/10\/wholesale-black-ceramic-planters-5-768x768.webp 768w, https:\/\/www.santai-ceramics.com\/wp-content\/uploads\/2024\/10\/wholesale-black-ceramic-planters-5-1200x1200.webp 1200w, https:\/\/www.santai-ceramics.com\/wp-content\/uploads\/2024\/10\/wholesale-black-ceramic-planters-5-600x600.webp 600w, https:\/\/www.santai-ceramics.com\/wp-content\/uploads\/2024\/10\/wholesale-black-ceramic-planters-5-100x100.webp 100w\" sizes=\"(max-width: 2516px) 100vw, 2516px\" \/><\/figure>\n<\/div>\n<\/div>","protected":false},"excerpt":{"rendered":"<p>Jardineras de cer\u00e1mica al por mayor hechas de terracota, excelentes en ventilaci\u00f3n y rendimiento de drenaje. Pueden proporcionar un entorno ideal para el crecimiento de las plantas. La superficie se ha tratado con un procesamiento fino, natural en textura y color. Es ideal para la decoraci\u00f3n de jardines.<\/p>\n<h2>Caracter\u00edsticas de la maceta de cer\u00e1mica<\/h2>\n<p><strong>Dise\u00f1o minimalista<\/strong>: Esta maceta es de material cer\u00e1mico y posee un aspecto extremadamente sencillo. Ser\u00e1 una decoraci\u00f3n muy singular en su sal\u00f3n o jard\u00edn para a\u00f1adir estilo a su hogar.<\/p>\n<p><strong>Material cer\u00e1mico de alta calidad:<\/strong> Pulido hasta alcanzar un brillo resplandeciente, presenta un acabado cautivador a la vez que mantiene una textura sustancial que realza su belleza.<\/p>\n<p><strong>Gran sentido pr\u00e1ctico<\/strong>: Esta maceta es ornamental pero muy \u00fatil. Puede utilizarse tanto para plantar flores y plantas como para guardar hojas de t\u00e9, granos de caf\u00e9 y especias.<\/p>\n<p><strong>Jardineras al por mayor y servicio OEM y ODM:<\/strong> Ofrecemos jardineras al por mayor de alta calidad, nuestras jardineras vienen en una variedad de tama\u00f1os, materiales y estilos, asegurando que encuentre el producto perfecto para enriquecer su l\u00ednea de productos.<\/p>","protected":false},"featured_media":688,"comment_status":"closed","ping_status":"closed","template":"","meta":{"_acf_changed":false},"product_brand":[],"product_cat":[18,42,21,23],"product_tag":[39],"class_list":{"0":"post-687","1":"product","2":"type-product","3":"status-publish","4":"has-post-thumbnail","6":"product_cat-home-decor","7":"product_cat-wholesale-ceramic-plant-pots","8":"product_cat-garden-decor","9":"product_cat-ceramic-pots-planters","10":"product_tag-ceramic-flower-pot","12":"first","13":"instock","14":"shipping-taxable","15":"product-type-simple"},"acf":[],"_links":{"self":[{"href":"https:\/\/www.santai-ceramics.com\/es\/wp-json\/wp\/v2\/product\/687","targetHints":{"allow":["GET"]}}],"collection":[{"href":"https:\/\/www.santai-ceramics.com\/es\/wp-json\/wp\/v2\/product"}],"about":[{"href":"https:\/\/www.santai-ceramics.com\/es\/wp-json\/wp\/v2\/types\/product"}],"replies":[{"embeddable":true,"href":"https:\/\/www.santai-ceramics.com\/es\/wp-json\/wp\/v2\/comments?post=687"}],"wp:featuredmedia":[{"embeddable":true,"href":"https:\/\/www.santai-ceramics.com\/es\/wp-json\/wp\/v2\/media\/688"}],"wp:attachment":[{"href":"https:\/\/www.santai-ceramics.com\/es\/wp-json\/wp\/v2\/media?parent=687"}],"wp:term":[{"taxonomy":"product_brand","embeddable":true,"href":"https:\/\/www.santai-ceramics.com\/es\/wp-json\/wp\/v2\/product_brand?post=687"},{"taxonomy":"product_cat","embeddable":true,"href":"https:\/\/www.santai-ceramics.com\/es\/wp-json\/wp\/v2\/product_cat?post=687"},{"taxonomy":"product_tag","embeddable":true,"href":"https:\/\/www.santai-ceramics.com\/es\/wp-json\/wp\/v2\/product_tag?post=687"}],"curies":[{"name":"wp","href":"https:\/\/api.w.org\/{rel}","templated":true}]}}