{"id":693,"date":"2024-10-14T09:21:03","date_gmt":"2024-10-14T09:21:03","guid":{"rendered":"https:\/\/www.santai-ceramics.com\/?post_type=product&#038;p=693"},"modified":"2024-10-27T14:56:20","modified_gmt":"2024-10-27T14:56:20","slug":"wholesale-chinese-green-vase","status":"publish","type":"product","link":"https:\/\/www.santai-ceramics.com\/es\/product\/wholesale-chinese-green-vase\/","title":{"rendered":"Elegantes floreros a granel para la decoraci\u00f3n del hogar, jarr\u00f3n verde chino con esmalte exquisito"},"content":{"rendered":"<h3 class=\"wp-block-heading\">Par\u00e1metros de los floreros a granel<\/h3>\n\n\n\n<figure class=\"wp-block-table\"><table class=\"has-fixed-layout\"><tbody><tr><td>Modelo<\/td><td>Nombre del producto<\/td><td>Color<\/td><td>Material<\/td><td>Utiliza<\/td><td>Dimensiones<\/td><td>Peso<\/td><\/tr><tr><td>A34312-LB20-G02<\/td><td>Decoraci\u00f3n del hogar Florero chino<\/td><td>Azul claro<\/td><td>Cer\u00e1mica<\/td><td>decoraci\u00f3n,sal\u00f3n<\/td><td>P:18X38,5cm<\/td><td>1,4kg\/PC<\/td><\/tr><tr><td>A34312-LB20-G01<\/td><td>Decoraci\u00f3n del hogar Florero chino<\/td><td>Azul claro<\/td><td>Cer\u00e1mica<\/td><td>decoraci\u00f3n,sal\u00f3n<\/td><td>P:18X46,5cm<\/td><td>1,6 kg\/PC<\/td><\/tr><\/tbody><\/table><\/figure>\n\n\n\n<h3 class=\"wp-block-heading\">Servicio de floreros personalizados<\/h3>\n\n\n\n<p>Ofrecemos servicios OEM y ODM para nuestros productos.<br>Entrega r\u00e1pida de muestras.<br>Ofrecemos una gran variedad de formas, colores, impresi\u00f3n personalizada, embalaje y otros servicios a medida para satisfacer sus necesidades espec\u00edficas.<br><strong><a href=\"https:\/\/www.santai-ceramics.com\/es\/custom\/\" data-type=\"page\" data-id=\"13\" target=\"_blank\" rel=\"noreferrer noopener\">M\u00e1s informaci\u00f3n sobre detalles de floreros personalizados.<\/a><\/strong><\/p>\n\n\n\n<div class=\"wp-block-columns is-layout-flex wp-container-core-columns-is-layout-9d6595d7 wp-block-columns-is-layout-flex\">\n<div class=\"wp-block-column is-layout-flow wp-block-column-is-layout-flow\">\n<figure class=\"wp-block-image size-full\"><img decoding=\"async\" width=\"3601\" height=\"3001\" src=\"https:\/\/www.santai-ceramics.com\/wp-content\/uploads\/2024\/10\/Wholesale-Chinese-Green-Vase-2.webp\" alt=\"Mayorista Jarr\u00f3n Chino Verde (2)\" class=\"wp-image-695\" srcset=\"https:\/\/www.santai-ceramics.com\/wp-content\/uploads\/2024\/10\/Wholesale-Chinese-Green-Vase-2.webp 3601w, https:\/\/www.santai-ceramics.com\/wp-content\/uploads\/2024\/10\/Wholesale-Chinese-Green-Vase-2-300x250.webp 300w, https:\/\/www.santai-ceramics.com\/wp-content\/uploads\/2024\/10\/Wholesale-Chinese-Green-Vase-2-768x640.webp 768w, https:\/\/www.santai-ceramics.com\/wp-content\/uploads\/2024\/10\/Wholesale-Chinese-Green-Vase-2-1200x1000.webp 1200w, https:\/\/www.santai-ceramics.com\/wp-content\/uploads\/2024\/10\/Wholesale-Chinese-Green-Vase-2-600x500.webp 600w\" sizes=\"(max-width: 3601px) 100vw, 3601px\" \/><\/figure>\n<\/div>\n\n\n\n<div class=\"wp-block-column is-layout-flow wp-block-column-is-layout-flow\">\n<figure class=\"wp-block-image size-full\"><img decoding=\"async\" width=\"3654\" height=\"3045\" src=\"https:\/\/www.santai-ceramics.com\/wp-content\/uploads\/2024\/10\/Wholesale-Chinese-Green-Vase-3.webp\" alt=\"Mayorista Jarr\u00f3n Chino Verde (3)\" class=\"wp-image-696\" srcset=\"https:\/\/www.santai-ceramics.com\/wp-content\/uploads\/2024\/10\/Wholesale-Chinese-Green-Vase-3.webp 3654w, https:\/\/www.santai-ceramics.com\/wp-content\/uploads\/2024\/10\/Wholesale-Chinese-Green-Vase-3-300x250.webp 300w, https:\/\/www.santai-ceramics.com\/wp-content\/uploads\/2024\/10\/Wholesale-Chinese-Green-Vase-3-768x640.webp 768w, https:\/\/www.santai-ceramics.com\/wp-content\/uploads\/2024\/10\/Wholesale-Chinese-Green-Vase-3-1200x1000.webp 1200w, https:\/\/www.santai-ceramics.com\/wp-content\/uploads\/2024\/10\/Wholesale-Chinese-Green-Vase-3-600x500.webp 600w\" sizes=\"(max-width: 3654px) 100vw, 3654px\" \/><\/figure>\n<\/div>\n<\/div>","protected":false},"excerpt":{"rendered":"<p>Floreros chinos a granel para la venta, dise\u00f1o de pagoda, mostrando una fuerte herencia cultural y ambiente art\u00edstico. Hecho de materiales cer\u00e1micos de alta calidad, con una superficie lisa, puede a\u00f1adir un encanto oriental \u00fanico a su hogar o espacio comercial. La cl\u00e1sica forma de pagoda se puede utilizar como decoraci\u00f3n del hogar sola, o combinada con arreglos florales para dar m\u00e1s vida al espacio. Santai Pottery Manufacturer le ofrece precios competitivos, p\u00f3ngase en contacto con nosotros para solicitar un presupuesto.<\/p>\n<h2>Caracter\u00edsticas del jarr\u00f3n chino<\/h2>\n<p><strong>Dise\u00f1o de aspecto exquisito<\/strong>: El exquisito dise\u00f1o de este aspecto del florero es que el color principal de verde claro es fresco y natural, dando a la gente una sensaci\u00f3n c\u00f3moda.<\/p>\n<p><strong>M\u00faltiples opciones de tama\u00f1o<\/strong>Los diferentes tama\u00f1os de jarrones disponibles, cada uno con varios dise\u00f1os en tama\u00f1o tambi\u00e9n, que usted puede combinar f\u00e1cilmente para adaptarse a su gusto y necesidad de espacio.<\/p>\n<p><strong>Excelente tecnolog\u00eda de producci\u00f3n<\/strong>: La fina artesan\u00eda ha hecho que la superficie del jarr\u00f3n sea lisa, plana, impecable, agradable al tacto y exquisita y delicadamente decorada con motivos, reflejando la extraordinaria habilidad y atenci\u00f3n al detalle de SANTAI.<\/p>\n<p><strong>Combinaci\u00f3n de cultura y arte<\/strong>:Es una combinaci\u00f3n de cultura y arte. Este jarr\u00f3n representa pagodas tradicionales chinas combinadas con la artesan\u00eda art\u00edstica de la cer\u00e1mica, lo que a\u00f1ade un ambiente cultural; da un sabor mejorado al conjunto del hogar.<\/p>","protected":false},"featured_media":694,"comment_status":"closed","ping_status":"closed","template":"","meta":{"_acf_changed":false},"product_brand":[],"product_cat":[18,22],"product_tag":[34],"class_list":{"0":"post-693","1":"product","2":"type-product","3":"status-publish","4":"has-post-thumbnail","6":"product_cat-home-decor","7":"product_cat-vase","8":"product_tag-ceramic-vase","10":"first","11":"instock","12":"shipping-taxable","13":"product-type-simple"},"acf":[],"_links":{"self":[{"href":"https:\/\/www.santai-ceramics.com\/es\/wp-json\/wp\/v2\/product\/693","targetHints":{"allow":["GET"]}}],"collection":[{"href":"https:\/\/www.santai-ceramics.com\/es\/wp-json\/wp\/v2\/product"}],"about":[{"href":"https:\/\/www.santai-ceramics.com\/es\/wp-json\/wp\/v2\/types\/product"}],"replies":[{"embeddable":true,"href":"https:\/\/www.santai-ceramics.com\/es\/wp-json\/wp\/v2\/comments?post=693"}],"wp:featuredmedia":[{"embeddable":true,"href":"https:\/\/www.santai-ceramics.com\/es\/wp-json\/wp\/v2\/media\/694"}],"wp:attachment":[{"href":"https:\/\/www.santai-ceramics.com\/es\/wp-json\/wp\/v2\/media?parent=693"}],"wp:term":[{"taxonomy":"product_brand","embeddable":true,"href":"https:\/\/www.santai-ceramics.com\/es\/wp-json\/wp\/v2\/product_brand?post=693"},{"taxonomy":"product_cat","embeddable":true,"href":"https:\/\/www.santai-ceramics.com\/es\/wp-json\/wp\/v2\/product_cat?post=693"},{"taxonomy":"product_tag","embeddable":true,"href":"https:\/\/www.santai-ceramics.com\/es\/wp-json\/wp\/v2\/product_tag?post=693"}],"curies":[{"name":"wp","href":"https:\/\/api.w.org\/{rel}","templated":true}]}}