{"id":698,"date":"2024-10-14T10:01:17","date_gmt":"2024-10-14T10:01:17","guid":{"rendered":"https:\/\/www.santai-ceramics.com\/?post_type=product&#038;p=698"},"modified":"2024-10-27T14:55:34","modified_gmt":"2024-10-27T14:55:34","slug":"wholesale-light-green-ceramic-flower-vases","status":"publish","type":"product","link":"https:\/\/www.santai-ceramics.com\/es\/product\/wholesale-light-green-ceramic-flower-vases\/","title":{"rendered":"Mayorista Floreros de Cer\u00e1mica: Verde claro, con dise\u00f1os elegantes"},"content":{"rendered":"<h3 class=\"wp-block-heading\">Par\u00e1metros del florero de cer\u00e1mica<\/h3>\n\n\n\n<figure class=\"wp-block-table\"><table class=\"has-fixed-layout\"><tbody><tr><td>Modelo<\/td><td>Nombre del producto<\/td><td>Color<\/td><td>Material<\/td><td>Utiliza<\/td><td>Dimensiones<\/td><td>Peso<\/td><\/tr><tr><td>A37110-LB20-A02<\/td><td> Florero de cer\u00e1mica<\/td><td>Azul claro<\/td><td>Terracota<\/td><td>decoraci\u00f3n,sal\u00f3n<\/td><td>P:16X18cm<\/td><td>0,9kg\/PC<\/td><\/tr><tr><td>A37110-LB20-A01<\/td><td> Florero de cer\u00e1mica<\/td><td>Azul claro<\/td><td>Terracota<\/td><td>decoraci\u00f3n,sal\u00f3n<\/td><td>P:20X23cm<\/td><td>1,8kg\/PC<\/td><\/tr><\/tbody><\/table><\/figure>\n\n\n\n<h3 class=\"wp-block-heading\">Servicio de floreros de cer\u00e1mica personalizados<\/h3>\n\n\n\n<p>Ofrecemos servicios OEM y ODM para nuestros productos.<br>Entrega r\u00e1pida de muestras.<br>Ofrecemos una gran variedad de formas, colores, impresi\u00f3n personalizada, embalaje y otros servicios a medida para satisfacer sus necesidades espec\u00edficas.<br><strong><a href=\"https:\/\/www.santai-ceramics.com\/es\/custom\/\" data-type=\"page\" data-id=\"13\" target=\"_blank\" rel=\"noreferrer noopener\">M\u00e1s informaci\u00f3n sobre detalles de floreros de cer\u00e1mica personalizados.<\/a><\/strong><\/p>\n\n\n\n<div class=\"wp-block-columns is-layout-flex wp-container-core-columns-is-layout-9d6595d7 wp-block-columns-is-layout-flex\">\n<div class=\"wp-block-column is-layout-flow wp-block-column-is-layout-flow\">\n<figure class=\"wp-block-image size-full\"><img decoding=\"async\" width=\"3420\" height=\"2849\" src=\"https:\/\/www.santai-ceramics.com\/wp-content\/uploads\/2024\/10\/20X23-ceramic-flower-vase-display-1.webp\" alt=\"20X23 florero de cer\u00e1mica (1)\" class=\"wp-image-701\" srcset=\"https:\/\/www.santai-ceramics.com\/wp-content\/uploads\/2024\/10\/20X23-ceramic-flower-vase-display-1.webp 3420w, https:\/\/www.santai-ceramics.com\/wp-content\/uploads\/2024\/10\/20X23-ceramic-flower-vase-display-1-300x250.webp 300w, https:\/\/www.santai-ceramics.com\/wp-content\/uploads\/2024\/10\/20X23-ceramic-flower-vase-display-1-768x640.webp 768w, https:\/\/www.santai-ceramics.com\/wp-content\/uploads\/2024\/10\/20X23-ceramic-flower-vase-display-1-1200x1000.webp 1200w, https:\/\/www.santai-ceramics.com\/wp-content\/uploads\/2024\/10\/20X23-ceramic-flower-vase-display-1-600x500.webp 600w\" sizes=\"(max-width: 3420px) 100vw, 3420px\" \/><\/figure>\n<\/div>\n\n\n\n<div class=\"wp-block-column is-layout-flow wp-block-column-is-layout-flow\">\n<figure class=\"wp-block-image size-full\"><img decoding=\"async\" width=\"2786\" height=\"2322\" src=\"https:\/\/www.santai-ceramics.com\/wp-content\/uploads\/2024\/10\/20X23-ceramic-flower-vase-display-2.webp\" alt=\"20X23 florero de cer\u00e1mica (2)\" class=\"wp-image-702\" srcset=\"https:\/\/www.santai-ceramics.com\/wp-content\/uploads\/2024\/10\/20X23-ceramic-flower-vase-display-2.webp 2786w, https:\/\/www.santai-ceramics.com\/wp-content\/uploads\/2024\/10\/20X23-ceramic-flower-vase-display-2-300x250.webp 300w, https:\/\/www.santai-ceramics.com\/wp-content\/uploads\/2024\/10\/20X23-ceramic-flower-vase-display-2-768x640.webp 768w, https:\/\/www.santai-ceramics.com\/wp-content\/uploads\/2024\/10\/20X23-ceramic-flower-vase-display-2-1200x1000.webp 1200w, https:\/\/www.santai-ceramics.com\/wp-content\/uploads\/2024\/10\/20X23-ceramic-flower-vase-display-2-600x500.webp 600w\" sizes=\"(max-width: 2786px) 100vw, 2786px\" \/><\/figure>\n<\/div>\n<\/div>","protected":false},"excerpt":{"rendered":"<p>Jarrones de cer\u00e1mica al por mayor con dise\u00f1os exquisitos, est\u00e1n fabricados con materiales de alta calidad. Satisfacen las necesidades de decoraci\u00f3n de hogares, oficinas y locales comerciales. Adem\u00e1s, son una opci\u00f3n ideal para regalar a familiares y amigos y transmitirles una atm\u00f3sfera art\u00edstica con buenos deseos. P\u00f3ngase en contacto con nosotros.<\/p>\n<h2>Caracter\u00edsticas del florero de cer\u00e1mica<\/h2>\n<p><strong>El dise\u00f1o exterior es elegante<\/strong>Jarr\u00f3n de cer\u00e1mica: material cer\u00e1mico de color verde claro con exquisitos dibujos. El dise\u00f1o del jarr\u00f3n de cer\u00e1mica es simple y elegante.<\/p>\n<p><strong>Material<\/strong>: El jarr\u00f3n est\u00e1 cocido en cer\u00e1mica con esmero y tiene una textura delicada, suave al tacto, que demuestra su calidad.<\/p>\n<p><strong>Duradero y estable<\/strong>:no se romper\u00e1 f\u00e1cilmente y mantendr\u00e1 la belleza y practicidad del jarr\u00f3n durante mucho tiempo.<\/p>\n<p><strong>Mejorar el gusto en el hogar:<\/strong> El jarr\u00f3n de cer\u00e1mica puede combinarse con otros objetos peque\u00f1os, como plantas verdes y velas, para crear diferentes efectos decorativos.<\/p>","protected":false},"featured_media":703,"comment_status":"closed","ping_status":"closed","template":"","meta":{"_acf_changed":false},"product_brand":[],"product_cat":[18,22],"product_tag":[34],"class_list":{"0":"post-698","1":"product","2":"type-product","3":"status-publish","4":"has-post-thumbnail","6":"product_cat-home-decor","7":"product_cat-vase","8":"product_tag-ceramic-vase","10":"first","11":"instock","12":"shipping-taxable","13":"product-type-simple"},"acf":[],"_links":{"self":[{"href":"https:\/\/www.santai-ceramics.com\/es\/wp-json\/wp\/v2\/product\/698","targetHints":{"allow":["GET"]}}],"collection":[{"href":"https:\/\/www.santai-ceramics.com\/es\/wp-json\/wp\/v2\/product"}],"about":[{"href":"https:\/\/www.santai-ceramics.com\/es\/wp-json\/wp\/v2\/types\/product"}],"replies":[{"embeddable":true,"href":"https:\/\/www.santai-ceramics.com\/es\/wp-json\/wp\/v2\/comments?post=698"}],"wp:featuredmedia":[{"embeddable":true,"href":"https:\/\/www.santai-ceramics.com\/es\/wp-json\/wp\/v2\/media\/703"}],"wp:attachment":[{"href":"https:\/\/www.santai-ceramics.com\/es\/wp-json\/wp\/v2\/media?parent=698"}],"wp:term":[{"taxonomy":"product_brand","embeddable":true,"href":"https:\/\/www.santai-ceramics.com\/es\/wp-json\/wp\/v2\/product_brand?post=698"},{"taxonomy":"product_cat","embeddable":true,"href":"https:\/\/www.santai-ceramics.com\/es\/wp-json\/wp\/v2\/product_cat?post=698"},{"taxonomy":"product_tag","embeddable":true,"href":"https:\/\/www.santai-ceramics.com\/es\/wp-json\/wp\/v2\/product_tag?post=698"}],"curies":[{"name":"wp","href":"https:\/\/api.w.org\/{rel}","templated":true}]}}