{"id":708,"date":"2024-10-14T12:30:27","date_gmt":"2024-10-14T12:30:27","guid":{"rendered":"https:\/\/www.santai-ceramics.com\/?post_type=product&#038;p=708"},"modified":"2025-06-08T15:22:52","modified_gmt":"2025-06-08T15:22:52","slug":"wholesale-decorative-ceramic-plant-pots","status":"publish","type":"product","link":"https:\/\/www.santai-ceramics.com\/es\/product\/wholesale-decorative-ceramic-plant-pots\/","title":{"rendered":"Mayorista Macetas de Cer\u00e1mica, Venta de Macetas de Cer\u00e1mica Decorativas a Granel"},"content":{"rendered":"<h3 class=\"wp-block-heading\">Par\u00e1metros de las macetas de cer\u00e1mica al por mayor<\/h3>\n\n\n\n<figure class=\"wp-block-table\"><table class=\"has-fixed-layout\"><tbody><tr><td>Modelo<\/td><td>Nombre del producto<\/td><td>Color<\/td><td>Material<\/td><td>Utiliza<\/td><td>Dimensiones<\/td><td>Peso<\/td><\/tr><tr><td>A24021-LB20-A01<\/td><td>Maceta de cer\u00e1mica decorativa<\/td><td>Azul claro<\/td><td>Cer\u00e1mica<\/td><td>decoraci\u00f3n,sal\u00f3n<\/td><td>P:16X18cm<\/td><td>0,9kg\/PC<\/td><\/tr><tr><td>A24021-LB20-A02<\/td><td>Maceta de cer\u00e1mica decorativa<\/td><td>Azul claro<\/td><td>Cer\u00e1mica<\/td><td>decoraci\u00f3n,sal\u00f3n<\/td><td>P:20X23cm<\/td><td>1,8kg\/PC<\/td><\/tr><\/tbody><\/table><\/figure>\n\n\n\n<h3 class=\"wp-block-heading\">Servicio de macetas de cer\u00e1mica personalizadas<\/h3>\n\n\n\n<p>Ofrecemos servicios OEM y ODM para nuestros productos.<br>Entrega r\u00e1pida de muestras.<br>Ofrecemos una gran variedad de formas, colores, impresi\u00f3n personalizada, embalaje y otros servicios a medida para satisfacer sus necesidades espec\u00edficas.<br><strong><a href=\"https:\/\/www.santai-ceramics.com\/es\/custom\/\" data-type=\"page\" data-id=\"13\" target=\"_blank\" rel=\"noreferrer noopener\">M\u00e1s informaci\u00f3n sobre detalles de macetas de cer\u00e1mica personalizadas.<\/a><\/strong><\/p>\n\n\n\n<div class=\"wp-block-columns is-layout-flex wp-container-core-columns-is-layout-9d6595d7 wp-block-columns-is-layout-flex\">\n<div class=\"wp-block-column is-layout-flow wp-block-column-is-layout-flow\">\n<figure class=\"wp-block-image size-full\"><img decoding=\"async\" width=\"2947\" height=\"2456\" src=\"https:\/\/www.santai-ceramics.com\/wp-content\/uploads\/2024\/10\/Bulk-Ceramic-Plant-Pots-1.webp\" alt=\"Macetas de cer\u00e1mica a granel (1)\" class=\"wp-image-709\" srcset=\"https:\/\/www.santai-ceramics.com\/wp-content\/uploads\/2024\/10\/Bulk-Ceramic-Plant-Pots-1.webp 2947w, https:\/\/www.santai-ceramics.com\/wp-content\/uploads\/2024\/10\/Bulk-Ceramic-Plant-Pots-1-300x250.webp 300w, https:\/\/www.santai-ceramics.com\/wp-content\/uploads\/2024\/10\/Bulk-Ceramic-Plant-Pots-1-768x640.webp 768w, https:\/\/www.santai-ceramics.com\/wp-content\/uploads\/2024\/10\/Bulk-Ceramic-Plant-Pots-1-1200x1000.webp 1200w, https:\/\/www.santai-ceramics.com\/wp-content\/uploads\/2024\/10\/Bulk-Ceramic-Plant-Pots-1-600x500.webp 600w\" sizes=\"(max-width: 2947px) 100vw, 2947px\" \/><\/figure>\n<\/div>\n\n\n\n<div class=\"wp-block-column is-layout-flow wp-block-column-is-layout-flow\">\n<figure class=\"wp-block-image size-full\"><img decoding=\"async\" width=\"3098\" height=\"2582\" src=\"https:\/\/www.santai-ceramics.com\/wp-content\/uploads\/2024\/10\/Bulk-Ceramic-Plant-Pots-2.webp\" alt=\"Macetas de cer\u00e1mica a granel (2)\" class=\"wp-image-710\" srcset=\"https:\/\/www.santai-ceramics.com\/wp-content\/uploads\/2024\/10\/Bulk-Ceramic-Plant-Pots-2.webp 3098w, https:\/\/www.santai-ceramics.com\/wp-content\/uploads\/2024\/10\/Bulk-Ceramic-Plant-Pots-2-300x250.webp 300w, https:\/\/www.santai-ceramics.com\/wp-content\/uploads\/2024\/10\/Bulk-Ceramic-Plant-Pots-2-768x640.webp 768w, https:\/\/www.santai-ceramics.com\/wp-content\/uploads\/2024\/10\/Bulk-Ceramic-Plant-Pots-2-1200x1000.webp 1200w, https:\/\/www.santai-ceramics.com\/wp-content\/uploads\/2024\/10\/Bulk-Ceramic-Plant-Pots-2-600x500.webp 600w\" sizes=\"(max-width: 3098px) 100vw, 3098px\" \/><\/figure>\n<\/div>\n<\/div>","protected":false},"excerpt":{"rendered":"<p>Venta directa de f\u00e1brica de macetas de cer\u00e1mica a granel, la maceta de cer\u00e1mica decorativa puede integrarse en diversos estilos decorativos, ya sea en el hogar, en un local comercial o en un arreglo de jardiner\u00eda. Al mismo tiempo, ofrecemos una gran variedad de tama\u00f1os y estilos. Le invitamos a contactar con nosotros para comprar macetas de cer\u00e1mica al por mayor.<\/p>\n<h2>Caracter\u00edsticas de la maceta de cer\u00e1mica decorativa<\/h2>\n<p><strong>Elegancia en el dise\u00f1o<\/strong>: De color azul claro, esta maceta de cer\u00e1mica desprende frescura y serenidad. Armoniza perfectamente con un ambiente interior para crear un entorno tranquilo y confortable.<\/p>\n<p><strong>Funci\u00f3n pr\u00e1ctica<\/strong>: Nuestras macetas de cer\u00e1mica a granel no s\u00f3lo tienen un aspecto exquisito, sino que tambi\u00e9n son pr\u00e1cticas; se pueden utilizar para plantar una gran variedad de plantas de interior o para arreglos de flores secas que realcen el efecto decorativo del hogar.<\/p>\n<p><strong>F\u00e1cil de limpiar<\/strong>: La superficie lisa y el color uniforme hacen que la olla de cer\u00e1mica sea f\u00e1cil de limpiar, ordenada con s\u00f3lo pasarle un trapo ligero.<\/p>\n<p><strong>Mezcla de colocaciones<\/strong>: Las macetas de cer\u00e1mica de diferentes tama\u00f1os se utilizan libremente para estratificar el espacio y a\u00f1adir variaci\u00f3n a la belleza visual y realzar el sentido del dise\u00f1o en la estructura espacial.<\/p>","protected":false},"featured_media":714,"comment_status":"closed","ping_status":"closed","template":"","meta":{"_acf_changed":false},"product_brand":[],"product_cat":[18,42,23],"product_tag":[39],"class_list":{"0":"post-708","1":"product","2":"type-product","3":"status-publish","4":"has-post-thumbnail","6":"product_cat-home-decor","7":"product_cat-wholesale-ceramic-plant-pots","8":"product_cat-ceramic-pots-planters","9":"product_tag-ceramic-flower-pot","11":"first","12":"instock","13":"shipping-taxable","14":"product-type-simple"},"acf":[],"_links":{"self":[{"href":"https:\/\/www.santai-ceramics.com\/es\/wp-json\/wp\/v2\/product\/708","targetHints":{"allow":["GET"]}}],"collection":[{"href":"https:\/\/www.santai-ceramics.com\/es\/wp-json\/wp\/v2\/product"}],"about":[{"href":"https:\/\/www.santai-ceramics.com\/es\/wp-json\/wp\/v2\/types\/product"}],"replies":[{"embeddable":true,"href":"https:\/\/www.santai-ceramics.com\/es\/wp-json\/wp\/v2\/comments?post=708"}],"wp:featuredmedia":[{"embeddable":true,"href":"https:\/\/www.santai-ceramics.com\/es\/wp-json\/wp\/v2\/media\/714"}],"wp:attachment":[{"href":"https:\/\/www.santai-ceramics.com\/es\/wp-json\/wp\/v2\/media?parent=708"}],"wp:term":[{"taxonomy":"product_brand","embeddable":true,"href":"https:\/\/www.santai-ceramics.com\/es\/wp-json\/wp\/v2\/product_brand?post=708"},{"taxonomy":"product_cat","embeddable":true,"href":"https:\/\/www.santai-ceramics.com\/es\/wp-json\/wp\/v2\/product_cat?post=708"},{"taxonomy":"product_tag","embeddable":true,"href":"https:\/\/www.santai-ceramics.com\/es\/wp-json\/wp\/v2\/product_tag?post=708"}],"curies":[{"name":"wp","href":"https:\/\/api.w.org\/{rel}","templated":true}]}}